{"id":8749,"date":"2024-10-30T23:13:38","date_gmt":"2024-10-30T20:13:38","guid":{"rendered":"https:\/\/ecoshop.ee\/?post_type=product&#038;p=8749"},"modified":"2026-05-04T11:29:13","modified_gmt":"2026-05-04T08:29:13","slug":"ichoc-biologiska-un-vegana-balta-sokolade-ar-vanilu-80g","status":"publish","type":"product","link":"https:\/\/ecoshop.ee\/lv\/sokolaadid\/ichoc-mahe-ja-vegan-valge-sokolaad-vanilliga-80g\/","title":{"rendered":"iChoc veg\u0101na balt\u0101 \u0161okol\u0101de ar vani\u013cu, biolo\u0123iska, 80g"},"content":{"rendered":"<p>iChoc veg\u0101nisk\u0101 balt\u0101 \u0161okol\u0101de ar vani\u013cu pied\u0101v\u0101 maigu gar\u0161as baud\u012bjumu ikvienam gard\u0113dim. Veg\u0101na, bez palmu e\u013c\u013cas un kompost\u0113jam\u0101 koksnes \u0161\u0137iedras iepakojum\u0101. \u0160\u012b kr\u0113m\u012bg\u0101 t\u0101fel\u012bte ir pagatavota ar kakao sviestu un burbona vani\u013cu, kas rada \u012bpa\u0161i maigu un pat\u012bkamu gar\u0161as pieredzi. Izbaudiet to t\u012br\u0101 veid\u0101 vai pievienojiet saviem veg\u0101niskajiem vai augu izcelsmes desertiem - lieliska alternat\u012bva klasiskajai \u0161okol\u0101dei!<\/p>","protected":false},"excerpt":{"rendered":"<p>iChoc vegan valge \u0161okolaad vanilliga pakub mahedat maitser\u00f5\u00f5mu igale gurmaanile. Vegan, palmi\u00f5livaba ja komposteeritavas puidukiust pakendis. See kreemjas tahvel on valmistatud kakaov\u00f5ist&hellip;<\/p>","protected":false},"featured_media":8750,"comment_status":"open","ping_status":"closed","template":"","meta":{"wprm-recipe-roundup-name":"","wprm-recipe-roundup-description":""},"product_brand":[12028],"product_cat":[141,303],"product_tag":[297,142,385],"class_list":{"0":"post-8749","1":"product","2":"type-product","3":"status-publish","4":"has-post-thumbnail","6":"product_brand-ichoc","7":"product_cat-sokolaadid","8":"product_cat-mahetooted","9":"product_tag-mahe","10":"product_tag-sokolaad","11":"product_tag-valge","12":"j79_wcxd_expiry_type-best-before","14":"first","15":"instock","16":"taxable","17":"shipping-taxable","18":"purchasable","19":"product-type-simple"},"supplier_id":390160,"supplier_sku":"","barcode":"4044889004571","atum_controlled":true,"out_stock_date":null,"out_stock_threshold":null,"inheritable":false,"inbound_stock":0,"stock_on_hold":0,"sold_today":0,"sales_last_days":1,"reserved_stock":0,"customer_returns":0,"warehouse_damage":0,"lost_in_post":0,"other_logs":0,"out_stock_days":0,"lost_sales":0,"has_location":false,"update_date":"2026-05-07T14:39:18","atum_locations":[],"atum_stock_status":"instock","restock_status":false,"low_stock_amount":"","sales_update_date":"2026-05-07T14:39:18","calc_backorders":null,"aioseo_notices":[],"_links":{"self":[{"href":"https:\/\/ecoshop.ee\/lv\/wp-json\/wp\/v2\/product\/8749","targetHints":{"allow":["GET"]}}],"collection":[{"href":"https:\/\/ecoshop.ee\/lv\/wp-json\/wp\/v2\/product"}],"about":[{"href":"https:\/\/ecoshop.ee\/lv\/wp-json\/wp\/v2\/types\/product"}],"replies":[{"embeddable":true,"href":"https:\/\/ecoshop.ee\/lv\/wp-json\/wp\/v2\/comments?post=8749"}],"version-history":[{"count":0,"href":"https:\/\/ecoshop.ee\/lv\/wp-json\/wp\/v2\/product\/8749\/revisions"}],"wp:featuredmedia":[{"embeddable":true,"href":"https:\/\/ecoshop.ee\/lv\/wp-json\/wp\/v2\/media\/8750"}],"wp:attachment":[{"href":"https:\/\/ecoshop.ee\/lv\/wp-json\/wp\/v2\/media?parent=8749"}],"wp:term":[{"taxonomy":"product_brand","embeddable":true,"href":"https:\/\/ecoshop.ee\/lv\/wp-json\/wp\/v2\/product_brand?post=8749"},{"taxonomy":"product_cat","embeddable":true,"href":"https:\/\/ecoshop.ee\/lv\/wp-json\/wp\/v2\/product_cat?post=8749"},{"taxonomy":"product_tag","embeddable":true,"href":"https:\/\/ecoshop.ee\/lv\/wp-json\/wp\/v2\/product_tag?post=8749"}],"curies":[{"name":"wp","href":"https:\/\/api.w.org\/{rel}","templated":true}]}}