{"id":8763,"date":"2024-10-31T00:26:24","date_gmt":"2024-10-30T21:26:24","guid":{"rendered":"https:\/\/ecoshop.ee\/?post_type=product&#038;p=8763"},"modified":"2026-01-09T21:29:34","modified_gmt":"2026-01-09T18:29:34","slug":"garam-masala-garsvielu-maisijums-100-g","status":"publish","type":"product","link":"https:\/\/ecoshop.ee\/lv\/maitseained\/garam-masala-vurtsisegu-100g\/","title":{"rendered":"Garam Masala gar\u0161vielu mais\u012bjums, 100 g"},"content":{"rendered":"<p>NGR Garam Masala gar\u0161vielu mais\u012bjums ienes\u012bs j\u016bsu m\u0101j\u0101s autentisku indie\u0161u virtuves gar\u0161u. Veg\u0101ns un augstas kvalit\u0101tes mais\u012bjums satur koriandru, ingveru, kan\u0113li, \u0137imenes, piparus un citas sast\u0101vda\u013cas, radot harmonisku asuma un arom\u0101ta sajaukumu. Lieliska izv\u0113le autentisku indie\u0161u \u0113dienu pagatavo\u0161anai \u2013 izbaudiet vienk\u0101r\u0161\u012bbu un gar\u0161as bag\u0101t\u012bbu tie\u0161i sav\u0101s m\u0101j\u0101s!<\/p>","protected":false},"excerpt":{"rendered":"<p>NGR Garam Masala gar\u0161vielu mais\u012bjums ienes\u012bs j\u016bsu m\u0101j\u0101s autentisku indie\u0161u virtuves gar\u0161u. Veg\u0101ns un augstas kvalit\u0101tes mais\u012bjums satur koriandru, ingveru, kan\u0113li, \u0137imenes, piparus un\u2026<\/p>","protected":false},"featured_media":8764,"comment_status":"open","ping_status":"closed","template":"","meta":{"wprm-recipe-roundup-name":"","wprm-recipe-roundup-description":""},"product_brand":[],"product_cat":[388],"product_tag":[394],"class_list":{"0":"post-8763","1":"product","2":"type-product","3":"status-publish","4":"has-post-thumbnail","6":"product_cat-maitseained","7":"product_tag-garam-masala","8":"j79_wcxd_expiry_type-best-before","10":"first","11":"instock","12":"taxable","13":"shipping-taxable","14":"purchasable","15":"product-type-simple"},"supplier_id":9137,"supplier_sku":"","barcode":"4260028480055","atum_controlled":true,"out_stock_date":null,"out_stock_threshold":null,"inheritable":false,"inbound_stock":0,"stock_on_hold":0,"sold_today":0,"sales_last_days":0,"reserved_stock":0,"customer_returns":0,"warehouse_damage":0,"lost_in_post":0,"other_logs":0,"out_stock_days":0,"lost_sales":0,"has_location":false,"update_date":"2026-03-07T01:16:14","atum_locations":[],"atum_stock_status":"instock","restock_status":false,"low_stock_amount":"","sales_update_date":"2026-03-07T01:16:14","calc_backorders":null,"aioseo_notices":[],"_links":{"self":[{"href":"https:\/\/ecoshop.ee\/lv\/wp-json\/wp\/v2\/product\/8763","targetHints":{"allow":["GET"]}}],"collection":[{"href":"https:\/\/ecoshop.ee\/lv\/wp-json\/wp\/v2\/product"}],"about":[{"href":"https:\/\/ecoshop.ee\/lv\/wp-json\/wp\/v2\/types\/product"}],"replies":[{"embeddable":true,"href":"https:\/\/ecoshop.ee\/lv\/wp-json\/wp\/v2\/comments?post=8763"}],"version-history":[{"count":0,"href":"https:\/\/ecoshop.ee\/lv\/wp-json\/wp\/v2\/product\/8763\/revisions"}],"wp:featuredmedia":[{"embeddable":true,"href":"https:\/\/ecoshop.ee\/lv\/wp-json\/wp\/v2\/media\/8764"}],"wp:attachment":[{"href":"https:\/\/ecoshop.ee\/lv\/wp-json\/wp\/v2\/media?parent=8763"}],"wp:term":[{"taxonomy":"product_brand","embeddable":true,"href":"https:\/\/ecoshop.ee\/lv\/wp-json\/wp\/v2\/product_brand?post=8763"},{"taxonomy":"product_cat","embeddable":true,"href":"https:\/\/ecoshop.ee\/lv\/wp-json\/wp\/v2\/product_cat?post=8763"},{"taxonomy":"product_tag","embeddable":true,"href":"https:\/\/ecoshop.ee\/lv\/wp-json\/wp\/v2\/product_tag?post=8763"}],"curies":[{"name":"wp","href":"https:\/\/api.w.org\/{rel}","templated":true}]}}