{"id":8835,"date":"2024-11-01T18:42:02","date_gmt":"2024-11-01T15:42:02","guid":{"rendered":"https:\/\/ecoshop.ee\/?post_type=product&#038;p=8835"},"modified":"2025-12-25T19:40:50","modified_gmt":"2025-12-25T16:40:50","slug":"stiliga-korka-plecu-soma-ar-ravejsledzeja-kabatam","status":"publish","type":"product","link":"https:\/\/ecoshop.ee\/lv\/kotid\/stiilne-korgist-olakott-lukustiga-taskutega\/","title":{"rendered":"Stil\u012bga kor\u0137a plecu soma ar r\u0101v\u0113jsl\u0113dz\u0113ja kabat\u0101m"},"content":{"rendered":"<p>Videi draudz\u012bga un stil\u012bga kor\u0137a plecu soma, kas apvieno ilgtsp\u0113j\u012bbu un funkcionalit\u0101ti. Pieejama da\u017e\u0101dos stilos. Ab\u0101s pus\u0113s kabatas ar r\u0101v\u0113jsl\u0113dz\u0113jiem, ietilp\u012bgs galvenais nodal\u012bjums un iek\u0161\u0113jais nodal\u012bjums, lai pal\u012bdz\u0113tu sak\u0101rtot mantas. Regul\u0113jama siksna n\u0113s\u0101\u0161anai uz pleca vai rokas. Izgatavota no augstas kvalit\u0101tes kor\u0137a auduma, kas ir viegls, iztur\u012bgs un \u016bdensnecaurlaid\u012bgs \u2014 ide\u0101li piem\u0113rota ikdienas valk\u0101\u0161anai. *G stila somas aizmugure ir izgatavota no mas\u012bva melna kor\u0137a*<\/p>\n<p><strong>Izm\u0113ri:<\/strong><\/p>\n<ul>\n<li>Garums: 30 cm<\/li>\n<li>Augstums: 23 cm<\/li>\n<li>Biezums: 8 cm<\/li>\n<\/ul>","protected":false},"excerpt":{"rendered":"<p>Keskkonnas\u00f5bralik ja stiilne korgist \u00f5lakott, mis \u00fchendab j\u00e4tkusuutlikkuse ja funktsionaalsuse. Saadaval erinevates stiilides. M\u00f5lemal k\u00fcljel lukuga taskud, mahukas p\u00f5hiosa ja sisemine vahesein,&hellip;<\/p>","protected":false},"featured_media":8842,"comment_status":"open","ping_status":"closed","template":"","meta":{"wprm-recipe-roundup-name":"","wprm-recipe-roundup-description":""},"product_brand":[],"product_cat":[242],"product_tag":[202,400],"class_list":{"0":"post-8835","1":"product","2":"type-product","3":"status-publish","4":"has-post-thumbnail","6":"product_cat-kotid","7":"product_tag-kott","8":"product_tag-olakott","10":"first","11":"instock","12":"taxable","13":"shipping-taxable","14":"purchasable","15":"product-type-variable"},"supplier_id":null,"supplier_sku":"","barcode":null,"atum_controlled":true,"out_stock_date":null,"out_stock_threshold":null,"inheritable":false,"inbound_stock":0,"stock_on_hold":0,"sold_today":0,"sales_last_days":0,"reserved_stock":0,"customer_returns":0,"warehouse_damage":0,"lost_in_post":0,"other_logs":0,"out_stock_days":0,"lost_sales":0,"has_location":false,"update_date":"2026-03-07T01:16:03","atum_locations":[],"atum_stock_status":"instock","restock_status":false,"low_stock_amount":"","sales_update_date":"2026-03-07T01:16:03","calc_backorders":null,"aioseo_notices":[],"_links":{"self":[{"href":"https:\/\/ecoshop.ee\/lv\/wp-json\/wp\/v2\/product\/8835","targetHints":{"allow":["GET"]}}],"collection":[{"href":"https:\/\/ecoshop.ee\/lv\/wp-json\/wp\/v2\/product"}],"about":[{"href":"https:\/\/ecoshop.ee\/lv\/wp-json\/wp\/v2\/types\/product"}],"replies":[{"embeddable":true,"href":"https:\/\/ecoshop.ee\/lv\/wp-json\/wp\/v2\/comments?post=8835"}],"version-history":[{"count":0,"href":"https:\/\/ecoshop.ee\/lv\/wp-json\/wp\/v2\/product\/8835\/revisions"}],"wp:featuredmedia":[{"embeddable":true,"href":"https:\/\/ecoshop.ee\/lv\/wp-json\/wp\/v2\/media\/8842"}],"wp:attachment":[{"href":"https:\/\/ecoshop.ee\/lv\/wp-json\/wp\/v2\/media?parent=8835"}],"wp:term":[{"taxonomy":"product_brand","embeddable":true,"href":"https:\/\/ecoshop.ee\/lv\/wp-json\/wp\/v2\/product_brand?post=8835"},{"taxonomy":"product_cat","embeddable":true,"href":"https:\/\/ecoshop.ee\/lv\/wp-json\/wp\/v2\/product_cat?post=8835"},{"taxonomy":"product_tag","embeddable":true,"href":"https:\/\/ecoshop.ee\/lv\/wp-json\/wp\/v2\/product_tag?post=8835"}],"curies":[{"name":"wp","href":"https:\/\/api.w.org\/{rel}","templated":true}]}}