{"id":8856,"date":"2024-11-01T19:34:29","date_gmt":"2024-11-01T16:34:29","guid":{"rendered":"https:\/\/ecoshop.ee\/?post_type=product&#038;p=8856"},"modified":"2025-12-25T19:40:51","modified_gmt":"2025-12-25T16:40:51","slug":"ziedu-stila-korka-plecu-soma-ar-mucinu","status":"publish","type":"product","link":"https:\/\/ecoshop.ee\/lv\/kotid\/lillemustriga-korgist-crossbody-barrel-kott\/","title":{"rendered":"Ziedu kr\u0101sas kor\u0137a plecu soma muci\u0146ai"},"content":{"rendered":"<p>Atkl\u0101j savu vasaras stilu ar \u0161o praktisko un stil\u012bgo ziedu raksta kor\u0137a plecu somu! Pieejama da\u017e\u0101dos stilos, ar iztur\u012bgu, knied\u0113tu apak\u0161u un \u0113rti ievietojama ikdienas liet\u0101s, piem\u0113ram, viedt\u0101lrun\u012b un mak\u0101. Izgatavota no m\u012bksta kor\u0137a un m\u0101ksl\u012bg\u0101s \u0101das, no\u0146emam\u0101 un regul\u0113jam\u0101 plecu siksna padara to \u0113rtu n\u0113s\u0101\u0161anai. Stil\u012bgs aksesu\u0101rs, kas lieliski piem\u0113rots gan ikdienas lieto\u0161anai, gan vasaras piedz\u012bvojumiem!<\/p>\n<p><strong>Izm\u0113ri:<\/strong><\/p>\n<ul>\n<li>Garums: 20 cm<\/li>\n<li>Augstums: 17 cm<\/li>\n<li>Biezums: 10 cm<\/li>\n<\/ul>\n<p>&nbsp;<\/p>","protected":false},"excerpt":{"rendered":"<p>Tooge oma suve stiil esile selle praktilise ja stiilse lillemustriga korgist crossbody kotiga! Saadaval erinevates stiilides, vastupidava needitud p\u00f5hjaga ja mahutab mugavalt&hellip;<\/p>","protected":false},"featured_media":8862,"comment_status":"open","ping_status":"closed","template":"","meta":{"wprm-recipe-roundup-name":"","wprm-recipe-roundup-description":""},"product_brand":[],"product_cat":[242],"product_tag":[401,202],"class_list":{"0":"post-8856","1":"product","2":"type-product","3":"status-publish","4":"has-post-thumbnail","6":"product_cat-kotid","7":"product_tag-crossbody","8":"product_tag-kott","10":"first","11":"instock","12":"taxable","13":"shipping-taxable","14":"purchasable","15":"product-type-variable"},"supplier_id":null,"supplier_sku":"","barcode":null,"atum_controlled":true,"out_stock_date":null,"out_stock_threshold":null,"inheritable":false,"inbound_stock":0,"stock_on_hold":0,"sold_today":0,"sales_last_days":0,"reserved_stock":0,"customer_returns":0,"warehouse_damage":0,"lost_in_post":0,"other_logs":0,"out_stock_days":0,"lost_sales":0,"has_location":false,"update_date":"2026-03-07T01:16:03","atum_locations":[],"atum_stock_status":"instock","restock_status":false,"low_stock_amount":"","sales_update_date":"2026-03-07T01:16:03","calc_backorders":null,"aioseo_notices":[],"_links":{"self":[{"href":"https:\/\/ecoshop.ee\/lv\/wp-json\/wp\/v2\/product\/8856","targetHints":{"allow":["GET"]}}],"collection":[{"href":"https:\/\/ecoshop.ee\/lv\/wp-json\/wp\/v2\/product"}],"about":[{"href":"https:\/\/ecoshop.ee\/lv\/wp-json\/wp\/v2\/types\/product"}],"replies":[{"embeddable":true,"href":"https:\/\/ecoshop.ee\/lv\/wp-json\/wp\/v2\/comments?post=8856"}],"version-history":[{"count":0,"href":"https:\/\/ecoshop.ee\/lv\/wp-json\/wp\/v2\/product\/8856\/revisions"}],"wp:featuredmedia":[{"embeddable":true,"href":"https:\/\/ecoshop.ee\/lv\/wp-json\/wp\/v2\/media\/8862"}],"wp:attachment":[{"href":"https:\/\/ecoshop.ee\/lv\/wp-json\/wp\/v2\/media?parent=8856"}],"wp:term":[{"taxonomy":"product_brand","embeddable":true,"href":"https:\/\/ecoshop.ee\/lv\/wp-json\/wp\/v2\/product_brand?post=8856"},{"taxonomy":"product_cat","embeddable":true,"href":"https:\/\/ecoshop.ee\/lv\/wp-json\/wp\/v2\/product_cat?post=8856"},{"taxonomy":"product_tag","embeddable":true,"href":"https:\/\/ecoshop.ee\/lv\/wp-json\/wp\/v2\/product_tag?post=8856"}],"curies":[{"name":"wp","href":"https:\/\/api.w.org\/{rel}","templated":true}]}}