{"id":8868,"date":"2024-11-01T19:47:23","date_gmt":"2024-11-01T16:47:23","guid":{"rendered":"https:\/\/ecoshop.ee\/?post_type=product&#038;p=8868"},"modified":"2025-12-25T19:43:06","modified_gmt":"2025-12-25T16:43:06","slug":"korka-piezimju-gramatinas-stativs-ar-magnetisku-stiprinajumu","status":"publish","type":"product","link":"https:\/\/ecoshop.ee\/lv\/tarvikud\/korgist-sulearvutialus-magnetilise-kinnitusega\/","title":{"rendered":"Kor\u0137a kl\u0113pjdatora stat\u012bvs ar magn\u0113tisku stiprin\u0101jumu"},"content":{"rendered":"<p>Kompakts un ilgtsp\u0113j\u012bgs kor\u0137a kl\u0113pjdatora stat\u012bvs ar magn\u0113tisku aizdari \u0113rtai uzglab\u0101\u0161anai un p\u0101rn\u0113s\u0101\u0161anai. Kor\u0137a materi\u0101ls nodro\u0161ina stabilu un ekolo\u0123isku pamatni, kas uzlabo gaisa pl\u016bsmu, pal\u012bdzot nov\u0113rst kl\u0113pjdatora p\u0101rkar\u0161anu. Ide\u0101ls risin\u0101jums \u0113rtas darba vietas izveidei m\u0101j\u0101s vai ce\u013c\u0101. Stat\u012bvs ir iepakots kraftpap\u012bra kast\u012bt\u0113, padarot to par lielisku d\u0101vanu.<\/p>\n<p><strong>Izm\u0113ri:<\/strong><\/p>\n<ul>\n<li>Augstums: 3,5 cm<\/li>\n<li>Platums: 3,5 cm<\/li>\n<li>Dzi\u013cums saloc\u012bt\u0101 veid\u0101: 3,5 cm<\/li>\n<li>Dzi\u013cums atdal\u012bt\u0101 veid\u0101: 1,8 cm<\/li>\n<\/ul>","protected":false},"excerpt":{"rendered":"<p>Kompaktne ja j\u00e4tkusuutlik korgist s\u00fclearvutialus, millel on magnetiline sulgemine mugavaks hoiustamiseks ja kaasaskandmiseks. Korgimaterjal tagab stabiilse ja \u00f6koloogilise aluse, mis parandab \u00f5huvoolu,&hellip;<\/p>","protected":false},"featured_media":8871,"comment_status":"open","ping_status":"closed","template":"","meta":{"wprm-recipe-roundup-name":"","wprm-recipe-roundup-description":""},"product_brand":[],"product_cat":[245],"product_tag":[402],"class_list":{"0":"post-8868","1":"product","2":"type-product","3":"status-publish","4":"has-post-thumbnail","6":"product_cat-tarvikud","7":"product_tag-alus","9":"first","10":"instock","11":"taxable","12":"shipping-taxable","13":"purchasable","14":"product-type-simple"},"supplier_id":9159,"supplier_sku":"","barcode":null,"atum_controlled":true,"out_stock_date":null,"out_stock_threshold":null,"inheritable":false,"inbound_stock":0,"stock_on_hold":0,"sold_today":0,"sales_last_days":0,"reserved_stock":0,"customer_returns":0,"warehouse_damage":0,"lost_in_post":0,"other_logs":0,"out_stock_days":0,"lost_sales":0,"has_location":false,"update_date":"2026-03-07T01:16:12","atum_locations":[],"atum_stock_status":"instock","restock_status":false,"low_stock_amount":"","sales_update_date":"2026-03-07T01:16:12","calc_backorders":null,"aioseo_notices":[],"_links":{"self":[{"href":"https:\/\/ecoshop.ee\/lv\/wp-json\/wp\/v2\/product\/8868","targetHints":{"allow":["GET"]}}],"collection":[{"href":"https:\/\/ecoshop.ee\/lv\/wp-json\/wp\/v2\/product"}],"about":[{"href":"https:\/\/ecoshop.ee\/lv\/wp-json\/wp\/v2\/types\/product"}],"replies":[{"embeddable":true,"href":"https:\/\/ecoshop.ee\/lv\/wp-json\/wp\/v2\/comments?post=8868"}],"version-history":[{"count":0,"href":"https:\/\/ecoshop.ee\/lv\/wp-json\/wp\/v2\/product\/8868\/revisions"}],"wp:featuredmedia":[{"embeddable":true,"href":"https:\/\/ecoshop.ee\/lv\/wp-json\/wp\/v2\/media\/8871"}],"wp:attachment":[{"href":"https:\/\/ecoshop.ee\/lv\/wp-json\/wp\/v2\/media?parent=8868"}],"wp:term":[{"taxonomy":"product_brand","embeddable":true,"href":"https:\/\/ecoshop.ee\/lv\/wp-json\/wp\/v2\/product_brand?post=8868"},{"taxonomy":"product_cat","embeddable":true,"href":"https:\/\/ecoshop.ee\/lv\/wp-json\/wp\/v2\/product_cat?post=8868"},{"taxonomy":"product_tag","embeddable":true,"href":"https:\/\/ecoshop.ee\/lv\/wp-json\/wp\/v2\/product_tag?post=8868"}],"curies":[{"name":"wp","href":"https:\/\/api.w.org\/{rel}","templated":true}]}}