{"id":8873,"date":"2024-11-01T20:45:30","date_gmt":"2024-11-01T17:45:30","guid":{"rendered":"https:\/\/ecoshop.ee\/?post_type=product&#038;p=8873"},"modified":"2025-12-25T19:35:24","modified_gmt":"2025-12-25T16:35:24","slug":"plans-korka-karsu-turetajs-2","status":"publish","type":"product","link":"https:\/\/ecoshop.ee\/lv\/rahakotid\/ohuke-korgist-kaarditasku-2\/","title":{"rendered":"Pl\u0101ns kor\u0137a kar\u0161u tur\u0113t\u0101js"},"content":{"rendered":"<p>Minim\u0101listiska dizaina videi draudz\u012bgs kor\u0137a kar\u0161u tur\u0113t\u0101js, pieejams tr\u012bs elegant\u0101s kr\u0101s\u0101s \u2014 dab\u012bg\u0101, meln\u0101 un br\u016bn\u0101. \u0160is kar\u0161u tur\u0113t\u0101js ir ide\u0101li piem\u0113rots tiem, kas nov\u0113rt\u0113 vienk\u0101r\u0161\u012bbu, ilgtsp\u0113j\u012bbu un stilu. Praktiskais dizains ietver kar\u0161u kabatas ab\u0101s pus\u0113s, kur\u0101s kop\u0101 var ievietot l\u012bdz asto\u0146\u0101m kart\u0113m, un centr\u0101lo kabatu skaidrai naudai, nodro\u0161inot \u0113rtu un \u0101tru piek\u013cuvi.<\/p>\n<p><strong>Izm\u0113ri:<\/strong><\/p>\n<ul>\n<li>Garums: 12 cm<\/li>\n<li>Platums: 9 cm<\/li>\n<li>Biezums: 0,2 cm<\/li>\n<\/ul>","protected":false},"excerpt":{"rendered":"<p>Minimalistliku disainiga keskkonnas\u00f5bralik korgist kaarditasku, saadaval kolmes elegantses v\u00e4rvitoonis\u2014naturaalne, must ja pruun. See kaarditasku sobib ideaalselt neile, kes hindavad lihtsust, j\u00e4tkusuutlikkust ja&hellip;<\/p>","protected":false},"featured_media":8877,"comment_status":"open","ping_status":"closed","template":"","meta":{"wprm-recipe-roundup-name":"","wprm-recipe-roundup-description":""},"product_brand":[],"product_cat":[241],"product_tag":[258],"class_list":{"0":"post-8873","1":"product","2":"type-product","3":"status-publish","4":"has-post-thumbnail","6":"product_cat-rahakotid","7":"product_tag-kaarditasku","9":"first","10":"instock","11":"taxable","12":"shipping-taxable","13":"purchasable","14":"product-type-variable"},"supplier_id":null,"supplier_sku":"","barcode":null,"atum_controlled":true,"out_stock_date":null,"out_stock_threshold":null,"inheritable":false,"inbound_stock":0,"stock_on_hold":0,"sold_today":0,"sales_last_days":0,"reserved_stock":0,"customer_returns":0,"warehouse_damage":0,"lost_in_post":0,"other_logs":0,"out_stock_days":0,"lost_sales":0,"has_location":false,"update_date":"2026-03-07T01:16:03","atum_locations":[],"atum_stock_status":"instock","restock_status":false,"low_stock_amount":"","sales_update_date":"2026-03-07T01:16:03","calc_backorders":null,"aioseo_notices":[],"_links":{"self":[{"href":"https:\/\/ecoshop.ee\/lv\/wp-json\/wp\/v2\/product\/8873","targetHints":{"allow":["GET"]}}],"collection":[{"href":"https:\/\/ecoshop.ee\/lv\/wp-json\/wp\/v2\/product"}],"about":[{"href":"https:\/\/ecoshop.ee\/lv\/wp-json\/wp\/v2\/types\/product"}],"replies":[{"embeddable":true,"href":"https:\/\/ecoshop.ee\/lv\/wp-json\/wp\/v2\/comments?post=8873"}],"version-history":[{"count":0,"href":"https:\/\/ecoshop.ee\/lv\/wp-json\/wp\/v2\/product\/8873\/revisions"}],"wp:featuredmedia":[{"embeddable":true,"href":"https:\/\/ecoshop.ee\/lv\/wp-json\/wp\/v2\/media\/8877"}],"wp:attachment":[{"href":"https:\/\/ecoshop.ee\/lv\/wp-json\/wp\/v2\/media?parent=8873"}],"wp:term":[{"taxonomy":"product_brand","embeddable":true,"href":"https:\/\/ecoshop.ee\/lv\/wp-json\/wp\/v2\/product_brand?post=8873"},{"taxonomy":"product_cat","embeddable":true,"href":"https:\/\/ecoshop.ee\/lv\/wp-json\/wp\/v2\/product_cat?post=8873"},{"taxonomy":"product_tag","embeddable":true,"href":"https:\/\/ecoshop.ee\/lv\/wp-json\/wp\/v2\/product_tag?post=8873"}],"curies":[{"name":"wp","href":"https:\/\/api.w.org\/{rel}","templated":true}]}}