{"id":8884,"date":"2024-11-01T21:04:16","date_gmt":"2024-11-01T18:04:16","guid":{"rendered":"https:\/\/ecoshop.ee\/?post_type=product&#038;p=8884"},"modified":"2024-11-07T21:24:34","modified_gmt":"2024-11-07T18:24:34","slug":"dabiga-korka-pulkstenis-davanu-kastite","status":"publish","type":"product","link":"https:\/\/ecoshop.ee\/lv\/kaekellad-ja-ehted\/looduslikust-korgist-kaekell-kinkekarbis\/","title":{"rendered":"Dab\u012bg\u0101 kor\u0137a pulkstenis d\u0101vanu kast\u012bt\u0113"},"content":{"rendered":"<p>Dab\u012bg\u0101 kor\u0137a pulkstenis apvieno ilgtsp\u0113j\u012bbu un minim\u0101lisma stilu. Pulkste\u0146a m\u012bkst\u0101 kor\u0137a siksni\u0146a nodro\u0161ina \u0113rtu un vieglu piegul\u0161anu, savuk\u0101rt pulkste\u0146a korpuss pie\u0161\u0137ir modernu un stil\u012bgu izskatu. Kor\u0137a materi\u0101ls ir iztur\u012bgs, \u016bdensnecaurlaid\u012bgs un lieliski piem\u0113rots ikdienas valk\u0101\u0161anai, padarot to gan videi draudz\u012bgu, gan par m\u016b\u017e\u012bgu aksesu\u0101ru. \u0160is no dab\u012bga materi\u0101la izgatavotais pulkstenis ir piem\u0113rots jebkuram gad\u012bjumam, ide\u0101li piem\u0113rots gan ikdienas, gan biroja stilam. Tam ir divas main\u0101mas pulkste\u0146a siksni\u0146as.<\/p>\n<p><strong>Lielsused:<\/strong><\/p>\n<ul>\n<li>Garums: 23 cm<\/li>\n<li>Ciparn\u012bcas platums: 4 cm<\/li>\n<li>Siksni\u0146as platums: 2 cm<\/li>\n<\/ul>","protected":false},"excerpt":{"rendered":"<p>Looduslikust korgist k\u00e4ekell \u00fchendab j\u00e4tkusuutlikkuse ja minimalistliku stiili. Kella pehme korgirihm tagab mugava ja kerge kandmise ning kellakorpus lisab sellele kaasaegse ja&hellip;<\/p>","protected":false},"featured_media":8887,"comment_status":"open","ping_status":"closed","template":"","meta":{"wprm-recipe-roundup-name":"","wprm-recipe-roundup-description":""},"product_brand":[],"product_cat":[243],"product_tag":[403],"class_list":{"0":"post-8884","1":"product","2":"type-product","3":"status-publish","4":"has-post-thumbnail","6":"product_cat-kaekellad-ja-ehted","7":"product_tag-kaekell","9":"first","10":"instock","11":"taxable","12":"shipping-taxable","13":"purchasable","14":"product-type-simple"},"supplier_id":9159,"supplier_sku":"","barcode":null,"atum_controlled":true,"out_stock_date":null,"out_stock_threshold":null,"inheritable":false,"inbound_stock":0,"stock_on_hold":0,"sold_today":0,"sales_last_days":0,"reserved_stock":0,"customer_returns":0,"warehouse_damage":0,"lost_in_post":0,"other_logs":0,"out_stock_days":0,"lost_sales":0,"has_location":false,"update_date":"2026-03-07T01:16:03","atum_locations":[],"atum_stock_status":"instock","restock_status":false,"low_stock_amount":"","sales_update_date":"2026-03-07T01:16:03","calc_backorders":null,"aioseo_notices":[],"_links":{"self":[{"href":"https:\/\/ecoshop.ee\/lv\/wp-json\/wp\/v2\/product\/8884","targetHints":{"allow":["GET"]}}],"collection":[{"href":"https:\/\/ecoshop.ee\/lv\/wp-json\/wp\/v2\/product"}],"about":[{"href":"https:\/\/ecoshop.ee\/lv\/wp-json\/wp\/v2\/types\/product"}],"replies":[{"embeddable":true,"href":"https:\/\/ecoshop.ee\/lv\/wp-json\/wp\/v2\/comments?post=8884"}],"version-history":[{"count":0,"href":"https:\/\/ecoshop.ee\/lv\/wp-json\/wp\/v2\/product\/8884\/revisions"}],"wp:featuredmedia":[{"embeddable":true,"href":"https:\/\/ecoshop.ee\/lv\/wp-json\/wp\/v2\/media\/8887"}],"wp:attachment":[{"href":"https:\/\/ecoshop.ee\/lv\/wp-json\/wp\/v2\/media?parent=8884"}],"wp:term":[{"taxonomy":"product_brand","embeddable":true,"href":"https:\/\/ecoshop.ee\/lv\/wp-json\/wp\/v2\/product_brand?post=8884"},{"taxonomy":"product_cat","embeddable":true,"href":"https:\/\/ecoshop.ee\/lv\/wp-json\/wp\/v2\/product_cat?post=8884"},{"taxonomy":"product_tag","embeddable":true,"href":"https:\/\/ecoshop.ee\/lv\/wp-json\/wp\/v2\/product_tag?post=8884"}],"curies":[{"name":"wp","href":"https:\/\/api.w.org\/{rel}","templated":true}]}}