{"id":8945,"date":"2024-11-02T20:38:50","date_gmt":"2024-11-02T17:38:50","guid":{"rendered":"https:\/\/ecoshop.ee\/?post_type=product&#038;p=8945"},"modified":"2026-05-08T11:44:06","modified_gmt":"2026-05-08T08:44:06","slug":"rapunzel-ceratonijas-pulveris-250g","status":"publish","type":"product","link":"https:\/\/ecoshop.ee\/lv\/teed-ja-kuumad-joogid\/rapunzel-kaarobipulber-250g\/","title":{"rendered":"Rapunzel ceratonijas pulveris, 250 g"},"content":{"rendered":"<p>Magus alternatiiv kakaopulbrile! Kaarobipulber on looduslikult magusa ja kergelt karamellise maitsega ning meenutab kakaod. Pulber on valmistatud jaanikaunast ja sisaldab looduslikke suhkruid (ilma lisatud suhkruta), on madala rasvasisaldusega, rikkalik kaltsiumi poolest ja pakub v\u00e4\u00e4rtuslikke kiudaineid.<\/p>\n<div class=\"group\/conversation-turn relative flex w-full min-w-0 flex-col agent-turn\">\n<div class=\"flex-col gap-1 md:gap-3\">\n<div class=\"flex max-w-full flex-col flex-grow\">\n<div class=\"min-h-8 text-message flex w-full flex-col items-end gap-2 whitespace-normal break-words [.text-message+&amp;]:mt-5\" dir=\"auto\" data-message-author-role=\"assistant\" data-message-id=\"3dd0b598-8587-46cc-a4a8-72f68909314f\" data-message-model-slug=\"gpt-4o\">\n<div class=\"flex w-full flex-col gap-1 empty:hidden first:pt-[3px]\">\n<div class=\"markdown prose w-full break-words dark:prose-invert dark\">\n<p>Kaarobipulbrit saab kasutada mitmel viisil magusate retseptide lisandina ja kakaopulbri asendajana:<\/p>\n<ol>\n<li><strong>Kuum jook<\/strong>: Sega 1-2 teelusikat\u00e4it kaarobipulbrit kuuma vee v\u00f5i taimse piimaga, lisa soovi korral magusainet ja sega \u00fchtlaseks.<\/li>\n<li><strong>K\u00fcpsetistes<\/strong>: Asenda kakaopulber kaarobipulbriga samas koguses, et anda k\u00fcpsetistele magus ja karamelline maitse.<\/li>\n<li><strong>Smoothied<\/strong>: Lisa 1-2 teelusikat\u00e4it kaarobipulbrit smuutidesse, et anda neile looduslikult magus ja rikas maitse.<\/li>\n<li><strong>Jogurtid ja pudrud<\/strong>: Sega kaarobipulbrit jogurtisse v\u00f5i pudru sisse, et lisada kerge karamelline noot ja kaltsiumirikkus.<\/li>\n<li><strong>Magustoidud<\/strong>: Kasuta kaarobipulbrit erinevates dessertides, n\u00e4iteks kreemides, pudingites ja tr\u00fchvlites.<\/li>\n<\/ol>\n<\/div>\n<\/div>\n<\/div>\n<\/div>\n<\/div>\n<\/div>\n","protected":false},"excerpt":{"rendered":"<p>Magus alternatiiv kakaopulbrile! Kaarobipulber on looduslikult magusa ja kergelt karamellise maitsega ning meenutab kakaod. Pulber on valmistatud jaanikaunast ja sisaldab looduslikke suhkruid&hellip;<\/p>","protected":false},"featured_media":8946,"comment_status":"open","ping_status":"closed","template":"","meta":{"wprm-recipe-roundup-name":"","wprm-recipe-roundup-description":""},"product_brand":[12038],"product_cat":[323,390,240],"product_tag":[414,413],"class_list":{"0":"post-8945","1":"product","2":"type-product","3":"status-publish","4":"has-post-thumbnail","6":"product_brand-rapunzel","7":"product_cat-kupsetussegud-ja-kuivained","8":"product_cat-teed-ja-kuumad-joogid","9":"product_cat-allahinnatud","10":"product_tag-kaarobipulber","11":"product_tag-karob","12":"j79_wcxd_expiry_type-expiry-date","14":"first","15":"instock","16":"sale","17":"taxable","18":"shipping-taxable","19":"purchasable","20":"product-type-simple"},"supplier_id":9137,"supplier_sku":"","barcode":"4006040056300","atum_controlled":true,"out_stock_date":null,"out_stock_threshold":null,"inheritable":false,"inbound_stock":0,"stock_on_hold":0,"sold_today":0,"sales_last_days":1,"reserved_stock":0,"customer_returns":0,"warehouse_damage":0,"lost_in_post":0,"other_logs":0,"out_stock_days":0,"lost_sales":0,"has_location":false,"update_date":"2026-05-12T12:37:21","atum_locations":[],"atum_stock_status":"instock","restock_status":true,"low_stock_amount":"","sales_update_date":"2026-05-12T12:37:21","calc_backorders":null,"aioseo_notices":[],"_links":{"self":[{"href":"https:\/\/ecoshop.ee\/lv\/wp-json\/wp\/v2\/product\/8945","targetHints":{"allow":["GET"]}}],"collection":[{"href":"https:\/\/ecoshop.ee\/lv\/wp-json\/wp\/v2\/product"}],"about":[{"href":"https:\/\/ecoshop.ee\/lv\/wp-json\/wp\/v2\/types\/product"}],"replies":[{"embeddable":true,"href":"https:\/\/ecoshop.ee\/lv\/wp-json\/wp\/v2\/comments?post=8945"}],"version-history":[{"count":0,"href":"https:\/\/ecoshop.ee\/lv\/wp-json\/wp\/v2\/product\/8945\/revisions"}],"wp:featuredmedia":[{"embeddable":true,"href":"https:\/\/ecoshop.ee\/lv\/wp-json\/wp\/v2\/media\/8946"}],"wp:attachment":[{"href":"https:\/\/ecoshop.ee\/lv\/wp-json\/wp\/v2\/media?parent=8945"}],"wp:term":[{"taxonomy":"product_brand","embeddable":true,"href":"https:\/\/ecoshop.ee\/lv\/wp-json\/wp\/v2\/product_brand?post=8945"},{"taxonomy":"product_cat","embeddable":true,"href":"https:\/\/ecoshop.ee\/lv\/wp-json\/wp\/v2\/product_cat?post=8945"},{"taxonomy":"product_tag","embeddable":true,"href":"https:\/\/ecoshop.ee\/lv\/wp-json\/wp\/v2\/product_tag?post=8945"}],"curies":[{"name":"wp","href":"https:\/\/api.w.org\/{rel}","templated":true}]}}