{"id":9043,"date":"2024-11-04T19:41:37","date_gmt":"2024-11-04T16:41:37","guid":{"rendered":"https:\/\/ecoshop.ee\/?post_type=product&#038;p=9043"},"modified":"2025-12-25T19:11:15","modified_gmt":"2025-12-25T16:11:15","slug":"smarzigie-pipari-100-g","status":"publish","type":"product","link":"https:\/\/ecoshop.ee\/lv\/maitseained\/vurtskoomen-100g\/","title":{"rendered":"\u0136imenes, 100 g"},"content":{"rendered":"<p>Klasiska indie\u0161u gar\u0161viela \u0137imenes pie\u0161\u0137ir \u0113dieniem dzi\u013cu, arom\u0101tisku gar\u0161u. Augstas kvalit\u0101tes \u0137imenes ir neaizst\u0101jama sast\u0101vda\u013ca liel\u0101kaj\u0101 da\u013c\u0101 kariju un pie\u0161\u0137ir papildu gar\u0161as piesk\u0101rienu vienk\u0101r\u0161iem \u0113dieniem, piem\u0113ram, r\u012bsiem. To bie\u017ei lieto kop\u0101 ar kan\u0113li vai koriandru, pie\u0161\u0137irot \u0113dieniem bag\u0101t\u012bgu, austrumniecisku gar\u0161u.<\/p>\n<p>\u0160\u012b gar\u0161viela ir lieliska izv\u0113le tiem, kas nov\u0113rt\u0113 autentisku indie\u0161u virtuvi un mekl\u0113 veg\u0101niem draudz\u012bgu gar\u0161as uzliesmojumu sav\u0101s recept\u0113s!<\/p>","protected":false},"excerpt":{"rendered":"<p>Klasiska gar\u0161viela Indijas virtuv\u0113, kas \u0113dieniem pie\u0161\u0137ir dzi\u013cu, arom\u0101tisku gar\u0161u. Augstas kvalit\u0101tes \u0137imenes ir neaizst\u0101jama sast\u0101vda\u013ca liel\u0101kaj\u0101 da\u013c\u0101 kariju un pie\u0161\u0137ir asuma piesk\u0101rienu vienk\u0101r\u0161iem \u0113dieniem, piem\u0113ram\u2026<\/p>","protected":false},"featured_media":9044,"comment_status":"open","ping_status":"closed","template":"","meta":{"wprm-recipe-roundup-name":"","wprm-recipe-roundup-description":""},"product_brand":[],"product_cat":[388],"product_tag":[428,409],"class_list":{"0":"post-9043","1":"product","2":"type-product","3":"status-publish","4":"has-post-thumbnail","6":"product_cat-maitseained","7":"product_tag-koomned","8":"product_tag-maitseaine","9":"j79_wcxd_expiry_type-expiry-date","11":"first","12":"instock","13":"taxable","14":"shipping-taxable","15":"purchasable","16":"product-type-simple"},"supplier_id":9137,"supplier_sku":"","barcode":"4260028480123","atum_controlled":true,"out_stock_date":null,"out_stock_threshold":null,"inheritable":false,"inbound_stock":0,"stock_on_hold":0,"sold_today":0,"sales_last_days":0,"reserved_stock":0,"customer_returns":0,"warehouse_damage":0,"lost_in_post":0,"other_logs":0,"out_stock_days":0,"lost_sales":0,"has_location":false,"update_date":"2026-03-07T01:16:04","atum_locations":[],"atum_stock_status":"instock","restock_status":false,"low_stock_amount":"","sales_update_date":"2026-03-07T01:16:04","calc_backorders":null,"aioseo_notices":[],"_links":{"self":[{"href":"https:\/\/ecoshop.ee\/lv\/wp-json\/wp\/v2\/product\/9043","targetHints":{"allow":["GET"]}}],"collection":[{"href":"https:\/\/ecoshop.ee\/lv\/wp-json\/wp\/v2\/product"}],"about":[{"href":"https:\/\/ecoshop.ee\/lv\/wp-json\/wp\/v2\/types\/product"}],"replies":[{"embeddable":true,"href":"https:\/\/ecoshop.ee\/lv\/wp-json\/wp\/v2\/comments?post=9043"}],"version-history":[{"count":0,"href":"https:\/\/ecoshop.ee\/lv\/wp-json\/wp\/v2\/product\/9043\/revisions"}],"wp:featuredmedia":[{"embeddable":true,"href":"https:\/\/ecoshop.ee\/lv\/wp-json\/wp\/v2\/media\/9044"}],"wp:attachment":[{"href":"https:\/\/ecoshop.ee\/lv\/wp-json\/wp\/v2\/media?parent=9043"}],"wp:term":[{"taxonomy":"product_brand","embeddable":true,"href":"https:\/\/ecoshop.ee\/lv\/wp-json\/wp\/v2\/product_brand?post=9043"},{"taxonomy":"product_cat","embeddable":true,"href":"https:\/\/ecoshop.ee\/lv\/wp-json\/wp\/v2\/product_cat?post=9043"},{"taxonomy":"product_tag","embeddable":true,"href":"https:\/\/ecoshop.ee\/lv\/wp-json\/wp\/v2\/product_tag?post=9043"}],"curies":[{"name":"wp","href":"https:\/\/api.w.org\/{rel}","templated":true}]}}