{"id":9078,"date":"2024-11-05T18:51:09","date_gmt":"2024-11-05T15:51:09","guid":{"rendered":"https:\/\/ecoshop.ee\/?post_type=product&#038;p=9078"},"modified":"2026-04-14T00:43:06","modified_gmt":"2026-04-13T21:43:06","slug":"uzacu-trimmeris-un-dermaplaneris-ar-5-asmeniem","status":"publish","type":"product","link":"https:\/\/ecoshop.ee\/lv\/raseerijad\/kulmude-piiraja-ja-dermaplaneerija-5-tera\/","title":{"rendered":"Uzacu trimmeris un dermaplaneris + 5 asme\u0146i"},"content":{"rendered":"<p>M\u016bsu atk\u0101rtoti lietojamais met\u0101la uzacu trimmeris ir lieliski piem\u0113rots sejas apmatojuma vieglai no\u0146em\u0161anai vai veido\u0161anai. Tas ir piem\u0113rots ar\u012b dermaplaningam (\u0101das p\u012blingam), padarot to par efekt\u012bvu un daudzpus\u012bgu instrumentu. Uzacu trimmerim ir pieci ner\u016bs\u0113jo\u0161\u0101 t\u0113rauda asme\u0146i, kas izstr\u0101d\u0101ti bez plastmasas stiprin\u0101jumiem, padarot produktu 100% bez plastmasas, bezgal\u012bgi p\u0101rstr\u0101d\u0101jamu un videi draudz\u012bgu.<\/p>\n<p>Var ieg\u0101d\u0101ties papildu asme\u0146us <a href=\"https:\/\/ecoshop.ee\/lv\/grutniecerimipiederumi\/uzacu-trimmeris-un-dermaplanerimise-asmeni-20-gab\/\" target=\"_blank\" rel=\"noopener\"><strong>\u0161eit.<\/strong><\/a><\/p>\n<p><strong>Komplekt\u0101 ietilpst:<\/strong><\/p>\n<ul>\n<li>1 x met\u0101la uzacu trimmeris<\/li>\n<li>1 x 5 asme\u0146u iepakojums (bez plastmasas)<\/li>\n<li>1 x silikona asmens aizsargs<\/li>\n<\/ul>\n<p><strong>Produkta specifik\u0101cijas:<\/strong><\/p>\n<ul>\n<li>Svars: 80 g<\/li>\n<li>Izm\u0113ri: 16 cm x 6,7 cm x 1,9 cm<\/li>\n<\/ul>\n<p><strong>Materi\u0101li<\/strong>:<\/p>\n<ul>\n<li>Misi\u0146a sakaus\u0113jums, hroma apdare<\/li>\n<\/ul>","protected":false},"excerpt":{"rendered":"<p>Meie korduvkasutatav metallist kulmude piiraja sobib t\u00e4iuslikult n\u00e4okarvade lihtsaks eemaldamiseks v\u00f5i kujundamiseks. Lisaks sobib see ka dermaplaneerimiseks (naha koorimiseks), olles t\u00f5hus ja&hellip;<\/p>","protected":false},"featured_media":9081,"comment_status":"open","ping_status":"closed","template":"","meta":{"wprm-recipe-roundup-name":"","wprm-recipe-roundup-description":""},"product_brand":[12064],"product_cat":[280],"product_tag":[431,432],"class_list":{"0":"post-9078","1":"product","2":"type-product","3":"status-publish","4":"has-post-thumbnail","6":"product_brand-jungle-culture","7":"product_cat-raseerijad","8":"product_tag-kulmud","9":"product_tag-kulmude-piiraja","11":"first","12":"instock","13":"taxable","14":"shipping-taxable","15":"purchasable","16":"product-type-variable"},"supplier_id":null,"supplier_sku":"","barcode":null,"atum_controlled":true,"out_stock_date":null,"out_stock_threshold":null,"inheritable":true,"inbound_stock":0,"stock_on_hold":0,"sold_today":0,"sales_last_days":0,"reserved_stock":0,"customer_returns":0,"warehouse_damage":0,"lost_in_post":0,"other_logs":0,"out_stock_days":0,"lost_sales":0,"has_location":false,"update_date":"2026-04-13T21:43:07","atum_locations":[],"atum_stock_status":"instock","restock_status":false,"low_stock_amount":"","sales_update_date":"2026-03-07T01:16:14","calc_backorders":null,"aioseo_notices":[],"_links":{"self":[{"href":"https:\/\/ecoshop.ee\/lv\/wp-json\/wp\/v2\/product\/9078","targetHints":{"allow":["GET"]}}],"collection":[{"href":"https:\/\/ecoshop.ee\/lv\/wp-json\/wp\/v2\/product"}],"about":[{"href":"https:\/\/ecoshop.ee\/lv\/wp-json\/wp\/v2\/types\/product"}],"replies":[{"embeddable":true,"href":"https:\/\/ecoshop.ee\/lv\/wp-json\/wp\/v2\/comments?post=9078"}],"version-history":[{"count":0,"href":"https:\/\/ecoshop.ee\/lv\/wp-json\/wp\/v2\/product\/9078\/revisions"}],"wp:featuredmedia":[{"embeddable":true,"href":"https:\/\/ecoshop.ee\/lv\/wp-json\/wp\/v2\/media\/9081"}],"wp:attachment":[{"href":"https:\/\/ecoshop.ee\/lv\/wp-json\/wp\/v2\/media?parent=9078"}],"wp:term":[{"taxonomy":"product_brand","embeddable":true,"href":"https:\/\/ecoshop.ee\/lv\/wp-json\/wp\/v2\/product_brand?post=9078"},{"taxonomy":"product_cat","embeddable":true,"href":"https:\/\/ecoshop.ee\/lv\/wp-json\/wp\/v2\/product_cat?post=9078"},{"taxonomy":"product_tag","embeddable":true,"href":"https:\/\/ecoshop.ee\/lv\/wp-json\/wp\/v2\/product_tag?post=9078"}],"curies":[{"name":"wp","href":"https:\/\/api.w.org\/{rel}","templated":true}]}}