{"id":9096,"date":"2024-11-05T21:33:40","date_gmt":"2024-11-05T18:33:40","guid":{"rendered":"https:\/\/ecoshop.ee\/?post_type=product&#038;p=9096"},"modified":"2026-04-14T00:43:01","modified_gmt":"2026-04-13T21:43:01","slug":"ergonoomical-metala-skuveklis-ar-10-asmeniem","status":"publish","type":"product","link":"https:\/\/ecoshop.ee\/lv\/raseerijad\/ergonoomiline-metallist-raseerija-10-tera\/","title":{"rendered":"Ergonoomical met\u0101la skuveklis + 10 asme\u0146i"},"content":{"rendered":"<p>M\u016bsu atk\u0101rtoti lietojamais ro\u017ezelta met\u0101la skuveklis ir paredz\u0113ts gan v\u012brie\u0161iem, gan sieviet\u0113m, pied\u0101v\u0101jot prec\u012bzi izstr\u0101d\u0101tu un \u0113rtu sk\u016b\u0161an\u0101s pieredzi bez atkritumiem. Ilgtsp\u0113j\u012bgs un plastmasas nesaturo\u0161s risin\u0101jums ikvienam, kur\u0161 nov\u0113rt\u0113 augstas kvalit\u0101tes un videi draudz\u012bgu sk\u016b\u0161anos. Katram skuveklim ir tekstur\u0113ts rokturis un ergonomisks dizains, kas nodro\u0161ina dro\u0161u satv\u0113rienu un atvieglo sk\u016b\u0161anos pat gr\u016bti sasniedzam\u0101s viet\u0101s. \u0112rtai glab\u0101\u0161anai varat ieg\u0101d\u0101ties ar\u012b \u0161o stat\u012bvu: <a href=\"https:\/\/ecoshop.ee\/lv\/skuvekli\/metallist-raseerija-alus-jamedam\/\" target=\"_blank\" rel=\"noopener\">noklik\u0161\u0137iniet \u0161eit!<\/a><\/p>\n<p>&nbsp;<\/p>\n<p><strong>Komplekt\u0101 ietilpst:<\/strong><\/p>\n<ul>\n<li>1 x met\u0101la skuveklis (roz\u0101 zelta kr\u0101s\u0101)<\/li>\n<li>10 asme\u0146u komplekts<\/li>\n<li>1 x kraftpap\u012bra uzglab\u0101\u0161anas kaste<\/li>\n<\/ul>\n<p><strong>Produkta specifik\u0101cijas:<\/strong><\/p>\n<ul>\n<li>Svars: 210 g<\/li>\n<li>Izm\u0113ri: 15 cm x 7,1 cm x 4,6 cm<\/li>\n<\/ul>\n<p><strong>Materi\u0101li<\/strong>:<\/p>\n<ul>\n<li>Misi\u0146a sakaus\u0113jums, hrom\u0113ts<\/li>\n<\/ul>","protected":false},"excerpt":{"rendered":"<p>Meie korduvkasutatav roosakuldne metallist raseerija on m\u00f5eldud nii meestele kui naistele, pakkudes t\u00e4pselt viimistletud ja mugavat nullj\u00e4\u00e4tmete raseerimiskogemust. Kestlik ja plastivaba lahendus&hellip;<\/p>","protected":false},"featured_media":9097,"comment_status":"open","ping_status":"closed","template":"","meta":{"wprm-recipe-roundup-name":"","wprm-recipe-roundup-description":""},"product_brand":[12064],"product_cat":[280],"product_tag":[190],"class_list":{"0":"post-9096","1":"product","2":"type-product","3":"status-publish","4":"has-post-thumbnail","6":"product_brand-jungle-culture","7":"product_cat-raseerijad","8":"product_tag-raseerija","10":"first","11":"outofstock","12":"taxable","13":"shipping-taxable","14":"purchasable","15":"product-type-simple"},"supplier_id":9133,"supplier_sku":"","barcode":null,"atum_controlled":true,"out_stock_date":"2025-12-14 19:56:02","out_stock_threshold":null,"inheritable":false,"inbound_stock":0,"stock_on_hold":0,"sold_today":0,"sales_last_days":0,"reserved_stock":0,"customer_returns":0,"warehouse_damage":0,"lost_in_post":0,"other_logs":0,"out_stock_days":120,"lost_sales":350,"has_location":false,"update_date":"2026-04-13T21:43:02","atum_locations":[],"atum_stock_status":"outofstock","restock_status":false,"low_stock_amount":"","sales_update_date":"2026-03-07T01:16:14","calc_backorders":null,"aioseo_notices":[],"_links":{"self":[{"href":"https:\/\/ecoshop.ee\/lv\/wp-json\/wp\/v2\/product\/9096","targetHints":{"allow":["GET"]}}],"collection":[{"href":"https:\/\/ecoshop.ee\/lv\/wp-json\/wp\/v2\/product"}],"about":[{"href":"https:\/\/ecoshop.ee\/lv\/wp-json\/wp\/v2\/types\/product"}],"replies":[{"embeddable":true,"href":"https:\/\/ecoshop.ee\/lv\/wp-json\/wp\/v2\/comments?post=9096"}],"version-history":[{"count":0,"href":"https:\/\/ecoshop.ee\/lv\/wp-json\/wp\/v2\/product\/9096\/revisions"}],"wp:featuredmedia":[{"embeddable":true,"href":"https:\/\/ecoshop.ee\/lv\/wp-json\/wp\/v2\/media\/9097"}],"wp:attachment":[{"href":"https:\/\/ecoshop.ee\/lv\/wp-json\/wp\/v2\/media?parent=9096"}],"wp:term":[{"taxonomy":"product_brand","embeddable":true,"href":"https:\/\/ecoshop.ee\/lv\/wp-json\/wp\/v2\/product_brand?post=9096"},{"taxonomy":"product_cat","embeddable":true,"href":"https:\/\/ecoshop.ee\/lv\/wp-json\/wp\/v2\/product_cat?post=9096"},{"taxonomy":"product_tag","embeddable":true,"href":"https:\/\/ecoshop.ee\/lv\/wp-json\/wp\/v2\/product_tag?post=9096"}],"curies":[{"name":"wp","href":"https:\/\/api.w.org\/{rel}","templated":true}]}}