{"id":9105,"date":"2024-11-05T22:06:01","date_gmt":"2024-11-05T19:06:01","guid":{"rendered":"https:\/\/ecoshop.ee\/?post_type=product&#038;p=9105"},"modified":"2026-05-10T15:30:17","modified_gmt":"2026-05-10T12:30:17","slug":"katli-un-pannas-monthrimi-birste-komplekts","status":"publish","type":"product","link":"https:\/\/ecoshop.ee\/lv\/noud-ja-koogitarbed\/potide-ja-pannide-kuurimisharjade-komplekt\/","title":{"rendered":"Katlu un pannu t\u012br\u012b\u0161anas birstes komplekts"},"content":{"rendered":"<p>M\u016bsu divda\u013c\u012bgais katlu un pannu ber\u0161anas komplekts ir lieliski piem\u0113rots da\u017e\u0101diem trauku mazg\u0101\u0161anas darbiem. M\u012bkst\u0101 sizala saru birste ir ide\u0101li piem\u0113rota keramikas, stikla trauku un galda piederumu t\u012br\u012b\u0161anai, savuk\u0101rt iztur\u012bg\u0101 kokosriekstu saru birste tiks gal\u0101 ar notur\u012bgiem traipiem, cep\u0161anas pann\u0101m un pann\u0101m. Ergonomiskais dizains nodro\u0161ina \u0113rtu un dro\u0161u satv\u0113rienu. Daudzpus\u012bg\u0101s birstes var izmantot ar\u012b d\u0101rze\u0146u t\u012br\u012b\u0161anai, virsmu ber\u0161anai un met\u0101la virsmu apstr\u0101dei.<\/p>\n<p><strong>Komplekt\u0101 ietilpst:<\/strong><\/p>\n<ul>\n<li>1 x m\u012bksta sizala \u0161\u0137iedras naglarimishari<\/li>\n<li>1 x stipra kokosriekstu \u0161\u0137iedras naglarimishari<\/li>\n<\/ul>\n<p><strong>Produkta specifik\u0101cijas:<\/strong><\/p>\n<ul>\n<li>Svars: 125 g<\/li>\n<li>Izm\u0113ri: 10 cm x 8 cm x 5,5 cm<\/li>\n<\/ul>\n<p><strong>Materi\u0101li<\/strong>:<\/p>\n<ul>\n<li>Bambuss, sizala \u0161\u0137iedra, kokosriekstu \u0161\u0137iedra<\/li>\n<\/ul>","protected":false},"excerpt":{"rendered":"<p>Meie kaheosaline potide ja pannide k\u00fc\u00fcrimisharjade komplekt sobib suurep\u00e4raselt erinevate n\u00f5udepesut\u00f6\u00f6de jaoks. Pehme sisalkiust hari on ideaalne keraamika, klaasn\u00f5ude ja s\u00f6\u00f6giriistade puhastamiseks,&hellip;<\/p>","protected":false},"featured_media":9107,"comment_status":"open","ping_status":"closed","template":"","meta":{"wprm-recipe-roundup-name":"","wprm-recipe-roundup-description":""},"product_brand":[12064],"product_cat":[247],"product_tag":[187],"class_list":{"0":"post-9105","1":"product","2":"type-product","3":"status-publish","4":"has-post-thumbnail","6":"product_brand-jungle-culture","7":"product_cat-noud-ja-koogitarbed","8":"product_tag-noudepesuharjad","10":"first","11":"instock","12":"taxable","13":"shipping-taxable","14":"purchasable","15":"product-type-simple"},"supplier_id":9133,"supplier_sku":"","barcode":null,"atum_controlled":true,"out_stock_date":null,"out_stock_threshold":null,"inheritable":false,"inbound_stock":0,"stock_on_hold":0,"sold_today":0,"sales_last_days":0,"reserved_stock":0,"customer_returns":0,"warehouse_damage":0,"lost_in_post":0,"other_logs":0,"out_stock_days":0,"lost_sales":0,"has_location":false,"update_date":"2026-05-10T12:31:17","atum_locations":[],"atum_stock_status":"instock","restock_status":false,"low_stock_amount":"","sales_update_date":"2026-05-10T12:31:17","calc_backorders":null,"aioseo_notices":[],"_links":{"self":[{"href":"https:\/\/ecoshop.ee\/lv\/wp-json\/wp\/v2\/product\/9105","targetHints":{"allow":["GET"]}}],"collection":[{"href":"https:\/\/ecoshop.ee\/lv\/wp-json\/wp\/v2\/product"}],"about":[{"href":"https:\/\/ecoshop.ee\/lv\/wp-json\/wp\/v2\/types\/product"}],"replies":[{"embeddable":true,"href":"https:\/\/ecoshop.ee\/lv\/wp-json\/wp\/v2\/comments?post=9105"}],"version-history":[{"count":0,"href":"https:\/\/ecoshop.ee\/lv\/wp-json\/wp\/v2\/product\/9105\/revisions"}],"wp:featuredmedia":[{"embeddable":true,"href":"https:\/\/ecoshop.ee\/lv\/wp-json\/wp\/v2\/media\/9107"}],"wp:attachment":[{"href":"https:\/\/ecoshop.ee\/lv\/wp-json\/wp\/v2\/media?parent=9105"}],"wp:term":[{"taxonomy":"product_brand","embeddable":true,"href":"https:\/\/ecoshop.ee\/lv\/wp-json\/wp\/v2\/product_brand?post=9105"},{"taxonomy":"product_cat","embeddable":true,"href":"https:\/\/ecoshop.ee\/lv\/wp-json\/wp\/v2\/product_cat?post=9105"},{"taxonomy":"product_tag","embeddable":true,"href":"https:\/\/ecoshop.ee\/lv\/wp-json\/wp\/v2\/product_tag?post=9105"}],"curies":[{"name":"wp","href":"https:\/\/api.w.org\/{rel}","templated":true}]}}