{"id":9112,"date":"2024-11-05T22:18:19","date_gmt":"2024-11-05T19:18:19","guid":{"rendered":"https:\/\/ecoshop.ee\/?post_type=product&#038;p=9112"},"modified":"2025-12-14T20:14:58","modified_gmt":"2025-12-14T17:14:58","slug":"metala-skuvekla-pamatne-plataka","status":"publish","type":"product","link":"https:\/\/ecoshop.ee\/lv\/raseerijad\/metallist-raseerija-alus-laiem\/","title":{"rendered":"Met\u0101la skuvek\u013ca stat\u012bvs (plat\u0101ka atvere)"},"content":{"rendered":"<p>M\u016bsu met\u0101la skuvek\u013ca stat\u012bvs pal\u012bdz\u0113s uztur\u0113t k\u0101rt\u012bbu un k\u0101rt\u012bbu j\u016bsu vannas istab\u0101, nodro\u0161inot stabilu un stil\u012bgu vietu j\u016bsu skuveklim. Stat\u012bvs ir prec\u012bzi izstr\u0101d\u0101ts kr\u0101sas un izm\u0113ra zi\u0146\u0101, un t\u0101 svars nodro\u0161ina dro\u0161u fiks\u0101ciju. Alused ir iepakots vienk\u0101r\u0161\u0101 un videi draudz\u012bg\u0101 kraftpap\u012bra kast\u012bt\u0113. Piez\u012bme! Skuveklis j\u0101ieg\u0101d\u0101jas atsevi\u0161\u0137i. Stat\u012bvs ir piem\u0113rots... <strong><a href=\"https:\/\/ecoshop.ee\/lv\/skuvekli\/ergonoomical-metala-skuveklis-ar-10-asmeniem\/?_gl=1*1belosa*_up*MQ..*_ga*MTY3MjE1OTIxLjE3MzA4MzA3NjM.*_ga_Y9PRLEL9G3*MTczMDgzMDc2My4xLjEuMTczMDgzMzg4Ni4wLjAuMzgyNDAwNDk3\" target=\"_blank\" rel=\"noopener\">uz skuvek\u013ca modeli.<\/a><\/strong><\/p>\n<p><strong>Komplekt\u0101 ietilpst:<\/strong><\/p>\n<ul>\n<li>1 x skuvek\u013ca stat\u012bvs (melns\/roz\u0101)<\/li>\n<li>1 x kraftpap\u012bra kaste<\/li>\n<\/ul>\n<p><strong>Produkta specifik\u0101cijas:<\/strong><\/p>\n<ul>\n<li>Svars: 68 g<\/li>\n<li>Izm\u0113ri: 5 cm x 5 cm x 5 cm<\/li>\n<\/ul>\n<p><strong>Materi\u0101li<\/strong>:<\/p>\n<ul>\n<li>Misi\u0146a sakaus\u0113jums, hrom\u0113ts<\/li>\n<\/ul>","protected":false},"excerpt":{"rendered":"<p>Meie metallist raseerija alus aitab hoida vannitoa korras ja organiseerituna, pakkudes stabiilset ja stiilset paika sinu raseerijale. Alus on v\u00e4rvi ja suuruse&hellip;<\/p>","protected":false},"featured_media":9114,"comment_status":"open","ping_status":"closed","template":"","meta":{"wprm-recipe-roundup-name":"","wprm-recipe-roundup-description":""},"product_brand":[],"product_cat":[280],"product_tag":[290],"class_list":{"0":"post-9112","1":"product","2":"type-product","3":"status-publish","4":"has-post-thumbnail","6":"product_cat-raseerijad","7":"product_tag-raseerija-alus","9":"first","10":"instock","11":"taxable","12":"shipping-taxable","13":"purchasable","14":"product-type-variable"},"supplier_id":null,"supplier_sku":"","barcode":null,"atum_controlled":true,"out_stock_date":null,"out_stock_threshold":null,"inheritable":false,"inbound_stock":0,"stock_on_hold":0,"sold_today":0,"sales_last_days":0,"reserved_stock":0,"customer_returns":0,"warehouse_damage":0,"lost_in_post":0,"other_logs":0,"out_stock_days":0,"lost_sales":0,"has_location":false,"update_date":"2026-03-07T01:16:14","atum_locations":[],"atum_stock_status":"instock","restock_status":false,"low_stock_amount":"","sales_update_date":"2026-03-07T01:16:14","calc_backorders":null,"aioseo_notices":[],"_links":{"self":[{"href":"https:\/\/ecoshop.ee\/lv\/wp-json\/wp\/v2\/product\/9112","targetHints":{"allow":["GET"]}}],"collection":[{"href":"https:\/\/ecoshop.ee\/lv\/wp-json\/wp\/v2\/product"}],"about":[{"href":"https:\/\/ecoshop.ee\/lv\/wp-json\/wp\/v2\/types\/product"}],"replies":[{"embeddable":true,"href":"https:\/\/ecoshop.ee\/lv\/wp-json\/wp\/v2\/comments?post=9112"}],"version-history":[{"count":0,"href":"https:\/\/ecoshop.ee\/lv\/wp-json\/wp\/v2\/product\/9112\/revisions"}],"wp:featuredmedia":[{"embeddable":true,"href":"https:\/\/ecoshop.ee\/lv\/wp-json\/wp\/v2\/media\/9114"}],"wp:attachment":[{"href":"https:\/\/ecoshop.ee\/lv\/wp-json\/wp\/v2\/media?parent=9112"}],"wp:term":[{"taxonomy":"product_brand","embeddable":true,"href":"https:\/\/ecoshop.ee\/lv\/wp-json\/wp\/v2\/product_brand?post=9112"},{"taxonomy":"product_cat","embeddable":true,"href":"https:\/\/ecoshop.ee\/lv\/wp-json\/wp\/v2\/product_cat?post=9112"},{"taxonomy":"product_tag","embeddable":true,"href":"https:\/\/ecoshop.ee\/lv\/wp-json\/wp\/v2\/product_tag?post=9112"}],"curies":[{"name":"wp","href":"https:\/\/api.w.org\/{rel}","templated":true}]}}