{"id":9612,"date":"2024-11-30T22:44:49","date_gmt":"2024-11-30T19:44:49","guid":{"rendered":"https:\/\/ecoshop.ee\/?post_type=product&#038;p=9612"},"modified":"2026-02-06T19:46:30","modified_gmt":"2026-02-06T16:46:30","slug":"bettr-augsta-proteina-kartupelu-zupa-30g","status":"publish","type":"product","link":"https:\/\/ecoshop.ee\/lv\/kupsetussegud-ja-kuivained\/bettr-proteiinirohke-kartulisupp-30g\/","title":{"rendered":"Bett&#039;r kartupe\u013cu zupa ar augstu olbaltumvielu saturu, 30g"},"content":{"rendered":"<p>Vesel\u012bgs un gards risin\u0101jums \u0101trai malt\u012btei! Bett&#039;r kartupe\u013cu zupa pied\u0101v\u0101 perfektu maigas kvalit\u0101tes, augsta \u0161\u0137iedrvielu un augsta olbaltumvielu satura kombin\u0101ciju. Veg\u0101na, bez glut\u0113na un m\u0101ksl\u012bg\u0101m gar\u0161\u0101m un kr\u0101sviel\u0101m - vesel\u012bga izv\u0113le, kas piem\u0113rota ikdienai.<\/p>\n<p>Kompakts un \u0113rts \u2013 ide\u0101li piem\u0113rots birojam, p\u0101rg\u0101jienam vai \u0101trai pagatavo\u0161anai m\u0101j\u0101s. Gatavs da\u017eu min\u016b\u0161u laik\u0101 un sniedz ener\u0123iju visai dienai.<\/p>","protected":false},"excerpt":{"rendered":"<p>Tervislik ja maitsev lahendus kiireks eineks! Bett\u2019r kartulisupp pakub ideaalset kombinatsiooni mahedast kvaliteedist, kiudainerikkusest ja k\u00f5rgest valgusisaldusest. Vegan, gluteenivaba ning ilma kunstlike&hellip;<\/p>","protected":false},"featured_media":9613,"comment_status":"open","ping_status":"closed","template":"","meta":{"wprm-recipe-roundup-name":"","wprm-recipe-roundup-description":""},"product_brand":[11995],"product_cat":[323,514],"product_tag":[296,297,522],"class_list":{"0":"post-9612","1":"product","2":"type-product","3":"status-publish","4":"has-post-thumbnail","6":"product_brand-bettr","7":"product_cat-kupsetussegud-ja-kuivained","8":"product_cat-hommikusook-ja-granolad","9":"product_tag-gluteenivaba","10":"product_tag-mahe","11":"product_tag-supp","12":"j79_wcxd_expiry_type-best-before","14":"first","15":"instock","16":"taxable","17":"shipping-taxable","18":"purchasable","19":"product-type-simple"},"supplier_id":9165,"supplier_sku":"","barcode":"3800233782745","atum_controlled":true,"out_stock_date":null,"out_stock_threshold":null,"inheritable":false,"inbound_stock":0,"stock_on_hold":0,"sold_today":0,"sales_last_days":0,"reserved_stock":0,"customer_returns":0,"warehouse_damage":0,"lost_in_post":0,"other_logs":0,"out_stock_days":0,"lost_sales":0,"has_location":false,"update_date":"2026-04-06T20:23:10","atum_locations":[],"atum_stock_status":"instock","restock_status":false,"low_stock_amount":"","sales_update_date":"2026-04-06T20:23:10","calc_backorders":null,"aioseo_notices":[],"_links":{"self":[{"href":"https:\/\/ecoshop.ee\/lv\/wp-json\/wp\/v2\/product\/9612","targetHints":{"allow":["GET"]}}],"collection":[{"href":"https:\/\/ecoshop.ee\/lv\/wp-json\/wp\/v2\/product"}],"about":[{"href":"https:\/\/ecoshop.ee\/lv\/wp-json\/wp\/v2\/types\/product"}],"replies":[{"embeddable":true,"href":"https:\/\/ecoshop.ee\/lv\/wp-json\/wp\/v2\/comments?post=9612"}],"version-history":[{"count":0,"href":"https:\/\/ecoshop.ee\/lv\/wp-json\/wp\/v2\/product\/9612\/revisions"}],"wp:featuredmedia":[{"embeddable":true,"href":"https:\/\/ecoshop.ee\/lv\/wp-json\/wp\/v2\/media\/9613"}],"wp:attachment":[{"href":"https:\/\/ecoshop.ee\/lv\/wp-json\/wp\/v2\/media?parent=9612"}],"wp:term":[{"taxonomy":"product_brand","embeddable":true,"href":"https:\/\/ecoshop.ee\/lv\/wp-json\/wp\/v2\/product_brand?post=9612"},{"taxonomy":"product_cat","embeddable":true,"href":"https:\/\/ecoshop.ee\/lv\/wp-json\/wp\/v2\/product_cat?post=9612"},{"taxonomy":"product_tag","embeddable":true,"href":"https:\/\/ecoshop.ee\/lv\/wp-json\/wp\/v2\/product_tag?post=9612"}],"curies":[{"name":"wp","href":"https:\/\/api.w.org\/{rel}","templated":true}]}}