{"id":9639,"date":"2024-12-01T01:42:56","date_gmt":"2024-11-30T22:42:56","guid":{"rendered":"https:\/\/ecoshop.ee\/?post_type=product&#038;p=9639"},"modified":"2026-05-05T15:59:42","modified_gmt":"2026-05-05T12:59:42","slug":"bettr-bezglutena-piparkuku-miklas-maisijums-biologisks-350g","status":"publish","type":"product","link":"https:\/\/ecoshop.ee\/lv\/kupsetussegud-ja-kuivained\/bettr-gluteenivaba-piparkoogitainasegu-mahe-350g\/","title":{"rendered":"Bett&#039;r bezglut\u0113na pipark\u016bku m\u012bklas mais\u012bjums, biolo\u0123isks, 350g"},"content":{"rendered":"<p>Ienes Ziemassv\u0113tku burv\u012bbu sav\u0101s m\u0101j\u0101s! Bett&#039;r bezglut\u0113na pipark\u016bku m\u012bklas mais\u012bjums piepild\u012bs j\u016bsu m\u0101jas ar neatvair\u0101mi saldu un pikantu arom\u0101tu. Biolo\u0123isks, veg\u0101ns un bezglut\u0113na mais\u012bjums nesatur rafin\u0113tu cukuru vai konservantus, pied\u0101v\u0101jot vesel\u012bgu alternat\u012bvu tradicion\u0101laj\u0101m pipark\u016bk\u0101m.<\/p>\n<p>Kokosriekstu cukura karame\u013cu gar\u0161a un arom\u0101tisk\u0101s gar\u0161vielas padara cepumus par patiesi ma\u0123isku baud\u012bjumu. Pagatavo m\u012bklu tikai da\u017e\u0101s vienk\u0101r\u0161\u0101s darb\u012bb\u0101s, pievieno \u016bdeni, augu pienu un taukus, veido pipark\u016bkas un cep.<\/p>\n<p><strong>Sagatavo\u0161ana:<\/strong><\/p>\n<ol>\n<li>Uzkars\u0113 cepe\u0161kr\u0101sni l\u012bdz 185\u00b0C (ventilatora re\u017e\u012bm\u0101 165\u00b0C). Izkl\u0101j cep\u0161anas pannu ar cepampap\u012bru.<\/li>\n<li>Ielejiet m\u012bklas mais\u012bjumu b\u013cod\u0101 un pievienojiet 55 ml e\u013c\u013cas vai izkaus\u0113ta sviesta un 105 ml \u016bdens vai augu piena.<\/li>\n<li>M\u012bciet, l\u012bdz izveidojas m\u012bkla. Izrull\u0113jiet m\u012bklu apm\u0113ram 5 mm biezum\u0101 un izgrieziet v\u0113lam\u0101s formas.<\/li>\n<li>Cep 185\u00b0C temperat\u016br\u0101 (ventilatora re\u017e\u012bm\u0101 165\u00b0C) 10\u201312 min\u016btes.<\/li>\n<\/ol>\n<p>Ir tik vienk\u0101r\u0161i pagatavot savas pipark\u016bkas un iepriecin\u0101t savus m\u012b\u013cos ar pa\u0161u gatavotu Ziemassv\u0113tku burv\u012bbu!<\/p>","protected":false},"excerpt":{"rendered":"<p>Too j\u00f5ulumaagia oma koju! Bett\u2019r gluteenivaba piparkoogitainasegu t\u00e4idab su kodu vastupandamatult magusa ja v\u00fcrtsika aroomiga. Mahe, vegan ja gluteenivaba segu ei sisalda&hellip;<\/p>","protected":false},"featured_media":9640,"comment_status":"open","ping_status":"closed","template":"","meta":{"wprm-recipe-roundup-name":"","wprm-recipe-roundup-description":""},"product_brand":[],"product_cat":[323,303,302],"product_tag":[296,330,297,527],"class_list":{"0":"post-9639","1":"product","2":"type-product","3":"status-publish","4":"has-post-thumbnail","6":"product_cat-kupsetussegud-ja-kuivained","7":"product_cat-mahetooted","8":"product_cat-gluteenivaba","9":"product_tag-gluteenivaba","10":"product_tag-kupsetussegu","11":"product_tag-mahe","12":"product_tag-piparkook","13":"j79_wcxd_expiry_type-best-before","15":"first","16":"instock","17":"taxable","18":"shipping-taxable","19":"purchasable","20":"product-type-simple"},"supplier_id":9165,"supplier_sku":"","barcode":"3800233782547","atum_controlled":true,"out_stock_date":null,"out_stock_threshold":null,"inheritable":false,"inbound_stock":0,"stock_on_hold":0,"sold_today":0,"sales_last_days":1,"reserved_stock":0,"customer_returns":0,"warehouse_damage":0,"lost_in_post":0,"other_logs":0,"out_stock_days":0,"lost_sales":0,"has_location":false,"update_date":"2026-05-07T13:09:48","atum_locations":[],"atum_stock_status":"instock","restock_status":false,"low_stock_amount":"","sales_update_date":"2026-05-07T13:09:48","calc_backorders":null,"aioseo_notices":[],"_links":{"self":[{"href":"https:\/\/ecoshop.ee\/lv\/wp-json\/wp\/v2\/product\/9639","targetHints":{"allow":["GET"]}}],"collection":[{"href":"https:\/\/ecoshop.ee\/lv\/wp-json\/wp\/v2\/product"}],"about":[{"href":"https:\/\/ecoshop.ee\/lv\/wp-json\/wp\/v2\/types\/product"}],"replies":[{"embeddable":true,"href":"https:\/\/ecoshop.ee\/lv\/wp-json\/wp\/v2\/comments?post=9639"}],"version-history":[{"count":0,"href":"https:\/\/ecoshop.ee\/lv\/wp-json\/wp\/v2\/product\/9639\/revisions"}],"wp:featuredmedia":[{"embeddable":true,"href":"https:\/\/ecoshop.ee\/lv\/wp-json\/wp\/v2\/media\/9640"}],"wp:attachment":[{"href":"https:\/\/ecoshop.ee\/lv\/wp-json\/wp\/v2\/media?parent=9639"}],"wp:term":[{"taxonomy":"product_brand","embeddable":true,"href":"https:\/\/ecoshop.ee\/lv\/wp-json\/wp\/v2\/product_brand?post=9639"},{"taxonomy":"product_cat","embeddable":true,"href":"https:\/\/ecoshop.ee\/lv\/wp-json\/wp\/v2\/product_cat?post=9639"},{"taxonomy":"product_tag","embeddable":true,"href":"https:\/\/ecoshop.ee\/lv\/wp-json\/wp\/v2\/product_tag?post=9639"}],"curies":[{"name":"wp","href":"https:\/\/api.w.org\/{rel}","templated":true}]}}