{"id":105240,"date":"2025-04-09T13:44:55","date_gmt":"2025-04-09T11:44:55","guid":{"rendered":"https:\/\/ecoshop.ee\/?post_type=product&#038;p=105240"},"modified":"2025-04-24T00:15:43","modified_gmt":"2025-04-23T21:15:43","slug":"taimsed-langeva-suitsuga-viirukikoonused-violett-liilia","status":"publish","type":"product","link":"https:\/\/ecoshop.ee\/ru\/viirukid\/taimsed-langeva-suitsuga-viirukikoonused-violett-liilia\/","title":{"rendered":"\u0422\u0440\u0430\u0432\u044f\u043d\u0430\u044f \u0430\u0440\u043e\u043c\u0430\u0442\u0438\u0447\u0435\u0441\u043a\u0430\u044f \u043f\u0430\u043b\u043e\u0447\u043a\u0430 \u0441 \u043f\u0430\u0434\u0430\u044e\u0449\u0438\u043c \u0434\u044b\u043c\u043e\u043c used \u2013 \u0424\u0438\u043e\u043b\u0435\u0442\u043e\u0432\u0430\u044f \u043b\u0438\u043b\u0438\u044f"},"content":{"rendered":"<p class=\"\" data-start=\"125\" data-end=\"432\">K\u00e4sitsi valmistatud viirukikoonused, mis loovad lummava suitsujugaefekti langeva suitsuga. Tugevama l\u00f5hnakontsentratsiooniga, mis tagab intensiivse ja kauakestva aroomi. Sobivad kasutamiseks langeva-suitsu viiruki p\u00f5letitega. Elegantne violett liilia l\u00f5hn aitab luua rahustava ja sensuaalse atmosf\u00e4\u00e4ri.<\/p>\n<ul>\n<li data-start=\"434\" data-end=\"578\">Kvaliteetsest taimsest materjalist ja vaikudest<\/li>\n<li data-start=\"434\" data-end=\"578\">P\u00f5lemisaeg umbes 30 minutit<\/li>\n<li data-start=\"434\" data-end=\"578\">Kogus pakendis: ~12 t\u00fckki<\/li>\n<\/ul>","protected":false},"excerpt":{"rendered":"<p>\u0410\u0440\u043e\u043c\u0430\u0442\u0438\u0447\u0435\u0441\u043a\u0438\u0439 \u043a\u043e\u043d\u0443\u0441 \u0440\u0443\u0447\u043d\u043e\u0439 \u0440\u0430\u0431\u043e\u0442\u044b used, \u0441\u043e\u0437\u0434\u0430\u044e\u0449\u0438\u0439 \u0437\u0430\u0432\u043e\u0440\u0430\u0436\u0438\u0432\u0430\u044e\u0449\u0438\u0439 \u044d\u0444\u0444\u0435\u043a\u0442 \u0441\u0442\u0440\u0443\u0438 \u0434\u044b\u043c\u0430 \u043f\u0440\u0438 \u043f\u0430\u0434\u0435\u043d\u0438\u0438. \u041e\u0431\u043b\u0430\u0434\u0430\u0435\u0442 \u0431\u043e\u043b\u0435\u0435 \u0432\u044b\u0441\u043e\u043a\u043e\u0439 \u043a\u043e\u043d\u0446\u0435\u043d\u0442\u0440\u0430\u0446\u0438\u0435\u0439 \u0430\u0440\u043e\u043c\u0430\u0442\u0430, \u0447\u0442\u043e \u043e\u0431\u0435\u0441\u043f\u0435\u0447\u0438\u0432\u0430\u0435\u0442 \u0438\u043d\u0442\u0435\u043d\u0441\u0438\u0432\u043d\u043e\u0435 \u0438 \u0441\u0442\u043e\u0439\u043a\u043e\u0435 \u043d\u0430\u0441\u043b\u0430\u0436\u0434\u0435\u043d\u0438\u0435. \u041f\u043e\u0434\u0445\u043e\u0434\u0438\u0442 \u0434\u043b\u044f \u0438\u0441\u043f\u043e\u043b\u044c\u0437\u043e\u0432\u0430\u043d\u0438\u044f \u0441 \u0430\u0440\u043e\u043c\u0430\u0442\u0438\u0447\u0435\u0441\u043a\u0438\u043c\u0438 \u0433\u043e\u0440\u0435\u043b\u043a\u0430\u043c\u0438 \u0441 \u044d\u0444\u0444\u0435\u043a\u0442\u043e\u043c \u043f\u0430\u0434\u0430\u044e\u0449\u0435\u0433\u043e \u0434\u044b\u043c\u0430.<\/p>","protected":false},"featured_media":105241,"comment_status":"open","ping_status":"closed","template":"","meta":{"wprm-recipe-roundup-name":"","wprm-recipe-roundup-description":""},"product_brand":[],"product_cat":[5751],"product_tag":[5752,5753],"class_list":{"0":"post-105240","1":"product","2":"type-product","3":"status-publish","4":"has-post-thumbnail","6":"product_cat-viirukid","7":"product_tag-langeva-suitsuga","8":"product_tag-viiruk","10":"first","11":"instock","12":"taxable","13":"shipping-taxable","14":"purchasable","15":"product-type-simple"},"supplier_id":105232,"supplier_sku":"","barcode":"5028769474264","atum_controlled":true,"out_stock_date":null,"out_stock_threshold":null,"inheritable":false,"inbound_stock":0,"stock_on_hold":0,"sold_today":0,"sales_last_days":0,"reserved_stock":0,"customer_returns":0,"warehouse_damage":0,"lost_in_post":0,"other_logs":0,"out_stock_days":0,"lost_sales":0,"has_location":false,"update_date":"2026-03-07T01:16:04","atum_locations":[],"atum_stock_status":"instock","restock_status":false,"low_stock_amount":"","sales_update_date":"2026-03-07T01:16:04","calc_backorders":null,"aioseo_notices":[],"_links":{"self":[{"href":"https:\/\/ecoshop.ee\/ru\/wp-json\/wp\/v2\/product\/105240","targetHints":{"allow":["GET"]}}],"collection":[{"href":"https:\/\/ecoshop.ee\/ru\/wp-json\/wp\/v2\/product"}],"about":[{"href":"https:\/\/ecoshop.ee\/ru\/wp-json\/wp\/v2\/types\/product"}],"replies":[{"embeddable":true,"href":"https:\/\/ecoshop.ee\/ru\/wp-json\/wp\/v2\/comments?post=105240"}],"version-history":[{"count":0,"href":"https:\/\/ecoshop.ee\/ru\/wp-json\/wp\/v2\/product\/105240\/revisions"}],"wp:featuredmedia":[{"embeddable":true,"href":"https:\/\/ecoshop.ee\/ru\/wp-json\/wp\/v2\/media\/105241"}],"wp:attachment":[{"href":"https:\/\/ecoshop.ee\/ru\/wp-json\/wp\/v2\/media?parent=105240"}],"wp:term":[{"taxonomy":"product_brand","embeddable":true,"href":"https:\/\/ecoshop.ee\/ru\/wp-json\/wp\/v2\/product_brand?post=105240"},{"taxonomy":"product_cat","embeddable":true,"href":"https:\/\/ecoshop.ee\/ru\/wp-json\/wp\/v2\/product_cat?post=105240"},{"taxonomy":"product_tag","embeddable":true,"href":"https:\/\/ecoshop.ee\/ru\/wp-json\/wp\/v2\/product_tag?post=105240"}],"curies":[{"name":"wp","href":"https:\/\/api.w.org\/{rel}","templated":true}]}}