{"id":105277,"date":"2025-04-09T17:45:33","date_gmt":"2025-04-09T15:45:33","guid":{"rendered":"https:\/\/ecoshop.ee\/?post_type=product&#038;p=105277"},"modified":"2025-04-09T17:45:34","modified_gmt":"2025-04-09T15:45:34","slug":"%d0%b1%d0%bb%d0%b0%d0%b3%d0%be%d0%b2%d0%be%d0%bd%d0%b8%d1%8f-%d0%bf%d0%bb%d0%b5%d0%bc%d0%b5%d0%bd%d0%b8-%d0%b1%d0%b0%d0%bd%d0%b4%d0%b6%d0%b0%d1%80%d0%b0-%d0%ba%d1%80%d0%be%d0%b2%d1%8c-%d0%b4%d1%80","status":"publish","type":"product","link":"https:\/\/ecoshop.ee\/ru\/viirukid\/banjara-tribal-viirukid-draakonivere\/","title":{"rendered":"\u0411\u043b\u0430\u0433\u043e\u0432\u043e\u043d\u0438\u044f \u043f\u043b\u0435\u043c\u0435\u043d\u0438 \u0411\u0430\u043d\u0434\u0436\u0430\u0440\u0430 \u2013 \u041a\u0440\u043e\u0432\u044c \u0434\u0440\u0430\u043a\u043e\u043d\u0430"},"content":{"rendered":"<p class=\"\" data-start=\"143\" data-end=\"343\">\u0411\u043b\u0430\u0433\u043e\u0432\u043e\u043d\u0438\u044f Banjara Tribal Incense \u043f\u0435\u0440\u0435\u043d\u0435\u0441\u0443\u0442 \u0432\u0430\u0441 \u0432 \u043c\u0438\u0441\u0442\u0438\u0447\u0435\u0441\u043a\u043e\u0435 \u0430\u0440\u043e\u043c\u0430\u0442\u0438\u0447\u0435\u0441\u043a\u043e\u0435 \u043f\u0443\u0442\u0435\u0448\u0435\u0441\u0442\u0432\u0438\u0435, \u0447\u0435\u0440\u043f\u0430\u044f \u0441\u0438\u043b\u0443 \u0438\u0437 \u0434\u0440\u0435\u0432\u043d\u0438\u0445 \u0440\u0438\u0442\u0443\u0430\u043b\u043e\u0432 \u0438 \u043d\u0430\u0442\u0443\u0440\u0430\u043b\u044c\u043d\u044b\u0445 \u0442\u0440\u0430\u0432. \u041a\u0430\u0436\u0434\u0430\u044f \u043a\u043e\u0440\u043e\u0431\u043e\u0447\u043a\u0430 \u0434\u0430\u0440\u0438\u0442 \u0433\u043b\u0443\u0431\u043e\u043a\u043e\u0435 \u0447\u0443\u0432\u0441\u0442\u0432\u043e \u0441\u0432\u044f\u0437\u0438 \u0441 \u0434\u0440\u0435\u0432\u043d\u0438\u043c\u0438 \u043f\u0440\u0430\u043a\u0442\u0438\u043a\u0430\u043c\u0438.<\/p>\n<p class=\"\" data-start=\"345\" data-end=\"623\">\u0421\u043c\u043e\u043b\u0430 \u201c\u0434\u0440\u0430\u043a\u043e\u043d\u043e\u0432\u043e\u0439 \u043a\u0440\u043e\u0432\u0438\u201d, \u0442\u0430\u043a\u0436\u0435 \u0438\u0437\u0432\u0435\u0441\u0442\u043d\u0430\u044f \u043a\u0430\u043a \u00ab\u043a\u0440\u0430\u0441\u043d\u044b\u0439 \u043e\u043f\u0438\u0443\u043c\u00bb, \u043e\u0431\u043b\u0430\u0434\u0430\u0435\u0442 \u043c\u043e\u0449\u043d\u043e\u0439 \u044d\u043d\u0435\u0440\u0433\u0435\u0442\u0438\u0447\u0435\u0441\u043a\u043e\u0439 \u0441\u0438\u043b\u043e\u0439. \u041e\u043d\u0430 \u0438\u0441\u043f\u043e\u043b\u044c\u0437\u0443\u0435\u0442\u0441\u044f \u0432 \u0440\u0438\u0442\u0443\u0430\u043b\u0430\u0445 \u0437\u0430\u0449\u0438\u0442\u044b, \u043b\u044e\u0431\u0432\u0438, \u043e\u0447\u0438\u0449\u0435\u043d\u0438\u044f \u0438 \u0447\u0443\u0432\u0441\u0442\u0432\u0435\u043d\u043d\u043e\u0441\u0442\u0438. \u0412 \u043d\u0435\u043e\u044f\u0437\u044b\u0447\u0435\u0441\u043a\u0438\u0445 \u0438 \u0448\u0430\u043c\u0430\u043d\u0441\u043a\u0438\u0445 \u0442\u0440\u0430\u0434\u0438\u0446\u0438\u044f\u0445 \u0431\u043b\u0430\u0433\u043e\u0432\u043e\u043d\u0438\u044f \u0438\u0437 \u00ab\u0434\u0440\u0430\u043a\u043e\u043d\u043e\u0432\u043e\u0439 \u043a\u0440\u043e\u0432\u0438\u00bb \u043f\u043e\u043c\u043e\u0433\u0430\u044e\u0442 \u0443\u0441\u0438\u043b\u0438\u0442\u044c \u043d\u0430\u043c\u0435\u0440\u0435\u043d\u0438\u044f \u0438 \u0441\u043e\u0441\u0440\u0435\u0434\u043e\u0442\u043e\u0447\u0438\u0442\u044c\u0441\u044f \u043d\u0430 \u0440\u0438\u0442\u0443\u0430\u043b\u0435.<\/p>\n<ul>\n<li data-start=\"625\" data-end=\"809\">100% \u043d\u0430\u0442\u0443\u0440\u0430\u043b\u044c\u043d\u044b\u0439 \u0441\u043e\u0441\u0442\u0430\u0432<\/li>\n<li data-start=\"625\" data-end=\"809\">\u0418\u0437\u0433\u043e\u0442\u043e\u0432\u043b\u0435\u043d\u043e \u0432\u0440\u0443\u0447\u043d\u0443\u044e \u0432 \u0441\u043e\u043e\u0442\u0432\u0435\u0442\u0441\u0442\u0432\u0438\u0438 \u0441\u043e \u0441\u0442\u0430\u0440\u0438\u043d\u043d\u044b\u043c\u0438 \u0442\u0440\u0430\u0434\u0438\u0446\u0438\u044f\u043c\u0438.<\/li>\n<li data-start=\"625\" data-end=\"809\">\u0418\u043d\u0442\u0435\u043d\u0441\u0438\u0432\u043d\u044b\u0439 \u0438 \u043c\u0438\u0441\u0442\u0438\u0447\u0435\u0441\u043a\u0438\u0439 \u0430\u0440\u043e\u043c\u0430\u0442 \u0434\u043b\u044f \u044d\u043d\u0435\u0440\u0433\u0435\u0442\u0438\u0447\u0435\u0441\u043a\u0438\u0445 \u0440\u0438\u0442\u0443\u0430\u043b\u043e\u0432.<\/li>\n<li data-start=\"625\" data-end=\"809\">\u041a\u043e\u043b\u0438\u0447\u0435\u0441\u0442\u0432\u043e \u0432 \u0443\u043f\u0430\u043a\u043e\u0432\u043a\u0435: 10 \u0430\u0440\u043e\u043c\u0430\u0442\u0438\u0447\u0435\u0441\u043a\u0438\u0445 \u043f\u0430\u043b\u043e\u0447\u0435\u043a.<\/li>\n<\/ul>","protected":false},"excerpt":{"rendered":"<p>Banjara Tribal viirukid viivad sind m\u00fcstilisele aroomir\u00e4nnakule, mis ammutab j\u00f5udu iidsetest rituaalidest ja looduslikest v\u00e4etaimedest. Iga karp pakub s\u00fcgavat meeleelamust ja \u00fchendust&hellip;<\/p>","protected":false},"featured_media":105278,"comment_status":"open","ping_status":"closed","template":"","meta":{"wprm-recipe-roundup-name":"","wprm-recipe-roundup-description":""},"product_brand":[12008],"product_cat":[5751],"product_tag":[5753],"class_list":{"0":"post-105277","1":"product","2":"type-product","3":"status-publish","4":"has-post-thumbnail","6":"product_brand-banjara","7":"product_cat-viirukid","8":"product_tag-viiruk","10":"first","11":"instock","12":"taxable","13":"shipping-taxable","14":"purchasable","15":"product-type-simple"},"supplier_id":105232,"supplier_sku":"","barcode":"8901234589915","atum_controlled":true,"out_stock_date":null,"out_stock_threshold":null,"inheritable":false,"inbound_stock":0,"stock_on_hold":0,"sold_today":0,"sales_last_days":0,"reserved_stock":0,"customer_returns":0,"warehouse_damage":0,"lost_in_post":0,"other_logs":0,"out_stock_days":0,"lost_sales":0,"has_location":false,"update_date":"2026-03-07T01:16:05","atum_locations":[],"atum_stock_status":"instock","restock_status":false,"low_stock_amount":"","sales_update_date":"2026-03-07T01:16:05","calc_backorders":null,"aioseo_notices":[],"_links":{"self":[{"href":"https:\/\/ecoshop.ee\/ru\/wp-json\/wp\/v2\/product\/105277","targetHints":{"allow":["GET"]}}],"collection":[{"href":"https:\/\/ecoshop.ee\/ru\/wp-json\/wp\/v2\/product"}],"about":[{"href":"https:\/\/ecoshop.ee\/ru\/wp-json\/wp\/v2\/types\/product"}],"replies":[{"embeddable":true,"href":"https:\/\/ecoshop.ee\/ru\/wp-json\/wp\/v2\/comments?post=105277"}],"version-history":[{"count":0,"href":"https:\/\/ecoshop.ee\/ru\/wp-json\/wp\/v2\/product\/105277\/revisions"}],"wp:featuredmedia":[{"embeddable":true,"href":"https:\/\/ecoshop.ee\/ru\/wp-json\/wp\/v2\/media\/105278"}],"wp:attachment":[{"href":"https:\/\/ecoshop.ee\/ru\/wp-json\/wp\/v2\/media?parent=105277"}],"wp:term":[{"taxonomy":"product_brand","embeddable":true,"href":"https:\/\/ecoshop.ee\/ru\/wp-json\/wp\/v2\/product_brand?post=105277"},{"taxonomy":"product_cat","embeddable":true,"href":"https:\/\/ecoshop.ee\/ru\/wp-json\/wp\/v2\/product_cat?post=105277"},{"taxonomy":"product_tag","embeddable":true,"href":"https:\/\/ecoshop.ee\/ru\/wp-json\/wp\/v2\/product_tag?post=105277"}],"curies":[{"name":"wp","href":"https:\/\/api.w.org\/{rel}","templated":true}]}}