{"id":105471,"date":"2025-04-12T11:26:57","date_gmt":"2025-04-12T09:26:57","guid":{"rendered":"https:\/\/ecoshop.ee\/?post_type=product&#038;p=105471"},"modified":"2025-12-10T19:46:47","modified_gmt":"2025-12-10T16:46:47","slug":"%d1%8d%d1%84%d0%b8%d1%80%d0%bd%d0%be%d0%b5-%d0%bc%d0%b0%d1%81%d0%bb%d0%be-%d1%81%d0%bb%d0%b0%d0%b4%d0%ba%d0%be%d0%b3%d0%be-%d0%b0%d0%bf%d0%b5%d0%bb%d1%8c%d1%81%d0%b8%d0%bd%d0%b0-10-%d0%bc%d0%bb","status":"publish","type":"product","link":"https:\/\/ecoshop.ee\/ru\/eeterlikud-olid-ja-aroomiolid\/magus-apelsini-eeterlik-oli-10ml\/","title":{"rendered":"\u042d\u0444\u0438\u0440\u043d\u043e\u0435 \u043c\u0430\u0441\u043b\u043e \u0441\u043b\u0430\u0434\u043a\u043e\u0433\u043e \u0430\u043f\u0435\u043b\u044c\u0441\u0438\u043d\u0430 \u2013 10 \u043c\u043b"},"content":{"rendered":"<p class=\"\" data-start=\"85\" data-end=\"137\"><em data-start=\"120\" data-end=\"137\">Citrus Sinensis<\/em><\/p>\n<p class=\"\" data-start=\"139\" data-end=\"406\">\u0410\u043f\u0435\u043b\u044c\u0441\u0438\u043d\u043e\u0432\u043e\u0435 \u044d\u0444\u0438\u0440\u043d\u043e\u0435 \u043c\u0430\u0441\u043b\u043e \u043f\u043e\u043b\u0443\u0447\u0430\u044e\u0442 \u0438\u0437 \u0430\u043f\u0435\u043b\u044c\u0441\u0438\u043d\u043e\u0432, \u0432\u044b\u0440\u0430\u0449\u0435\u043d\u043d\u044b\u0445 \u0432 \u0411\u0440\u0430\u0437\u0438\u043b\u0438\u0438. <em data-start=\"192\" data-end=\"209\">Citrus sinensis<\/em> \u041f\u043e\u043b\u0443\u0447\u0435\u043d\u043e \u043c\u0435\u0442\u043e\u0434\u043e\u043c \u0445\u043e\u043b\u043e\u0434\u043d\u043e\u0433\u043e \u043e\u0442\u0436\u0438\u043c\u0430 \u0438\u0437 \u0444\u0440\u0443\u043a\u0442\u043e\u0432\u043e\u0439 \u043a\u043e\u0436\u0443\u0440\u044b. \u0415\u0433\u043e \u0441\u043b\u0430\u0434\u043a\u0438\u0439 \u0438 \u043e\u0441\u0432\u0435\u0436\u0430\u044e\u0449\u0438\u0439 \u0430\u0440\u043e\u043c\u0430\u0442 \u043e\u0434\u043d\u043e\u0432\u0440\u0435\u043c\u0435\u043d\u043d\u043e \u0431\u043e\u0434\u0440\u0438\u0442 \u0438 \u0443\u0441\u043f\u043e\u043a\u0430\u0438\u0432\u0430\u0435\u0442, \u043f\u043e\u043c\u043e\u0433\u0430\u044f \u0441\u043d\u0438\u0437\u0438\u0442\u044c \u0441\u0442\u0440\u0435\u0441\u0441, \u0441\u0431\u0430\u043b\u0430\u043d\u0441\u0438\u0440\u043e\u0432\u0430\u0442\u044c \u043d\u0430\u0441\u0442\u0440\u043e\u0435\u043d\u0438\u0435 \u0438 \u0443\u043b\u0443\u0447\u0448\u0438\u0442\u044c \u0441\u0430\u043c\u043e\u0447\u0443\u0432\u0441\u0442\u0432\u0438\u0435.<\/p>\n<p class=\"\" data-start=\"408\" data-end=\"687\">\u0412 \u0430\u0440\u043e\u043c\u0430\u0442\u0435\u0440\u0430\u043f\u0438\u0438 \u0430\u043f\u0435\u043b\u044c\u0441\u0438\u043d\u043e\u0432\u043e\u0435 \u043c\u0430\u0441\u043b\u043e \u0438\u0441\u043f\u043e\u043b\u044c\u0437\u0443\u0435\u0442\u0441\u044f \u0434\u043b\u044f \u0443\u043a\u0440\u0435\u043f\u043b\u0435\u043d\u0438\u044f \u0438\u043c\u043c\u0443\u043d\u043d\u043e\u0439 \u0441\u0438\u0441\u0442\u0435\u043c\u044b \u0438 \u043e\u0447\u0438\u0449\u0435\u043d\u0438\u044f \u0432\u043e\u0437\u0434\u0443\u0445\u0430 \u043e\u0442 \u0431\u0430\u043a\u0442\u0435\u0440\u0438\u0439. \u0412 \u043a\u0430\u0447\u0435\u0441\u0442\u0432\u0435 \u043c\u0430\u0441\u0441\u0430\u0436\u043d\u043e\u0433\u043e \u043c\u0430\u0441\u043b\u0430 \u043e\u043d\u043e \u0443\u043b\u0443\u0447\u0448\u0430\u0435\u0442 \u043a\u0440\u043e\u0432\u043e\u043e\u0431\u0440\u0430\u0449\u0435\u043d\u0438\u0435, \u0441\u043d\u0438\u043c\u0430\u0435\u0442 \u043f\u0440\u043e\u0431\u043b\u0435\u043c\u044b \u0441 \u043f\u0438\u0449\u0435\u0432\u0430\u0440\u0435\u043d\u0438\u0435\u043c, \u043c\u044b\u0448\u0435\u0447\u043d\u043e\u0435 \u043d\u0430\u043f\u0440\u044f\u0436\u0435\u043d\u0438\u0435 \u0438 \u043c\u0435\u043d\u0441\u0442\u0440\u0443\u0430\u043b\u044c\u043d\u044b\u0435 \u0431\u043e\u043b\u0438. \u041f\u043e\u0434\u0445\u043e\u0434\u0438\u0442 \u0434\u043b\u044f \u0435\u0436\u0435\u0434\u043d\u0435\u0432\u043d\u043e\u0433\u043e \u0438\u0441\u043f\u043e\u043b\u044c\u0437\u043e\u0432\u0430\u043d\u0438\u044f \u0434\u043b\u044f \u0441\u043d\u044f\u0442\u0438\u044f \u043d\u0430\u043f\u0440\u044f\u0436\u0435\u043d\u0438\u044f \u0438 \u0443\u043b\u0443\u0447\u0448\u0435\u043d\u0438\u044f \u043d\u0430\u0441\u0442\u0440\u043e\u0435\u043d\u0438\u044f.<\/p>\n<ul>\n<li data-start=\"689\" data-end=\"856\">100% \u0447\u0438\u0441\u0442\u043e\u0435 \u044d\u0444\u0438\u0440\u043d\u043e\u0435 \u043c\u0430\u0441\u043b\u043e<\/li>\n<li data-start=\"689\" data-end=\"856\">\u0423\u043b\u0443\u0447\u0448\u0430\u0435\u0442 \u043d\u0430\u0441\u0442\u0440\u043e\u0435\u043d\u0438\u0435 \u0438 \u0441\u043d\u0438\u0436\u0430\u0435\u0442 \u0443\u0440\u043e\u0432\u0435\u043d\u044c \u0441\u0442\u0440\u0435\u0441\u0441\u0430.<\/li>\n<li data-start=\"689\" data-end=\"856\">\u0421\u043f\u043e\u0441\u043e\u0431\u0441\u0442\u0432\u0443\u0435\u0442 \u043f\u0438\u0449\u0435\u0432\u0430\u0440\u0435\u043d\u0438\u044e \u0438 \u0441\u043d\u0438\u043c\u0430\u0435\u0442 \u043c\u044b\u0448\u0435\u0447\u043d\u043e\u0435 \u043d\u0430\u043f\u0440\u044f\u0436\u0435\u043d\u0438\u0435.<\/li>\n<li data-start=\"689\" data-end=\"856\">\u0415\u0441\u0442\u0435\u0441\u0442\u0432\u0435\u043d\u043d\u044b\u043c \u043e\u0431\u0440\u0430\u0437\u043e\u043c \u043e\u0447\u0438\u0449\u0430\u0435\u0442 \u0432\u043e\u0437\u0434\u0443\u0445 \u0438 \u043f\u043e\u0434\u0434\u0435\u0440\u0436\u0438\u0432\u0430\u0435\u0442 \u0438\u043c\u043c\u0443\u043d\u043d\u0443\u044e \u0441\u0438\u0441\u0442\u0435\u043c\u0443.<\/li>\n<li data-start=\"689\" data-end=\"856\">\u0418\u0441\u043f\u043e\u043b\u044c\u0437\u0443\u0435\u043c\u0430\u044f \u0447\u0430\u0441\u0442\u044c \u0440\u0430\u0441\u0442\u0435\u043d\u0438\u044f: \u043a\u043e\u0436\u0443\u0440\u0430 \u043f\u043b\u043e\u0434\u0430.<\/li>\n<li data-start=\"689\" data-end=\"856\">\u041c\u0435\u0442\u043e\u0434 \u044d\u043a\u0441\u0442\u0440\u0430\u043a\u0446\u0438\u0438: \u0445\u043e\u043b\u043e\u0434\u043d\u043e\u0435 \u043f\u0440\u0435\u0441\u0441\u043e\u0432\u0430\u043d\u0438\u0435<\/li>\n<li data-start=\"689\" data-end=\"856\">10 \u043c\u043b \u0432 \u0442\u0435\u043c\u043d\u043e\u0439 \u0441\u0442\u0435\u043a\u043b\u044f\u043d\u043d\u043e\u0439 \u0431\u0443\u0442\u044b\u043b\u043e\u0447\u043a\u0435<\/li>\n<\/ul>\n<p class=\"\" data-start=\"962\" data-end=\"1117\">\u26a0\ufe0f \u0422\u043e\u043b\u044c\u043a\u043e \u0434\u043b\u044f \u043d\u0430\u0440\u0443\u0436\u043d\u043e\u0433\u043e \u043f\u0440\u0438\u043c\u0435\u043d\u0435\u043d\u0438\u044f. \u041d\u0435 \u0433\u043b\u043e\u0442\u0430\u0442\u044c. \u0425\u0440\u0430\u043d\u0438\u0442\u044c \u0432 \u043d\u0435\u0434\u043e\u0441\u0442\u0443\u043f\u043d\u043e\u043c \u0434\u043b\u044f \u0434\u0435\u0442\u0435\u0439 \u0438 \u0434\u043e\u043c\u0430\u0448\u043d\u0438\u0445 \u0436\u0438\u0432\u043e\u0442\u043d\u044b\u0445 \u043c\u0435\u0441\u0442\u0435. \u041d\u0435 \u0438\u0441\u043f\u043e\u043b\u044c\u0437\u043e\u0432\u0430\u0442\u044c \u0432\u043e \u0432\u0440\u0435\u043c\u044f \u0431\u0435\u0440\u0435\u043c\u0435\u043d\u043d\u043e\u0441\u0442\u0438 \u0438\u043b\u0438 \u043a\u043e\u0440\u043c\u043b\u0435\u043d\u0438\u044f \u0433\u0440\u0443\u0434\u044c\u044e.<\/p>","protected":false},"excerpt":{"rendered":"<p>Citrus Sinensis Apelsini eeterlik \u00f5li saadakse Brasiilias kasvatatud Citrus sinensis puuviljakoortest k\u00fclmpressimise teel. Selle magus ja v\u00e4rskendav aroom m\u00f5jub samaaegselt virgutavalt ja&hellip;<\/p>","protected":false},"featured_media":105472,"comment_status":"open","ping_status":"closed","template":"","meta":{"wprm-recipe-roundup-name":"","wprm-recipe-roundup-description":""},"product_brand":[],"product_cat":[5754],"product_tag":[5756],"class_list":{"0":"post-105471","1":"product","2":"type-product","3":"status-publish","4":"has-post-thumbnail","6":"product_cat-eeterlikud-olid-ja-aroomiolid","7":"product_tag-eeterlik-oli","9":"first","10":"instock","11":"taxable","12":"shipping-taxable","13":"purchasable","14":"product-type-simple"},"supplier_id":105232,"supplier_sku":"","barcode":"5055796528721","atum_controlled":true,"out_stock_date":null,"out_stock_threshold":null,"inheritable":false,"inbound_stock":0,"stock_on_hold":0,"sold_today":0,"sales_last_days":0,"reserved_stock":0,"customer_returns":0,"warehouse_damage":0,"lost_in_post":0,"other_logs":0,"out_stock_days":0,"lost_sales":0,"has_location":false,"update_date":"2026-03-07T01:16:07","atum_locations":[],"atum_stock_status":"instock","restock_status":false,"low_stock_amount":"","sales_update_date":"2026-03-07T01:16:07","calc_backorders":null,"aioseo_notices":[],"_links":{"self":[{"href":"https:\/\/ecoshop.ee\/ru\/wp-json\/wp\/v2\/product\/105471","targetHints":{"allow":["GET"]}}],"collection":[{"href":"https:\/\/ecoshop.ee\/ru\/wp-json\/wp\/v2\/product"}],"about":[{"href":"https:\/\/ecoshop.ee\/ru\/wp-json\/wp\/v2\/types\/product"}],"replies":[{"embeddable":true,"href":"https:\/\/ecoshop.ee\/ru\/wp-json\/wp\/v2\/comments?post=105471"}],"version-history":[{"count":0,"href":"https:\/\/ecoshop.ee\/ru\/wp-json\/wp\/v2\/product\/105471\/revisions"}],"wp:featuredmedia":[{"embeddable":true,"href":"https:\/\/ecoshop.ee\/ru\/wp-json\/wp\/v2\/media\/105472"}],"wp:attachment":[{"href":"https:\/\/ecoshop.ee\/ru\/wp-json\/wp\/v2\/media?parent=105471"}],"wp:term":[{"taxonomy":"product_brand","embeddable":true,"href":"https:\/\/ecoshop.ee\/ru\/wp-json\/wp\/v2\/product_brand?post=105471"},{"taxonomy":"product_cat","embeddable":true,"href":"https:\/\/ecoshop.ee\/ru\/wp-json\/wp\/v2\/product_cat?post=105471"},{"taxonomy":"product_tag","embeddable":true,"href":"https:\/\/ecoshop.ee\/ru\/wp-json\/wp\/v2\/product_tag?post=105471"}],"curies":[{"name":"wp","href":"https:\/\/api.w.org\/{rel}","templated":true}]}}