{"id":105500,"date":"2025-04-12T14:49:18","date_gmt":"2025-04-12T12:49:18","guid":{"rendered":"https:\/\/ecoshop.ee\/?post_type=product&#038;p=105500"},"modified":"2025-04-12T14:49:19","modified_gmt":"2025-04-12T12:49:19","slug":"%d1%8d%d1%84%d0%b8%d1%80%d0%bd%d0%be%d0%b5-%d0%bc%d0%b0%d1%81%d0%bb%d0%be-%d0%bb%d0%b8%d0%bc%d0%be%d0%bd%d0%b0-10-%d0%bc%d0%bb","status":"publish","type":"product","link":"https:\/\/ecoshop.ee\/ru\/eeterlikud-olid-ja-aroomiolid\/sidruni-eeterlik-oli-10ml\/","title":{"rendered":"\u042d\u0444\u0438\u0440\u043d\u043e\u0435 \u043c\u0430\u0441\u043b\u043e \u043b\u0438\u043c\u043e\u043d\u0430 \u2013 10 \u043c\u043b"},"content":{"rendered":"<p class=\"\" data-start=\"82\" data-end=\"130\"><em data-start=\"116\" data-end=\"130\">\u0426\u0438\u0442\u0440\u0443\u0441\u043e\u0432\u044b\u0439 \u043b\u0438\u043c\u043e\u043d<\/em><\/p>\n<p class=\"\" data-start=\"132\" data-end=\"438\">\u042d\u0444\u0438\u0440\u043d\u043e\u0435 \u043c\u0430\u0441\u043b\u043e \u043b\u0438\u043c\u043e\u043d\u0430 \u043f\u043e\u043b\u0443\u0447\u0430\u044e\u0442 \u043c\u0435\u0442\u043e\u0434\u043e\u043c \u0445\u043e\u043b\u043e\u0434\u043d\u043e\u0433\u043e \u043e\u0442\u0436\u0438\u043c\u0430 \u0438\u0437 \u0441\u0432\u0435\u0436\u0435\u0439 \u043b\u0438\u043c\u043e\u043d\u043d\u043e\u0439 \u0446\u0435\u0434\u0440\u044b. \u0415\u0433\u043e \u0440\u0435\u0437\u043a\u0438\u0439, \u0441\u0432\u0435\u0436\u0438\u0439 \u0446\u0438\u0442\u0440\u0443\u0441\u043e\u0432\u044b\u0439 \u0430\u0440\u043e\u043c\u0430\u0442 \u043f\u043e\u0434\u043d\u0438\u043c\u0430\u0435\u0442 \u043d\u0430\u0441\u0442\u0440\u043e\u0435\u043d\u0438\u0435, \u043f\u043e\u0432\u044b\u0448\u0430\u0435\u0442 \u043a\u043e\u043d\u0446\u0435\u043d\u0442\u0440\u0430\u0446\u0438\u044e \u0432\u043d\u0438\u043c\u0430\u043d\u0438\u044f \u0438 \u043f\u043e\u043c\u043e\u0433\u0430\u0435\u0442 \u0441\u043d\u044f\u0442\u044c \u0443\u0441\u0442\u0430\u043b\u043e\u0441\u0442\u044c \u0438 \u0441\u0442\u0440\u0435\u0441\u0441. \u041b\u0438\u043c\u043e\u043d\u043d\u043e\u0435 \u043c\u0430\u0441\u043b\u043e \u2014 \u043e\u0434\u043d\u043e \u0438\u0437 \u0441\u0430\u043c\u044b\u0445 \u043f\u043e\u043f\u0443\u043b\u044f\u0440\u043d\u044b\u0445 \u043c\u0430\u0441\u0435\u043b \u0432 \u0430\u0440\u043e\u043c\u0430\u0442\u0435\u0440\u0430\u043f\u0438\u0438, \u043f\u043e\u0434\u0445\u043e\u0434\u044f\u0449\u0435\u0435 \u0434\u043b\u044f \u0438\u0441\u043f\u043e\u043b\u044c\u0437\u043e\u0432\u0430\u043d\u0438\u044f \u043a\u0430\u043a \u0434\u043e\u043c\u0430, \u0442\u0430\u043a \u0438 \u0432 \u043e\u0444\u0438\u0441\u0435.<\/p>\n<p class=\"\" data-start=\"440\" data-end=\"664\">\u041c\u0430\u0441\u043b\u043e \u043b\u0438\u043c\u043e\u043d\u0430 \u043f\u043e\u0434\u0434\u0435\u0440\u0436\u0438\u0432\u0430\u0435\u0442 \u0438\u043c\u043c\u0443\u043d\u043d\u0443\u044e \u0441\u0438\u0441\u0442\u0435\u043c\u0443 \u0438 \u043e\u0447\u0438\u0449\u0430\u0435\u0442 \u043e\u0440\u0433\u0430\u043d\u0438\u0437\u043c. \u041e\u043d\u043e \u0438\u0441\u043f\u043e\u043b\u044c\u0437\u0443\u0435\u0442\u0441\u044f \u0434\u043b\u044f \u043e\u0431\u043b\u0435\u0433\u0447\u0435\u043d\u0438\u044f \u043f\u0440\u043e\u0431\u043b\u0435\u043c \u0441 \u043f\u0438\u0449\u0435\u0432\u0430\u0440\u0435\u043d\u0438\u0435\u043c, \u043c\u044b\u0448\u0435\u0447\u043d\u043e\u0433\u043e \u043d\u0430\u043f\u0440\u044f\u0436\u0435\u043d\u0438\u044f \u0438 \u0441\u0438\u043c\u043f\u0442\u043e\u043c\u043e\u0432 \u043f\u0440\u043e\u0441\u0442\u0443\u0434\u044b. \u0412 \u0443\u0445\u043e\u0434\u0435 \u0437\u0430 \u043a\u043e\u0436\u0435\u0439 \u043c\u0430\u0441\u043b\u043e \u043b\u0438\u043c\u043e\u043d\u0430 \u043f\u043e\u043c\u043e\u0433\u0430\u0435\u0442 \u0443\u043c\u0435\u043d\u044c\u0448\u0438\u0442\u044c \u0430\u043a\u043d\u0435, \u0432\u043e\u0441\u043f\u0430\u043b\u0435\u043d\u0438\u0435 \u0438 \u0438\u0437\u0431\u044b\u0442\u043e\u043a \u043a\u043e\u0436\u043d\u043e\u0433\u043e \u0441\u0430\u043b\u0430.<\/p>\n<ul>\n<li data-start=\"666\" data-end=\"822\">100% \u0447\u0438\u0441\u0442\u043e\u0435 \u044d\u0444\u0438\u0440\u043d\u043e\u0435 \u043c\u0430\u0441\u043b\u043e<\/li>\n<li data-start=\"666\" data-end=\"822\">\u0421\u0442\u0438\u043c\u0443\u043b\u0438\u0440\u0443\u0435\u0442 \u043e\u0440\u0433\u0430\u043d\u044b \u0447\u0443\u0432\u0441\u0442\u0432 \u0438 \u0443\u043b\u0443\u0447\u0448\u0430\u0435\u0442 \u043a\u043e\u043d\u0446\u0435\u043d\u0442\u0440\u0430\u0446\u0438\u044e.<\/li>\n<li data-start=\"666\" data-end=\"822\">\u041f\u043e\u0434\u0434\u0435\u0440\u0436\u0438\u0432\u0430\u0435\u0442 \u0438\u043c\u043c\u0443\u043d\u0438\u0442\u0435\u0442 \u0438 \u043f\u043e\u043c\u043e\u0433\u0430\u0435\u0442 \u043e\u0440\u0433\u0430\u043d\u0438\u0437\u043c\u0443 \u043e\u0447\u0438\u0449\u0430\u0442\u044c\u0441\u044f.<\/li>\n<li data-start=\"666\" data-end=\"822\">\u041e\u0441\u0432\u0435\u0436\u0430\u0435\u0442 \u043a\u043e\u0436\u0443 \u0438 \u0441\u043d\u0438\u043c\u0430\u0435\u0442 \u0440\u0430\u0437\u0434\u0440\u0430\u0436\u0435\u043d\u0438\u044f.<\/li>\n<li data-start=\"666\" data-end=\"822\">\u0418\u0441\u043f\u043e\u043b\u044c\u0437\u0443\u0435\u043c\u0430\u044f \u0447\u0430\u0441\u0442\u044c \u0440\u0430\u0441\u0442\u0435\u043d\u0438\u044f: \u043a\u043e\u0436\u0443\u0440\u0430 \u043f\u043b\u043e\u0434\u0430.<\/li>\n<li data-start=\"666\" data-end=\"822\">\u041c\u0435\u0442\u043e\u0434 \u044d\u043a\u0441\u0442\u0440\u0430\u043a\u0446\u0438\u0438: \u0445\u043e\u043b\u043e\u0434\u043d\u043e\u0435 \u043f\u0440\u0435\u0441\u0441\u043e\u0432\u0430\u043d\u0438\u0435<\/li>\n<li data-start=\"666\" data-end=\"822\">10 \u043c\u043b \u0432 \u0442\u0435\u043c\u043d\u043e\u0439 \u0441\u0442\u0435\u043a\u043b\u044f\u043d\u043d\u043e\u0439 \u0431\u0443\u0442\u044b\u043b\u043e\u0447\u043a\u0435<\/li>\n<\/ul>\n<p class=\"\" data-start=\"928\" data-end=\"1130\">\u26a0\ufe0f \u0422\u043e\u043b\u044c\u043a\u043e \u0434\u043b\u044f \u043d\u0430\u0440\u0443\u0436\u043d\u043e\u0433\u043e \u043f\u0440\u0438\u043c\u0435\u043d\u0435\u043d\u0438\u044f. \u041d\u0435 \u0433\u043b\u043e\u0442\u0430\u0442\u044c. \u0418\u0437\u0431\u0435\u0433\u0430\u0442\u044c \u043f\u043e\u043f\u0430\u0434\u0430\u043d\u0438\u044f \u0441\u043e\u043b\u043d\u0435\u0447\u043d\u044b\u0445 \u043b\u0443\u0447\u0435\u0439 \u043f\u043e\u0441\u043b\u0435 \u043d\u0430\u043d\u0435\u0441\u0435\u043d\u0438\u044f \u043d\u0430 \u043a\u043e\u0436\u0443. \u041d\u0435 \u0438\u0441\u043f\u043e\u043b\u044c\u0437\u043e\u0432\u0430\u0442\u044c \u0432\u043e \u0432\u0440\u0435\u043c\u044f \u0431\u0435\u0440\u0435\u043c\u0435\u043d\u043d\u043e\u0441\u0442\u0438 \u0438\u043b\u0438 \u043a\u043e\u0440\u043c\u043b\u0435\u043d\u0438\u044f \u0433\u0440\u0443\u0434\u044c\u044e. \u0425\u0440\u0430\u043d\u0438\u0442\u044c \u0432 \u043d\u0435\u0434\u043e\u0441\u0442\u0443\u043f\u043d\u043e\u043c \u0434\u043b\u044f \u0434\u0435\u0442\u0435\u0439 \u0438 \u0434\u043e\u043c\u0430\u0448\u043d\u0438\u0445 \u0436\u0438\u0432\u043e\u0442\u043d\u044b\u0445 \u043c\u0435\u0441\u0442\u0435.<\/p>","protected":false},"excerpt":{"rendered":"<p>Citrus Limon Sidruni eeterlik \u00f5li saadakse k\u00fclmpressimise teel v\u00e4rsketest sidrunikoortest. Selle teravalt v\u00e4rske tsitrusel\u00f5hn m\u00f5jub vaimu ergutavalt, suurendab keskendumisv\u00f5imet ning aitab hajutada&hellip;<\/p>","protected":false},"featured_media":105501,"comment_status":"open","ping_status":"closed","template":"","meta":{"wprm-recipe-roundup-name":"","wprm-recipe-roundup-description":""},"product_brand":[],"product_cat":[5754],"product_tag":[5756],"class_list":{"0":"post-105500","1":"product","2":"type-product","3":"status-publish","4":"has-post-thumbnail","6":"product_cat-eeterlikud-olid-ja-aroomiolid","7":"product_tag-eeterlik-oli","9":"first","10":"instock","11":"taxable","12":"shipping-taxable","13":"purchasable","14":"product-type-simple"},"supplier_id":105232,"supplier_sku":"","barcode":"5055796528493","atum_controlled":true,"out_stock_date":null,"out_stock_threshold":null,"inheritable":false,"inbound_stock":0,"stock_on_hold":0,"sold_today":0,"sales_last_days":0,"reserved_stock":0,"customer_returns":0,"warehouse_damage":0,"lost_in_post":0,"other_logs":0,"out_stock_days":0,"lost_sales":0,"has_location":false,"update_date":"2026-03-07T01:16:14","atum_locations":[],"atum_stock_status":"instock","restock_status":false,"low_stock_amount":"","sales_update_date":"2026-03-07T01:16:14","calc_backorders":null,"aioseo_notices":[],"_links":{"self":[{"href":"https:\/\/ecoshop.ee\/ru\/wp-json\/wp\/v2\/product\/105500","targetHints":{"allow":["GET"]}}],"collection":[{"href":"https:\/\/ecoshop.ee\/ru\/wp-json\/wp\/v2\/product"}],"about":[{"href":"https:\/\/ecoshop.ee\/ru\/wp-json\/wp\/v2\/types\/product"}],"replies":[{"embeddable":true,"href":"https:\/\/ecoshop.ee\/ru\/wp-json\/wp\/v2\/comments?post=105500"}],"version-history":[{"count":0,"href":"https:\/\/ecoshop.ee\/ru\/wp-json\/wp\/v2\/product\/105500\/revisions"}],"wp:featuredmedia":[{"embeddable":true,"href":"https:\/\/ecoshop.ee\/ru\/wp-json\/wp\/v2\/media\/105501"}],"wp:attachment":[{"href":"https:\/\/ecoshop.ee\/ru\/wp-json\/wp\/v2\/media?parent=105500"}],"wp:term":[{"taxonomy":"product_brand","embeddable":true,"href":"https:\/\/ecoshop.ee\/ru\/wp-json\/wp\/v2\/product_brand?post=105500"},{"taxonomy":"product_cat","embeddable":true,"href":"https:\/\/ecoshop.ee\/ru\/wp-json\/wp\/v2\/product_cat?post=105500"},{"taxonomy":"product_tag","embeddable":true,"href":"https:\/\/ecoshop.ee\/ru\/wp-json\/wp\/v2\/product_tag?post=105500"}],"curies":[{"name":"wp","href":"https:\/\/api.w.org\/{rel}","templated":true}]}}