{"id":105553,"date":"2025-04-12T18:38:05","date_gmt":"2025-04-12T16:38:05","guid":{"rendered":"https:\/\/ecoshop.ee\/?post_type=product&#038;p=105553"},"modified":"2025-04-12T18:38:06","modified_gmt":"2025-04-12T16:38:06","slug":"%d0%ba%d1%80%d0%b5%d0%bc%d0%be%d0%b2%d0%b0%d1%8f-%d0%bf%d0%be%d0%b4%d1%81%d1%82%d0%b0%d0%b2%d0%ba%d0%b0-%d0%b4%d0%bb%d1%8f-%d0%b1%d0%bb%d0%b0%d0%b3%d0%be%d0%b2%d0%be%d0%bd%d0%b8%d0%b9-%d0%b2-%d1%81","status":"publish","type":"product","link":"https:\/\/ecoshop.ee\/ru\/difuuserid-ja-poletid\/buddha-feng-shui-viirukihoidja-kreemjas\/","title":{"rendered":"\u041f\u043e\u0434\u0441\u0442\u0430\u0432\u043a\u0430 \u0434\u043b\u044f \u0431\u043b\u0430\u0433\u043e\u0432\u043e\u043d\u0438\u0439 \u0432 \u0441\u0442\u0438\u043b\u0435 \u0444\u044d\u043d-\u0448\u0443\u0439 \u00ab\u0411\u0443\u0434\u0434\u0430\u00bb \u2013 \u043a\u0440\u0435\u043c\u043e\u0432\u043e\u0433\u043e \u0446\u0432\u0435\u0442\u0430."},"content":{"rendered":"<p class=\"\" data-start=\"148\" data-end=\"406\">\u042d\u043b\u0435\u0433\u0430\u043d\u0442\u043d\u0430\u044f \u0438 \u0437\u043d\u0430\u0447\u0438\u043c\u0430\u044f \u043f\u043e\u0434\u0441\u0442\u0430\u0432\u043a\u0430 \u0434\u043b\u044f \u0431\u043b\u0430\u0433\u043e\u0432\u043e\u043d\u0438\u0439, \u043f\u0440\u0438\u0432\u043d\u043e\u0441\u044f\u0449\u0430\u044f \u0432 \u043a\u043e\u043c\u043d\u0430\u0442\u0443 \u043f\u043e\u043a\u043e\u0439, \u0441\u043e\u0441\u0440\u0435\u0434\u043e\u0442\u043e\u0447\u0435\u043d\u043d\u043e\u0441\u0442\u044c \u0438 \u0434\u0443\u0445\u043e\u0432\u043d\u043e\u0435 \u0440\u0430\u0432\u043d\u043e\u0432\u0435\u0441\u0438\u0435. \u0421\u043e\u0437\u0434\u0430\u043d\u043d\u0430\u044f \u0438\u043d\u0434\u043e\u043d\u0435\u0437\u0438\u0439\u0441\u043a\u0438\u043c\u0438 \u043c\u0430\u0441\u0442\u0435\u0440\u0430\u043c\u0438, \u0441\u0442\u0430\u0442\u0443\u044f \u0411\u0443\u0434\u0434\u044b, \u0447\u044c\u0435 \u043c\u0438\u0440\u043d\u043e\u0435 \u0432\u044b\u0440\u0430\u0436\u0435\u043d\u0438\u0435 \u043b\u0438\u0446\u0430 \u0438 \u043c\u0435\u0434\u0438\u0442\u0430\u0442\u0438\u0432\u043d\u044b\u0439 \u044f\u0437\u044b\u043a \u0442\u0435\u043b\u0430 \u0441\u043e\u0437\u0434\u0430\u044e\u0442 \u0438\u0434\u0435\u0430\u043b\u044c\u043d\u0443\u044e \u0430\u0442\u043c\u043e\u0441\u0444\u0435\u0440\u0443 \u0434\u043b\u044f \u0440\u0435\u043b\u0430\u043a\u0441\u0430\u0446\u0438\u0438, \u0439\u043e\u0433\u0438 \u0438\u043b\u0438 \u0430\u0440\u043e\u043c\u0430\u0442\u0435\u0440\u0430\u043f\u0438\u0438.<\/p>\n<p class=\"\" data-start=\"408\" data-end=\"513\">\u0418\u0434\u0435\u0430\u043b\u044c\u043d\u043e \u043f\u043e\u0434\u0445\u043e\u0434\u0438\u0442 \u0434\u043b\u044f \u0441\u0436\u0438\u0433\u0430\u043d\u0438\u044f \u0431\u043b\u0430\u0433\u043e\u0432\u043e\u043d\u043d\u044b\u0445 \u043f\u0430\u043b\u043e\u0447\u0435\u043a, \u0430 \u0442\u0430\u043a\u0436\u0435 \u0432 \u043a\u0430\u0447\u0435\u0441\u0442\u0432\u0435 \u043f\u043e\u0434\u0430\u0440\u043a\u0430 \u0434\u043b\u044f \u0432\u0441\u0435\u0445, \u043a\u0442\u043e \u0446\u0435\u043d\u0438\u0442 \u043f\u0440\u0438\u044f\u0442\u043d\u044b\u0435 \u0430\u0440\u043e\u043c\u0430\u0442\u044b \u0438 \u0434\u0443\u0448\u0435\u0432\u043d\u043e\u0435 \u0441\u043f\u043e\u043a\u043e\u0439\u0441\u0442\u0432\u0438\u0435.<\/p>\n<ul>\n<li data-start=\"515\" data-end=\"718\">\u0414\u0435\u0442\u0430\u043b\u044c\u043d\u043e\u0435 \u0438\u0437\u043e\u0431\u0440\u0430\u0436\u0435\u043d\u0438\u0435 \u0411\u0443\u0434\u0434\u044b<\/li>\n<li data-start=\"515\" data-end=\"718\">\u0417\u0430\u0432\u0435\u0440\u0448\u0430\u044e\u0449\u0438\u0439 \u0448\u0442\u0440\u0438\u0445 \u2013 \u0443\u0441\u043f\u043e\u043a\u0430\u0438\u0432\u0430\u044e\u0449\u0438\u0439 \u043a\u0440\u0435\u043c\u043e\u0432\u044b\u0439 \u043e\u0442\u0442\u0435\u043d\u043e\u043a.<\/li>\n<li data-start=\"515\" data-end=\"718\">\u041f\u043e\u0434\u0445\u043e\u0434\u0438\u0442 \u0434\u043b\u044f \u0441\u0442\u0430\u043d\u0434\u0430\u0440\u0442\u043d\u044b\u0445 \u0430\u0440\u043e\u043c\u0430\u0442\u0438\u0447\u0435\u0441\u043a\u0438\u0445 \u043f\u0430\u043b\u043e\u0447\u0435\u043a.<\/li>\n<li data-start=\"515\" data-end=\"718\">\u0418\u0437\u0433\u043e\u0442\u043e\u0432\u043b\u0435\u043d\u043e \u0432\u0440\u0443\u0447\u043d\u0443\u044e \u0438\u0437 \u043d\u0430\u0442\u0443\u0440\u0430\u043b\u044c\u043d\u044b\u0445 \u043c\u0430\u0442\u0435\u0440\u0438\u0430\u043b\u043e\u0432.<\/li>\n<li data-start=\"515\" data-end=\"718\">\u041e\u043a\u0430\u0437\u044b\u0432\u0430\u0435\u0442 \u0432\u043b\u0438\u044f\u043d\u0438\u0435 \u043d\u0430 \u0430\u0442\u043c\u043e\u0441\u0444\u0435\u0440\u0443 \u0432 \u043f\u043e\u043c\u0435\u0449\u0435\u043d\u0438\u0438 \u043a\u0430\u043a \u0441\u0438\u043c\u0432\u043e\u043b \u043c\u0438\u0440\u0430 \u0438 \u0440\u0430\u0432\u043d\u043e\u0432\u0435\u0441\u0438\u044f.<\/li>\n<\/ul>\n<p class=\"\" data-start=\"720\" data-end=\"758\">\u26a0\ufe0f \u0414\u0435\u043a\u043e\u0440\u0430\u0442\u0438\u0432\u043d\u044b\u0435 \u043a\u0430\u043c\u043d\u0438 \u0432 \u043a\u043e\u043c\u043f\u043b\u0435\u043a\u0442 \u043d\u0435 \u0432\u0445\u043e\u0434\u044f\u0442.<\/p>","protected":false},"excerpt":{"rendered":"<p>Elegantne ja t\u00e4hendusrikas viirukihoidja, mis toob ruumi rahu, keskendumise ja vaimse tasakaalu. Indoneesia k\u00e4sit\u00f6\u00f6liste loodud Buddha kuju, mille rahulik ilme ja mediteeriv&hellip;<\/p>","protected":false},"featured_media":105559,"comment_status":"open","ping_status":"closed","template":"","meta":{"wprm-recipe-roundup-name":"","wprm-recipe-roundup-description":""},"product_brand":[],"product_cat":[5757],"product_tag":[5760],"class_list":{"0":"post-105553","1":"product","2":"type-product","3":"status-publish","4":"has-post-thumbnail","6":"product_cat-difuuserid-ja-poletid","7":"product_tag-viirukihoidja","9":"first","10":"instock","11":"taxable","12":"shipping-taxable","13":"purchasable","14":"product-type-simple"},"supplier_id":105232,"supplier_sku":"","barcode":"5056368318443","atum_controlled":true,"out_stock_date":null,"out_stock_threshold":null,"inheritable":false,"inbound_stock":0,"stock_on_hold":0,"sold_today":0,"sales_last_days":0,"reserved_stock":0,"customer_returns":0,"warehouse_damage":0,"lost_in_post":0,"other_logs":0,"out_stock_days":0,"lost_sales":0,"has_location":false,"update_date":"2026-03-07T01:16:14","atum_locations":[],"atum_stock_status":"instock","restock_status":false,"low_stock_amount":"","sales_update_date":"2026-03-07T01:16:14","calc_backorders":null,"aioseo_notices":[],"_links":{"self":[{"href":"https:\/\/ecoshop.ee\/ru\/wp-json\/wp\/v2\/product\/105553","targetHints":{"allow":["GET"]}}],"collection":[{"href":"https:\/\/ecoshop.ee\/ru\/wp-json\/wp\/v2\/product"}],"about":[{"href":"https:\/\/ecoshop.ee\/ru\/wp-json\/wp\/v2\/types\/product"}],"replies":[{"embeddable":true,"href":"https:\/\/ecoshop.ee\/ru\/wp-json\/wp\/v2\/comments?post=105553"}],"version-history":[{"count":0,"href":"https:\/\/ecoshop.ee\/ru\/wp-json\/wp\/v2\/product\/105553\/revisions"}],"wp:featuredmedia":[{"embeddable":true,"href":"https:\/\/ecoshop.ee\/ru\/wp-json\/wp\/v2\/media\/105559"}],"wp:attachment":[{"href":"https:\/\/ecoshop.ee\/ru\/wp-json\/wp\/v2\/media?parent=105553"}],"wp:term":[{"taxonomy":"product_brand","embeddable":true,"href":"https:\/\/ecoshop.ee\/ru\/wp-json\/wp\/v2\/product_brand?post=105553"},{"taxonomy":"product_cat","embeddable":true,"href":"https:\/\/ecoshop.ee\/ru\/wp-json\/wp\/v2\/product_cat?post=105553"},{"taxonomy":"product_tag","embeddable":true,"href":"https:\/\/ecoshop.ee\/ru\/wp-json\/wp\/v2\/product_tag?post=105553"}],"curies":[{"name":"wp","href":"https:\/\/api.w.org\/{rel}","templated":true}]}}