{"id":105574,"date":"2025-04-12T19:16:02","date_gmt":"2025-04-12T17:16:02","guid":{"rendered":"https:\/\/ecoshop.ee\/?post_type=product&#038;p=105574"},"modified":"2025-04-12T19:19:26","modified_gmt":"2025-04-12T17:19:26","slug":"%d0%b1%d0%bb%d0%b0%d0%b3%d0%be%d0%b2%d0%be%d0%bd%d0%bd%d1%8b%d0%b5-%d0%bf%d0%b0%d0%bb%d0%be%d1%87%d0%ba%d0%b8-%d1%81-%d0%bf%d0%b0%d0%b4%d0%b0%d1%8e%d1%89%d0%b8%d0%bc-%d0%b4%d1%8b%d0%bc%d0%be%d0%bc","status":"publish","type":"product","link":"https:\/\/ecoshop.ee\/ru\/difuuserid-ja-poletid\/langeva-suitsuga-viirukipoleti-basseinid\/","title":{"rendered":"\u041a\u0443\u0440\u0438\u043b\u044c\u043d\u0438\u0446\u0430 \u0441 \u043f\u0430\u0434\u0430\u044e\u0449\u0438\u043c \u0434\u044b\u043c\u043e\u043c \u2013 \u0411\u0430\u0441\u0441\u0435\u0439\u043d\u044b"},"content":{"rendered":"<p class=\"\" data-start=\"165\" data-end=\"417\">\u041a\u0443\u0440\u0438\u043b\u044c\u043d\u0438\u0446\u0430 \u0441 \u0434\u0432\u0443\u043c\u044f \u0441\u043e\u0435\u0434\u0438\u043d\u0435\u043d\u043d\u044b\u043c\u0438 \u043c\u0435\u0436\u0434\u0443 \u0441\u043e\u0431\u043e\u0439 \u0447\u0430\u0448\u0430\u043c\u0438, \u0441\u043e\u0437\u0434\u0430\u044e\u0449\u0438\u043c\u0438 \u0443\u0441\u043f\u043e\u043a\u0430\u0438\u0432\u0430\u044e\u0449\u0438\u0439 \u0438 \u0437\u0430\u0432\u043e\u0440\u0430\u0436\u0438\u0432\u0430\u044e\u0449\u0438\u0439 \u044d\u0444\u0444\u0435\u043a\u0442 \u0434\u044b\u043c\u043e\u0432\u043e\u0439 \u0441\u0442\u0440\u0443\u0438. \u041a\u043e\u0433\u0434\u0430 \u0437\u0430\u0436\u0436\u0435\u043d\u043d\u044b\u0439 \u043a\u043e\u043d\u0443\u0441 \u0434\u043b\u044f \u0431\u043b\u0430\u0433\u043e\u0432\u043e\u043d\u0438\u0439 \u043d\u0430\u0447\u0438\u043d\u0430\u0435\u0442 \u0441\u0432\u0435\u0442\u0438\u0442\u044c\u0441\u044f, \u0434\u044b\u043c \u043c\u0435\u0434\u043b\u0435\u043d\u043d\u043e \u0437\u0430\u043a\u0440\u0443\u0447\u0438\u0432\u0430\u0435\u0442\u0441\u044f \u0432\u043d\u0438\u0437, \u043f\u0435\u0440\u0435\u0442\u0435\u043a\u0430\u044f \u0438\u0437 \u043e\u0434\u043d\u043e\u0439 \u0447\u0430\u0448\u0438 \u0432 \u0434\u0440\u0443\u0433\u0443\u044e \u2014 \u043f\u043e\u0434\u043e\u0431\u043d\u043e \u043c\u0438\u0440\u043d\u043e\u043c\u0443 \u043f\u043e\u0442\u043e\u043a\u0443 \u0441\u0430\u043c\u043e\u0439 \u0436\u0438\u0437\u043d\u0438.<\/p>\n<p class=\"\" data-start=\"419\" data-end=\"600\">\u042d\u0442\u0430 \u044d\u0444\u0444\u0435\u043a\u0442\u043d\u0430\u044f \u043a\u0443\u0440\u0438\u043b\u044c\u043d\u0438\u0446\u0430 \u0438\u0434\u0435\u0430\u043b\u044c\u043d\u043e \u043f\u043e\u0434\u0445\u043e\u0434\u0438\u0442 \u0434\u043b\u044f \u043c\u0435\u0434\u0438\u0442\u0430\u0446\u0438\u0438, \u0440\u0435\u043b\u0430\u043a\u0441\u0430\u0446\u0438\u0438 \u0438\u043b\u0438 \u043f\u0440\u043e\u0441\u0442\u043e \u0434\u043b\u044f \u0441\u043e\u0437\u0434\u0430\u043d\u0438\u044f \u0443\u044e\u0442\u043d\u043e\u0439 \u0430\u0442\u043c\u043e\u0441\u0444\u0435\u0440\u044b \u0432 \u043a\u043e\u043c\u043d\u0430\u0442\u0435. \u041f\u0440\u0435\u043a\u0440\u0430\u0441\u043d\u044b\u0439 \u044d\u043b\u0435\u043c\u0435\u043d\u0442 \u0434\u0438\u0437\u0430\u0439\u043d\u0430 \u0438\u043d\u0442\u0435\u0440\u044c\u0435\u0440\u0430 \u0438 \u0437\u043d\u0430\u0447\u0438\u043c\u044b\u0439 \u043f\u043e\u0434\u0430\u0440\u043e\u043a.<\/p>\n<ul>\n<li data-start=\"602\" data-end=\"805\">\u0414\u0438\u0437\u0430\u0439\u043d \u0441 \u0434\u0432\u0443\u043c\u044f \u0441\u043e\u0435\u0434\u0438\u043d\u0435\u043d\u043d\u044b\u043c\u0438 \u0447\u0430\u0448\u0430\u043c\u0438 \u2013 \u0441\u0438\u043c\u0432\u043e\u043b\u0438\u0437\u0438\u0440\u0443\u0435\u0442 \u0442\u0435\u0447\u0435\u043d\u0438\u0435 \u0436\u0438\u0437\u043d\u0438.<\/li>\n<li data-start=\"602\" data-end=\"805\">\u0420\u0430\u0437\u0440\u0430\u0431\u043e\u0442\u0430\u043d \u0441\u043f\u0435\u0446\u0438\u0430\u043b\u044c\u043d\u043e \u0434\u043b\u044f \u0430\u0440\u043e\u043c\u0430\u0442\u0438\u0447\u0435\u0441\u043a\u0438\u0445 \u043a\u043e\u043d\u0443\u0441\u043e\u0432 \u0441 \u043e\u043f\u0443\u0441\u043a\u0430\u044e\u0449\u0438\u043c\u0441\u044f \u0434\u044b\u043c\u043e\u043c.<\/li>\n<li data-start=\"602\" data-end=\"805\">\u0412\u0438\u0437\u0443\u0430\u043b\u044c\u043d\u043e \u0437\u0430\u0432\u043e\u0440\u0430\u0436\u0438\u0432\u0430\u044e\u0449\u0438\u0439 \u0438 \u0443\u0441\u043f\u043e\u043a\u0430\u0438\u0432\u0430\u044e\u0449\u0438\u0439 \u044d\u0444\u0444\u0435\u043a\u0442.<\/li>\n<li data-start=\"602\" data-end=\"805\">\u041f\u043e\u0434\u0445\u043e\u0434\u0438\u0442 \u0434\u043b\u044f \u0434\u043e\u043c\u0430, \u0443\u0433\u043e\u043b\u043a\u0430 \u0434\u043b\u044f \u0439\u043e\u0433\u0438 \u0438\u043b\u0438 \u0432 \u043a\u0430\u0447\u0435\u0441\u0442\u0432\u0435 \u043f\u043e\u0434\u0430\u0440\u043a\u0430.<\/li>\n<\/ul>\n<p class=\"\" data-start=\"807\" data-end=\"875\">\u26a0\ufe0f \u0414\u043b\u044f \u0441\u043e\u0437\u0434\u0430\u043d\u0438\u044f \u044d\u0444\u0444\u0435\u043a\u0442\u0430 \u043f\u0430\u0434\u0430\u044e\u0449\u0435\u0433\u043e \u0434\u044b\u043c\u0430 \u0438\u0441\u043f\u043e\u043b\u044c\u0437\u0443\u0439\u0442\u0435 \u0442\u043e\u043b\u044c\u043a\u043e \u0441\u043f\u0435\u0446\u0438\u0430\u043b\u044c\u043d\u044b\u0435 \u043a\u043e\u043d\u0443\u0441\u044b \u0434\u043b\u044f \u0431\u043b\u0430\u0433\u043e\u0432\u043e\u043d\u0438\u0439 \u0441 \u044d\u0444\u0444\u0435\u043a\u0442\u043e\u043c \u043f\u0430\u0434\u0430\u044e\u0449\u0435\u0433\u043e \u0434\u044b\u043c\u0430!<\/p>","protected":false},"excerpt":{"rendered":"<p>Kahe omavahel \u00fchendatud kausiga viirukip\u00f5leti, mis loob rahustava ja lummava suitsujugaefekti. Kui s\u00fc\u00fcdatud backflow viirukikoonus hakkab h\u00f5\u00f5guma, langeb suits aeglaselt keereldes allapoole,&hellip;<\/p>","protected":false},"featured_media":105575,"comment_status":"open","ping_status":"closed","template":"","meta":{"wprm-recipe-roundup-name":"","wprm-recipe-roundup-description":""},"product_brand":[],"product_cat":[5757],"product_tag":[5760],"class_list":{"0":"post-105574","1":"product","2":"type-product","3":"status-publish","4":"has-post-thumbnail","6":"product_cat-difuuserid-ja-poletid","7":"product_tag-viirukihoidja","9":"first","10":"instock","11":"taxable","12":"shipping-taxable","13":"purchasable","14":"product-type-simple"},"supplier_id":105232,"supplier_sku":"","barcode":"5055796594559","atum_controlled":true,"out_stock_date":null,"out_stock_threshold":null,"inheritable":false,"inbound_stock":0,"stock_on_hold":0,"sold_today":0,"sales_last_days":0,"reserved_stock":0,"customer_returns":0,"warehouse_damage":0,"lost_in_post":0,"other_logs":0,"out_stock_days":0,"lost_sales":0,"has_location":false,"update_date":"2026-03-07T01:16:15","atum_locations":[],"atum_stock_status":"instock","restock_status":false,"low_stock_amount":"","sales_update_date":"2026-03-07T01:16:15","calc_backorders":null,"aioseo_notices":[],"_links":{"self":[{"href":"https:\/\/ecoshop.ee\/ru\/wp-json\/wp\/v2\/product\/105574","targetHints":{"allow":["GET"]}}],"collection":[{"href":"https:\/\/ecoshop.ee\/ru\/wp-json\/wp\/v2\/product"}],"about":[{"href":"https:\/\/ecoshop.ee\/ru\/wp-json\/wp\/v2\/types\/product"}],"replies":[{"embeddable":true,"href":"https:\/\/ecoshop.ee\/ru\/wp-json\/wp\/v2\/comments?post=105574"}],"version-history":[{"count":0,"href":"https:\/\/ecoshop.ee\/ru\/wp-json\/wp\/v2\/product\/105574\/revisions"}],"wp:featuredmedia":[{"embeddable":true,"href":"https:\/\/ecoshop.ee\/ru\/wp-json\/wp\/v2\/media\/105575"}],"wp:attachment":[{"href":"https:\/\/ecoshop.ee\/ru\/wp-json\/wp\/v2\/media?parent=105574"}],"wp:term":[{"taxonomy":"product_brand","embeddable":true,"href":"https:\/\/ecoshop.ee\/ru\/wp-json\/wp\/v2\/product_brand?post=105574"},{"taxonomy":"product_cat","embeddable":true,"href":"https:\/\/ecoshop.ee\/ru\/wp-json\/wp\/v2\/product_cat?post=105574"},{"taxonomy":"product_tag","embeddable":true,"href":"https:\/\/ecoshop.ee\/ru\/wp-json\/wp\/v2\/product_tag?post=105574"}],"curies":[{"name":"wp","href":"https:\/\/api.w.org\/{rel}","templated":true}]}}