{"id":105706,"date":"2025-04-27T18:54:15","date_gmt":"2025-04-27T15:54:15","guid":{"rendered":"https:\/\/ecoshop.ee\/?post_type=product&#038;p=105706"},"modified":"2025-12-25T19:07:50","modified_gmt":"2025-12-25T16:07:50","slug":"%d0%b2%d0%b5%d0%b3%d0%b0%d0%bd%d1%81%d0%ba%d0%b8%d0%b5-%d0%bb%d0%b0%d0%ba%d1%80%d0%b8%d1%87%d0%bd%d1%8b%d0%b5-%d0%ba%d0%be%d0%bd%d1%84%d0%b5%d1%82%d1%8b-katjes-175-%d0%b3","status":"publish","type":"product","link":"https:\/\/ecoshop.ee\/ru\/kommid\/katjes-vegan-lagritsakommid-175g\/","title":{"rendered":"\u0412\u0435\u0433\u0430\u043d\u0441\u043a\u0438\u0435 \u043b\u0430\u043a\u0440\u0438\u0447\u043d\u044b\u0435 \u043a\u043e\u043d\u0444\u0435\u0442\u044b Katjes, 175\u0433"},"content":{"rendered":"<p class=\"\" data-start=\"125\" data-end=\"479\">\u041a\u043e\u043d\u0444\u0435\u0442\u044b Katjes Tappsy \u043f\u0435\u0440\u0435\u043d\u0435\u0441\u0443\u0442 \u0432\u0430\u0441 \u0432 \u043c\u0438\u0440 \u0447\u0435\u0440\u043d\u043e-\u0431\u0435\u043b\u043e\u0439 \u0432\u0435\u0433\u0430\u043d\u0441\u043a\u043e\u0439 \u043b\u0430\u043a\u0440\u0438\u0446\u044b! \u0412\u043a\u0443\u0441\u043d\u0430\u044f \u043f\u0440\u044f\u043d\u043e-\u0441\u043b\u0430\u0434\u043a\u0430\u044f \u043b\u0430\u043a\u0440\u0438\u0446\u0430, \u043c\u044f\u0433\u043a\u0430\u044f \u0432\u0437\u0431\u0438\u0442\u0430\u044f \u0441\u0430\u0445\u0430\u0440\u043d\u0430\u044f \u0433\u043b\u0430\u0437\u0443\u0440\u044c \u0438 \u043c\u0430\u043b\u0435\u043d\u044c\u043a\u0438\u0439 \u043a\u0440\u0430\u0441\u043d\u044b\u0439 \u0444\u0440\u0443\u043a\u0442\u043e\u0432\u044b\u0439 \u043c\u0430\u0440\u043c\u0435\u043b\u0430\u0434\u043d\u044b\u0439 \u043d\u043e\u0441\u0438\u043a \u0441\u043e\u0437\u0434\u0430\u044e\u0442 \u043b\u0430\u043a\u043e\u043c\u0441\u0442\u0432\u043e, \u043e\u0442 \u043a\u043e\u0442\u043e\u0440\u043e\u0433\u043e \u0442\u0440\u0443\u0434\u043d\u043e \u043e\u0442\u043a\u0430\u0437\u0430\u0442\u044c\u0441\u044f. \u042d\u0442\u0438 \u0432\u043e\u0441\u0445\u0438\u0442\u0438\u0442\u0435\u043b\u044c\u043d\u044b\u0435 \u043a\u043e\u043d\u0444\u0435\u0442\u044b \u043d\u0430 100% \u0432\u0435\u0433\u0430\u043d\u0441\u043a\u0438\u0435, \u043d\u0435 \u0441\u043e\u0434\u0435\u0440\u0436\u0430\u0442 \u043f\u0430\u043b\u044c\u043c\u043e\u0432\u043e\u0433\u043e \u043c\u0430\u0441\u043b\u0430, \u0436\u0438\u0432\u043e\u0442\u043d\u043e\u0433\u043e \u0436\u0435\u043b\u0430\u0442\u0438\u043d\u0430 \u0438 \u0438\u0441\u043a\u0443\u0441\u0441\u0442\u0432\u0435\u043d\u043d\u044b\u0445 \u0430\u0440\u043e\u043c\u0430\u0442\u0438\u0437\u0430\u0442\u043e\u0440\u043e\u0432 \u2014 \u043a\u0430\u043a \u0438 \u0432\u0441\u044f \u0432\u0435\u0433\u0430\u043d\u0441\u043a\u0430\u044f \u043b\u0438\u043d\u0435\u0439\u043a\u0430 Katjes!<\/p>\n<ul data-start=\"481\" data-end=\"574\">\n<li class=\"\" data-start=\"481\" data-end=\"495\">\n<p class=\"\" data-start=\"483\" data-end=\"495\">100% \u0432\u0435\u0433\u0430\u043d\u0441\u043a\u0438\u0439<\/p>\n<\/li>\n<li class=\"\" data-start=\"496\" data-end=\"515\">\n<p class=\"\" data-start=\"498\" data-end=\"515\">\u0411\u0435\u0437 \u043f\u0430\u043b\u044c\u043c\u043e\u0432\u043e\u0433\u043e \u043c\u0430\u0441\u043b\u0430<\/p>\n<\/li>\n<li class=\"\" data-start=\"516\" data-end=\"543\">\n<p class=\"\" data-start=\"518\" data-end=\"543\">\u0411\u0435\u0437 \u0436\u0438\u0432\u043e\u0442\u043d\u043e\u0433\u043e \u0436\u0435\u043b\u0430\u0442\u0438\u043d\u0430<\/p>\n<\/li>\n<li class=\"\" data-start=\"544\" data-end=\"574\">\n<p class=\"\" data-start=\"546\" data-end=\"574\">\u0411\u0435\u0437 \u0438\u0441\u043a\u0443\u0441\u0441\u0442\u0432\u0435\u043d\u043d\u044b\u0445 \u0430\u0440\u043e\u043c\u0430\u0442\u0438\u0437\u0430\u0442\u043e\u0440\u043e\u0432<\/p>\n<\/li>\n<\/ul>","protected":false},"excerpt":{"rendered":"<p>Katjes Tappsy viib sind must-valgesse veganlagritsa unelma! Maitsekas v\u00fcrtsikas-magus lagrits, pehme vahustatud suhkrukiht ja v\u00e4ike punane puuviljakummik ninan\u00f6psuke loovad suupiste, millest on&hellip;<\/p>","protected":false},"featured_media":105708,"comment_status":"open","ping_status":"closed","template":"","meta":{"wprm-recipe-roundup-name":"","wprm-recipe-roundup-description":""},"product_brand":[12006],"product_cat":[160],"product_tag":[316],"class_list":{"0":"post-105706","1":"product","2":"type-product","3":"status-publish","4":"has-post-thumbnail","6":"product_brand-katjes","7":"product_cat-kommid","8":"product_tag-kummikommid","9":"j79_wcxd_expiry_type-best-before","11":"first","12":"outofstock","13":"taxable","14":"shipping-taxable","15":"purchasable","16":"product-type-simple"},"supplier_id":9137,"supplier_sku":"","barcode":"4037400344867","atum_controlled":true,"out_stock_date":"2025-10-18 17:54:54","out_stock_threshold":null,"inheritable":false,"inbound_stock":0,"stock_on_hold":0,"sold_today":0,"sales_last_days":0,"reserved_stock":0,"customer_returns":0,"warehouse_damage":0,"lost_in_post":0,"other_logs":0,"out_stock_days":139,"lost_sales":90,"has_location":false,"update_date":"2026-03-07T01:16:07","atum_locations":[],"atum_stock_status":"outofstock","restock_status":false,"low_stock_amount":"","sales_update_date":"2026-03-07T01:16:07","calc_backorders":null,"aioseo_notices":[],"_links":{"self":[{"href":"https:\/\/ecoshop.ee\/ru\/wp-json\/wp\/v2\/product\/105706","targetHints":{"allow":["GET"]}}],"collection":[{"href":"https:\/\/ecoshop.ee\/ru\/wp-json\/wp\/v2\/product"}],"about":[{"href":"https:\/\/ecoshop.ee\/ru\/wp-json\/wp\/v2\/types\/product"}],"replies":[{"embeddable":true,"href":"https:\/\/ecoshop.ee\/ru\/wp-json\/wp\/v2\/comments?post=105706"}],"version-history":[{"count":0,"href":"https:\/\/ecoshop.ee\/ru\/wp-json\/wp\/v2\/product\/105706\/revisions"}],"wp:featuredmedia":[{"embeddable":true,"href":"https:\/\/ecoshop.ee\/ru\/wp-json\/wp\/v2\/media\/105708"}],"wp:attachment":[{"href":"https:\/\/ecoshop.ee\/ru\/wp-json\/wp\/v2\/media?parent=105706"}],"wp:term":[{"taxonomy":"product_brand","embeddable":true,"href":"https:\/\/ecoshop.ee\/ru\/wp-json\/wp\/v2\/product_brand?post=105706"},{"taxonomy":"product_cat","embeddable":true,"href":"https:\/\/ecoshop.ee\/ru\/wp-json\/wp\/v2\/product_cat?post=105706"},{"taxonomy":"product_tag","embeddable":true,"href":"https:\/\/ecoshop.ee\/ru\/wp-json\/wp\/v2\/product_tag?post=105706"}],"curies":[{"name":"wp","href":"https:\/\/api.w.org\/{rel}","templated":true}]}}