{"id":105789,"date":"2025-05-01T00:45:52","date_gmt":"2025-04-30T21:45:52","guid":{"rendered":"https:\/\/ecoshop.ee\/?post_type=product&#038;p=105789"},"modified":"2025-12-25T19:02:46","modified_gmt":"2025-12-25T16:02:46","slug":"%d0%bf%d0%be%d0%bb%d0%bd%d0%be%d1%86%d0%b5%d0%bd%d0%bd%d1%8b%d0%b9-%d1%80%d0%b0%d1%81%d1%82%d0%b8%d1%82%d0%b5%d0%bb%d1%8c%d0%bd%d1%8b%d0%b9-%d0%ba%d0%be%d1%80%d0%bc-%d0%b4%d0%bb%d1%8f-%d0%bf%d0%be","status":"publish","type":"product","link":"https:\/\/ecoshop.ee\/ru\/lemmikloomatoit\/taisvaartuslik-taimne-koeratoit-eakale-koerale-herned-ja-hirss-400g\/","title":{"rendered":"\u041f\u043e\u043b\u043d\u043e\u0446\u0435\u043d\u043d\u044b\u0439 \u0440\u0430\u0441\u0442\u0438\u0442\u0435\u043b\u044c\u043d\u044b\u0439 \u043a\u043e\u0440\u043c \u0434\u043b\u044f \u043f\u043e\u0436\u0438\u043b\u044b\u0445 \u0441\u043e\u0431\u0430\u043a, \u0441\u043e\u0434\u0435\u0440\u0436\u0430\u0449\u0438\u0439 \u0433\u043e\u0440\u043e\u0445 \u0438 \u043f\u0440\u043e\u0441\u043e, 400 \u0433."},"content":{"rendered":"<p class=\"\" data-start=\"207\" data-end=\"547\">VEGDOG SENIOR \u0441\u043f\u0435\u0446\u0438\u0430\u043b\u044c\u043d\u043e \u0440\u0430\u0437\u0440\u0430\u0431\u043e\u0442\u0430\u043d \u0434\u043b\u044f \u0432\u0437\u0440\u043e\u0441\u043b\u044b\u0445 \u0441\u043e\u0431\u0430\u043a \u043e\u0442 7 \u043b\u0435\u0442, \u043e\u0431\u0435\u0441\u043f\u0435\u0447\u0438\u0432\u0430\u044f \u0441\u0431\u0430\u043b\u0430\u043d\u0441\u0438\u0440\u043e\u0432\u0430\u043d\u043d\u043e\u0435 \u0438 \u043b\u0435\u0433\u043a\u043e\u0443\u0441\u0432\u043e\u044f\u0435\u043c\u043e\u0435 \u0440\u0430\u0441\u0442\u0438\u0442\u0435\u043b\u044c\u043d\u043e\u0435 \u043f\u0438\u0442\u0430\u043d\u0438\u0435, \u043f\u043e\u0434\u0434\u0435\u0440\u0436\u0438\u0432\u0430\u044e\u0449\u0435\u0435 \u0437\u0434\u043e\u0440\u043e\u0432\u044c\u0435 \u0441\u043e\u0431\u0430\u043a\u0438 \u0432 \u043f\u043e\u0436\u0438\u043b\u043e\u043c \u0432\u043e\u0437\u0440\u0430\u0441\u0442\u0435. \u0412\u044b\u0441\u043e\u043a\u043e\u043a\u0430\u0447\u0435\u0441\u0442\u0432\u0435\u043d\u043d\u044b\u0435 \u0438\u0441\u0442\u043e\u0447\u043d\u0438\u043a\u0438 \u0431\u0435\u043b\u043a\u0430 \u0432 \u043f\u0440\u043e\u0434\u0443\u043a\u0442\u0435 \u2014 \u0433\u043e\u0440\u043e\u0445\u043e\u0432\u044b\u0439 \u0431\u0435\u043b\u043e\u043a, \u0447\u0435\u0447\u0435\u0432\u0438\u0446\u0430 \u0438 \u043b\u044e\u043f\u0438\u043d\u043e\u0432\u0430\u044f \u043c\u0443\u043a\u0430 \u2014 \u043e\u0431\u0435\u0441\u043f\u0435\u0447\u0438\u0432\u0430\u044e\u0442 \u043d\u0435\u043e\u0431\u0445\u043e\u0434\u0438\u043c\u044b\u0439 \u0430\u043c\u0438\u043d\u043e\u043a\u0438\u0441\u043b\u043e\u0442\u043d\u044b\u0439 \u0441\u043e\u0441\u0442\u0430\u0432 \u0434\u043b\u044f \u043f\u043e\u0434\u0434\u0435\u0440\u0436\u0430\u043d\u0438\u044f \u043c\u044b\u0448\u0435\u0447\u043d\u043e\u0439 \u043c\u0430\u0441\u0441\u044b.<\/p>\n<p class=\"\" data-start=\"549\" data-end=\"903\">\u041f\u0440\u043e\u0441\u043e \u0438 \u043c\u043e\u0440\u043a\u043e\u0432\u044c \u0441\u043f\u043e\u0441\u043e\u0431\u0441\u0442\u0432\u0443\u044e\u0442 \u043d\u043e\u0440\u043c\u0430\u043b\u044c\u043d\u043e\u0439 \u0440\u0430\u0431\u043e\u0442\u0435 \u0441\u0443\u0441\u0442\u0430\u0432\u043e\u0432, \u0430 \u0441\u0435\u043c\u0435\u043d\u0430 \u0447\u0438\u0430, \u0432\u043e\u0434\u043e\u0440\u043e\u0441\u043b\u0438 \u0438 \u043f\u043e\u0434\u0441\u043e\u043b\u043d\u0435\u0447\u043d\u043e\u0435 \u043c\u0430\u0441\u043b\u043e \u043e\u0431\u0435\u0441\u043f\u0435\u0447\u0438\u0432\u0430\u044e\u0442 \u043d\u0435\u043e\u0431\u0445\u043e\u0434\u0438\u043c\u044b\u0435 \u0436\u0438\u0440\u043d\u044b\u0435 \u043a\u0438\u0441\u043b\u043e\u0442\u044b \u043e\u043c\u0435\u0433\u0430-3 \u0438 \u043e\u043c\u0435\u0433\u0430-6. \u041d\u0430\u0448 \u0441\u043f\u0435\u0446\u0438\u0430\u043b\u044c\u043d\u043e \u0440\u0430\u0437\u0440\u0430\u0431\u043e\u0442\u0430\u043d\u043d\u044b\u0439 \u043c\u0438\u043d\u0435\u0440\u0430\u043b\u044c\u043d\u044b\u0439 \u043f\u043e\u0440\u043e\u0448\u043e\u043a \u0434\u043e\u0431\u0430\u0432\u043b\u044f\u0435\u0442 \u0442\u0430\u043a\u0438\u0435 \u0432\u0430\u0436\u043d\u044b\u0435 \u043f\u0438\u0442\u0430\u0442\u0435\u043b\u044c\u043d\u044b\u0435 \u0432\u0435\u0449\u0435\u0441\u0442\u0432\u0430, \u043a\u0430\u043a \u0432\u0438\u0442\u0430\u043c\u0438\u043d B12, \u0442\u0430\u0443\u0440\u0438\u043d \u0438 \u043a\u0430\u0440\u043d\u0438\u0442\u0438\u043d, \u043a\u043e\u0442\u043e\u0440\u044b\u0435 \u043f\u043e\u0434\u0434\u0435\u0440\u0436\u0438\u0432\u0430\u044e\u0442 \u0440\u0430\u0431\u043e\u0442\u0443 \u0441\u0435\u0440\u0434\u0446\u0430 \u0438 \u043e\u0431\u0449\u0443\u044e \u0436\u0438\u0437\u043d\u0435\u043d\u043d\u0443\u044e \u0441\u0438\u043b\u0443 \u043f\u043e\u0436\u0438\u043b\u044b\u0445 \u0441\u043e\u0431\u0430\u043a.<\/p>\n<p class=\"\" data-start=\"905\" data-end=\"1075\">\u042d\u0442\u043e\u0442 \u043a\u043e\u0440\u043c \u0442\u0430\u043a\u0436\u0435 \u043e\u0441\u043e\u0431\u0435\u043d\u043d\u043e \u043f\u043e\u0434\u0445\u043e\u0434\u0438\u0442 \u0434\u043b\u044f \u0441\u043e\u0431\u0430\u043a \u0441 \u0447\u0443\u0432\u0441\u0442\u0432\u0438\u0442\u0435\u043b\u044c\u043d\u044b\u043c \u043f\u0438\u0449\u0435\u0432\u0430\u0440\u0435\u043d\u0438\u0435\u043c \u0438 \u0434\u043b\u044f \u044d\u043b\u0438\u043c\u0438\u043d\u0430\u0446\u0438\u043e\u043d\u043d\u044b\u0445 \u0434\u0438\u0435\u0442. \u0421\u043e\u043e\u0442\u043d\u043e\u0448\u0435\u043d\u0438\u0435 \u043a\u0430\u043b\u044c\u0446\u0438\u044f \u0438 \u0444\u043e\u0441\u0444\u043e\u0440\u0430 \u0441\u043a\u043e\u0440\u0440\u0435\u043a\u0442\u0438\u0440\u043e\u0432\u0430\u043d\u043e \u0441 \u0443\u0447\u0435\u0442\u043e\u043c \u043f\u043e\u0442\u0440\u0435\u0431\u043d\u043e\u0441\u0442\u0435\u0439 \u0441\u0442\u0430\u0440\u0435\u044e\u0449\u0435\u0433\u043e \u0436\u0438\u0432\u043e\u0442\u043d\u043e\u0433\u043e.<\/p>\n<ul data-start=\"1077\" data-end=\"1345\">\n<li class=\"\" data-start=\"1077\" data-end=\"1137\">\n<p class=\"\" data-start=\"1079\" data-end=\"1137\">\u041f\u043e\u043b\u043d\u043e\u0446\u0435\u043d\u043d\u044b\u0439 \u0440\u0430\u0441\u0442\u0438\u0442\u0435\u043b\u044c\u043d\u044b\u0439 \u043a\u043e\u0440\u043c \u0434\u043b\u044f \u0441\u043e\u0431\u0430\u043a \u043e\u0442 7 \u043b\u0435\u0442.<\/p>\n<\/li>\n<li class=\"\" data-start=\"1138\" data-end=\"1182\">\n<p class=\"\" data-start=\"1140\" data-end=\"1182\">\u041d\u0435 \u0441\u043e\u0434\u0435\u0440\u0436\u0438\u0442 \u0433\u043b\u044e\u0442\u0435\u043d\u0430 \u0438 \u0438\u043d\u0433\u0440\u0435\u0434\u0438\u0435\u043d\u0442\u043e\u0432 \u0436\u0438\u0432\u043e\u0442\u043d\u043e\u0433\u043e \u043f\u0440\u043e\u0438\u0441\u0445\u043e\u0436\u0434\u0435\u043d\u0438\u044f.<\/p>\n<\/li>\n<li class=\"\" data-start=\"1183\" data-end=\"1232\">\n<p class=\"\" data-start=\"1185\" data-end=\"1232\">\u041f\u043e\u0434\u0434\u0435\u0440\u0436\u0438\u0432\u0430\u0435\u0442 \u043f\u0438\u0449\u0435\u0432\u0430\u0440\u0435\u043d\u0438\u0435, \u0437\u0434\u043e\u0440\u043e\u0432\u044c\u0435 \u0441\u0435\u0440\u0434\u0446\u0430 \u0438 \u0441\u0443\u0441\u0442\u0430\u0432\u043e\u0432.<\/p>\n<\/li>\n<li class=\"\" data-start=\"1233\" data-end=\"1259\">\n<p class=\"\" data-start=\"1235\" data-end=\"1259\">\u0422\u0430\u043a\u0436\u0435 \u043f\u043e\u0434\u0445\u043e\u0434\u0438\u0442 \u0434\u043b\u044f \u043b\u044e\u0434\u0435\u0439, \u0441\u0442\u0440\u0430\u0434\u0430\u044e\u0449\u0438\u0445 \u0430\u043b\u043b\u0435\u0440\u0433\u0438\u0435\u0439.<\/p>\n<\/li>\n<li class=\"\" data-start=\"1260\" data-end=\"1300\">\n<p class=\"\" data-start=\"1262\" data-end=\"1300\">\u0420\u0430\u0437\u0440\u0430\u0431\u043e\u0442\u0430\u043d\u043e \u0432 \u0441\u043e\u0442\u0440\u0443\u0434\u043d\u0438\u0447\u0435\u0441\u0442\u0432\u0435 \u0441 \u0432\u0435\u0442\u0435\u0440\u0438\u043d\u0430\u0440\u0430\u043c\u0438.<\/p>\n<\/li>\n<li class=\"\" data-start=\"1301\" data-end=\"1345\">\n<p class=\"\" data-start=\"1303\" data-end=\"1345\">\u0411\u0435\u0437 \u0438\u0441\u043a\u0443\u0441\u0441\u0442\u0432\u0435\u043d\u043d\u044b\u0445 \u0430\u0440\u043e\u043c\u0430\u0442\u0438\u0437\u0430\u0442\u043e\u0440\u043e\u0432 \u0438 \u043a\u0440\u0430\u0441\u0438\u0442\u0435\u043b\u0435\u0439.<\/p>\n<\/li>\n<\/ul>\n<p class=\"\" data-start=\"1347\" data-end=\"1448\">\u2757 <strong data-start=\"1349\" data-end=\"1397\">\u041d\u0435 \u043f\u043e\u0434\u0445\u043e\u0434\u0438\u0442 \u0434\u043b\u044f \u0449\u0435\u043d\u043a\u043e\u0432 \u0438 \u043a\u043e\u0440\u043c\u044f\u0449\u0438\u0445 \u0441\u0443\u043a.<\/strong>, \u043f\u043e\u0441\u043a\u043e\u043b\u044c\u043a\u0443 \u0438\u0445 \u043f\u043e\u0442\u0440\u0435\u0431\u043d\u043e\u0441\u0442\u0438 \u0432 \u043f\u0438\u0442\u0430\u0442\u0435\u043b\u044c\u043d\u044b\u0445 \u0432\u0435\u0449\u0435\u0441\u0442\u0432\u0430\u0445 \u0438 \u044d\u043d\u0435\u0440\u0433\u0438\u0438 \u0432\u044b\u0448\u0435.<\/p>\n<p class=\"\" data-start=\"82\" data-end=\"505\"><strong data-start=\"82\" data-end=\"122\">\u041f\u0438\u0449\u0435\u0432\u044b\u0435 \u0434\u043e\u0431\u0430\u0432\u043a\u0438 (\u043d\u0430 1 \u043a\u0433):<\/strong><br data-start=\"122\" data-end=\"125\" \/>\u0412\u0438\u0442\u0430\u043c\u0438\u043d \u0410 3450 \u041c\u0415, \u0432\u0438\u0442\u0430\u043c\u0438\u043d D3 506 \u041c\u0415, \u0432\u0438\u0442\u0430\u043c\u0438\u043d \u041212 23 \u043c\u043a\u0433, D-\u043f\u0430\u043d\u0442\u043e\u0442\u0435\u043d\u0430\u0442 \u043a\u0430\u043b\u044c\u0446\u0438\u044f 9,2 \u043c\u0433, L-\u043a\u0430\u0440\u043d\u0438\u0442\u0438\u043d 414 \u043c\u0433, L-\u0442\u0440\u0435\u043e\u043d\u0438\u043d 610 \u043c\u0433, L-\u0442\u0440\u0438\u043f\u0442\u043e\u0444\u0430\u043d 212 \u043c\u0433, \u0442\u0430\u0443\u0440\u0438\u043d 437 \u043c\u0433, DL-\u043c\u0435\u0442\u0438\u043e\u043d\u0438\u043d 2,65 \u0433, \u0436\u0435\u043b\u0435\u0437\u043e (\u0433\u0438\u0434\u0440\u0430\u0442 \u0433\u043b\u0438\u0446\u0438\u043d\u0430\u0442\u0430 \u0436\u0435\u043b\u0435\u0437\u0430(II)) 23 \u043c\u0433, \u043c\u0435\u0434\u044c (\u0433\u0438\u0434\u0440\u0430\u0442 \u0433\u043b\u0438\u0446\u0438\u043d\u0430\u0442\u0430 \u043c\u0435\u0434\u0438) 1,2 \u043c\u0433, \u0446\u0438\u043d\u043a (\u043e\u043a\u0441\u0438\u0434 \u0446\u0438\u043d\u043a\u0430) 23 \u043c\u0433, \u0439\u043e\u0434 (\u0431\u0435\u0437\u0432\u043e\u0434\u043d\u044b\u0439 \u0439\u043e\u0434\u0430\u0442 \u043a\u0430\u043b\u044c\u0446\u0438\u044f) 0,4 \u043c\u0433, \u0441\u0435\u043b\u0435\u043d (\u0441\u0435\u043b\u0435\u043d\u0438\u0442 \u043d\u0430\u0442\u0440\u0438\u044f) 0,08 \u043c\u0433.<\/p>\n<p class=\"\" data-start=\"507\" data-end=\"529\"><strong data-start=\"507\" data-end=\"527\">\u0420\u0435\u043a\u043e\u043c\u0435\u043d\u0434\u0430\u0446\u0438\u0438 \u043f\u043e \u043a\u043e\u0440\u043c\u043b\u0435\u043d\u0438\u044e:<\/strong><\/p>\n<ul data-start=\"530\" data-end=\"726\">\n<li class=\"\" data-start=\"530\" data-end=\"561\">\n<p class=\"\" data-start=\"532\" data-end=\"561\">\u0421\u043e\u0431\u0430\u043a\u0430 \u0432\u0435\u0441\u043e\u043c 5 \u043a\u0433: 320\u2013365 \u0433 \u0432 \u0434\u0435\u043d\u044c<\/p>\n<\/li>\n<li class=\"\" data-start=\"562\" data-end=\"587\">\n<p class=\"\" data-start=\"564\" data-end=\"587\">\u0421\u043e\u0431\u0430\u043a\u0430 \u0432\u0435\u0441\u043e\u043c 10 \u043a\u0433: 540\u2013615 \u0433<\/p>\n<\/li>\n<li class=\"\" data-start=\"588\" data-end=\"614\">\n<p class=\"\" data-start=\"590\" data-end=\"614\">\u0421\u043e\u0431\u0430\u043a\u0430 \u0432\u0435\u0441\u043e\u043c 20 \u043a\u0433: 910\u20131030 \u0433<\/p>\n<\/li>\n<li class=\"\" data-start=\"615\" data-end=\"642\">\n<p class=\"\" data-start=\"617\" data-end=\"642\">\u0421\u043e\u0431\u0430\u043a\u0430 \u0432\u0435\u0441\u043e\u043c 30 \u043a\u0433: 1230\u20131400 \u0433<\/p>\n<\/li>\n<li class=\"\" data-start=\"643\" data-end=\"670\">\n<p class=\"\" data-start=\"645\" data-end=\"670\">\u0421\u043e\u0431\u0430\u043a\u0430 \u0432\u0435\u0441\u043e\u043c 40 \u043a\u0433: 1525\u20131730 \u0433<\/p>\n<\/li>\n<li class=\"\" data-start=\"671\" data-end=\"698\">\n<p class=\"\" data-start=\"673\" data-end=\"698\">\u0421\u043e\u0431\u0430\u043a\u0430 \u0432\u0435\u0441\u043e\u043c 50 \u043a\u0433: 1800\u20132050 \u0433<\/p>\n<\/li>\n<li class=\"\" data-start=\"699\" data-end=\"726\">\n<p class=\"\" data-start=\"701\" data-end=\"726\">\u0421\u043e\u0431\u0430\u043a\u0430 \u0432\u0435\u0441\u043e\u043c 60 \u043a\u0433: 2070\u20132350 \u0433<\/p>\n<\/li>\n<\/ul>\n<p class=\"\" data-start=\"728\" data-end=\"894\"><strong data-start=\"728\" data-end=\"739\">\u041f\u0440\u0438\u043c\u0435\u0447\u0430\u043d\u0438\u0435:<\/strong> \u042d\u0442\u043e \u043f\u0440\u0438\u0431\u043b\u0438\u0437\u0438\u0442\u0435\u043b\u044c\u043d\u044b\u0435 \u0437\u043d\u0430\u0447\u0435\u043d\u0438\u044f, \u043a\u043e\u0442\u043e\u0440\u044b\u0435 \u043d\u0435\u043e\u0431\u0445\u043e\u0434\u0438\u043c\u043e \u0441\u043a\u043e\u0440\u0440\u0435\u043a\u0442\u0438\u0440\u043e\u0432\u0430\u0442\u044c \u0432 \u0441\u043e\u043e\u0442\u0432\u0435\u0442\u0441\u0442\u0432\u0438\u0438 \u0441 \u0438\u043d\u0434\u0438\u0432\u0438\u0434\u0443\u0430\u043b\u044c\u043d\u044b\u043c\u0438 \u0443\u0441\u043b\u043e\u0432\u0438\u044f\u043c\u0438 \u0436\u0438\u0437\u043d\u0438 \u0441\u043e\u0431\u0430\u043a\u0438 (\u0430\u043a\u0442\u0438\u0432\u043d\u043e\u0441\u0442\u044c, \u043f\u043e\u0440\u043e\u0434\u0430, \u043c\u0435\u0442\u0430\u0431\u043e\u043b\u0438\u0437\u043c, \u0432\u0440\u0435\u043c\u044f \u0433\u043e\u0434\u0430 \u0438 \u0442. \u0434.).<\/p>","protected":false},"excerpt":{"rendered":"<p>VEGDOG SENIOR on spetsiaalselt v\u00e4lja t\u00f6\u00f6tatud t\u00e4iskasvanud koertele alates 7. eluaastast, pakkudes tasakaalustatud ja kergesti seeditavat taimset toitumist, mis toetab koera heaolu&hellip;<\/p>","protected":false},"featured_media":105790,"comment_status":"open","ping_status":"closed","template":"","meta":{"wprm-recipe-roundup-name":"","wprm-recipe-roundup-description":""},"product_brand":[],"product_cat":[5784],"product_tag":[5785],"class_list":{"0":"post-105789","1":"product","2":"type-product","3":"status-publish","4":"has-post-thumbnail","6":"product_cat-lemmikloomatoit","7":"product_tag-koeratoit","8":"j79_wcxd_expiry_type-best-before","10":"first","11":"instock","12":"taxable","13":"shipping-taxable","14":"purchasable","15":"product-type-simple"},"supplier_id":9137,"supplier_sku":"","barcode":"4260446690029","atum_controlled":true,"out_stock_date":null,"out_stock_threshold":null,"inheritable":false,"inbound_stock":0,"stock_on_hold":0,"sold_today":0,"sales_last_days":0,"reserved_stock":0,"customer_returns":0,"warehouse_damage":0,"lost_in_post":0,"other_logs":0,"out_stock_days":0,"lost_sales":0,"has_location":false,"update_date":"2026-03-07T01:16:08","atum_locations":[],"atum_stock_status":"instock","restock_status":false,"low_stock_amount":"","sales_update_date":"2026-03-07T01:16:08","calc_backorders":null,"aioseo_notices":[],"_links":{"self":[{"href":"https:\/\/ecoshop.ee\/ru\/wp-json\/wp\/v2\/product\/105789","targetHints":{"allow":["GET"]}}],"collection":[{"href":"https:\/\/ecoshop.ee\/ru\/wp-json\/wp\/v2\/product"}],"about":[{"href":"https:\/\/ecoshop.ee\/ru\/wp-json\/wp\/v2\/types\/product"}],"replies":[{"embeddable":true,"href":"https:\/\/ecoshop.ee\/ru\/wp-json\/wp\/v2\/comments?post=105789"}],"version-history":[{"count":0,"href":"https:\/\/ecoshop.ee\/ru\/wp-json\/wp\/v2\/product\/105789\/revisions"}],"wp:featuredmedia":[{"embeddable":true,"href":"https:\/\/ecoshop.ee\/ru\/wp-json\/wp\/v2\/media\/105790"}],"wp:attachment":[{"href":"https:\/\/ecoshop.ee\/ru\/wp-json\/wp\/v2\/media?parent=105789"}],"wp:term":[{"taxonomy":"product_brand","embeddable":true,"href":"https:\/\/ecoshop.ee\/ru\/wp-json\/wp\/v2\/product_brand?post=105789"},{"taxonomy":"product_cat","embeddable":true,"href":"https:\/\/ecoshop.ee\/ru\/wp-json\/wp\/v2\/product_cat?post=105789"},{"taxonomy":"product_tag","embeddable":true,"href":"https:\/\/ecoshop.ee\/ru\/wp-json\/wp\/v2\/product_tag?post=105789"}],"curies":[{"name":"wp","href":"https:\/\/api.w.org\/{rel}","templated":true}]}}