{"id":105798,"date":"2025-05-01T01:19:46","date_gmt":"2025-04-30T22:19:46","guid":{"rendered":"https:\/\/ecoshop.ee\/?post_type=product&#038;p=105798"},"modified":"2025-12-25T19:02:47","modified_gmt":"2025-12-25T16:02:47","slug":"%d0%b2%d0%b5%d0%b3%d0%b0%d0%bd%d1%81%d0%ba%d0%b8%d0%b9-%d1%81%d1%83%d1%85%d0%be%d0%b9-%d0%ba%d0%be%d1%80%d0%bc-%d0%b4%d0%bb%d1%8f-%d0%b2%d0%b7%d1%80%d0%be%d1%81%d0%bb%d1%8b%d1%85-%d1%81%d0%be%d0%b1","status":"publish","type":"product","link":"https:\/\/ecoshop.ee\/ru\/lemmikloomatoit\/vegan-margtoit-taiskasvanud-koerale-porgand-ja-kartul-400g\/","title":{"rendered":"\u0412\u0435\u0433\u0430\u043d\u0441\u043a\u0438\u0439 \u0432\u043b\u0430\u0436\u043d\u044b\u0439 \u043a\u043e\u0440\u043c \u0434\u043b\u044f \u0432\u0437\u0440\u043e\u0441\u043b\u044b\u0445 \u0441\u043e\u0431\u0430\u043a, \u043c\u043e\u0440\u043a\u043e\u0432\u044c \u0438 \u043a\u0430\u0440\u0442\u043e\u0444\u0435\u043b\u044c, 400 \u0433."},"content":{"rendered":"<p class=\"\" data-start=\"209\" data-end=\"472\">Ami \u2014 \u044d\u0442\u043e \u0432\u043b\u0430\u0436\u043d\u044b\u0439 \u043a\u043e\u0440\u043c \u043d\u0430 \u0440\u0430\u0441\u0442\u0438\u0442\u0435\u043b\u044c\u043d\u043e\u0439 \u043e\u0441\u043d\u043e\u0432\u0435, \u043f\u0440\u0435\u0434\u043b\u0430\u0433\u0430\u044e\u0449\u0438\u0439 \u0432\u0437\u0440\u043e\u0441\u043b\u044b\u043c \u0441\u043e\u0431\u0430\u043a\u0430\u043c \u043f\u0440\u0438\u044f\u0442\u043d\u0443\u044e \u0438 \u0441\u0431\u0430\u043b\u0430\u043d\u0441\u0438\u0440\u043e\u0432\u0430\u043d\u043d\u0443\u044e \u0430\u043b\u044c\u0442\u0435\u0440\u043d\u0430\u0442\u0438\u0432\u0443 \u043e\u0431\u044b\u0447\u043d\u043e\u043c\u0443 \u043a\u043e\u0440\u043c\u0443. \u0412 \u044d\u0442\u043e\u043c \u0432\u0430\u0440\u0438\u0430\u043d\u0442\u0435 \u0432\u043a\u0443\u0441 \u043f\u043e\u0434\u0447\u0435\u0440\u043a\u0438\u0432\u0430\u0435\u0442\u0441\u044f \u043c\u043e\u0440\u043a\u043e\u0432\u044c\u044e \u0438 \u043a\u0430\u0440\u0442\u043e\u0444\u0435\u043b\u0435\u043c \u2014 \u043f\u0440\u043e\u0441\u0442\u044b\u043c\u0438, \u043d\u043e \u043f\u0438\u0442\u0430\u0442\u0435\u043b\u044c\u043d\u044b\u043c\u0438 \u043e\u0432\u043e\u0449\u0430\u043c\u0438, \u043a\u043e\u0442\u043e\u0440\u044b\u0435 \u043f\u043e\u0434\u0445\u043e\u0434\u044f\u0442 \u0434\u0430\u0436\u0435 \u0434\u043b\u044f \u043f\u0438\u0442\u043e\u043c\u0446\u0435\u0432 \u0441 \u0431\u043e\u043b\u0435\u0435 \u0447\u0443\u0432\u0441\u0442\u0432\u0438\u0442\u0435\u043b\u044c\u043d\u044b\u043c \u043f\u0438\u0449\u0435\u0432\u0430\u0440\u0435\u043d\u0438\u0435\u043c.<\/p>\n<p class=\"\" data-start=\"474\" data-end=\"789\">\u041a\u043e\u0440\u043c \u043d\u0435 \u0441\u043e\u0434\u0435\u0440\u0436\u0438\u0442 \u043c\u044f\u0441\u0430 (100%) \u0438 \u043f\u043e\u0434\u0445\u043e\u0434\u0438\u0442 \u0434\u043b\u044f \u0435\u0436\u0435\u0434\u043d\u0435\u0432\u043d\u043e\u0433\u043e \u043a\u043e\u0440\u043c\u043b\u0435\u043d\u0438\u044f \u0438\u043b\u0438 \u0432 \u043a\u0430\u0447\u0435\u0441\u0442\u0432\u0435 \u0432\u0435\u0433\u0435\u0442\u0430\u0440\u0438\u0430\u043d\u0441\u043a\u043e\u0439 \u0430\u043b\u044c\u0442\u0435\u0440\u043d\u0430\u0442\u0438\u0432\u044b. \u0421\u0435\u0440\u0438\u044f Ami V-LOVE \u0440\u0430\u0437\u0440\u0430\u0431\u043e\u0442\u0430\u043d\u0430 \u0434\u043b\u044f \u0432\u043b\u0430\u0434\u0435\u043b\u044c\u0446\u0435\u0432 \u0441\u043e\u0431\u0430\u043a, \u043a\u043e\u0442\u043e\u0440\u044b\u0435 \u0445\u043e\u0442\u044f\u0442 \u043e\u0431\u0435\u0441\u043f\u0435\u0447\u0438\u0442\u044c \u0441\u0432\u043e\u0438\u043c \u0447\u0435\u0442\u0432\u0435\u0440\u043e\u043d\u043e\u0433\u0438\u043c \u0434\u0440\u0443\u0437\u044c\u044f\u043c \u0431\u043e\u043b\u0435\u0435 \u0437\u0434\u043e\u0440\u043e\u0432\u043e\u0435 \u0438 \u0440\u0430\u0437\u043d\u043e\u043e\u0431\u0440\u0430\u0437\u043d\u043e\u0435 \u043f\u0438\u0442\u0430\u043d\u0438\u0435. \u041c\u044f\u0433\u043a\u0430\u044f \u0438 \u0441\u043e\u0447\u043d\u0430\u044f \u0442\u0435\u043a\u0441\u0442\u0443\u0440\u0430 \u0432\u043b\u0430\u0436\u043d\u043e\u0433\u043e \u043a\u043e\u0440\u043c\u0430 \u0442\u0430\u043a\u0436\u0435 \u0438\u0434\u0435\u0430\u043b\u044c\u043d\u043e \u043f\u043e\u0434\u0445\u043e\u0434\u0438\u0442 \u0434\u043b\u044f \u043f\u043e\u0436\u0438\u043b\u044b\u0445 \u0438\u043b\u0438 \u043f\u0440\u0438\u0432\u0435\u0440\u0435\u0434\u043b\u0438\u0432\u044b\u0445 \u0441\u043e\u0431\u0430\u043a.<\/p>\n<ul data-start=\"791\" data-end=\"1019\">\n<li class=\"\" data-start=\"791\" data-end=\"846\">\n<p class=\"\" data-start=\"793\" data-end=\"846\">\u041f\u043e\u043b\u043d\u043e\u0446\u0435\u043d\u043d\u044b\u0439 \u0432\u0435\u0433\u0430\u043d\u0441\u043a\u0438\u0439 \u0432\u043b\u0430\u0436\u043d\u044b\u0439 \u043a\u043e\u0440\u043c \u0434\u043b\u044f \u0432\u0437\u0440\u043e\u0441\u043b\u044b\u0445 \u0441\u043e\u0431\u0430\u043a<\/p>\n<\/li>\n<li class=\"\" data-start=\"847\" data-end=\"892\">\n<p class=\"\" data-start=\"849\" data-end=\"892\">\u0421\u043e\u0447\u0435\u0442\u0430\u043d\u0438\u0435 \u0432\u043a\u0443\u0441\u043e\u0432 \u0441 \u043c\u043e\u0440\u043a\u043e\u0432\u044c\u044e \u0438 \u043a\u0430\u0440\u0442\u043e\u0444\u0435\u043b\u0435\u043c<\/p>\n<\/li>\n<li class=\"\" data-start=\"893\" data-end=\"948\">\n<p class=\"\" data-start=\"895\" data-end=\"948\">\u041f\u043e\u0434\u0445\u043e\u0434\u0438\u0442 \u0434\u043b\u044f \u0435\u0436\u0435\u0434\u043d\u0435\u0432\u043d\u043e\u0433\u043e \u043a\u043e\u0440\u043c\u043b\u0435\u043d\u0438\u044f \u0438\u043b\u0438 \u0432 \u043a\u0430\u0447\u0435\u0441\u0442\u0432\u0435 \u043f\u0435\u0440\u0435\u043a\u0443\u0441\u0430.<\/p>\n<\/li>\n<li class=\"\" data-start=\"949\" data-end=\"974\">\n<p class=\"\" data-start=\"951\" data-end=\"974\">100% \u2014 \u0440\u0430\u0441\u0442\u0438\u0442\u0435\u043b\u044c\u043d\u044b\u0439 \u043f\u0440\u043e\u0434\u0443\u043a\u0442 \u0431\u0435\u0437 \u043c\u044f\u0441\u0430.<\/p>\n<\/li>\n<li class=\"\" data-start=\"975\" data-end=\"1019\">\n<p class=\"\" data-start=\"977\" data-end=\"1019\">\u0414\u043e\u0441\u0442\u0443\u043f\u0435\u043d \u0432 \u043d\u0435\u0441\u043a\u043e\u043b\u044c\u043a\u0438\u0445 \u0432\u0430\u0440\u0438\u0430\u043d\u0442\u0430\u0445 \u0441 \u043e\u0432\u043e\u0449\u043d\u044b\u043c \u0432\u043a\u0443\u0441\u043e\u043c.<\/p>\n<\/li>\n<\/ul>\n<p>&nbsp;<\/p>\n<p class=\"\" data-start=\"110\" data-end=\"365\"><strong data-start=\"110\" data-end=\"150\">\u041f\u0438\u0449\u0435\u0432\u044b\u0435 \u0434\u043e\u0431\u0430\u0432\u043a\u0438 (\u043d\u0430 1 \u043a\u0433):<\/strong><br data-start=\"150\" data-end=\"153\" \/>\u0412\u0438\u0442\u0430\u043c\u0438\u043d \u0410 3214 \u041c\u0415, \u0432\u0438\u0442\u0430\u043c\u0438\u043d D3 242 \u041c\u0415, \u0446\u0438\u043d\u043a (\u0441\u0443\u043b\u044c\u0444\u0430\u0442 \u0446\u0438\u043d\u043a\u0430, \u043c\u043e\u043d\u043e\u0433\u0438\u0434\u0440\u0430\u0442) 35,7 \u043c\u0433, \u043c\u0430\u0440\u0433\u0430\u043d\u0435\u0446 (\u0441\u0443\u043b\u044c\u0444\u0430\u0442 \u043c\u0430\u0440\u0433\u0430\u043d\u0446\u0430, \u043c\u043e\u043d\u043e\u0433\u0438\u0434\u0440\u0430\u0442) 2 \u043c\u0433, \u043c\u0435\u0434\u044c (\u0441\u0443\u043b\u044c\u0444\u0430\u0442 \u043c\u0435\u0434\u0438(II), \u043f\u0435\u043d\u0442\u0430\u0433\u0438\u0434\u0440\u0430\u0442) 1,43 \u043c\u0433, \u0439\u043e\u0434 (\u0439\u043e\u0434\u0430\u0442 \u043a\u0430\u043b\u044c\u0446\u0438\u044f, \u0431\u0435\u0437\u0432\u043e\u0434\u043d\u044b\u0439) 1,07 \u043c\u0433.<\/p>\n<p class=\"\" data-start=\"367\" data-end=\"568\"><strong data-start=\"367\" data-end=\"387\">\u0420\u0435\u043a\u043e\u043c\u0435\u043d\u0434\u0430\u0446\u0438\u0438 \u043f\u043e \u043a\u043e\u0440\u043c\u043b\u0435\u043d\u0438\u044e:<\/strong><br data-start=\"387\" data-end=\"390\" \/>\u0421\u043b\u0435\u0434\u0443\u0439\u0442\u0435 \u0438\u043d\u0441\u0442\u0440\u0443\u043a\u0446\u0438\u044f\u043c, \u0443\u043a\u0430\u0437\u0430\u043d\u043d\u044b\u043c \u043d\u0430 \u0438\u0437\u0434\u0435\u043b\u0438\u0438.<br data-start=\"423\" data-end=\"426\" \/>(\u041f\u0440\u0438\u0432\u0435\u0434\u0435\u043d\u043d\u044b\u0435 \u0437\u043d\u0430\u0447\u0435\u043d\u0438\u044f \u044f\u0432\u043b\u044f\u044e\u0442\u0441\u044f \u043f\u0440\u0438\u0431\u043b\u0438\u0437\u0438\u0442\u0435\u043b\u044c\u043d\u044b\u043c\u0438 \u0438 \u0434\u043e\u043b\u0436\u043d\u044b \u0431\u044b\u0442\u044c \u0441\u043a\u043e\u0440\u0440\u0435\u043a\u0442\u0438\u0440\u043e\u0432\u0430\u043d\u044b \u0432 \u0441\u043e\u043e\u0442\u0432\u0435\u0442\u0441\u0442\u0432\u0438\u0438 \u0441 \u0438\u043d\u0434\u0438\u0432\u0438\u0434\u0443\u0430\u043b\u044c\u043d\u044b\u043c\u0438 \u043f\u043e\u0442\u0440\u0435\u0431\u043d\u043e\u0441\u0442\u044f\u043c\u0438 \u0441\u043e\u0431\u0430\u043a\u0438, \u0442\u0430\u043a\u0438\u043c\u0438 \u043a\u0430\u043a \u0443\u0440\u043e\u0432\u0435\u043d\u044c \u0430\u043a\u0442\u0438\u0432\u043d\u043e\u0441\u0442\u0438, \u043f\u043e\u0440\u043e\u0434\u0430, \u043c\u0435\u0442\u0430\u0431\u043e\u043b\u0438\u0437\u043c, \u0432\u0440\u0435\u043c\u044f \u0433\u043e\u0434\u0430 \u0438 \u0442. \u0434.)<\/p>","protected":false},"excerpt":{"rendered":"<p>Ami on taimne m\u00e4rgtoit, mis pakub t\u00e4iskasvanud koertele m\u00f5nusat ja tasakaalustatud vaheldust tavatoidule. Selles variandis r\u00f5hutavad maitset porgand ja kartul \u2013 lihtsad,&hellip;<\/p>","protected":false},"featured_media":105799,"comment_status":"open","ping_status":"closed","template":"","meta":{"wprm-recipe-roundup-name":"","wprm-recipe-roundup-description":""},"product_brand":[],"product_cat":[5784],"product_tag":[5785],"class_list":{"0":"post-105798","1":"product","2":"type-product","3":"status-publish","4":"has-post-thumbnail","6":"product_cat-lemmikloomatoit","7":"product_tag-koeratoit","8":"j79_wcxd_expiry_type-best-before","10":"first","11":"instock","12":"taxable","13":"shipping-taxable","14":"purchasable","15":"product-type-simple"},"supplier_id":9137,"supplier_sku":"","barcode":"8032573040475","atum_controlled":true,"out_stock_date":null,"out_stock_threshold":null,"inheritable":false,"inbound_stock":0,"stock_on_hold":0,"sold_today":0,"sales_last_days":0,"reserved_stock":0,"customer_returns":0,"warehouse_damage":0,"lost_in_post":0,"other_logs":0,"out_stock_days":0,"lost_sales":0,"has_location":false,"update_date":"2026-03-07T01:16:08","atum_locations":[],"atum_stock_status":"instock","restock_status":false,"low_stock_amount":"","sales_update_date":"2026-03-07T01:16:08","calc_backorders":null,"aioseo_notices":[],"_links":{"self":[{"href":"https:\/\/ecoshop.ee\/ru\/wp-json\/wp\/v2\/product\/105798","targetHints":{"allow":["GET"]}}],"collection":[{"href":"https:\/\/ecoshop.ee\/ru\/wp-json\/wp\/v2\/product"}],"about":[{"href":"https:\/\/ecoshop.ee\/ru\/wp-json\/wp\/v2\/types\/product"}],"replies":[{"embeddable":true,"href":"https:\/\/ecoshop.ee\/ru\/wp-json\/wp\/v2\/comments?post=105798"}],"version-history":[{"count":0,"href":"https:\/\/ecoshop.ee\/ru\/wp-json\/wp\/v2\/product\/105798\/revisions"}],"wp:featuredmedia":[{"embeddable":true,"href":"https:\/\/ecoshop.ee\/ru\/wp-json\/wp\/v2\/media\/105799"}],"wp:attachment":[{"href":"https:\/\/ecoshop.ee\/ru\/wp-json\/wp\/v2\/media?parent=105798"}],"wp:term":[{"taxonomy":"product_brand","embeddable":true,"href":"https:\/\/ecoshop.ee\/ru\/wp-json\/wp\/v2\/product_brand?post=105798"},{"taxonomy":"product_cat","embeddable":true,"href":"https:\/\/ecoshop.ee\/ru\/wp-json\/wp\/v2\/product_cat?post=105798"},{"taxonomy":"product_tag","embeddable":true,"href":"https:\/\/ecoshop.ee\/ru\/wp-json\/wp\/v2\/product_tag?post=105798"}],"curies":[{"name":"wp","href":"https:\/\/api.w.org\/{rel}","templated":true}]}}