{"id":106040,"date":"2025-05-22T23:46:02","date_gmt":"2025-05-22T20:46:02","guid":{"rendered":"https:\/\/ecoshop.ee\/?post_type=product&#038;p=106040"},"modified":"2026-05-08T22:19:52","modified_gmt":"2026-05-08T19:19:52","slug":"%d0%bf%d1%80%d0%be%d1%82%d0%b5%d0%b8%d0%bd%d0%be%d0%b2%d1%8b%d0%b5-%d1%88%d0%b0%d1%80%d0%b8%d0%ba%d0%b8-better-%d1%81-%d0%ba%d0%b0%d0%ba%d0%b0%d0%be-%d0%bd%d0%b0%d1%87%d0%b8%d0%bd%d0%ba%d0%be%d0%b9","status":"publish","type":"product","link":"https:\/\/ecoshop.ee\/ru\/proteiinibatoonid\/bettr-proteiinipallid-kakaotaidisega-mahe-45g\/","title":{"rendered":"\u041f\u0440\u043e\u0442\u0435\u0438\u043d\u043e\u0432\u044b\u0435 \u0448\u0430\u0440\u0438\u043a\u0438 Bett&#039;r \u0441 \u043a\u0430\u043a\u0430\u043e-\u043d\u0430\u0447\u0438\u043d\u043a\u043e\u0439, \u043e\u0440\u0433\u0430\u043d\u0438\u0447\u0435\u0441\u043a\u0438\u0435, 45 \u0433"},"content":{"rendered":"<p data-start=\"58\" data-end=\"204\">\u0417\u0430\u0440\u044f\u0434\u0438\u0442\u0435\u0441\u044c \u044d\u043d\u0435\u0440\u0433\u0438\u0435\u0439 \u043f\u0440\u0438\u0440\u043e\u0434\u044b! \u041d\u043e\u0432\u044b\u0435 \u043e\u0440\u0433\u0430\u043d\u0438\u0447\u0435\u0441\u043a\u0438\u0435 \u043f\u0440\u043e\u0442\u0435\u0438\u043d\u043e\u0432\u044b\u0435 \u0448\u0430\u0440\u0438\u043a\u0438 Bett&#039;r \u0441 \u043a\u0430\u043a\u0430\u043e-\u043d\u0430\u0447\u0438\u043d\u043a\u043e\u0439 \u2014 \u044d\u0442\u043e \u0432\u043a\u0443\u0441\u043d\u044b\u0439 \u0438 \u044d\u043a\u043e\u043b\u043e\u0433\u0438\u0447\u043d\u044b\u0439 \u0441\u043f\u043e\u0441\u043e\u0431 \u043d\u0430\u0447\u0430\u0442\u044c \u0441\u0432\u043e\u0439 \u0434\u0435\u043d\u044c.<\/p>\n<p data-start=\"206\" data-end=\"510\">\u0412 \u0441\u043e\u0441\u0442\u0430\u0432 \u044d\u0442\u0438\u0445 \u043c\u0430\u043b\u0435\u043d\u044c\u043a\u0438\u0445 \u044d\u043d\u0435\u0440\u0433\u0435\u0442\u0438\u0447\u0435\u0441\u043a\u0438\u0445 \u0431\u043e\u043c\u0431 \u0432\u0445\u043e\u0434\u044f\u0442:<br data-start=\"245\" data-end=\"248\" \/><strong data-start=\"250\" data-end=\"261\">\u0414\u0430\u0442\u044b<\/strong> \u2013 \u043f\u0440\u0438\u0440\u043e\u0434\u043d\u044b\u0439 \u0438\u0441\u0442\u043e\u0447\u043d\u0438\u043a \u044d\u043d\u0435\u0440\u0433\u0438\u0438 \u0438 \u0432\u043e\u043b\u043e\u043a\u043d\u0430<br data-start=\"301\" data-end=\"304\" \/><b>\u0410\u0440\u0430\u0445\u0438\u0441<\/b>\u00a0\u2013 \u0431\u043e\u0433\u0430\u0442 \u043f\u043e\u043b\u0435\u0437\u043d\u044b\u043c\u0438 \u0436\u0438\u0440\u0430\u043c\u0438 \u0438 \u0440\u0430\u0441\u0442\u0438\u0442\u0435\u043b\u044c\u043d\u044b\u043c \u0431\u0435\u043b\u043a\u043e\u043c<br data-start=\"361\" data-end=\"364\" \/><strong data-start=\"366\" data-end=\"394\">\u0411\u0435\u043b\u043e\u043a \u0438\u0437 \u0440\u0438\u0441\u0430 \u0438 \u0433\u043e\u0440\u043e\u0445\u0430<\/strong> \u2013 \u0432\u044b\u0441\u043e\u043a\u043e\u043a\u0430\u0447\u0435\u0441\u0442\u0432\u0435\u043d\u043d\u0430\u044f \u043f\u043e\u0434\u0434\u0435\u0440\u0436\u043a\u0430 \u043c\u044b\u0448\u0446 \u0438 \u0432\u043e\u0441\u0441\u0442\u0430\u043d\u043e\u0432\u043b\u0435\u043d\u0438\u0435<br data-start=\"439\" data-end=\"442\" \/><strong data-start=\"444\" data-end=\"460\">\u041a\u0430\u043a\u0430\u043e-\u043f\u043e\u0440\u043e\u0448\u043e\u043a<\/strong> \u2013 \u043d\u0430\u0441\u044b\u0449\u0435\u043d\u043d\u044b\u0439 \u0432\u043a\u0443\u0441 \u0438 \u043d\u0430\u0442\u0443\u0440\u0430\u043b\u044c\u043d\u044b\u0435 \u0430\u043d\u0442\u0438\u043e\u043a\u0441\u0438\u0434\u0430\u043d\u0442\u044b<\/p>\n<ul>\n<li data-start=\"512\" data-end=\"607\">\u041e\u0440\u0433\u0430\u043d\u0438\u0447\u0435\u0441\u043a\u0438\u0439<\/li>\n<li data-start=\"512\" data-end=\"607\">\u0412\u0435\u0433\u0430\u043d\u0441\u043a\u0438\u0439<\/li>\n<li data-start=\"512\" data-end=\"607\">\u041d\u0435 \u0441\u043e\u0434\u0435\u0440\u0436\u0438\u0442 \u0433\u043b\u044e\u0442\u0435\u043d<\/li>\n<li data-start=\"512\" data-end=\"607\">\u0411\u0435\u0437 \u0440\u0430\u0444\u0438\u043d\u0438\u0440\u043e\u0432\u0430\u043d\u043d\u043e\u0433\u043e \u0441\u0430\u0445\u0430\u0440\u0430 \u0438 \u0438\u0441\u043a\u0443\u0441\u0441\u0442\u0432\u0435\u043d\u043d\u044b\u0445 \u0434\u043e\u0431\u0430\u0432\u043e\u043a.<\/li>\n<\/ul>\n<p data-start=\"609\" data-end=\"736\" data-is-last-node=\"\" data-is-only-node=\"\">\u0418\u0434\u0435\u0430\u043b\u044c\u043d\u043e \u043f\u043e\u0434\u0445\u043e\u0434\u0438\u0442 \u0434\u043b\u044f \u043f\u0435\u0440\u0435\u043a\u0443\u0441\u0430 \u0434\u043e \u0438\u043b\u0438 \u043f\u043e\u0441\u043b\u0435 \u0442\u0440\u0435\u043d\u0438\u0440\u043e\u0432\u043a\u0438, \u0431\u044b\u0441\u0442\u0440\u043e\u0433\u043e \u043f\u0435\u0440\u0435\u043a\u0443\u0441\u0430 \u0432 \u043e\u0444\u0438\u0441\u0435 \u0438\u043b\u0438 \u0434\u043b\u044f \u043d\u0430\u0447\u0430\u043b\u0430 \u0434\u043d\u044f. \u041e\u0434\u0438\u043d \u0448\u0430\u0440\u0438\u043a \u0441\u044a\u0435\u0448\u044c\u0442\u0435 \u0441\u0430\u043c\u0438, \u0430 \u0434\u0440\u0443\u0433\u043e\u0439 \u043f\u043e\u0434\u0435\u043b\u0438\u0442\u0435\u0441\u044c \u0441 \u0434\u0440\u0443\u0433\u0438\u043c\u0438!<\/p>","protected":false},"excerpt":{"rendered":"<p>Lae end loodusliku energiaga! Bett\u2019r uued mahep\u00f5llumajandusest p\u00e4rit proteiinipallid kakaot\u00e4idisega on maitsev ja teadlik viis p\u00e4eva k\u00e4ima l\u00fckata. Need v\u00e4ikesed energiapommid sisaldavad:Datleid&hellip;<\/p>","protected":false},"featured_media":106041,"comment_status":"open","ping_status":"closed","template":"","meta":{"wprm-recipe-roundup-name":"","wprm-recipe-roundup-description":""},"product_brand":[11995],"product_cat":[144,160,302],"product_tag":[],"class_list":{"0":"post-106040","1":"product","2":"type-product","3":"status-publish","4":"has-post-thumbnail","6":"product_brand-bettr","7":"product_cat-proteiinibatoonid","8":"product_cat-kommid","9":"product_cat-gluteenivaba","10":"j79_wcxd_expiry_type-expiry-date","12":"first","13":"instock","14":"taxable","15":"shipping-taxable","16":"purchasable","17":"product-type-simple"},"supplier_id":9165,"supplier_sku":"","barcode":"3800233782776","atum_controlled":true,"out_stock_date":null,"out_stock_threshold":null,"inheritable":false,"inbound_stock":0,"stock_on_hold":0,"sold_today":0,"sales_last_days":0,"reserved_stock":0,"customer_returns":0,"warehouse_damage":0,"lost_in_post":0,"other_logs":0,"out_stock_days":18,"lost_sales":12,"has_location":false,"update_date":"2026-05-08T19:19:53","atum_locations":[],"atum_stock_status":"instock","restock_status":false,"low_stock_amount":"","sales_update_date":"2026-04-06T20:01:11","calc_backorders":null,"aioseo_notices":[],"_links":{"self":[{"href":"https:\/\/ecoshop.ee\/ru\/wp-json\/wp\/v2\/product\/106040","targetHints":{"allow":["GET"]}}],"collection":[{"href":"https:\/\/ecoshop.ee\/ru\/wp-json\/wp\/v2\/product"}],"about":[{"href":"https:\/\/ecoshop.ee\/ru\/wp-json\/wp\/v2\/types\/product"}],"replies":[{"embeddable":true,"href":"https:\/\/ecoshop.ee\/ru\/wp-json\/wp\/v2\/comments?post=106040"}],"version-history":[{"count":2,"href":"https:\/\/ecoshop.ee\/ru\/wp-json\/wp\/v2\/product\/106040\/revisions"}],"predecessor-version":[{"id":396159,"href":"https:\/\/ecoshop.ee\/ru\/wp-json\/wp\/v2\/product\/106040\/revisions\/396159"}],"wp:featuredmedia":[{"embeddable":true,"href":"https:\/\/ecoshop.ee\/ru\/wp-json\/wp\/v2\/media\/106041"}],"wp:attachment":[{"href":"https:\/\/ecoshop.ee\/ru\/wp-json\/wp\/v2\/media?parent=106040"}],"wp:term":[{"taxonomy":"product_brand","embeddable":true,"href":"https:\/\/ecoshop.ee\/ru\/wp-json\/wp\/v2\/product_brand?post=106040"},{"taxonomy":"product_cat","embeddable":true,"href":"https:\/\/ecoshop.ee\/ru\/wp-json\/wp\/v2\/product_cat?post=106040"},{"taxonomy":"product_tag","embeddable":true,"href":"https:\/\/ecoshop.ee\/ru\/wp-json\/wp\/v2\/product_tag?post=106040"}],"curies":[{"name":"wp","href":"https:\/\/api.w.org\/{rel}","templated":true}]}}