{"id":106045,"date":"2025-05-23T00:16:21","date_gmt":"2025-05-22T21:16:21","guid":{"rendered":"https:\/\/ecoshop.ee\/?post_type=product&#038;p=106045"},"modified":"2025-12-25T18:46:29","modified_gmt":"2025-12-25T15:46:29","slug":"%d0%bb%d1%83%d1%87%d1%88%d0%b8%d0%b5-%d1%86%d0%b2%d0%b5%d1%82%d0%bd%d1%8b%d0%b5-%d0%b4%d1%80%d0%b0%d0%b7%d1%8b-%d0%be%d1%80%d0%b3%d0%b0%d0%bd%d0%b8%d1%87%d0%b5%d1%81%d0%ba%d0%b8%d0%b5-70-%d0%b3","status":"publish","type":"product","link":"https:\/\/ecoshop.ee\/ru\/kommid\/bettr-varvilised-drazeed-mahe-70g\/","title":{"rendered":"\u0426\u0432\u0435\u0442\u043d\u044b\u0435 \u0434\u0440\u0430\u0436\u0435 Better&#039;r, \u043e\u0440\u0433\u0430\u043d\u0438\u0447\u0435\u0441\u043a\u0438\u0435, 70 \u0433"},"content":{"rendered":"<p data-start=\"42\" data-end=\"118\">\u0412\u0430\u0448\u0438 \u043b\u044e\u0431\u0438\u043c\u044b\u0435 \u0440\u0430\u0437\u043d\u043e\u0446\u0432\u0435\u0442\u043d\u044b\u0435 \u0434\u0440\u0430\u0436\u0435 \u0441 \u0442\u0435\u043c\u043d\u044b\u043c \u0448\u043e\u043a\u043e\u043b\u0430\u0434\u043e\u043c \u0442\u0435\u043f\u0435\u0440\u044c \u0441\u0442\u0430\u043b\u0438 \u0435\u0449\u0435 \u0432\u043a\u0443\u0441\u043d\u0435\u0435!<\/p>\n<p data-start=\"120\" data-end=\"247\">\u042d\u0442\u0438 \u043d\u0435\u0432\u0435\u0440\u043e\u044f\u0442\u043d\u043e \u0432\u043a\u0443\u0441\u043d\u044b\u0435 \u0448\u043e\u043a\u043e\u043b\u0430\u0434\u043d\u044b\u0435 \u043a\u043e\u043d\u0444\u0435\u0442\u044b:<br data-start=\"159\" data-end=\"162\" \/>\u2013 \u043d\u0435 \u0441\u043e\u0434\u0435\u0440\u0436\u0438\u0442 \u0438\u0441\u043a\u0443\u0441\u0441\u0442\u0432\u0435\u043d\u043d\u044b\u0445 \u043a\u0440\u0430\u0441\u0438\u0442\u0435\u043b\u0435\u0439<br data-start=\"196\" data-end=\"199\" \/>\u2013 \u043f\u043e\u043b\u043d\u043e\u0441\u0442\u044c\u044e \u043d\u0435 \u0441\u043e\u0434\u0435\u0440\u0436\u0430\u0442 \u043c\u043e\u043b\u043e\u0447\u043d\u044b\u0445 \u043f\u0440\u043e\u0434\u0443\u043a\u0442\u043e\u0432<br data-start=\"222\" data-end=\"225\" \/>\u2013 \u043f\u043e\u0434\u0445\u043e\u0434\u0438\u0442 \u0434\u043b\u044f \u0432\u0435\u0433\u0430\u043d\u043e\u0432<\/p>\n<ul>\n<li data-start=\"249\" data-end=\"307\">100% \u043e\u0440\u0433\u0430\u043d\u0438\u0447\u0435\u0441\u043a\u0438\u0439<\/li>\n<li data-start=\"249\" data-end=\"307\">\u0412\u0435\u0433\u0430\u043d\u0441\u043a\u0438\u0439<\/li>\n<li data-start=\"249\" data-end=\"307\">\u0411\u0435\u0437 \u0438\u0441\u043a\u0443\u0441\u0441\u0442\u0432\u0435\u043d\u043d\u044b\u0445 \u043a\u0440\u0430\u0441\u0438\u0442\u0435\u043b\u0435\u0439<\/li>\n<\/ul>","protected":false},"excerpt":{"rendered":"<p>Sinu lemmikud v\u00e4rvilised dra\u017eeed tumeda \u0161okolaadiga on n\u00fc\u00fcd veelgi paremad! Need vastupandamatult maitsvad \u0161okolaadin\u00f6\u00f6bid:\u2013 ei sisalda kunstlikke v\u00e4rvaineid\u2013 on t\u00e4iesti piimavabad\u2013 sobivad&hellip;<\/p>","protected":false},"featured_media":106046,"comment_status":"open","ping_status":"closed","template":"","meta":{"wprm-recipe-roundup-name":"","wprm-recipe-roundup-description":""},"product_brand":[11995],"product_cat":[160,303],"product_tag":[],"class_list":{"0":"post-106045","1":"product","2":"type-product","3":"status-publish","4":"has-post-thumbnail","6":"product_brand-bettr","7":"product_cat-kommid","8":"product_cat-mahetooted","9":"j79_wcxd_expiry_type-best-before","11":"first","12":"instock","13":"taxable","14":"shipping-taxable","15":"purchasable","16":"product-type-simple"},"supplier_id":9165,"supplier_sku":"","barcode":"3800233780109","atum_controlled":true,"out_stock_date":null,"out_stock_threshold":null,"inheritable":false,"inbound_stock":0,"stock_on_hold":0,"sold_today":0,"sales_last_days":0,"reserved_stock":0,"customer_returns":0,"warehouse_damage":0,"lost_in_post":0,"other_logs":0,"out_stock_days":0,"lost_sales":0,"has_location":false,"update_date":"2026-04-06T20:01:11","atum_locations":[],"atum_stock_status":"instock","restock_status":false,"low_stock_amount":"","sales_update_date":"2026-04-06T20:01:11","calc_backorders":null,"aioseo_notices":[],"_links":{"self":[{"href":"https:\/\/ecoshop.ee\/ru\/wp-json\/wp\/v2\/product\/106045","targetHints":{"allow":["GET"]}}],"collection":[{"href":"https:\/\/ecoshop.ee\/ru\/wp-json\/wp\/v2\/product"}],"about":[{"href":"https:\/\/ecoshop.ee\/ru\/wp-json\/wp\/v2\/types\/product"}],"replies":[{"embeddable":true,"href":"https:\/\/ecoshop.ee\/ru\/wp-json\/wp\/v2\/comments?post=106045"}],"version-history":[{"count":0,"href":"https:\/\/ecoshop.ee\/ru\/wp-json\/wp\/v2\/product\/106045\/revisions"}],"wp:featuredmedia":[{"embeddable":true,"href":"https:\/\/ecoshop.ee\/ru\/wp-json\/wp\/v2\/media\/106046"}],"wp:attachment":[{"href":"https:\/\/ecoshop.ee\/ru\/wp-json\/wp\/v2\/media?parent=106045"}],"wp:term":[{"taxonomy":"product_brand","embeddable":true,"href":"https:\/\/ecoshop.ee\/ru\/wp-json\/wp\/v2\/product_brand?post=106045"},{"taxonomy":"product_cat","embeddable":true,"href":"https:\/\/ecoshop.ee\/ru\/wp-json\/wp\/v2\/product_cat?post=106045"},{"taxonomy":"product_tag","embeddable":true,"href":"https:\/\/ecoshop.ee\/ru\/wp-json\/wp\/v2\/product_tag?post=106045"}],"curies":[{"name":"wp","href":"https:\/\/api.w.org\/{rel}","templated":true}]}}