{"id":134160,"date":"2025-07-22T12:45:38","date_gmt":"2025-07-22T09:45:38","guid":{"rendered":"https:\/\/ecoshop.ee\/maaratlemata\/kuttepuude-rest-40x30x80-cm-kulmvaltsitud-teras-2\/"},"modified":"2026-04-19T15:20:42","modified_gmt":"2026-04-19T12:20:42","slug":"%d1%80%d0%b5%d1%88%d0%b5%d1%82%d0%ba%d0%b0-%d0%b4%d0%bb%d1%8f-%d0%b4%d1%80%d0%be%d0%b2-40x30x80-%d1%81%d0%bc-%d1%83%d0%b3%d0%bb%d0%be%d0%b2%d0%b0%d1%8f-%d1%81%d1%82%d0%b0%d0%bb%d1%8c-2-%d1%88%d1%82","status":"publish","type":"product","link":"https:\/\/ecoshop.ee\/ru\/kaminapuude-alused\/kuttepuude-rest-40x30x80-cm-kulmvaltsitud-teras-2\/","title":{"rendered":"\u041f\u043e\u0434\u0441\u0442\u0430\u0432\u043a\u0430 \u0434\u043b\u044f \u0434\u0440\u043e\u0432, 40 x 30 x 80 \u0441\u043c, \u0445\u043e\u043b\u043e\u0434\u043d\u043e\u043a\u0430\u0442\u0430\u043d\u0430\u044f \u0441\u0442\u0430\u043b\u044c."},"content":{"rendered":"<p>\u042d\u0442\u0430 \u043f\u0440\u043e\u0447\u043d\u0430\u044f \u0438 \u0443\u0441\u0442\u043e\u0439\u0447\u0438\u0432\u0430\u044f \u043f\u043e\u0434\u0441\u0442\u0430\u0432\u043a\u0430 \u0434\u043b\u044f \u0434\u0440\u043e\u0432 \u043f\u043e\u043c\u043e\u0436\u0435\u0442 \u0432\u0430\u043c \u0445\u0440\u0430\u043d\u0438\u0442\u044c \u0438\u0445 \u0432 \u043f\u043e\u0440\u044f\u0434\u043a\u0435 \u0438 \u043b\u0435\u0433\u043a\u043e\u0434\u043e\u0441\u0442\u0443\u043f\u043d\u044b\u043c\u0438!<\/p>\n<\/p>\n<ul>\n<li>\u041f\u0440\u043e\u0447\u043d\u0430\u044f \u0438 \u0441\u0442\u0430\u0431\u0438\u043b\u044c\u043d\u0430\u044f: \u0445\u043e\u043b\u043e\u0434\u043d\u043e\u043a\u0430\u0442\u0430\u043d\u0430\u044f \u0441\u0442\u0430\u043b\u044c \u2014 \u044d\u0442\u043e \u0440\u0430\u0437\u043d\u043e\u0432\u0438\u0434\u043d\u043e\u0441\u0442\u044c \u043d\u0438\u0437\u043a\u043e\u0443\u0433\u043b\u0435\u0440\u043e\u0434\u0438\u0441\u0442\u043e\u0439 \u0441\u0442\u0430\u043b\u0438, \u043f\u0440\u043e\u0438\u0437\u0432\u043e\u0434\u0438\u043c\u043e\u0439 \u043c\u0435\u0442\u043e\u0434\u043e\u043c \u201c\u0445\u043e\u043b\u043e\u0434\u043d\u043e\u0439 \u043f\u0440\u043e\u043a\u0430\u0442\u043a\u0438\u201d \u043f\u0440\u0438 \u0442\u0435\u043c\u043f\u0435\u0440\u0430\u0442\u0443\u0440\u0435, \u0431\u043b\u0438\u0437\u043a\u043e\u0439 \u043a \u043a\u043e\u043c\u043d\u0430\u0442\u043d\u043e\u0439. \u0425\u043e\u043b\u043e\u0434\u043d\u043e\u043a\u0430\u0442\u0430\u043d\u0430\u044f \u0441\u0442\u0430\u043b\u044c \u0438\u043c\u0435\u0435\u0442 \u0431\u043e\u043b\u0435\u0435 \u0433\u043b\u0430\u0434\u043a\u0443\u044e \u043f\u043e\u0432\u0435\u0440\u0445\u043d\u043e\u0441\u0442\u044c, \u0431\u043e\u043b\u0435\u0435 \u0432\u044b\u0441\u043e\u043a\u0443\u044e \u043f\u0440\u043e\u0447\u043d\u043e\u0441\u0442\u044c \u0438 \u0431\u043e\u043b\u0435\u0435 \u0432\u044b\u0441\u043e\u043a\u0443\u044e \u0442\u043e\u0447\u043d\u043e\u0441\u0442\u044c.<\/li>\n<li>\u0411\u043e\u043b\u044c\u0448\u0430\u044f \u0432\u043c\u0435\u0441\u0442\u0438\u043c\u043e\u0441\u0442\u044c: \u042d\u0442\u0430 \u0434\u0440\u043e\u0432\u043d\u0438\u0446\u0430 \u043e\u0431\u043b\u0430\u0434\u0430\u0435\u0442 \u0431\u043e\u043b\u044c\u0448\u043e\u0439 \u0432\u043c\u0435\u0441\u0442\u0438\u043c\u043e\u0441\u0442\u044c\u044e, \u043e\u0431\u0435\u0441\u043f\u0435\u0447\u0438\u0432\u0430\u044f \u0434\u043e\u0441\u0442\u0430\u0442\u043e\u0447\u043d\u043e \u043c\u0435\u0441\u0442\u0430 \u0434\u043b\u044f \u0445\u0440\u0430\u043d\u0435\u043d\u0438\u044f \u0434\u0440\u043e\u0432, \u0447\u0442\u043e\u0431\u044b \u0432\u044b \u043c\u043e\u0433\u043b\u0438 \u043f\u043e\u043f\u043e\u043b\u043d\u044f\u0442\u044c \u043e\u0433\u043e\u043d\u044c \u0438 \u043e\u0441\u0442\u0430\u0432\u0430\u0442\u044c\u0441\u044f \u0432 \u0442\u0435\u043f\u043b\u0435 \u0432\u0441\u044e \u0437\u0438\u043c\u0443.<\/li>\n<li>\u041f\u043e\u0441\u043b\u0435 \u043f\u0440\u043e\u0441\u0443\u0448\u043a\u0438: \u041f\u043e\u0434\u0441\u0442\u0430\u0432\u043a\u0430 \u0434\u043b\u044f \u0434\u0440\u043e\u0432 \u0443\u0434\u0435\u0440\u0436\u0438\u0432\u0430\u0435\u0442 \u043f\u043e\u043b\u0435\u043d\u044c\u044f \u043d\u0430\u0434 \u0437\u0435\u043c\u043b\u0435\u0439, \u043e\u0431\u0435\u0441\u043f\u0435\u0447\u0438\u0432\u0430\u044f \u043b\u0443\u0447\u0448\u0443\u044e \u0446\u0438\u0440\u043a\u0443\u043b\u044f\u0446\u0438\u044e \u0432\u043e\u0437\u0434\u0443\u0445\u0430, \u0447\u0442\u043e \u043f\u0440\u0435\u0434\u043e\u0442\u0432\u0440\u0430\u0449\u0430\u0435\u0442 \u0433\u043d\u0438\u0435\u043d\u0438\u0435 \u0434\u0440\u0435\u0432\u0435\u0441\u0438\u043d\u044b \u0438 \u043e\u0434\u043d\u043e\u0432\u0440\u0435\u043c\u0435\u043d\u043d\u043e \u0441\u043f\u043e\u0441\u043e\u0431\u0441\u0442\u0432\u0443\u0435\u0442 \u0434\u0430\u043b\u044c\u043d\u0435\u0439\u0448\u0435\u0439 \u043f\u0440\u043e\u0441\u0443\u0448\u043a\u0435 \u0434\u0440\u043e\u0432.<\/li>\n<li>\u041f\u0440\u0438\u0432\u043b\u0435\u043a\u0430\u0442\u0435\u043b\u044c\u043d\u044b\u0439 \u0434\u0438\u0437\u0430\u0439\u043d: \u0431\u043b\u0430\u0433\u043e\u0434\u0430\u0440\u044f \u0443\u043d\u0438\u043a\u0430\u043b\u044c\u043d\u043e\u043c\u0443 \u0438 \u0441\u0442\u0438\u043b\u044c\u043d\u043e\u043c\u0443 \u0432\u043d\u0435\u0448\u043d\u0435\u043c\u0443 \u0432\u0438\u0434\u0443, \u043f\u043e\u0434\u0441\u0442\u0430\u0432\u043a\u0430 \u0434\u043b\u044f \u0434\u0440\u043e\u0432 \u0441\u043e\u0447\u0435\u0442\u0430\u0435\u0442 \u0432 \u0441\u0435\u0431\u0435 \u0444\u0443\u043d\u043a\u0446\u0438\u043e\u043d\u0430\u043b\u044c\u043d\u043e\u0441\u0442\u044c \u0438 \u044d\u0441\u0442\u0435\u0442\u0438\u0447\u0435\u0441\u043a\u0443\u044e \u043f\u0440\u0438\u0432\u043b\u0435\u043a\u0430\u0442\u0435\u043b\u044c\u043d\u043e\u0441\u0442\u044c, \u043f\u043e\u0434\u0447\u0435\u0440\u043a\u0438\u0432\u0430\u044f \u044d\u043b\u0435\u0433\u0430\u043d\u0442\u043d\u043e\u0441\u0442\u044c \u0432\u0430\u0448\u0435\u0433\u043e \u0438\u043d\u0442\u0435\u0440\u044c\u0435\u0440\u0430 \u0438 \u043e\u0431\u0435\u0441\u043f\u0435\u0447\u0438\u0432\u0430\u044f \u0430\u043a\u043a\u0443\u0440\u0430\u0442\u043d\u043e\u0435 \u0445\u0440\u0430\u043d\u0435\u043d\u0438\u0435 \u0434\u0440\u043e\u0432.<\/li>\n<\/ul>\n<ul>\n<li>\u0426\u0432\u0435\u0442: \u0430\u043d\u0442\u0440\u0430\u0446\u0438\u0442\u043e\u0432\u043e-\u0441\u0435\u0440\u044b\u0439<\/li>\n<li>\u041c\u0430\u0442\u0435\u0440\u0438\u0430\u043b: \u0445\u043e\u043b\u043e\u0434\u043d\u043e\u043a\u0430\u0442\u0430\u043d\u0430\u044f \u0441\u0442\u0430\u043b\u044c<\/li>\n<li>\u0420\u0430\u0437\u043c\u0435\u0440\u044b: 40 x 30 x 80 \u0441\u043c (\u0414 x \u0428 x \u0412)<\/li>\n<li>\u041c\u0430\u043a\u0441\u0438\u043c\u0430\u043b\u044c\u043d\u0430\u044f \u0433\u0440\u0443\u0437\u043e\u043f\u043e\u0434\u044a\u0435\u043c\u043d\u043e\u0441\u0442\u044c (\u043e\u0431\u0449\u0430\u044f): 30 \u043a\u0433<\/li>\n<li>\u0422\u0440\u0435\u0431\u0443\u0435\u0442\u0441\u044f \u0441\u0431\u043e\u0440\u043a\u0430: \u0434\u0430<\/li>\n<\/ul>","protected":false},"excerpt":{"rendered":"<p>Selle tugeva ja stabiilse k\u00fcttepuuriiuliga hoidke oma palgid korras ja lihtsalt juurdep\u00e4\u00e4setavad! Tugev ja stabiilne: k\u00fclmvaltsitud teras on madala s\u00fcsinikusisaldusega terase t\u00fc\u00fcp,&hellip;<\/p>","protected":false},"featured_media":134149,"comment_status":"open","ping_status":"closed","template":"","meta":{"wprm-recipe-roundup-name":"","wprm-recipe-roundup-description":""},"product_brand":[],"product_cat":[3670],"product_tag":[561,4038,4049,536,540],"class_list":{"0":"post-134160","1":"product","2":"type-product","3":"status-publish","4":"has-post-thumbnail","6":"product_cat-kaminapuude-alused","7":"product_tag-antratsiithall","8":"product_tag-kamina-ja-ahjutarvikud","9":"product_tag-kaminapuude-alused","10":"product_tag-kodu-ja-aed","11":"product_tag-parcel","12":"pa_brand-vidaxl","14":"first","15":"instock","16":"taxable","17":"shipping-taxable","18":"purchasable","19":"product-type-simple"},"supplier_id":null,"supplier_sku":"","barcode":null,"atum_controlled":false,"out_stock_date":null,"out_stock_threshold":null,"inheritable":false,"inbound_stock":null,"stock_on_hold":0,"sold_today":0,"sales_last_days":0,"reserved_stock":null,"customer_returns":null,"warehouse_damage":null,"lost_in_post":null,"other_logs":null,"out_stock_days":0,"lost_sales":0,"has_location":null,"update_date":"2026-04-19T12:20:43","atum_locations":[],"atum_stock_status":"instock","restock_status":false,"low_stock_amount":"","sales_update_date":"2026-03-07T01:16:15","calc_backorders":null,"aioseo_notices":[],"_links":{"self":[{"href":"https:\/\/ecoshop.ee\/ru\/wp-json\/wp\/v2\/product\/134160","targetHints":{"allow":["GET"]}}],"collection":[{"href":"https:\/\/ecoshop.ee\/ru\/wp-json\/wp\/v2\/product"}],"about":[{"href":"https:\/\/ecoshop.ee\/ru\/wp-json\/wp\/v2\/types\/product"}],"replies":[{"embeddable":true,"href":"https:\/\/ecoshop.ee\/ru\/wp-json\/wp\/v2\/comments?post=134160"}],"version-history":[{"count":0,"href":"https:\/\/ecoshop.ee\/ru\/wp-json\/wp\/v2\/product\/134160\/revisions"}],"wp:featuredmedia":[{"embeddable":true,"href":"https:\/\/ecoshop.ee\/ru\/wp-json\/wp\/v2\/media\/134149"}],"wp:attachment":[{"href":"https:\/\/ecoshop.ee\/ru\/wp-json\/wp\/v2\/media?parent=134160"}],"wp:term":[{"taxonomy":"product_brand","embeddable":true,"href":"https:\/\/ecoshop.ee\/ru\/wp-json\/wp\/v2\/product_brand?post=134160"},{"taxonomy":"product_cat","embeddable":true,"href":"https:\/\/ecoshop.ee\/ru\/wp-json\/wp\/v2\/product_cat?post=134160"},{"taxonomy":"product_tag","embeddable":true,"href":"https:\/\/ecoshop.ee\/ru\/wp-json\/wp\/v2\/product_tag?post=134160"}],"curies":[{"name":"wp","href":"https:\/\/api.w.org\/{rel}","templated":true}]}}