{"id":245699,"date":"2025-10-05T13:36:52","date_gmt":"2025-10-05T10:36:52","guid":{"rendered":"https:\/\/ecoshop.ee\/?post_type=product&#038;p=245699"},"modified":"2026-05-14T23:24:11","modified_gmt":"2026-05-14T20:24:11","slug":"%d0%b2%d0%b5%d0%b3%d0%b0%d0%bd%d1%81%d0%ba%d0%b0%d1%8f-%d0%bd%d1%83%d1%82%d0%b5%d0%bb%d0%bb%d0%b0-350-%d0%b3","status":"publish","type":"product","link":"https:\/\/ecoshop.ee\/ru\/piimad-ja-maarded\/vegan-nutella-350g\/","title":{"rendered":"\u0412\u0435\u0433\u0430\u043d\u0441\u043a\u0430\u044f \u041d\u0443\u0442\u0435\u043b\u043b\u0430, 350 \u0433"},"content":{"rendered":"<p data-start=\"27\" data-end=\"305\">\u041d\u0430\u0441\u043b\u0430\u0434\u0438\u0442\u0435\u0441\u044c \u0441\u0430\u043c\u043e\u0439 \u0438\u0437\u0432\u0435\u0441\u0442\u043d\u043e\u0439 \u0432 \u043c\u0438\u0440\u0435 \u043f\u0430\u0441\u0442\u043e\u0439 \u0432 \u043d\u043e\u0432\u043e\u0439 \u0440\u0430\u0441\u0442\u0438\u0442\u0435\u043b\u044c\u043d\u043e\u0439 \u0444\u043e\u0440\u043c\u0435! Nutella Plant-Based \u043e\u0431\u043b\u0430\u0434\u0430\u0435\u0442 \u0442\u0435\u043c \u0436\u0435 \u0437\u043d\u0430\u043a\u043e\u043c\u044b\u043c, \u043d\u0435\u0436\u043d\u044b\u043c \u0432\u043a\u0443\u0441\u043e\u043c \u0444\u0443\u043d\u0434\u0443\u043a\u0430 \u0438 \u043a\u0430\u043a\u0430\u043e, \u043d\u043e \u0442\u0435\u043f\u0435\u0440\u044c \u043f\u043e\u043b\u043d\u043e\u0441\u0442\u044c\u044e \u0438\u0437\u0433\u043e\u0442\u043e\u0432\u043b\u0435\u043d\u0430 \u0438\u0437 \u0440\u0430\u0441\u0442\u0438\u0442\u0435\u043b\u044c\u043d\u044b\u0445 \u0438\u043d\u0433\u0440\u0435\u0434\u0438\u0435\u043d\u0442\u043e\u0432. \u041e\u043d\u0430 \u043a\u0440\u0435\u043c\u043e\u0432\u0430\u044f, \u043d\u0430\u0441\u044b\u0449\u0435\u043d\u043d\u0430\u044f \u0438 \u043d\u0435\u0432\u0435\u0440\u043e\u044f\u0442\u043d\u043e \u0432\u043a\u0443\u0441\u043d\u0430\u044f \u2014 \u0442\u043e\u0447\u043d\u043e \u0442\u0430\u043a\u0430\u044f \u0436\u0435, \u043a\u0430\u043a \u043e\u0440\u0438\u0433\u0438\u043d\u0430\u043b, \u043d\u043e \u0431\u0435\u0437 \u043c\u043e\u043b\u043e\u0447\u043d\u044b\u0445 \u043f\u0440\u043e\u0434\u0443\u043a\u0442\u043e\u0432.<\/p>\n<p data-start=\"307\" data-end=\"413\">\u0412\u0435\u0433\u0430\u043d\u0441\u043a\u0430\u044f \u041d\u0443\u0442\u0435\u043b\u043b\u0430 \u0438\u0434\u0435\u0430\u043b\u044c\u043d\u043e \u043f\u043e\u0434\u0445\u043e\u0434\u0438\u0442 \u0434\u043b\u044f \u0442\u043e\u0441\u0442\u043e\u0432, \u0431\u043b\u0438\u043d\u043e\u0432 \u0438\u043b\u0438 \u0444\u0440\u0443\u043a\u0442\u043e\u0432 \u2014 \u043a\u0430\u0436\u0434\u0430\u044f \u043b\u043e\u0436\u043a\u0430 \u043f\u043e\u0434\u0430\u0440\u0438\u0442 \u0432\u0430\u043c \u0443\u043b\u044b\u0431\u043a\u0443.<\/p>\n<p data-start=\"415\" data-end=\"622\" data-is-last-node=\"\" data-is-only-node=\"\"><strong data-start=\"415\" data-end=\"420\">\u2022<\/strong> \u0422\u0440\u0430\u0432\u044f\u043d\u0430\u044f \u0444\u043e\u0440\u043c\u0443\u043b\u0430, \u0442\u043e\u0442 \u0436\u0435 \u043a\u0443\u043b\u044c\u0442\u043e\u0432\u044b\u0439 \u0432\u043a\u0443\u0441.<br data-start=\"459\" data-end=\"462\" \/><strong data-start=\"462\" data-end=\"467\">\u2022<\/strong> \u0421\u043e\u0434\u0435\u0440\u0436\u0438\u0442 \u0432\u044b\u0441\u043e\u043a\u043e\u043a\u0430\u0447\u0435\u0441\u0442\u0432\u0435\u043d\u043d\u044b\u0435 \u0438\u043d\u0433\u0440\u0435\u0434\u0438\u0435\u043d\u0442\u044b, \u0442\u0430\u043a\u0438\u0435 \u043a\u0430\u043a \u043a\u0430\u043a\u0430\u043e \u0438 \u0444\u0443\u043d\u0434\u0443\u043a.<br data-start=\"530\" data-end=\"533\" data-is-only-node=\"\" \/><strong data-start=\"533\" data-end=\"538\">\u2022<\/strong> \u041a\u0440\u0435\u043c\u043e\u0432\u0430\u044f \u0438 \u043b\u0435\u0433\u043a\u043e \u043d\u0430\u043d\u043e\u0441\u0438\u043c\u0430\u044f \u0442\u0435\u043a\u0441\u0442\u0443\u0440\u0430<br data-start=\"577\" data-end=\"580\" \/><strong data-start=\"580\" data-end=\"585\">\u2022<\/strong> \u041b\u0430\u043a\u043e\u043c\u0441\u0442\u0432\u043e, \u043f\u043e\u0434\u0445\u043e\u0434\u044f\u0449\u0435\u0435 \u0434\u043b\u044f \u0432\u0435\u0433\u0430\u043d\u043e\u0432, \u043d\u0430 \u043b\u044e\u0431\u043e\u0439 \u0441\u043b\u0443\u0447\u0430\u0439.<\/p>","protected":false},"excerpt":{"rendered":"<p>Naudi maailma tuntuimat m\u00e4\u00e4ret uuel taimsel kujul! Nutella Plant-Based pakub sama tuttavat mahedat sarapuup\u00e4hkli ja kakao maitset, kuid n\u00fc\u00fcd t\u00e4ielikult taimsetest koostisosadest.&hellip;<\/p>","protected":false},"featured_media":245700,"comment_status":"open","ping_status":"closed","template":"","meta":{"wprm-recipe-roundup-name":"","wprm-recipe-roundup-description":""},"product_brand":[],"product_cat":[325,141,160],"product_tag":[7995,7994,301],"class_list":{"0":"post-245699","1":"product","2":"type-product","3":"status-publish","4":"has-post-thumbnail","6":"product_cat-piimad-ja-maarded","7":"product_cat-sokolaadid","8":"product_cat-kommid","9":"product_tag-maarded","10":"product_tag-nutella","11":"product_tag-vegan","12":"j79_wcxd_expiry_type-best-before","14":"first","15":"instock","16":"taxable","17":"shipping-taxable","18":"purchasable","19":"product-type-simple"},"supplier_id":9158,"supplier_sku":"","barcode":"8000500426494","atum_controlled":true,"out_stock_date":null,"out_stock_threshold":null,"inheritable":false,"inbound_stock":0,"stock_on_hold":0,"sold_today":0,"sales_last_days":0,"reserved_stock":0,"customer_returns":0,"warehouse_damage":0,"lost_in_post":0,"other_logs":0,"out_stock_days":76,"lost_sales":86,"has_location":false,"update_date":"2026-05-14T20:24:16","atum_locations":[],"atum_stock_status":"instock","restock_status":false,"low_stock_amount":"","sales_update_date":"2026-03-23T16:05:57","calc_backorders":null,"aioseo_notices":[],"_links":{"self":[{"href":"https:\/\/ecoshop.ee\/ru\/wp-json\/wp\/v2\/product\/245699","targetHints":{"allow":["GET"]}}],"collection":[{"href":"https:\/\/ecoshop.ee\/ru\/wp-json\/wp\/v2\/product"}],"about":[{"href":"https:\/\/ecoshop.ee\/ru\/wp-json\/wp\/v2\/types\/product"}],"replies":[{"embeddable":true,"href":"https:\/\/ecoshop.ee\/ru\/wp-json\/wp\/v2\/comments?post=245699"}],"version-history":[{"count":1,"href":"https:\/\/ecoshop.ee\/ru\/wp-json\/wp\/v2\/product\/245699\/revisions"}],"predecessor-version":[{"id":396266,"href":"https:\/\/ecoshop.ee\/ru\/wp-json\/wp\/v2\/product\/245699\/revisions\/396266"}],"wp:featuredmedia":[{"embeddable":true,"href":"https:\/\/ecoshop.ee\/ru\/wp-json\/wp\/v2\/media\/245700"}],"wp:attachment":[{"href":"https:\/\/ecoshop.ee\/ru\/wp-json\/wp\/v2\/media?parent=245699"}],"wp:term":[{"taxonomy":"product_brand","embeddable":true,"href":"https:\/\/ecoshop.ee\/ru\/wp-json\/wp\/v2\/product_brand?post=245699"},{"taxonomy":"product_cat","embeddable":true,"href":"https:\/\/ecoshop.ee\/ru\/wp-json\/wp\/v2\/product_cat?post=245699"},{"taxonomy":"product_tag","embeddable":true,"href":"https:\/\/ecoshop.ee\/ru\/wp-json\/wp\/v2\/product_tag?post=245699"}],"curies":[{"name":"wp","href":"https:\/\/api.w.org\/{rel}","templated":true}]}}