{"id":245717,"date":"2025-10-05T15:49:05","date_gmt":"2025-10-05T12:49:05","guid":{"rendered":"https:\/\/ecoshop.ee\/?post_type=product&#038;p=245717"},"modified":"2026-01-24T00:07:56","modified_gmt":"2026-01-23T21:07:56","slug":"%d1%80%d1%83%d0%b1%d0%bb%d0%b5%d0%bd%d1%8b%d0%b9-%d1%81%d0%b5%d0%b9%d1%82%d0%b0%d0%bd-daflor-300-%d0%b3","status":"publish","type":"product","link":"https:\/\/ecoshop.ee\/ru\/seitan\/daflori-hakitud-seitan-300g\/","title":{"rendered":"\u0420\u0443\u0431\u043b\u0435\u043d\u044b\u0439 \u0441\u0435\u0439\u0442\u0430\u043d Daflor, 300 \u0433"},"content":{"rendered":"<p data-start=\"31\" data-end=\"351\">\u0418\u0437\u043c\u0435\u043b\u044c\u0447\u0451\u043d\u043d\u044b\u0439 \u0441\u0435\u0439\u0442\u0430\u043d \u043e\u0442 Daflor \u2014 \u044d\u0442\u043e \u0440\u0430\u0441\u0442\u0438\u0442\u0435\u043b\u044c\u043d\u044b\u0439 \u0438\u0441\u0442\u043e\u0447\u043d\u0438\u043a \u0431\u0435\u043b\u043a\u0430, \u043a\u043e\u0442\u043e\u0440\u044b\u0439 \u043e\u0442\u043b\u0438\u0447\u043d\u043e \u0441\u043e\u0447\u0435\u0442\u0430\u0435\u0442\u0441\u044f \u043f\u0440\u0430\u043a\u0442\u0438\u0447\u0435\u0441\u043a\u0438 \u0441 \u043b\u044e\u0431\u044b\u043c \u0431\u043b\u044e\u0434\u043e\u043c! \u0418\u0437\u043c\u0435\u043b\u044c\u0447\u0451\u043d\u043d\u044b\u0439 \u0441\u0435\u0439\u0442\u0430\u043d \u043d\u0430\u0440\u0435\u0437\u0430\u043d \u043d\u0430 \u043c\u0435\u043b\u043a\u0438\u0435 \u043a\u0443\u0441\u043e\u0447\u043a\u0438, \u0447\u0442\u043e \u0434\u0435\u043b\u0430\u0435\u0442 \u0435\u0433\u043e \u0443\u043d\u0438\u0432\u0435\u0440\u0441\u0430\u043b\u044c\u043d\u044b\u043c \u0438 \u0443\u0434\u043e\u0431\u043d\u044b\u043c \u0434\u043b\u044f \u0438\u0441\u043f\u043e\u043b\u044c\u0437\u043e\u0432\u0430\u043d\u0438\u044f \u0432 \u043f\u043e\u0432\u0441\u0435\u0434\u043d\u0435\u0432\u043d\u044b\u0445 \u0431\u043b\u044e\u0434\u0430\u0445. \u0415\u0433\u043e \u043f\u043b\u043e\u0442\u043d\u0430\u044f, \u043f\u043e\u0445\u043e\u0436\u0430\u044f \u043d\u0430 \u043c\u044f\u0441\u043e \u0442\u0435\u043a\u0441\u0442\u0443\u0440\u0430 \u0434\u0435\u043b\u0430\u0435\u0442 \u0435\u0433\u043e \u043e\u0442\u043b\u0438\u0447\u043d\u044b\u043c \u0438\u043d\u0433\u0440\u0435\u0434\u0438\u0435\u043d\u0442\u043e\u043c \u0434\u043b\u044f \u0436\u0430\u0440\u043a\u0438, \u0440\u0430\u0433\u0443, \u0431\u0443\u0442\u0435\u0440\u0431\u0440\u043e\u0434\u043e\u0432 \u0438\u043b\u0438 \u0434\u0430\u0436\u0435 \u0432\u0435\u0433\u0430\u043d\u0441\u043a\u043e\u0433\u043e \u0431\u043e\u043b\u043e\u043d\u044c\u0435\u0437\u0435.<\/p>\n<p data-start=\"353\" data-end=\"468\" data-is-last-node=\"\" data-is-only-node=\"\">\u0418\u0434\u0435\u0430\u043b\u044c\u043d\u044b\u0439 \u0432\u044b\u0431\u043e\u0440 \u0434\u043b\u044f \u0442\u0435\u0445, \u043a\u0442\u043e \u0438\u0449\u0435\u0442 \u0432\u043a\u0443\u0441\u043d\u0443\u044e \u0438 \u043f\u0438\u0442\u0430\u0442\u0435\u043b\u044c\u043d\u0443\u044e \u0440\u0430\u0441\u0442\u0438\u0442\u0435\u043b\u044c\u043d\u0443\u044e \u0430\u043b\u044c\u0442\u0435\u0440\u043d\u0430\u0442\u0438\u0432\u0443 \u043c\u044f\u0441\u0443 \u2013 \u0434\u0430\u0439\u0442\u0435 \u0432\u043e\u043b\u044e \u0441\u0432\u043e\u0435\u0439 \u0444\u0430\u043d\u0442\u0430\u0437\u0438\u0438 \u043d\u0430 \u043a\u0443\u0445\u043d\u0435!<\/p>\n<p data-start=\"353\" data-end=\"468\" data-is-last-node=\"\" data-is-only-node=\"\">\u041d\u0435\u0440\u0430\u0441\u043a\u0440\u044b\u0442\u044b\u0439 \u0442\u043e\u0432\u0430\u0440 <strong>\u041c\u043e\u0436\u043d\u043e \u0445\u0440\u0430\u043d\u0438\u0442\u044c \u043f\u0440\u0438 \u043a\u043e\u043c\u043d\u0430\u0442\u043d\u043e\u0439 \u0442\u0435\u043c\u043f\u0435\u0440\u0430\u0442\u0443\u0440\u0435.<\/strong><\/p>","protected":false},"excerpt":{"rendered":"<p>Daflori hakitud seitan on taimne valguallikas, mis sobib pea igasse rooga! Hakitud seitan on l\u00f5igatud v\u00e4ikesteks t\u00fckkideks, et muuta see mitmek\u00fclgseks ja&hellip;<\/p>","protected":false},"featured_media":245720,"comment_status":"open","ping_status":"closed","template":"","meta":{"wprm-recipe-roundup-name":"","wprm-recipe-roundup-description":""},"product_brand":[12030],"product_cat":[170,240,155],"product_tag":[166,332,156],"class_list":{"0":"post-245717","1":"product","2":"type-product","3":"status-publish","4":"has-post-thumbnail","6":"product_brand-daflori","7":"product_cat-seitan","8":"product_cat-allahinnatud","9":"product_cat-valguallikad","10":"product_tag-liha","11":"product_tag-seitan-tag","12":"product_tag-valgud","13":"j79_wcxd_expiry_type-best-before","15":"first","16":"outofstock","17":"sale","18":"taxable","19":"shipping-taxable","20":"purchasable","21":"product-type-simple"},"supplier_id":245718,"supplier_sku":"","barcode":"5600378778591","atum_controlled":true,"out_stock_date":"2026-01-24 00:07:55","out_stock_threshold":null,"inheritable":false,"inbound_stock":0,"stock_on_hold":0,"sold_today":0,"sales_last_days":0,"reserved_stock":0,"customer_returns":0,"warehouse_damage":0,"lost_in_post":0,"other_logs":0,"out_stock_days":42,"lost_sales":251,"has_location":false,"update_date":"2026-03-07T01:16:16","atum_locations":[],"atum_stock_status":"outofstock","restock_status":false,"low_stock_amount":"","sales_update_date":"2026-03-07T01:16:16","calc_backorders":null,"aioseo_notices":[],"_links":{"self":[{"href":"https:\/\/ecoshop.ee\/ru\/wp-json\/wp\/v2\/product\/245717","targetHints":{"allow":["GET"]}}],"collection":[{"href":"https:\/\/ecoshop.ee\/ru\/wp-json\/wp\/v2\/product"}],"about":[{"href":"https:\/\/ecoshop.ee\/ru\/wp-json\/wp\/v2\/types\/product"}],"replies":[{"embeddable":true,"href":"https:\/\/ecoshop.ee\/ru\/wp-json\/wp\/v2\/comments?post=245717"}],"version-history":[{"count":0,"href":"https:\/\/ecoshop.ee\/ru\/wp-json\/wp\/v2\/product\/245717\/revisions"}],"wp:featuredmedia":[{"embeddable":true,"href":"https:\/\/ecoshop.ee\/ru\/wp-json\/wp\/v2\/media\/245720"}],"wp:attachment":[{"href":"https:\/\/ecoshop.ee\/ru\/wp-json\/wp\/v2\/media?parent=245717"}],"wp:term":[{"taxonomy":"product_brand","embeddable":true,"href":"https:\/\/ecoshop.ee\/ru\/wp-json\/wp\/v2\/product_brand?post=245717"},{"taxonomy":"product_cat","embeddable":true,"href":"https:\/\/ecoshop.ee\/ru\/wp-json\/wp\/v2\/product_cat?post=245717"},{"taxonomy":"product_tag","embeddable":true,"href":"https:\/\/ecoshop.ee\/ru\/wp-json\/wp\/v2\/product_tag?post=245717"}],"curies":[{"name":"wp","href":"https:\/\/api.w.org\/{rel}","templated":true}]}}