{"id":245761,"date":"2025-10-08T22:37:45","date_gmt":"2025-10-08T19:37:45","guid":{"rendered":"https:\/\/ecoshop.ee\/?post_type=product&#038;p=245761"},"modified":"2026-05-08T20:29:31","modified_gmt":"2026-05-08T17:29:31","slug":"39-%d0%b3-%d0%ba%d1%80%d0%b5%d0%bc-%d0%b1%d0%be%d1%83%d0%bb%d1%8b-%d1%81-%d0%bd%d0%b0%d1%87%d0%b8%d0%bd%d0%ba%d0%be%d0%b9-%d0%b8%d0%b7-%d1%84%d0%b8%d1%81%d1%82%d0%b0%d1%88%d0%b5%d0%ba-%d0%b8-%d0%b3","status":"publish","type":"product","link":"https:\/\/ecoshop.ee\/ru\/kommid\/bettr-pistaatsia-taidisega-pahklivoikausid-39g\/","title":{"rendered":"\u041e\u0440\u0435\u0445\u043e\u0432\u044b\u0435 \u043c\u0438\u0441\u043a\u0438 Bett&#039;r \u0441 \u0444\u0438\u0441\u0442\u0430\u0448\u043a\u043e\u0432\u043e\u0439 \u043d\u0430\u0447\u0438\u043d\u043a\u043e\u0439, 39 \u0433"},"content":{"rendered":"<p data-start=\"58\" data-end=\"271\">\u041a\u043e\u043d\u0444\u0435\u0442\u044b Bett&#039;r \u0441 \u0444\u0438\u0441\u0442\u0430\u0448\u043a\u043e\u0432\u043e\u0439 \u043d\u0430\u0447\u0438\u043d\u043a\u043e\u0439 \u0438 \u043e\u0440\u0435\u0445\u043e\u0432\u043e\u0439 \u043f\u0430\u0441\u0442\u043e\u0439 \u2014 \u044d\u0442\u043e \u0440\u043e\u0441\u043a\u043e\u0448\u043d\u043e\u0435 \u043b\u0430\u043a\u043e\u043c\u0441\u0442\u0432\u043e, \u043a\u043e\u0442\u043e\u0440\u043e\u0435 \u0437\u0430\u0441\u0442\u0430\u0432\u0438\u0442 \u0432\u0430\u0441 \u0437\u0430\u0431\u044b\u0442\u044c \u043e\u0431\u043e \u0432\u0441\u0435\u0445 \u0434\u0440\u0443\u0433\u0438\u0445 \u0448\u043e\u043a\u043e\u043b\u0430\u0434\u043d\u044b\u0445 \u043a\u043e\u043d\u0444\u0435\u0442\u0430\u0445! \u041c\u044f\u0433\u043a\u0430\u044f \u0441\u043e\u043b\u0435\u043d\u0430\u044f \u0444\u0438\u0441\u0442\u0430\u0448\u043a\u043e\u0432\u0430\u044f \u043f\u0430\u0441\u0442\u0430 \u0442\u0430\u0435\u0442 \u0432\u043e \u0440\u0442\u0443, \u0441\u043e\u0437\u0434\u0430\u0432\u0430\u044f \u043d\u0435\u0432\u0435\u0440\u043e\u044f\u0442\u043d\u043e \u0441\u043b\u0438\u0432\u043e\u0447\u043d\u044b\u0439 \u0432\u043a\u0443\u0441, \u0433\u0434\u0435 \u0441\u043e\u0447\u0435\u0442\u0430\u044e\u0442\u0441\u044f \u043d\u0430\u0441\u044b\u0449\u0435\u043d\u043d\u044b\u0439 \u0448\u043e\u043a\u043e\u043b\u0430\u0434 \u0438 \u0441\u043b\u0435\u0433\u043a\u0430 \u0441\u043e\u043b\u0435\u043d\u044b\u0435 \u0444\u0438\u0441\u0442\u0430\u0448\u043a\u0438.<\/p>\n<p data-start=\"273\" data-end=\"444\" data-is-last-node=\"\" data-is-only-node=\"\">\u0418\u0437\u0433\u043e\u0442\u043e\u0432\u043b\u0435\u043d\u043e \u0431\u0435\u0437 \u043f\u0430\u043b\u044c\u043c\u043e\u0432\u043e\u0433\u043e \u043c\u0430\u0441\u043b\u0430, \u0431\u0435\u0437 \u043f\u0440\u043e\u043c\u044b\u0448\u043b\u0435\u043d\u043d\u043e\u0433\u043e \u0441\u0430\u0445\u0430\u0440\u0430 \u0438 \u043f\u043e\u043b\u043d\u043e\u0441\u0442\u044c\u044e \u0432\u0435\u0433\u0430\u043d\u0441\u043a\u043e\u0435 \u2014 \u0447\u0438\u0441\u0442\u043e\u0435 \u043d\u0430\u0441\u043b\u0430\u0436\u0434\u0435\u043d\u0438\u0435 \u0432 \u043a\u0430\u0436\u0434\u043e\u043c \u043a\u0443\u0441\u043e\u0447\u043a\u0435. Naughty Nuts \u0434\u0430\u0440\u0438\u0442 \u0432\u0430\u043c \u043b\u044e\u0431\u043e\u0432\u044c \u043a \u0444\u0438\u0441\u0442\u0430\u0448\u043a\u0430\u043c \u0432 \u0435\u0435 \u0441\u0430\u043c\u043e\u043c \u0432\u043e\u0441\u0445\u0438\u0442\u0438\u0442\u0435\u043b\u044c\u043d\u043e\u043c \u0432\u0438\u0434\u0435.<\/p>","protected":false},"excerpt":{"rendered":"<p>Bett&#8217;r pistaatsia t\u00e4idisega p\u00e4hkliv\u00f5ikausid on luksuslik maius, mis paneb unustama k\u00f5ik muud \u0161okolaadid! Pehme soolapistaatsiav\u00f5i t\u00e4idis sulab suus ja loob vastupandamatult kreemise&hellip;<\/p>","protected":false},"featured_media":245762,"comment_status":"open","ping_status":"closed","template":"","meta":{"wprm-recipe-roundup-name":"","wprm-recipe-roundup-description":""},"product_brand":[11995],"product_cat":[160],"product_tag":[288],"class_list":{"0":"post-245761","1":"product","2":"type-product","3":"status-publish","4":"has-post-thumbnail","6":"product_brand-bettr","7":"product_cat-kommid","8":"product_tag-pahklivoikausid","9":"j79_wcxd_expiry_type-expiry-date","11":"first","12":"instock","13":"taxable","14":"shipping-taxable","15":"purchasable","16":"product-type-simple"},"supplier_id":9165,"supplier_sku":"","barcode":"3800233782936","atum_controlled":true,"out_stock_date":null,"out_stock_threshold":null,"inheritable":false,"inbound_stock":0,"stock_on_hold":0,"sold_today":0,"sales_last_days":0,"reserved_stock":0,"customer_returns":0,"warehouse_damage":0,"lost_in_post":0,"other_logs":0,"out_stock_days":0,"lost_sales":0,"has_location":false,"update_date":"2026-05-08T17:29:33","atum_locations":[],"atum_stock_status":"instock","restock_status":false,"low_stock_amount":"","sales_update_date":"2026-04-06T20:01:11","calc_backorders":null,"aioseo_notices":[],"_links":{"self":[{"href":"https:\/\/ecoshop.ee\/ru\/wp-json\/wp\/v2\/product\/245761","targetHints":{"allow":["GET"]}}],"collection":[{"href":"https:\/\/ecoshop.ee\/ru\/wp-json\/wp\/v2\/product"}],"about":[{"href":"https:\/\/ecoshop.ee\/ru\/wp-json\/wp\/v2\/types\/product"}],"replies":[{"embeddable":true,"href":"https:\/\/ecoshop.ee\/ru\/wp-json\/wp\/v2\/comments?post=245761"}],"version-history":[{"count":1,"href":"https:\/\/ecoshop.ee\/ru\/wp-json\/wp\/v2\/product\/245761\/revisions"}],"predecessor-version":[{"id":396130,"href":"https:\/\/ecoshop.ee\/ru\/wp-json\/wp\/v2\/product\/245761\/revisions\/396130"}],"wp:featuredmedia":[{"embeddable":true,"href":"https:\/\/ecoshop.ee\/ru\/wp-json\/wp\/v2\/media\/245762"}],"wp:attachment":[{"href":"https:\/\/ecoshop.ee\/ru\/wp-json\/wp\/v2\/media?parent=245761"}],"wp:term":[{"taxonomy":"product_brand","embeddable":true,"href":"https:\/\/ecoshop.ee\/ru\/wp-json\/wp\/v2\/product_brand?post=245761"},{"taxonomy":"product_cat","embeddable":true,"href":"https:\/\/ecoshop.ee\/ru\/wp-json\/wp\/v2\/product_cat?post=245761"},{"taxonomy":"product_tag","embeddable":true,"href":"https:\/\/ecoshop.ee\/ru\/wp-json\/wp\/v2\/product_tag?post=245761"}],"curies":[{"name":"wp","href":"https:\/\/api.w.org\/{rel}","templated":true}]}}