{"id":245811,"date":"2025-10-09T22:46:43","date_gmt":"2025-10-09T19:46:43","guid":{"rendered":"https:\/\/ecoshop.ee\/?post_type=product&#038;p=245811"},"modified":"2026-05-11T22:27:08","modified_gmt":"2026-05-11T19:27:08","slug":"%d1%82%d0%be%d1%84%d1%83-%d1%81-%d0%ba%d1%83%d1%80%d0%ba%d1%83%d0%bc%d0%be%d0%b9-daflor-200-%d0%b3","status":"publish","type":"product","link":"https:\/\/ecoshop.ee\/ru\/tofu\/daflori-kurkumi-tofu-200g\/","title":{"rendered":"\u0422\u043e\u0444\u0443 Daflor \u0441 \u043a\u0443\u0440\u043a\u0443\u043c\u043e\u0439, 200 \u0433"},"content":{"rendered":"<p data-start=\"20\" data-end=\"258\">\u0422\u043e\u0444\u0443 \u0441 \u043a\u0443\u0440\u043a\u0443\u043c\u043e\u0439 \u0441\u043e\u0447\u0435\u0442\u0430\u0435\u0442 \u0432 \u0441\u0435\u0431\u0435 \u043f\u0440\u0435\u0438\u043c\u0443\u0449\u0435\u0441\u0442\u0432\u0430 \u0440\u0430\u0441\u0442\u0438\u0442\u0435\u043b\u044c\u043d\u043e\u0433\u043e \u0431\u0435\u043b\u043a\u0430 \u0438 \u043e\u0441\u0442\u0440\u043e\u0433\u043e \u0441\u0443\u043f\u0435\u0440\u043f\u0440\u043e\u0434\u0443\u043a\u0442\u0430 \u0432 \u043e\u0434\u043d\u043e\u043c \u0432\u043e\u0441\u0445\u0438\u0442\u0438\u0442\u0435\u043b\u044c\u043d\u043e\u043c \u0441\u043e\u0447\u0435\u0442\u0430\u043d\u0438\u0438. \u041a\u0443\u0440\u043a\u0443\u043c\u0430 \u043f\u0440\u0438\u0434\u0430\u0435\u0442 \u0442\u043e\u0444\u0443 \u0437\u043e\u043b\u043e\u0442\u0438\u0441\u0442\u044b\u0439 \u0446\u0432\u0435\u0442, \u043d\u0435\u0436\u043d\u044b\u0439 \u0430\u0440\u043e\u043c\u0430\u0442 \u0438 \u0441\u043b\u0435\u0433\u043a\u0430 \u043c\u044f\u0433\u043a\u0438\u0439 \u0432\u043a\u0443\u0441, \u0430 \u0442\u0430\u043a\u0436\u0435 \u0438\u0437\u0432\u0435\u0441\u0442\u043d\u0430 \u0441\u0432\u043e\u0438\u043c\u0438 \u043f\u0440\u043e\u0442\u0438\u0432\u043e\u0432\u043e\u0441\u043f\u0430\u043b\u0438\u0442\u0435\u043b\u044c\u043d\u044b\u043c\u0438 \u0438 \u0430\u043d\u0442\u0438\u043e\u043a\u0441\u0438\u0434\u0430\u043d\u0442\u043d\u044b\u043c\u0438 \u0441\u0432\u043e\u0439\u0441\u0442\u0432\u0430\u043c\u0438.<\/p>\n<p data-start=\"260\" data-end=\"534\" data-is-last-node=\"\" data-is-only-node=\"\">\u042d\u0442\u043e\u0442 \u043f\u0438\u0442\u0430\u0442\u0435\u043b\u044c\u043d\u044b\u0439 \u0438 \u0443\u043d\u0438\u0432\u0435\u0440\u0441\u0430\u043b\u044c\u043d\u044b\u0439 \u0438\u0441\u0442\u043e\u0447\u043d\u0438\u043a \u0431\u0435\u043b\u043a\u0430 \u0438\u0434\u0435\u0430\u043b\u044c\u043d\u043e \u043f\u043e\u0434\u0445\u043e\u0434\u0438\u0442 \u0434\u043b\u044f \u0436\u0430\u0440\u043a\u0438 \u043d\u0430 \u0433\u0440\u0438\u043b\u0435, \u0432\u043e \u0444\u0440\u0438\u0442\u044e\u0440\u0435, \u0437\u0430\u043f\u0435\u043a\u0430\u043d\u0438\u044f, \u0430 \u0442\u0430\u043a\u0436\u0435 \u0434\u043b\u044f \u0443\u043b\u0443\u0447\u0448\u0435\u043d\u0438\u044f \u0432\u043a\u0443\u0441\u0430 \u0441\u0430\u043b\u0430\u0442\u043e\u0432 \u0438 \u0431\u043b\u044e\u0434, \u043f\u0440\u0438\u0433\u043e\u0442\u043e\u0432\u043b\u0435\u043d\u043d\u044b\u0445 \u0432 \u0432\u043e\u043a\u0435. \u0422\u043e\u0444\u0443 \u0441 \u043a\u0443\u0440\u043a\u0443\u043c\u043e\u0439 \u043f\u0440\u0438\u0434\u0430\u0435\u0442 \u043b\u044e\u0431\u043e\u043c\u0443 \u0431\u043b\u044e\u0434\u0443 \u0442\u0435\u043f\u043b\u043e\u0442\u0443, \u0446\u0432\u0435\u0442 \u0438 \u043f\u043e\u043b\u0435\u0437\u043d\u0443\u044e \u043f\u0438\u043a\u0430\u043d\u0442\u043d\u043e\u0441\u0442\u044c \u2014 \u0438\u0434\u0435\u0430\u043b\u044c\u043d\u044b\u0439 \u0432\u044b\u0431\u043e\u0440 \u0434\u043b\u044f \u0441\u0431\u0430\u043b\u0430\u043d\u0441\u0438\u0440\u043e\u0432\u0430\u043d\u043d\u043e\u0439 \u0440\u0430\u0441\u0442\u0438\u0442\u0435\u043b\u044c\u043d\u043e\u0439 \u0434\u0438\u0435\u0442\u044b.<\/p>\n<p data-start=\"280\" data-end=\"439\" data-is-last-node=\"\" data-is-only-node=\"\">\u041d\u0435\u0440\u0430\u0441\u043a\u0440\u044b\u0442\u044b\u0439 \u0442\u043e\u0432\u0430\u0440\u00a0<strong>\u041c\u043e\u0436\u043d\u043e \u0445\u0440\u0430\u043d\u0438\u0442\u044c \u043f\u0440\u0438 \u043a\u043e\u043c\u043d\u0430\u0442\u043d\u043e\u0439 \u0442\u0435\u043c\u043f\u0435\u0440\u0430\u0442\u0443\u0440\u0435.<\/strong><\/p>","protected":false},"excerpt":{"rendered":"<p>Kurkumi tofu \u00fchendab taimse valgu ja v\u00fcrtsika supertoidu eelised \u00fches maitsvas koosluses. Kurkum annab tofu kuldse v\u00e4rvuse, \u00f5rna aroomi ja kergelt maheda&hellip;<\/p>","protected":false},"featured_media":245812,"comment_status":"open","ping_status":"closed","template":"","meta":{"wprm-recipe-roundup-name":"","wprm-recipe-roundup-description":""},"product_brand":[12030],"product_cat":[379,240,155],"product_tag":[277,5781],"class_list":{"0":"post-245811","1":"product","2":"type-product","3":"status-publish","4":"has-post-thumbnail","6":"product_brand-daflori","7":"product_cat-tofu","8":"product_cat-allahinnatud","9":"product_cat-valguallikad","10":"product_tag-kurkum","11":"product_tag-tofu","12":"j79_wcxd_expiry_type-best-before","14":"first","15":"instock","16":"sale","17":"taxable","18":"shipping-taxable","19":"purchasable","20":"product-type-simple"},"supplier_id":245718,"supplier_sku":"","barcode":"5600378778355","atum_controlled":true,"out_stock_date":null,"out_stock_threshold":null,"inheritable":false,"inbound_stock":0,"stock_on_hold":0,"sold_today":0,"sales_last_days":5,"reserved_stock":0,"customer_returns":0,"warehouse_damage":0,"lost_in_post":0,"other_logs":0,"out_stock_days":0,"lost_sales":0,"has_location":false,"update_date":"2026-05-13T15:06:55","atum_locations":[],"atum_stock_status":"instock","restock_status":false,"low_stock_amount":"","sales_update_date":"2026-05-13T15:06:55","calc_backorders":null,"aioseo_notices":[],"_links":{"self":[{"href":"https:\/\/ecoshop.ee\/ru\/wp-json\/wp\/v2\/product\/245811","targetHints":{"allow":["GET"]}}],"collection":[{"href":"https:\/\/ecoshop.ee\/ru\/wp-json\/wp\/v2\/product"}],"about":[{"href":"https:\/\/ecoshop.ee\/ru\/wp-json\/wp\/v2\/types\/product"}],"replies":[{"embeddable":true,"href":"https:\/\/ecoshop.ee\/ru\/wp-json\/wp\/v2\/comments?post=245811"}],"version-history":[{"count":2,"href":"https:\/\/ecoshop.ee\/ru\/wp-json\/wp\/v2\/product\/245811\/revisions"}],"predecessor-version":[{"id":396038,"href":"https:\/\/ecoshop.ee\/ru\/wp-json\/wp\/v2\/product\/245811\/revisions\/396038"}],"wp:featuredmedia":[{"embeddable":true,"href":"https:\/\/ecoshop.ee\/ru\/wp-json\/wp\/v2\/media\/245812"}],"wp:attachment":[{"href":"https:\/\/ecoshop.ee\/ru\/wp-json\/wp\/v2\/media?parent=245811"}],"wp:term":[{"taxonomy":"product_brand","embeddable":true,"href":"https:\/\/ecoshop.ee\/ru\/wp-json\/wp\/v2\/product_brand?post=245811"},{"taxonomy":"product_cat","embeddable":true,"href":"https:\/\/ecoshop.ee\/ru\/wp-json\/wp\/v2\/product_cat?post=245811"},{"taxonomy":"product_tag","embeddable":true,"href":"https:\/\/ecoshop.ee\/ru\/wp-json\/wp\/v2\/product_tag?post=245811"}],"curies":[{"name":"wp","href":"https:\/\/api.w.org\/{rel}","templated":true}]}}