{"id":246257,"date":"2025-11-13T16:40:28","date_gmt":"2025-11-13T13:40:28","guid":{"rendered":"https:\/\/ecoshop.ee\/?post_type=product&#038;p=246257"},"modified":"2026-03-21T14:46:34","modified_gmt":"2026-03-21T11:46:34","slug":"%d1%88%d0%be%d0%ba%d0%be%d0%bb%d0%b0%d0%b4%d0%bd%d1%8b%d0%b9-%d0%b1%d0%b0%d1%82%d0%be%d0%bd%d1%87%d0%b8%d0%ba-roobar-%d0%b2-%d0%ba%d0%be%d0%ba%d0%be%d1%81%d0%be%d0%b2%d0%be%d0%b9-%d0%b3%d0%bb%d0%b0","status":"publish","type":"product","link":"https:\/\/ecoshop.ee\/ru\/kommid\/roobar-sokolaadiga-kaetud-kookosbatoon-30g\/","title":{"rendered":"\u0428\u043e\u043a\u043e\u043b\u0430\u0434\u043d\u044b\u0439 \u0431\u0430\u0442\u043e\u043d\u0447\u0438\u043a Roobar \u0432 \u043a\u043e\u043a\u043e\u0441\u043e\u0432\u043e\u0439 \u0433\u043b\u0430\u0437\u0443\u0440\u0438, 30 \u0433"},"content":{"rendered":"<p data-start=\"89\" data-end=\"422\">\u042d\u0442\u043e\u0442 \u043a\u043e\u043a\u043e\u0441\u043e\u0432\u044b\u0439 \u0431\u0430\u0442\u043e\u043d\u0447\u0438\u043a \u0441\u043e\u0447\u0435\u0442\u0430\u0435\u0442 \u0432 \u0441\u0435\u0431\u0435 \u0447\u0438\u0441\u0442\u044b\u0439 \u043a\u043e\u043a\u043e\u0441 \u0438 \u0432\u044b\u0441\u043e\u043a\u043e\u043a\u0430\u0447\u0435\u0441\u0442\u0432\u0435\u043d\u043d\u044b\u0439 \u0442\u0435\u043c\u043d\u044b\u0439 \u0448\u043e\u043a\u043e\u043b\u0430\u0434, \u0441\u043e\u0437\u0434\u0430\u0432\u0430\u044f \u0448\u0435\u043b\u043a\u043e\u0432\u0438\u0441\u0442\u043e\u0435, \u0430\u0440\u043e\u043c\u0430\u0442\u043d\u043e\u0435 \u0438 \u0441\u043b\u0435\u0433\u043a\u0430 \u0445\u0440\u0443\u0441\u0442\u044f\u0449\u0435\u0435 \u0441\u043e\u0447\u0435\u0442\u0430\u043d\u0438\u0435 \u0432\u043a\u0443\u0441\u043e\u0432. \u041f\u043e\u0434\u0441\u043b\u0430\u0449\u0435\u043d \u043d\u0430\u0442\u0443\u0440\u0430\u043b\u044c\u043d\u044b\u043c \u0440\u0438\u0441\u043e\u0432\u044b\u043c \u0441\u0438\u0440\u043e\u043f\u043e\u043c \u0438 \u043a\u043e\u043a\u043e\u0441\u043e\u0432\u044b\u043c \u043f\u0430\u043b\u044c\u043c\u043e\u0432\u044b\u043c \u0441\u0430\u0445\u0430\u0440\u043e\u043c, \u0438\u0437\u0433\u043e\u0442\u043e\u0432\u043b\u0435\u043d \u0438\u0441\u043a\u043b\u044e\u0447\u0438\u0442\u0435\u043b\u044c\u043d\u043e \u0438\u0437 \u043e\u0440\u0433\u0430\u043d\u0438\u0447\u0435\u0441\u043a\u0438\u0445 \u0438\u043d\u0433\u0440\u0435\u0434\u0438\u0435\u043d\u0442\u043e\u0432.<\/p>\n<p data-start=\"424\" data-end=\"567\">\u0411\u043b\u0430\u0433\u043e\u0434\u0430\u0440\u044f \u043e\u0442\u0441\u0443\u0442\u0441\u0442\u0432\u0438\u044e \u0433\u043b\u044e\u0442\u0435\u043d\u0430 \u0438 \u0432\u0435\u0433\u0430\u043d\u0441\u043a\u043e\u0439 \u0448\u043e\u043a\u043e\u043b\u0430\u0434\u043d\u043e\u0439 \u0433\u043b\u0430\u0437\u0443\u0440\u0438 \u044d\u0442\u043e\u0442 \u0431\u0430\u0442\u043e\u043d\u0447\u0438\u043a \u043f\u043e\u0434\u043e\u0439\u0434\u0435\u0442 \u043f\u0440\u0430\u043a\u0442\u0438\u0447\u0435\u0441\u043a\u0438 \u043d\u0430 \u043b\u044e\u0431\u043e\u0439 \u0432\u043a\u0443\u0441 \u2014 \u0435\u0433\u043e \u043b\u0435\u0433\u043a\u043e \u0432\u0437\u044f\u0442\u044c \u0441 \u0441\u043e\u0431\u043e\u0439 \u043d\u0430 \u0440\u0430\u0431\u043e\u0442\u0443, \u0432 \u0448\u043a\u043e\u043b\u0443 \u0438\u043b\u0438 \u0432 \u043f\u043e\u0445\u043e\u0434.<\/p>","protected":false},"excerpt":{"rendered":"<p>See kookosbatoon \u00fchendab puhta kookose ja peene tumeda \u0161okolaadi, luues maitsekombinatsiooni, mis on \u00fchtaegu siidine, aromaatne ja kerge kr\u00f5mpsuga. Magustatud loodusliku riisisiirupi&hellip;<\/p>","protected":false},"featured_media":246258,"comment_status":"open","ping_status":"closed","template":"","meta":{"wprm-recipe-roundup-name":"","wprm-recipe-roundup-description":""},"product_brand":[12010],"product_cat":[160,303,302],"product_tag":[296,7997,386,297,142],"class_list":{"0":"post-246257","1":"product","2":"type-product","3":"status-publish","4":"has-post-thumbnail","6":"product_brand-roobar","7":"product_cat-kommid","8":"product_cat-mahetooted","9":"product_cat-gluteenivaba","10":"product_tag-gluteenivaba","11":"product_tag-kookos","12":"product_tag-magus","13":"product_tag-mahe","14":"product_tag-sokolaad","15":"j79_wcxd_expiry_type-best-before","17":"first","18":"instock","19":"taxable","20":"shipping-taxable","21":"purchasable","22":"product-type-simple"},"supplier_id":9165,"supplier_sku":"","barcode":"3800233685435","atum_controlled":true,"out_stock_date":null,"out_stock_threshold":null,"inheritable":false,"inbound_stock":0,"stock_on_hold":0,"sold_today":0,"sales_last_days":0,"reserved_stock":0,"customer_returns":0,"warehouse_damage":0,"lost_in_post":0,"other_logs":0,"out_stock_days":0,"lost_sales":0,"has_location":false,"update_date":"2026-04-06T20:01:11","atum_locations":[],"atum_stock_status":"instock","restock_status":false,"low_stock_amount":"","sales_update_date":"2026-04-06T20:01:11","calc_backorders":null,"aioseo_notices":[],"_links":{"self":[{"href":"https:\/\/ecoshop.ee\/ru\/wp-json\/wp\/v2\/product\/246257","targetHints":{"allow":["GET"]}}],"collection":[{"href":"https:\/\/ecoshop.ee\/ru\/wp-json\/wp\/v2\/product"}],"about":[{"href":"https:\/\/ecoshop.ee\/ru\/wp-json\/wp\/v2\/types\/product"}],"replies":[{"embeddable":true,"href":"https:\/\/ecoshop.ee\/ru\/wp-json\/wp\/v2\/comments?post=246257"}],"version-history":[{"count":0,"href":"https:\/\/ecoshop.ee\/ru\/wp-json\/wp\/v2\/product\/246257\/revisions"}],"wp:featuredmedia":[{"embeddable":true,"href":"https:\/\/ecoshop.ee\/ru\/wp-json\/wp\/v2\/media\/246258"}],"wp:attachment":[{"href":"https:\/\/ecoshop.ee\/ru\/wp-json\/wp\/v2\/media?parent=246257"}],"wp:term":[{"taxonomy":"product_brand","embeddable":true,"href":"https:\/\/ecoshop.ee\/ru\/wp-json\/wp\/v2\/product_brand?post=246257"},{"taxonomy":"product_cat","embeddable":true,"href":"https:\/\/ecoshop.ee\/ru\/wp-json\/wp\/v2\/product_cat?post=246257"},{"taxonomy":"product_tag","embeddable":true,"href":"https:\/\/ecoshop.ee\/ru\/wp-json\/wp\/v2\/product_tag?post=246257"}],"curies":[{"name":"wp","href":"https:\/\/api.w.org\/{rel}","templated":true}]}}