{"id":246379,"date":"2025-11-28T13:15:21","date_gmt":"2025-11-28T10:15:21","guid":{"rendered":"https:\/\/ecoshop.ee\/?post_type=product&#038;p=246379"},"modified":"2025-11-28T13:15:22","modified_gmt":"2025-11-28T10:15:22","slug":"%d1%82%d0%b0%d0%b1%d0%bb%d0%b5%d1%82%d0%ba%d0%b8-%d0%b4%d0%bb%d1%8f-%d1%87%d0%b8%d1%81%d1%82%d0%ba%d0%b8-%d1%82%d0%be%d1%80%d1%82%d0%be%d0%b2-cosmeau-6-%d1%88%d1%82","status":"publish","type":"product","link":"https:\/\/ecoshop.ee\/ru\/puhastusvahendid\/cosmeau-koogipuhastuse-tabletid-6tk\/","title":{"rendered":"\u0422\u0430\u0431\u043b\u0435\u0442\u043a\u0438 \u0434\u043b\u044f \u0447\u0438\u0441\u0442\u043a\u0438 \u043a\u0443\u0445\u043d\u0438 Cosmeau, 6 \u0448\u0442."},"content":{"rendered":"<p data-start=\"51\" data-end=\"264\">\u041f\u0440\u0430\u043a\u0442\u0438\u0447\u043d\u044b\u0435 \u0442\u0430\u0431\u043b\u0435\u0442\u043a\u0438 \u0434\u043b\u044f \u0447\u0438\u0441\u0442\u043a\u0438 \u043a\u0443\u0445\u043d\u0438, \u043a\u043e\u0442\u043e\u0440\u044b\u0435 \u0431\u044b\u0441\u0442\u0440\u043e \u043f\u0440\u0435\u0432\u0440\u0430\u0449\u0430\u044e\u0442 \u0432\u043e\u0434\u043e\u043f\u0440\u043e\u0432\u043e\u0434\u043d\u0443\u044e \u0432\u043e\u0434\u0443 \u0432 \u044d\u0444\u0444\u0435\u043a\u0442\u0438\u0432\u043d\u043e\u0435 \u0447\u0438\u0441\u0442\u044f\u0449\u0435\u0435 \u0441\u0440\u0435\u0434\u0441\u0442\u0432\u043e. \u041a\u0443\u043f\u0438\u0442\u0435 \u0440\u0430\u0441\u043f\u044b\u043b\u0438\u0442\u0435\u043b\u044c, \u043d\u0430\u043f\u043e\u043b\u043d\u0438\u0442\u0435 \u0435\u0433\u043e \u0432\u043e\u0434\u043e\u0439, \u0434\u043e\u0431\u0430\u0432\u044c\u0442\u0435 \u0442\u0430\u0431\u043b\u0435\u0442\u043a\u0443 \u2014 \u0438 \u0443 \u0432\u0430\u0441 \u043f\u043e\u043b\u0443\u0447\u0438\u0442\u0441\u044f \u044d\u043a\u043e\u043b\u043e\u0433\u0438\u0447\u043d\u043e\u0435 \u0440\u0435\u0448\u0435\u043d\u0438\u0435 \u0434\u043b\u044f \u043f\u043e\u0432\u0441\u0435\u0434\u043d\u0435\u0432\u043d\u043e\u0439 \u0443\u0431\u043e\u0440\u043a\u0438.<\/p>\n<p data-start=\"266\" data-end=\"472\">\u041b\u0435\u0433\u043a\u0438\u0435 \u0442\u0430\u0431\u043b\u0435\u0442\u043a\u0438 \u0441\u043e\u043a\u0440\u0430\u0449\u0430\u044e\u0442 \u043d\u0435\u043d\u0443\u0436\u043d\u044b\u0435 \u043f\u0435\u0440\u0435\u0432\u043e\u0437\u043a\u0438 \u0432\u043e\u0434\u044b, \u043f\u043e\u0442\u0440\u0435\u0431\u043b\u0435\u043d\u0438\u0435 \u0445\u0438\u043c\u0438\u043a\u0430\u0442\u043e\u0432 \u0438 \u0438\u0441\u043f\u043e\u043b\u044c\u0437\u043e\u0432\u0430\u043d\u0438\u0435 \u043e\u0434\u043d\u043e\u0440\u0430\u0437\u043e\u0432\u043e\u0433\u043e \u043f\u043b\u0430\u0441\u0442\u0438\u043a\u0430. \u0414\u043e\u0441\u0442\u0443\u043f\u043d\u044b\u0435 \u043f\u043e \u0446\u0435\u043d\u0435 \u0441\u043c\u0435\u043d\u043d\u044b\u0435 \u0431\u043b\u043e\u043a\u0438 \u0434\u043e\u0441\u0442\u0430\u0432\u043b\u044f\u044e\u0442\u0441\u044f \u043f\u043e \u043f\u043e\u0447\u0442\u0435 \u0438 \u043f\u043e\u043c\u043e\u0433\u0430\u044e\u0442 \u043f\u043e\u0434\u0434\u0435\u0440\u0436\u0438\u0432\u0430\u0442\u044c \u0447\u0438\u0441\u0442\u043e\u0442\u0443 \u0432 \u0434\u043e\u043c\u0435 \u0438 \u0431\u0435\u0440\u0435\u0447\u044c \u043f\u043b\u0430\u043d\u0435\u0442\u0443.<\/p>\n<ul>\n<li>\u042d\u0444\u0444\u0435\u043a\u0442\u0438\u0432\u043d\u043e\u0435 \u0441\u0440\u0435\u0434\u0441\u0442\u0432\u043e \u0434\u043b\u044f \u0443\u0434\u0430\u043b\u0435\u043d\u0438\u044f \u0436\u0438\u0440\u0430 \u0438 \u043e\u0441\u0442\u0430\u0442\u043a\u043e\u0432 \u043f\u0438\u0449\u0438.<\/li>\n<li>\u042d\u043a\u043e\u043d\u043e\u043c\u0438\u0447\u043d\u044b\u0439 \u0438 \u043d\u0435 \u0441\u043e\u0434\u0435\u0440\u0436\u0430\u0449\u0438\u0439 \u043f\u043b\u0430\u0441\u0442\u0438\u043a\u0430 \u0432\u0430\u0440\u0438\u0430\u043d\u0442.<\/li>\n<li>\u0412\u0435\u0433\u0430\u043d\u0441\u043a\u0438\u0439<\/li>\n<li>\u0414\u043e\u0441\u0442\u0443\u043f\u043d\u0430\u044f \u0441\u0438\u0441\u0442\u0435\u043c\u0430 \u0437\u0430\u043f\u0440\u0430\u0432\u043a\u0438<\/li>\n<\/ul>\n<p data-start=\"589\" data-end=\"703\"><strong>\u0424\u043e\u0440\u043c\u0443\u043b\u0430 \u0441 \u0430\u0440\u043e\u043c\u0430\u0442\u043e\u043c \u043b\u0430\u0439\u043c\u0430<\/strong><br data-start=\"620\" data-end=\"623\" \/>\u041f\u0440\u0435\u0434\u043d\u0430\u0437\u043d\u0430\u0447\u0435\u043d \u0434\u043b\u044f \u0432\u0430\u0440\u043e\u0447\u043d\u044b\u0445 \u043f\u0430\u043d\u0435\u043b\u0435\u0439, \u0441\u0442\u043e\u043b\u0435\u0448\u043d\u0438\u0446 \u0438 \u043f\u043e\u043b\u043e\u0432. \u041e\u0431\u043b\u0430\u0434\u0430\u0435\u0442 \u043e\u0441\u0432\u0435\u0436\u0430\u044e\u0449\u0438\u043c \u0430\u0440\u043e\u043c\u0430\u0442\u043e\u043c \u043b\u0430\u0439\u043c\u0430.<\/p>\n<p data-start=\"705\" data-end=\"796\">\u0415\u0441\u043b\u0438 \u0447\u0438\u0441\u0442\u044f\u0449\u0430\u044f \u0441\u043f\u043e\u0441\u043e\u0431\u043d\u043e\u0441\u0442\u044c \u043e\u0441\u0442\u0430\u0435\u0442\u0441\u044f \u043d\u0438\u0437\u043a\u043e\u0439:<br data-start=\"740\" data-end=\"743\" \/>\u2022 \u0414\u043b\u044f \u0434\u043e\u0441\u0442\u0438\u0436\u0435\u043d\u0438\u044f \u0431\u043e\u043b\u0435\u0435 \u0441\u0438\u043b\u044c\u043d\u043e\u0433\u043e \u044d\u0444\u0444\u0435\u043a\u0442\u0430 \u0438\u0441\u043f\u043e\u043b\u044c\u0437\u0443\u0439\u0442\u0435 \u0434\u0432\u043e\u0439\u043d\u0443\u044e \u0442\u0430\u0431\u043b\u0435\u0442\u043a\u0443.<\/p>\n<p data-start=\"798\" data-end=\"970\" data-is-last-node=\"\" data-is-only-node=\"\">\u041c\u043e\u0436\u043d\u043e \u043b\u0438 \u0438\u0441\u043f\u043e\u043b\u044c\u0437\u043e\u0432\u0430\u0442\u044c \u0435\u0433\u043e \u0441 \u0440\u0430\u0441\u043f\u044b\u043b\u0438\u0442\u0435\u043b\u0435\u043c?<br data-start=\"840\" data-end=\"843\" \/>\u2022 \u0414\u0430! \u041c\u044b \u0440\u0435\u043a\u043e\u043c\u0435\u043d\u0434\u0443\u0435\u043c \u0437\u0430\u043f\u0438\u0432\u0430\u0442\u044c \u043a\u0430\u0436\u0434\u0443\u044e \u0442\u0430\u0431\u043b\u0435\u0442\u043a\u0443 500 \u043c\u043b \u0432\u043e\u0434\u044b. \u041f\u0440\u0438 \u043d\u0435\u043e\u0431\u0445\u043e\u0434\u0438\u043c\u043e\u0441\u0442\u0438 \u0432\u044b \u043c\u043e\u0436\u0435\u0442\u0435 \u043e\u0442\u0440\u0435\u0433\u0443\u043b\u0438\u0440\u043e\u0432\u0430\u0442\u044c \u043a\u043e\u043b\u0438\u0447\u0435\u0441\u0442\u0432\u043e \u0432\u043e\u0434\u044b, \u0447\u0442\u043e\u0431\u044b \u0441\u0434\u0435\u043b\u0430\u0442\u044c \u0440\u0430\u0441\u0442\u0432\u043e\u0440 \u0431\u043e\u043b\u0435\u0435 \u043a\u043e\u043d\u0446\u0435\u043d\u0442\u0440\u0438\u0440\u043e\u0432\u0430\u043d\u043d\u044b\u043c \u0438\u043b\u0438 \u043f\u0440\u043e\u0434\u043b\u0438\u0442\u044c \u0435\u0433\u043e \u0434\u0435\u0439\u0441\u0442\u0432\u0438\u0435.<\/p>","protected":false},"excerpt":{"rendered":"<p>Praktilised k\u00f6\u00f6gipuhastustabletid, mis muudavad kraanivee kiiresti t\u00f5husaks puhastusvahendiks. Osta pihustipudel \u00fcks kord, t\u00e4ida veega, lisa tablett \u2013 ja saad keskkonnas\u00e4\u00e4stliku lahenduse igap\u00e4evaseks&hellip;<\/p>","protected":false},"featured_media":246381,"comment_status":"open","ping_status":"closed","template":"","meta":{"wprm-recipe-roundup-name":"","wprm-recipe-roundup-description":""},"product_brand":[11998],"product_cat":[8002],"product_tag":[],"class_list":{"0":"post-246379","1":"product","2":"type-product","3":"status-publish","4":"has-post-thumbnail","6":"product_brand-cosmeau","7":"product_cat-puhastusvahendid","9":"first","10":"instock","11":"sale","12":"taxable","13":"shipping-taxable","14":"purchasable","15":"product-type-simple"},"supplier_id":246354,"supplier_sku":"","barcode":"8720655301230","atum_controlled":true,"out_stock_date":null,"out_stock_threshold":null,"inheritable":false,"inbound_stock":0,"stock_on_hold":0,"sold_today":0,"sales_last_days":0,"reserved_stock":0,"customer_returns":0,"warehouse_damage":0,"lost_in_post":0,"other_logs":0,"out_stock_days":0,"lost_sales":0,"has_location":false,"update_date":"2026-03-07T01:16:05","atum_locations":[],"atum_stock_status":"instock","restock_status":false,"low_stock_amount":"","sales_update_date":"2026-03-07T01:16:05","calc_backorders":null,"aioseo_notices":[],"_links":{"self":[{"href":"https:\/\/ecoshop.ee\/ru\/wp-json\/wp\/v2\/product\/246379","targetHints":{"allow":["GET"]}}],"collection":[{"href":"https:\/\/ecoshop.ee\/ru\/wp-json\/wp\/v2\/product"}],"about":[{"href":"https:\/\/ecoshop.ee\/ru\/wp-json\/wp\/v2\/types\/product"}],"replies":[{"embeddable":true,"href":"https:\/\/ecoshop.ee\/ru\/wp-json\/wp\/v2\/comments?post=246379"}],"version-history":[{"count":0,"href":"https:\/\/ecoshop.ee\/ru\/wp-json\/wp\/v2\/product\/246379\/revisions"}],"wp:featuredmedia":[{"embeddable":true,"href":"https:\/\/ecoshop.ee\/ru\/wp-json\/wp\/v2\/media\/246381"}],"wp:attachment":[{"href":"https:\/\/ecoshop.ee\/ru\/wp-json\/wp\/v2\/media?parent=246379"}],"wp:term":[{"taxonomy":"product_brand","embeddable":true,"href":"https:\/\/ecoshop.ee\/ru\/wp-json\/wp\/v2\/product_brand?post=246379"},{"taxonomy":"product_cat","embeddable":true,"href":"https:\/\/ecoshop.ee\/ru\/wp-json\/wp\/v2\/product_cat?post=246379"},{"taxonomy":"product_tag","embeddable":true,"href":"https:\/\/ecoshop.ee\/ru\/wp-json\/wp\/v2\/product_tag?post=246379"}],"curies":[{"name":"wp","href":"https:\/\/api.w.org\/{rel}","templated":true}]}}