{"id":246423,"date":"2025-11-28T17:07:53","date_gmt":"2025-11-28T14:07:53","guid":{"rendered":"https:\/\/ecoshop.ee\/?post_type=product&#038;p=246423"},"modified":"2026-01-08T22:53:27","modified_gmt":"2026-01-08T19:53:27","slug":"%d0%bd%d0%b0%d0%b1%d0%be%d1%80-%d0%be%d1%87%d0%b8%d1%89%d0%b0%d1%8e%d1%89%d0%b8%d1%85-%d1%82%d0%b0%d0%b1%d0%bb%d0%b5%d1%82%d0%be%d0%ba-cosmeau-8-%d1%88%d1%82-%d0%b4%d0%bb%d1%8f-%d0%bd%d0%b0%d1%87","status":"publish","type":"product","link":"https:\/\/ecoshop.ee\/ru\/puhastusvahendid\/cosmeau-puhastustablettide-stardikomplekt-8tk\/","title":{"rendered":"\u041d\u0430\u0431\u043e\u0440 \u043e\u0447\u0438\u0449\u0430\u044e\u0449\u0438\u0445 \u0442\u0430\u0431\u043b\u0435\u0442\u043e\u043a Cosmeau (8 \u0448\u0442.)"},"content":{"rendered":"<p data-start=\"93\" data-end=\"367\">\u0423\u043d\u0438\u0432\u0435\u0440\u0441\u0430\u043b\u044c\u043d\u044b\u0439 \u043d\u0430\u0431\u043e\u0440 \u0434\u043b\u044f \u0443\u0431\u043e\u0440\u043a\u0438, \u0441\u043e\u0434\u0435\u0440\u0436\u0430\u0449\u0438\u0439 \u0447\u0435\u0442\u044b\u0440\u0435 \u0440\u0430\u0437\u043b\u0438\u0447\u043d\u044b\u0445 \u0447\u0438\u0441\u0442\u044f\u0449\u0438\u0445 \u0442\u0430\u0431\u043b\u0435\u0442\u043a\u0438 \u0434\u043b\u044f \u0435\u0436\u0435\u0434\u043d\u0435\u0432\u043d\u043e\u0433\u043e \u0443\u0445\u043e\u0434\u0430 \u0437\u0430 \u0434\u043e\u043c\u043e\u043c. \u041d\u0430\u043f\u043e\u043b\u043d\u0438\u0442\u0435 \u0440\u0430\u0441\u043f\u044b\u043b\u0438\u0442\u0435\u043b\u044c \u0432\u043e\u0434\u043e\u043f\u0440\u043e\u0432\u043e\u0434\u043d\u043e\u0439 \u0432\u043e\u0434\u043e\u0439, \u0434\u043e\u0431\u0430\u0432\u044c\u0442\u0435 \u0442\u0430\u0431\u043b\u0435\u0442\u043a\u0443 \u2014 \u0438 \u0432\u044b \u043f\u043e\u043b\u0443\u0447\u0438\u0442\u0435 \u044d\u0444\u0444\u0435\u043a\u0442\u0438\u0432\u043d\u043e\u0435 \u0447\u0438\u0441\u0442\u044f\u0449\u0435\u0435 \u0441\u0440\u0435\u0434\u0441\u0442\u0432\u043e \u0431\u0435\u0437 \u043b\u0438\u0448\u043d\u0435\u0433\u043e \u043f\u043b\u0430\u0441\u0442\u0438\u043a\u0430 \u0438 \u0447\u0440\u0435\u0437\u043c\u0435\u0440\u043d\u043e\u0433\u043e \u0440\u0430\u0441\u0445\u043e\u0434\u0430 \u0432\u043e\u0434\u044b. \u042d\u043a\u043e\u043d\u043e\u043c\u0438\u0447\u043d\u044b\u0439, \u044d\u043a\u043e\u043b\u043e\u0433\u0438\u0447\u043d\u044b\u0439, \u043a\u043e\u043c\u043f\u0430\u043a\u0442\u043d\u044b\u0439 \u0438 \u0443\u0434\u043e\u0431\u043d\u044b\u0439.<\/p>\n<p data-start=\"369\" data-end=\"494\">\u2022 \u0421\u043e\u043a\u0440\u0430\u0449\u0430\u0435\u0442 \u0438\u0441\u043f\u043e\u043b\u044c\u0437\u043e\u0432\u0430\u043d\u0438\u0435 \u043f\u043b\u0430\u0441\u0442\u0438\u043a\u0430 \u0438 \u0442\u0440\u0430\u043d\u0441\u043f\u043e\u0440\u0442\u0438\u0440\u043e\u0432\u043a\u0443 \u0432\u043e\u0434\u044b.<br data-start=\"406\" data-end=\"409\" \/>\u2022 \u042d\u0444\u0444\u0435\u043a\u0442\u0438\u0432\u043d\u0430\u044f \u043e\u0447\u0438\u0441\u0442\u043a\u0430 \u043b\u044e\u0431\u044b\u0445 \u043f\u043e\u0432\u0435\u0440\u0445\u043d\u043e\u0441\u0442\u0435\u0439<br data-start=\"439\" data-end=\"442\" \/>\u2022 \u0412\u0435\u0433\u0430\u043d\u0441\u043a\u0438\u0439<br data-start=\"449\" data-end=\"452\" \/>\u2022 \u0414\u043e\u0441\u0442\u0443\u043f\u043d\u0430\u044f \u0438 \u043f\u0440\u0430\u043a\u0442\u0438\u0447\u043d\u0430\u044f \u0441\u0438\u0441\u0442\u0435\u043c\u0430 \u043d\u0430\u043f\u043e\u043b\u043d\u0435\u043d\u0438\u044f<\/p>\n<p data-start=\"496\" data-end=\"669\"><strong data-start=\"496\" data-end=\"518\">\u0412 \u043a\u043e\u043c\u043f\u043b\u0435\u043a\u0442 \u0432\u0445\u043e\u0434\u044f\u0442:<\/strong><br data-start=\"518\" data-end=\"521\" \/>\u2022 <strong data-start=\"523\" data-end=\"554\">2 \u0441\u0440\u0435\u0434\u0441\u0442\u0432\u0430 \u0434\u043b\u044f \u0447\u0438\u0441\u0442\u043a\u0438 \u0441\u0442\u0435\u043a\u043e\u043b \u2013 \u0431\u0435\u0437 \u0437\u0430\u043f\u0430\u0445\u0430<\/strong><br data-start=\"554\" data-end=\"557\" \/>\u0411\u0435\u0437 \u0440\u0430\u0437\u0432\u043e\u0434\u043e\u0432 \u043d\u0430 \u043e\u043a\u043d\u0430\u0445, \u0437\u0435\u0440\u043a\u0430\u043b\u0430\u0445 \u0438 \u0432\u0441\u0435\u0445 \u0441\u0442\u0435\u043a\u043b\u044f\u043d\u043d\u044b\u0445 \u043f\u043e\u0432\u0435\u0440\u0445\u043d\u043e\u0441\u0442\u044f\u0445. \u0415\u0441\u043b\u0438 \u0440\u0430\u0437\u0432\u043e\u0434\u044b \u0438\u043b\u0438 \u0437\u0430\u043f\u043e\u0442\u0435\u0432\u0430\u043d\u0438\u0435 \u043e\u0441\u0442\u0430\u044e\u0442\u0441\u044f, \u0434\u043e\u0431\u0430\u0432\u044c\u0442\u0435 \u043d\u0435\u043c\u043d\u043e\u0433\u043e \u0443\u043a\u0441\u0443\u0441\u0430.<\/p>\n<p data-start=\"671\" data-end=\"800\">\u2022 <strong data-start=\"673\" data-end=\"691\">2\u00d7 \u041a\u0443\u0445\u043d\u044f \u2013 \u043b\u0430\u0439\u043c<\/strong><br data-start=\"691\" data-end=\"694\" \/>\u041f\u0440\u0435\u0434\u043d\u0430\u0437\u043d\u0430\u0447\u0435\u043d\u043e \u0434\u043b\u044f \u0443\u0434\u0430\u043b\u0435\u043d\u0438\u044f \u0436\u0438\u0440\u0430 \u0438 \u043e\u0441\u0442\u0430\u0442\u043a\u043e\u0432 \u043f\u0438\u0449\u0438 \u0441 \u0432\u0430\u0440\u043e\u0447\u043d\u044b\u0445 \u043f\u0430\u043d\u0435\u043b\u0435\u0439, \u0440\u0430\u0431\u043e\u0447\u0438\u0445 \u043f\u043e\u0432\u0435\u0440\u0445\u043d\u043e\u0441\u0442\u0435\u0439 \u0438 \u043f\u043e\u043b\u043e\u0432. \u0421\u0432\u0435\u0436\u0438\u0439 \u0430\u0440\u043e\u043c\u0430\u0442 \u043b\u0430\u0439\u043c\u0430.<\/p>\n<p data-start=\"802\" data-end=\"906\">\u2022 <strong data-start=\"804\" data-end=\"841\">2\u00d7 \u0412\u0430\u043d\u043d\u0430\u044f \u043a\u043e\u043c\u043d\u0430\u0442\u0430 \u0438 \u0441\u0430\u043d\u0442\u0435\u0445\u043d\u0438\u043a\u0430 \u2013 \u043e\u0440\u0430\u043d\u0436\u0435\u0432\u044b\u0439<\/strong><br data-start=\"841\" data-end=\"844\" \/>\u0423\u0434\u0430\u043b\u044f\u0435\u0442 \u0438 \u043f\u0440\u0435\u0434\u043e\u0442\u0432\u0440\u0430\u0449\u0430\u0435\u0442 \u043e\u0431\u0440\u0430\u0437\u043e\u0432\u0430\u043d\u0438\u0435 \u0438\u0437\u0432\u0435\u0441\u0442\u043a\u043e\u0432\u043e\u0433\u043e \u043d\u0430\u043b\u0435\u0442\u0430. \u041f\u043e\u0434\u0445\u043e\u0434\u0438\u0442 \u0434\u043b\u044f \u0432\u0430\u043d\u043d\u044b\u0445 \u043a\u043e\u043c\u043d\u0430\u0442 \u0438 \u0442\u0443\u0430\u043b\u0435\u0442\u043e\u0432.<\/p>\n<p data-start=\"908\" data-end=\"1018\">\u2022 <strong data-start=\"910\" data-end=\"946\">2\u00d7 \u0423\u043d\u0438\u0432\u0435\u0440\u0441\u0430\u043b\u044c\u043d\u043e\u0435 \u0447\u0438\u0441\u0442\u044f\u0449\u0435\u0435 \u0441\u0440\u0435\u0434\u0441\u0442\u0432\u043e \u2013 \u043b\u0430\u0432\u0430\u043d\u0434\u0430<\/strong><br data-start=\"946\" data-end=\"949\" \/>\u0423\u043d\u0438\u0432\u0435\u0440\u0441\u0430\u043b\u044c\u043d\u043e\u0435 \u0447\u0438\u0441\u0442\u044f\u0449\u0435\u0435 \u0441\u0440\u0435\u0434\u0441\u0442\u0432\u043e \u0434\u043b\u044f \u0440\u0430\u0437\u043b\u0438\u0447\u043d\u044b\u0445 \u043f\u043e\u0432\u0435\u0440\u0445\u043d\u043e\u0441\u0442\u0435\u0439 \u0441 \u043d\u0435\u0436\u043d\u044b\u043c \u0430\u0440\u043e\u043c\u0430\u0442\u043e\u043c \u043b\u0430\u0432\u0430\u043d\u0434\u044b.<\/p>\n<p data-start=\"1020\" data-end=\"1113\"><strong data-start=\"1020\" data-end=\"1055\">\u0415\u0441\u043b\u0438 \u0447\u0438\u0441\u0442\u044f\u0449\u0430\u044f \u0441\u043f\u043e\u0441\u043e\u0431\u043d\u043e\u0441\u0442\u044c \u043e\u0441\u0442\u0430\u0435\u0442\u0441\u044f \u043d\u0438\u0437\u043a\u043e\u0439:<\/strong><br data-start=\"1055\" data-end=\"1058\" \/>\u0414\u043b\u044f \u0434\u043e\u0441\u0442\u0438\u0436\u0435\u043d\u0438\u044f \u0431\u043e\u043b\u0435\u0435 \u0432\u044b\u0440\u0430\u0436\u0435\u043d\u043d\u043e\u0433\u043e \u0440\u0435\u0437\u0443\u043b\u044c\u0442\u0430\u0442\u0430 \u0438\u0441\u043f\u043e\u043b\u044c\u0437\u0443\u0439\u0442\u0435 \u0434\u0432\u0435 \u0442\u0430\u0431\u043b\u0435\u0442\u043a\u0438.<\/p>\n<p data-start=\"1115\" data-end=\"1226\"><strong data-start=\"1115\" data-end=\"1157\">\u041c\u043e\u0436\u043d\u043e \u043b\u0438 \u0438\u0441\u043f\u043e\u043b\u044c\u0437\u043e\u0432\u0430\u0442\u044c \u0435\u0433\u043e \u0441 \u0440\u0430\u0441\u043f\u044b\u043b\u0438\u0442\u0435\u043b\u0435\u043c?<\/strong><br data-start=\"1157\" data-end=\"1160\" \/>\u0414\u0430, \u0442\u0430\u0431\u043b\u0435\u0442\u043a\u0438 \u043f\u043e\u0434\u0445\u043e\u0434\u044f\u0442 \u0434\u043b\u044f \u0431\u043e\u043b\u044c\u0448\u0438\u043d\u0441\u0442\u0432\u0430 \u0444\u043b\u0430\u043a\u043e\u043d\u043e\u0432 \u0441 \u0443\u0437\u043a\u0438\u043c \u0433\u043e\u0440\u043b\u044b\u0448\u043a\u043e\u043c.<\/p>","protected":false},"excerpt":{"rendered":"<p>Mitmek\u00fclgne puhastuskomplekt, mis sisaldab nelja erinevat puhastustabletti igap\u00e4evase koduhoolduse jaoks. T\u00e4ida pihustipudel kraaniveega, lisa tablett ja saad t\u00f5husa puhastusvahendi ilma tarbetu plastikuta&hellip;<\/p>","protected":false},"featured_media":246424,"comment_status":"open","ping_status":"closed","template":"","meta":{"wprm-recipe-roundup-name":"","wprm-recipe-roundup-description":""},"product_brand":[11998],"product_cat":[8002],"product_tag":[],"class_list":{"0":"post-246423","1":"product","2":"type-product","3":"status-publish","4":"has-post-thumbnail","6":"product_brand-cosmeau","7":"product_cat-puhastusvahendid","9":"first","10":"instock","11":"taxable","12":"shipping-taxable","13":"purchasable","14":"product-type-simple"},"supplier_id":246354,"supplier_sku":"","barcode":"8720655301445","atum_controlled":true,"out_stock_date":null,"out_stock_threshold":null,"inheritable":false,"inbound_stock":0,"stock_on_hold":0,"sold_today":0,"sales_last_days":0,"reserved_stock":0,"customer_returns":0,"warehouse_damage":0,"lost_in_post":0,"other_logs":0,"out_stock_days":0,"lost_sales":0,"has_location":false,"update_date":"2026-04-20T21:45:56","atum_locations":[],"atum_stock_status":"instock","restock_status":false,"low_stock_amount":"","sales_update_date":"2026-04-20T21:45:56","calc_backorders":null,"aioseo_notices":[],"_links":{"self":[{"href":"https:\/\/ecoshop.ee\/ru\/wp-json\/wp\/v2\/product\/246423","targetHints":{"allow":["GET"]}}],"collection":[{"href":"https:\/\/ecoshop.ee\/ru\/wp-json\/wp\/v2\/product"}],"about":[{"href":"https:\/\/ecoshop.ee\/ru\/wp-json\/wp\/v2\/types\/product"}],"replies":[{"embeddable":true,"href":"https:\/\/ecoshop.ee\/ru\/wp-json\/wp\/v2\/comments?post=246423"}],"version-history":[{"count":0,"href":"https:\/\/ecoshop.ee\/ru\/wp-json\/wp\/v2\/product\/246423\/revisions"}],"wp:featuredmedia":[{"embeddable":true,"href":"https:\/\/ecoshop.ee\/ru\/wp-json\/wp\/v2\/media\/246424"}],"wp:attachment":[{"href":"https:\/\/ecoshop.ee\/ru\/wp-json\/wp\/v2\/media?parent=246423"}],"wp:term":[{"taxonomy":"product_brand","embeddable":true,"href":"https:\/\/ecoshop.ee\/ru\/wp-json\/wp\/v2\/product_brand?post=246423"},{"taxonomy":"product_cat","embeddable":true,"href":"https:\/\/ecoshop.ee\/ru\/wp-json\/wp\/v2\/product_cat?post=246423"},{"taxonomy":"product_tag","embeddable":true,"href":"https:\/\/ecoshop.ee\/ru\/wp-json\/wp\/v2\/product_tag?post=246423"}],"curies":[{"name":"wp","href":"https:\/\/api.w.org\/{rel}","templated":true}]}}