{"id":246450,"date":"2025-11-30T18:55:07","date_gmt":"2025-11-30T15:55:07","guid":{"rendered":"https:\/\/ecoshop.ee\/?post_type=product&#038;p=246450"},"modified":"2025-11-30T18:55:08","modified_gmt":"2025-11-30T15:55:08","slug":"%d1%87%d0%b8%d1%81%d1%82%d1%8f%d1%89%d0%b8%d0%b5-%d0%bf%d0%be%d0%bb%d0%be%d1%81%d0%ba%d0%b8-%d0%b4%d0%bb%d1%8f-%d1%83%d0%bd%d0%b8%d1%82%d0%b0%d0%b7%d0%b0-cosmeau-60-%d1%88%d1%82","status":"publish","type":"product","link":"https:\/\/ecoshop.ee\/ru\/puhastusvahendid\/cosmeau-wc-puhastusribad-60tk\/","title":{"rendered":"\u0427\u0438\u0441\u0442\u044f\u0449\u0438\u0435 \u043f\u043e\u043b\u043e\u0441\u043a\u0438 \u0434\u043b\u044f \u0443\u043d\u0438\u0442\u0430\u0437\u0430 Cosmeau, 60 \u0448\u0442."},"content":{"rendered":"<p data-start=\"30\" data-end=\"347\">\u042d\u043a\u043e\u043b\u043e\u0433\u0438\u0447\u0435\u0441\u043a\u0438 \u0447\u0438\u0441\u0442\u043e\u0435 \u0441\u0440\u0435\u0434\u0441\u0442\u0432\u043e \u0434\u043b\u044f \u0447\u0438\u0441\u0442\u043a\u0438 \u0443\u043d\u0438\u0442\u0430\u0437\u0430 \u0432 \u0443\u0434\u043e\u0431\u043d\u043e\u0439 \u0444\u043e\u0440\u043c\u0435 \u0431\u0443\u043c\u0430\u0436\u043d\u044b\u0445 \u043f\u043e\u043b\u043e\u0441\u043e\u043a \u2013 \u043f\u0440\u043e\u0441\u0442\u043e \u043f\u043e\u043b\u043e\u0436\u0438\u0442\u0435 \u043e\u0434\u043d\u0443 \u043f\u043e\u043b\u043e\u0441\u043a\u0443 \u0432 \u0431\u0430\u043d\u043e\u0447\u043a\u0443 \u0438 \u0434\u0430\u0439\u0442\u0435 \u0435\u0439 \u0441\u0434\u0435\u043b\u0430\u0442\u044c \u0441\u0432\u043e\u0435 \u0434\u0435\u043b\u043e. \u0411\u0438\u043e\u0440\u0430\u0437\u043b\u0430\u0433\u0430\u0435\u043c\u043e\u0435, \u043a\u043e\u043c\u043f\u0430\u043a\u0442\u043d\u043e\u0435 \u0438 \u0431\u043e\u043b\u0435\u0435 \u0434\u043e\u0441\u0442\u0443\u043f\u043d\u043e\u0435 \u043f\u043e \u0446\u0435\u043d\u0435, \u0447\u0435\u043c \u0442\u0440\u0430\u0434\u0438\u0446\u0438\u043e\u043d\u043d\u044b\u0435 \u0433\u0435\u043b\u0438 \u0434\u043b\u044f \u0443\u043d\u0438\u0442\u0430\u0437\u0430. \u0423\u043b\u044c\u0442\u0440\u0430\u043a\u043e\u043d\u0446\u0435\u043d\u0442\u0440\u0438\u0440\u043e\u0432\u0430\u043d\u043d\u0430\u044f \u0444\u043e\u0440\u043c\u0443\u043b\u0430 \u0443\u0434\u0430\u043b\u044f\u0435\u0442 \u0433\u0440\u044f\u0437\u044c \u0438 \u043d\u0430\u043a\u0438\u043f\u044c \u0431\u0435\u0437 \u0444\u043e\u0441\u0444\u0430\u0442\u043e\u0432, \u043e\u0442\u0431\u0435\u043b\u0438\u0432\u0430\u0442\u0435\u043b\u0435\u0439 \u0438 \u0430\u0433\u0440\u0435\u0441\u0441\u0438\u0432\u043d\u044b\u0445 \u0445\u0438\u043c\u0438\u043a\u0430\u0442\u043e\u0432.<\/p>\n<p data-start=\"349\" data-end=\"535\">\u2022 \u042d\u0444\u0444\u0435\u043a\u0442\u0438\u0432\u043d\u043e\u0435 \u0443\u0434\u0430\u043b\u0435\u043d\u0438\u0435 \u043d\u0430\u043a\u0438\u043f\u0438 \u0438 \u0437\u0430\u0433\u0440\u044f\u0437\u043d\u0435\u043d\u0438\u0439<br data-start=\"386\" data-end=\"389\" \/>\u2022 \u0421\u0432\u0435\u0436\u0438\u0439 \u0430\u0440\u043e\u043c\u0430\u0442<br data-start=\"402\" data-end=\"405\" \/>\u2022 \u041d\u0435\u0439\u0442\u0440\u0430\u043b\u044c\u043d\u044b\u0439 pH \u2013 \u043d\u0435 \u043f\u043e\u0432\u0440\u0435\u0436\u0434\u0430\u0435\u0442 \u043a\u0430\u0441\u0442\u0440\u044e\u043b\u044e, \u043c\u0435\u0442\u0430\u043b\u043b\u0438\u0447\u0435\u0441\u043a\u0438\u0435 \u0438\u043b\u0438 \u043f\u043b\u0430\u0441\u0442\u0438\u043a\u043e\u0432\u044b\u0435 \u0434\u0435\u0442\u0430\u043b\u0438.<br data-start=\"466\" data-end=\"469\" \/>\u2022 \u041f\u043e\u043b\u043d\u043e\u0441\u0442\u044c\u044e \u0440\u0430\u0441\u0442\u0432\u043e\u0440\u0438\u043c \u0438 \u043d\u0435 \u0437\u0430\u0431\u0438\u0432\u0430\u0435\u0442 \u043f\u043e\u0440\u044b<br data-start=\"504\" data-end=\"507\" \/>\u2022 \u041d\u0435 \u0441\u043e\u0434\u0435\u0440\u0436\u0438\u0442 \u043f\u043b\u0430\u0441\u0442\u0438\u043a\u0430 \u0438 \u0431\u0438\u043e\u0440\u0430\u0437\u043b\u0430\u0433\u0430\u0435\u043c\u044b\u0439<\/p>\n<p data-start=\"349\" data-end=\"535\">\n<p data-start=\"537\" data-end=\"559\"><strong data-start=\"537\" data-end=\"557\">\u041a\u0430\u043a \u0438\u0441\u043f\u043e\u043b\u044c\u0437\u043e\u0432\u0430\u0442\u044c?<\/strong><\/p>\n<ol data-start=\"560\" data-end=\"789\">\n<li data-start=\"560\" data-end=\"631\">\n<p data-start=\"563\" data-end=\"631\">\u0420\u0430\u0437\u043e\u0440\u0432\u0438\u0442\u0435 \u043f\u043e\u043b\u043e\u0441\u043a\u0443 \u043f\u043e\u043f\u043e\u043b\u0430\u043c \u043f\u043e \u043f\u0435\u0440\u0444\u043e\u0440\u0430\u0446\u0438\u0438 \u0438\u043b\u0438 \u0438\u0441\u043f\u043e\u043b\u044c\u0437\u0443\u0439\u0442\u0435 \u0446\u0435\u043b\u0443\u044e \u043f\u043e\u043b\u043e\u0441\u043a\u0443.<\/p>\n<\/li>\n<li data-start=\"632\" data-end=\"662\">\n<p data-start=\"635\" data-end=\"662\">\u041f\u043e\u043c\u0435\u0441\u0442\u0438\u0442\u0435 \u043f\u043e\u043b\u043e\u0441\u043a\u0443 \u0432 \u0432\u043e\u0434\u0443 \u0432 \u0443\u043d\u0438\u0442\u0430\u0437\u0435.<\/p>\n<\/li>\n<li data-start=\"663\" data-end=\"706\">\n<p data-start=\"666\" data-end=\"706\">\u0414\u0430\u0439\u0442\u0435 \u0435\u043c\u0443 \u0440\u0430\u0441\u0442\u0432\u043e\u0440\u0438\u0442\u044c\u0441\u044f \u0432 \u0442\u0435\u0447\u0435\u043d\u0438\u0435 20-30 \u0441\u0435\u043a\u0443\u043d\u0434.<\/p>\n<\/li>\n<li data-start=\"707\" data-end=\"742\">\n<p data-start=\"710\" data-end=\"742\">\u041f\u0440\u043e\u0447\u0438\u0441\u0442\u0438\u0442\u0435 \u043a\u0430\u0441\u0442\u0440\u044e\u043b\u044e \u0442\u0443\u0430\u043b\u0435\u0442\u043d\u044b\u043c \u0451\u0440\u0448\u0438\u043a\u043e\u043c.<\/p>\n<\/li>\n<li data-start=\"743\" data-end=\"789\">\n<p data-start=\"746\" data-end=\"789\">\u0421\u043c\u043e\u0439\u0442\u0435 \u0438\u043b\u0438 \u043e\u0441\u0442\u0430\u0432\u044c\u0442\u0435 \u0435\u0449\u0435 \u043d\u0430 \u043d\u0435\u043a\u043e\u0442\u043e\u0440\u043e\u0435 \u0432\u0440\u0435\u043c\u044f.<\/p>\n<\/li>\n<\/ol>\n<p data-start=\"791\" data-end=\"880\"><strong data-start=\"791\" data-end=\"806\">\u0414\u043e\u0437\u0438\u0440\u043e\u0432\u043a\u0430<\/strong><br data-start=\"806\" data-end=\"809\" \/>\u2022 <strong data-start=\"811\" data-end=\"821\">\u00bd \u043f\u043e\u043b\u043e\u0441\u043a\u0438<\/strong> \u2013 \u0440\u0435\u0433\u0443\u043b\u044f\u0440\u043d\u0430\u044f \u0443\u0431\u043e\u0440\u043a\u0430<br data-start=\"841\" data-end=\"844\" \/>\u2022 <strong data-start=\"846\" data-end=\"856\">1 \u043f\u043e\u043b\u043e\u0441\u043a\u0430<\/strong> \u2013 \u0431\u043e\u043b\u0435\u0435 \u0442\u0449\u0430\u0442\u0435\u043b\u044c\u043d\u0430\u044f \u0443\u0431\u043e\u0440\u043a\u0430<\/p>\n<p data-start=\"882\" data-end=\"983\" data-is-last-node=\"\" data-is-only-node=\"\">30 \u043f\u043e\u043b\u043e\u0441\u043e\u043a \u0434\u043e\u0441\u0442\u0430\u0442\u043e\u0447\u043d\u043e \u0434\u043b\u044f \u043f\u0440\u0438\u0433\u043e\u0442\u043e\u0432\u043b\u0435\u043d\u0438\u044f \u0434\u043e 60 \u043f\u043e\u0440\u0446\u0438\u0439.<strong data-start=\"904\" data-end=\"927\">\u00a0\u0434\u043b\u044f \u0446\u0435\u043b\u0435\u0439 \u0443\u0431\u043e\u0440\u043a\u0438<\/strong>.<\/p>","protected":false},"excerpt":{"rendered":"<p>Keskkonnas\u00f5bralik WC-puhastusvahend mugaval pabeririba kujul \u2013 lihtsalt lisa \u00fcks riba potti ja lase sellel oma t\u00f6\u00f6 \u00e4ra teha. Biolagunev, ruumis\u00e4\u00e4stlik ning soodsam&hellip;<\/p>","protected":false},"featured_media":246451,"comment_status":"open","ping_status":"closed","template":"","meta":{"wprm-recipe-roundup-name":"","wprm-recipe-roundup-description":""},"product_brand":[11998],"product_cat":[8002],"product_tag":[],"class_list":{"0":"post-246450","1":"product","2":"type-product","3":"status-publish","4":"has-post-thumbnail","6":"product_brand-cosmeau","7":"product_cat-puhastusvahendid","9":"first","10":"instock","11":"taxable","12":"shipping-taxable","13":"purchasable","14":"product-type-simple"},"supplier_id":246354,"supplier_sku":"","barcode":"8720655301391","atum_controlled":true,"out_stock_date":null,"out_stock_threshold":null,"inheritable":false,"inbound_stock":0,"stock_on_hold":0,"sold_today":0,"sales_last_days":0,"reserved_stock":0,"customer_returns":0,"warehouse_damage":0,"lost_in_post":0,"other_logs":0,"out_stock_days":0,"lost_sales":0,"has_location":false,"update_date":"2026-04-20T21:45:56","atum_locations":[],"atum_stock_status":"instock","restock_status":false,"low_stock_amount":"","sales_update_date":"2026-04-20T21:45:56","calc_backorders":null,"aioseo_notices":[],"_links":{"self":[{"href":"https:\/\/ecoshop.ee\/ru\/wp-json\/wp\/v2\/product\/246450","targetHints":{"allow":["GET"]}}],"collection":[{"href":"https:\/\/ecoshop.ee\/ru\/wp-json\/wp\/v2\/product"}],"about":[{"href":"https:\/\/ecoshop.ee\/ru\/wp-json\/wp\/v2\/types\/product"}],"replies":[{"embeddable":true,"href":"https:\/\/ecoshop.ee\/ru\/wp-json\/wp\/v2\/comments?post=246450"}],"version-history":[{"count":0,"href":"https:\/\/ecoshop.ee\/ru\/wp-json\/wp\/v2\/product\/246450\/revisions"}],"wp:featuredmedia":[{"embeddable":true,"href":"https:\/\/ecoshop.ee\/ru\/wp-json\/wp\/v2\/media\/246451"}],"wp:attachment":[{"href":"https:\/\/ecoshop.ee\/ru\/wp-json\/wp\/v2\/media?parent=246450"}],"wp:term":[{"taxonomy":"product_brand","embeddable":true,"href":"https:\/\/ecoshop.ee\/ru\/wp-json\/wp\/v2\/product_brand?post=246450"},{"taxonomy":"product_cat","embeddable":true,"href":"https:\/\/ecoshop.ee\/ru\/wp-json\/wp\/v2\/product_cat?post=246450"},{"taxonomy":"product_tag","embeddable":true,"href":"https:\/\/ecoshop.ee\/ru\/wp-json\/wp\/v2\/product_tag?post=246450"}],"curies":[{"name":"wp","href":"https:\/\/api.w.org\/{rel}","templated":true}]}}