{"id":246456,"date":"2025-11-30T19:21:09","date_gmt":"2025-11-30T16:21:09","guid":{"rendered":"https:\/\/ecoshop.ee\/?post_type=product&#038;p=246456"},"modified":"2026-04-20T12:03:34","modified_gmt":"2026-04-20T09:03:34","slug":"%d0%bf%d0%be%d0%bb%d0%be%d1%81%d0%ba%d0%b8-%d0%b4%d0%bb%d1%8f-%d1%81%d1%82%d0%b8%d1%80%d0%b0%d0%bb%d1%8c%d0%bd%d0%be%d0%b9-%d0%bc%d0%b0%d1%88%d0%b8%d0%bd%d1%8b-cosmeau-60-%d1%88%d1%82","status":"publish","type":"product","link":"https:\/\/ecoshop.ee\/ru\/puhastusvahendid\/cosmeau-noudepesumasina-ribad-60tk\/","title":{"rendered":"\u041f\u043e\u043b\u043e\u0441\u043a\u0438 \u0434\u043b\u044f \u043f\u043e\u0441\u0443\u0434\u043e\u043c\u043e\u0435\u0447\u043d\u044b\u0445 \u043c\u0430\u0448\u0438\u043d Cosmeau, 60 \u0448\u0442."},"content":{"rendered":"<p data-start=\"35\" data-end=\"216\">\u042d\u043a\u043e\u043b\u043e\u0433\u0438\u0447\u043d\u043e\u0435 \u0438 \u0443\u0434\u043e\u0431\u043d\u043e\u0435 \u0441\u0440\u0435\u0434\u0441\u0442\u0432\u043e \u0434\u043b\u044f \u043c\u044b\u0442\u044c\u044f \u043f\u043e\u0441\u0443\u0434\u044b \u0432 \u0432\u0438\u0434\u0435 \u0431\u0443\u043c\u0430\u0436\u043d\u043e\u0439 \u043f\u043e\u043b\u043e\u0441\u043a\u0438. \u041e\u0442\u043e\u0440\u0432\u0438\u0442\u0435, \u043e\u0442\u043c\u0435\u0440\u044c\u0442\u0435 \u0438 \u043f\u043e\u043c\u0435\u0441\u0442\u0438\u0442\u0435 \u0432 \u043f\u043e\u0441\u0443\u0434\u043e\u043c\u043e\u0435\u0447\u043d\u0443\u044e \u043c\u0430\u0448\u0438\u043d\u0443 \u2014 \u043b\u0435\u0433\u043a\u043e! \u0411\u0438\u043e\u0440\u0430\u0437\u043b\u0430\u0433\u0430\u0435\u043c\u043e\u0435 \u0432 \u0441\u043e\u043e\u0442\u0432\u0435\u0442\u0441\u0442\u0432\u0438\u0438 \u0441 \u0442\u0440\u0435\u0431\u043e\u0432\u0430\u043d\u0438\u044f\u043c\u0438 \u0415\u0421, \u043d\u0435 \u0441\u043e\u0434\u0435\u0440\u0436\u0438\u0442 \u043f\u043b\u0430\u0441\u0442\u0438\u043a\u0430 \u0438 \u043e\u0447\u0435\u043d\u044c \u043a\u043e\u043c\u043f\u0430\u043a\u0442\u043d\u043e.<\/p>\n<p data-start=\"218\" data-end=\"479\">\u2022 \u0423\u043b\u044c\u0442\u0440\u0430\u043a\u043e\u043d\u0446\u0435\u043d\u0442\u0440\u0438\u0440\u043e\u0432\u0430\u043d\u043d\u0430\u044f \u0444\u043e\u0440\u043c\u0443\u043b\u0430 \u0443\u0434\u0430\u043b\u044f\u0435\u0442 \u0433\u0440\u044f\u0437\u044c, \u043f\u044f\u0442\u043d\u0430, \u043e\u0441\u0442\u0430\u0442\u043a\u0438 \u043f\u0438\u0449\u0438 \u0438 \u0431\u0430\u043a\u0442\u0435\u0440\u0438\u0438 \u0441 \u043f\u043e\u043c\u043e\u0449\u044c\u044e \u0444\u0435\u0440\u043c\u0435\u043d\u0442\u043e\u0432.<br data-start=\"318\" data-end=\"321\" \/>\u2022 \u041d\u0435 \u0441\u043e\u0434\u0435\u0440\u0436\u0438\u0442 \u043f\u0430\u0440\u0430\u0431\u0435\u043d\u043e\u0432, \u0444\u043e\u0441\u0444\u0430\u0442\u043e\u0432 \u0438 \u0430\u0433\u0440\u0435\u0441\u0441\u0438\u0432\u043d\u044b\u0445 \u0445\u0438\u043c\u0438\u0447\u0435\u0441\u043a\u0438\u0445 \u0432\u0435\u0449\u0435\u0441\u0442\u0432.<br data-start=\"381\" data-end=\"384\" \/>\u2022 \u041f\u043e\u043b\u043d\u043e\u0441\u0442\u044c\u044e \u0440\u0430\u0441\u0442\u0432\u043e\u0440\u0438\u043c\u0430\u044f \u043f\u043e\u043b\u043e\u0441\u043a\u0430<br data-start=\"410\" data-end=\"413\" \/>\u2022 \u0423\u043f\u0430\u043a\u043e\u0432\u043a\u0430 \u0431\u0435\u0437 \u043f\u043b\u0430\u0441\u0442\u0438\u043a\u0430<br data-start=\"432\" data-end=\"435\" \/>\u2022 \u0414\u043e\u0437\u0438\u0440\u043e\u0432\u043a\u0430 \u0437\u0430\u0432\u0438\u0441\u0438\u0442 \u043e\u0442 \u0441\u0442\u0435\u043f\u0435\u043d\u0438 \u0437\u0430\u0433\u0440\u044f\u0437\u043d\u0435\u043d\u0438\u044f<\/p>\n<p data-start=\"481\" data-end=\"503\"><strong data-start=\"481\" data-end=\"501\">\u041a\u0430\u043a \u0438\u0441\u043f\u043e\u043b\u044c\u0437\u043e\u0432\u0430\u0442\u044c?<\/strong><\/p>\n<ol data-start=\"504\" data-end=\"833\">\n<li data-start=\"504\" data-end=\"626\">\n<p data-start=\"507\" data-end=\"626\">\u0421\u043b\u043e\u0436\u0438\u0442\u0435 \u043f\u043e\u043b\u043e\u0441\u043a\u0443 \u0442\u0430\u043a, \u0447\u0442\u043e\u0431\u044b \u043e\u043d\u0430 \u043f\u043e\u043c\u0435\u0441\u0442\u0438\u043b\u0430\u0441\u044c \u0432 \u0434\u043e\u0437\u0430\u0442\u043e\u0440. \u041f\u0440\u0438 \u043d\u0435\u043e\u0431\u0445\u043e\u0434\u0438\u043c\u043e\u0441\u0442\u0438 \u043e\u0442\u043e\u0440\u0432\u0438\u0442\u0435 \u043a\u0443\u0441\u043e\u0447\u0435\u043a \u0438 \u043f\u043e\u043b\u043e\u0436\u0438\u0442\u0435 \u0435\u0433\u043e \u043d\u0430 \u0434\u043d\u043e \u043f\u043e\u0441\u0443\u0434\u043e\u043c\u043e\u0435\u0447\u043d\u043e\u0439 \u043c\u0430\u0448\u0438\u043d\u044b \u0434\u043b\u044f \u043f\u0440\u0435\u0434\u0432\u0430\u0440\u0438\u0442\u0435\u043b\u044c\u043d\u043e\u0439 \u043c\u043e\u0439\u043a\u0438.<\/p>\n<\/li>\n<li data-start=\"627\" data-end=\"661\">\n<p data-start=\"630\" data-end=\"661\">\u041f\u043e\u0441\u043b\u0435 \u0440\u0430\u0431\u043e\u0442\u044b \u0441 \u043f\u0440\u0435\u0434\u043c\u0435\u0442\u0430\u043c\u0438 \u0432\u044b\u043c\u043e\u0439\u0442\u0435 \u0440\u0443\u043a\u0438.<\/p>\n<\/li>\n<li data-start=\"662\" data-end=\"833\">\n<p data-start=\"665\" data-end=\"833\"><strong data-start=\"665\" data-end=\"680\">\u0412\u043d\u0438\u043c\u0430\u043d\u0438\u0435!<\/strong> \u0414\u043b\u044f \u043d\u0435\u0431\u043e\u043b\u044c\u0448\u0438\u0445 \u0438\u043b\u0438 \u0441\u0442\u0430\u0440\u044b\u0445 \u043f\u043e\u0441\u0443\u0434\u043e\u043c\u043e\u0435\u0447\u043d\u044b\u0445 \u043c\u0430\u0448\u0438\u043d \u0438\u0441\u043f\u043e\u043b\u044c\u0437\u0443\u0439\u0442\u0435 \u043c\u0430\u043a\u0441\u0438\u043c\u0443\u043c \u00bd \u0438\u043b\u0438 \u00bc \u0431\u0430\u0440\u0430, \u0447\u0442\u043e\u0431\u044b \u0438\u0437\u0431\u0435\u0436\u0430\u0442\u044c \u0447\u0440\u0435\u0437\u043c\u0435\u0440\u043d\u043e\u0433\u043e \u043f\u0435\u043d\u043e\u043e\u0431\u0440\u0430\u0437\u043e\u0432\u0430\u043d\u0438\u044f. \u0415\u0441\u043b\u0438 \u043f\u0435\u043d\u044b \u0441\u043b\u0438\u0448\u043a\u043e\u043c \u043c\u043d\u043e\u0433\u043e, \u0443\u043c\u0435\u043d\u044c\u0448\u0438\u0442\u0435 \u043a\u043e\u043b\u0438\u0447\u0435\u0441\u0442\u0432\u043e \u0441\u0440\u0435\u0434\u0441\u0442\u0432\u0430.<\/p>\n<\/li>\n<\/ol>\n<p data-start=\"835\" data-end=\"979\"><strong data-start=\"835\" data-end=\"850\">\u0414\u043e\u0437\u0438\u0440\u043e\u0432\u043a\u0430<\/strong><br data-start=\"850\" data-end=\"853\" \/>\u2022 <strong data-start=\"855\" data-end=\"865\">\u00bd \u043f\u043e\u043b\u043e\u0441\u043a\u0438<\/strong> \u2013 \u0434\u043b\u044f \u043f\u043e\u0441\u0443\u0434\u044b \u0441 \u043e\u0431\u044b\u0447\u043d\u044b\u043c \u0437\u0430\u0433\u0440\u044f\u0437\u043d\u0435\u043d\u0438\u0435\u043c<br data-start=\"902\" data-end=\"905\" \/>\u2022 <strong data-start=\"907\" data-end=\"917\">1 \u043f\u043e\u043b\u043e\u0441\u043a\u0430<\/strong> \u2013 \u0434\u043b\u044f \u0441\u0438\u043b\u044c\u043d\u043e \u0437\u0430\u0433\u0440\u044f\u0437\u043d\u0435\u043d\u043d\u043e\u0439 \u043f\u043e\u0441\u0443\u0434\u044b (\u0438\u0441\u043f\u043e\u043b\u044c\u0437\u0443\u0439\u0442\u0435 \u0431\u043e\u043b\u0435\u0435 \u0432\u044b\u0441\u043e\u043a\u0443\u044e \u0442\u0435\u043c\u043f\u0435\u0440\u0430\u0442\u0443\u0440\u0443)<\/p>\n<p data-start=\"981\" data-end=\"1098\">\u0423\u0431\u0435\u0434\u0438\u0442\u0435\u0441\u044c, \u0447\u0442\u043e \u0432 \u043f\u043e\u0441\u0443\u0434\u043e\u043c\u043e\u0435\u0447\u043d\u043e\u0439 \u043c\u0430\u0448\u0438\u043d\u0435 \u0434\u043e\u0441\u0442\u0430\u0442\u043e\u0447\u043d\u043e \u0441\u043e\u043b\u0435\u0432\u043e\u0433\u043e \u0440\u0430\u0441\u0442\u0432\u043e\u0440\u0430, \u0438 \u043f\u0440\u0438 \u043d\u0435\u043e\u0431\u0445\u043e\u0434\u0438\u043c\u043e\u0441\u0442\u0438 \u0434\u043e\u0431\u0430\u0432\u044c\u0442\u0435 \u043e\u043f\u043e\u043b\u0430\u0441\u043a\u0438\u0432\u0430\u0442\u0435\u043b\u044c, \u0435\u0441\u043b\u0438 \u043d\u0430 \u0441\u0442\u0430\u043a\u0430\u043d\u0430\u0445 \u0435\u0441\u0442\u044c \u043e\u0441\u0442\u0430\u0442\u043a\u0438.<\/p>","protected":false},"excerpt":{"rendered":"<p>Keskkonnas\u00f5bralik ja mugav n\u00f5udepesumasina pesuvahend pabeririba kujul. Rebi, doseeri ja aseta masinasse \u2013 lihtne! Biolagunev EU n\u00f5uete j\u00e4rgi, plastikuvaba ja eriti ruumis\u00e4\u00e4stlik.&hellip;<\/p>","protected":false},"featured_media":246457,"comment_status":"open","ping_status":"closed","template":"","meta":{"wprm-recipe-roundup-name":"","wprm-recipe-roundup-description":""},"product_brand":[11998],"product_cat":[8002],"product_tag":[],"class_list":{"0":"post-246456","1":"product","2":"type-product","3":"status-publish","4":"has-post-thumbnail","6":"product_brand-cosmeau","7":"product_cat-puhastusvahendid","9":"first","10":"instock","11":"taxable","12":"shipping-taxable","13":"purchasable","14":"product-type-simple"},"supplier_id":246354,"supplier_sku":"","barcode":"8720655302466","atum_controlled":true,"out_stock_date":null,"out_stock_threshold":null,"inheritable":false,"inbound_stock":0,"stock_on_hold":0,"sold_today":0,"sales_last_days":3,"reserved_stock":0,"customer_returns":0,"warehouse_damage":0,"lost_in_post":0,"other_logs":0,"out_stock_days":0,"lost_sales":0,"has_location":false,"update_date":"2026-04-22T08:48:01","atum_locations":[],"atum_stock_status":"instock","restock_status":true,"low_stock_amount":"","sales_update_date":"2026-04-22T08:48:01","calc_backorders":null,"aioseo_notices":[],"_links":{"self":[{"href":"https:\/\/ecoshop.ee\/ru\/wp-json\/wp\/v2\/product\/246456","targetHints":{"allow":["GET"]}}],"collection":[{"href":"https:\/\/ecoshop.ee\/ru\/wp-json\/wp\/v2\/product"}],"about":[{"href":"https:\/\/ecoshop.ee\/ru\/wp-json\/wp\/v2\/types\/product"}],"replies":[{"embeddable":true,"href":"https:\/\/ecoshop.ee\/ru\/wp-json\/wp\/v2\/comments?post=246456"}],"version-history":[{"count":0,"href":"https:\/\/ecoshop.ee\/ru\/wp-json\/wp\/v2\/product\/246456\/revisions"}],"wp:featuredmedia":[{"embeddable":true,"href":"https:\/\/ecoshop.ee\/ru\/wp-json\/wp\/v2\/media\/246457"}],"wp:attachment":[{"href":"https:\/\/ecoshop.ee\/ru\/wp-json\/wp\/v2\/media?parent=246456"}],"wp:term":[{"taxonomy":"product_brand","embeddable":true,"href":"https:\/\/ecoshop.ee\/ru\/wp-json\/wp\/v2\/product_brand?post=246456"},{"taxonomy":"product_cat","embeddable":true,"href":"https:\/\/ecoshop.ee\/ru\/wp-json\/wp\/v2\/product_cat?post=246456"},{"taxonomy":"product_tag","embeddable":true,"href":"https:\/\/ecoshop.ee\/ru\/wp-json\/wp\/v2\/product_tag?post=246456"}],"curies":[{"name":"wp","href":"https:\/\/api.w.org\/{rel}","templated":true}]}}