{"id":264428,"date":"2025-12-09T17:45:35","date_gmt":"2025-12-09T14:45:35","guid":{"rendered":"https:\/\/ecoshop.ee\/maaratlemata\/succulent-mix-set-assorted-succulents-in-6-cm-pots-8-12-cm-high\/"},"modified":"2026-05-13T10:15:53","modified_gmt":"2026-05-13T07:15:53","slug":"%d0%bd%d0%b0%d0%b1%d0%be%d1%80-%d1%81%d1%83%d0%ba%d0%ba%d1%83%d0%bb%d0%b5%d0%bd%d1%82%d0%be%d0%b2-%d1%80%d0%b0%d0%b7%d0%bb%d0%b8%d1%87%d0%bd%d1%8b%d0%b5-%d1%81%d1%83%d0%ba%d0%ba%d1%83%d0%bb%d0%b5","status":"publish","type":"product","link":"https:\/\/ecoshop.ee\/ru\/taimed\/succulent-mix-set-assorted-succulents-in-6-cm-pots-8-12-cm-high\/","title":{"rendered":"\u0421\u0443\u043a\u043a\u0443\u043b\u0435\u043d\u0442\u044b \u2013 \u043f\u043e\u0434\u0431\u043e\u0440\u043a\u0430 \u0441\u0443\u043a\u043a\u0443\u043b\u0435\u043d\u0442\u043e\u0432 \u0432 \u0433\u043e\u0440\u0448\u043a\u0430\u0445 \u0434\u0438\u0430\u043c\u0435\u0442\u0440\u043e\u043c 6 \u0441\u043c (\u0432\u044b\u0441\u043e\u0442\u043e\u0439 8\u201312 \u0441\u043c)."},"content":{"rendered":"<p data-start=\"359\" data-end=\"691\">\u041f\u0440\u0438\u0432\u043d\u0435\u0441\u0438\u0442\u0435 \u0446\u0432\u0435\u0442, \u0438\u043d\u0434\u0438\u0432\u0438\u0434\u0443\u0430\u043b\u044c\u043d\u043e\u0441\u0442\u044c \u0438 \u043f\u0440\u043e\u0441\u0442\u0443\u044e \u0437\u0435\u043b\u0435\u043d\u044c \u0432 \u0441\u0432\u043e\u0439 \u0434\u043e\u043c \u0438\u043b\u0438 \u043e\u0444\u0438\u0441 \u0441 \u043f\u043e\u043c\u043e\u0449\u044c\u044e \u044d\u0442\u043e\u0433\u043e \u0443\u043d\u0438\u0432\u0435\u0440\u0441\u0430\u043b\u044c\u043d\u043e\u0433\u043e \u043d\u0430\u0431\u043e\u0440\u0430 \u0441\u0443\u043a\u043a\u0443\u043b\u0435\u043d\u0442\u043e\u0432. \u041a\u0430\u0436\u0434\u044b\u0439 \u043d\u0430\u0431\u043e\u0440 \u0441\u043e\u0434\u0435\u0440\u0436\u0438\u0442 \u0442\u0449\u0430\u0442\u0435\u043b\u044c\u043d\u043e \u043e\u0442\u043e\u0431\u0440\u0430\u043d\u043d\u044b\u0435 \u0441\u0443\u043a\u043a\u0443\u043b\u0435\u043d\u0442\u044b \u0440\u0430\u0437\u043b\u0438\u0447\u043d\u044b\u0445 \u0444\u043e\u0440\u043c \u0432 \u0433\u043e\u0440\u0448\u043a\u0430\u0445 \u0434\u0438\u0430\u043c\u0435\u0442\u0440\u043e\u043c 6 \u0441\u043c, \u0432\u044b\u0441\u043e\u0442\u043e\u0439 \u043f\u0440\u0438\u043c\u0435\u0440\u043d\u043e 8-12 \u0441\u043c. \u0411\u043b\u0430\u0433\u043e\u0434\u0430\u0440\u044f \u0441\u0432\u043e\u0438\u043c \u043a\u043e\u043c\u043f\u0430\u043a\u0442\u043d\u044b\u043c \u0440\u0430\u0437\u043c\u0435\u0440\u0430\u043c \u043e\u043d\u0438 \u0438\u0434\u0435\u0430\u043b\u044c\u043d\u043e \u043f\u043e\u0434\u0445\u043e\u0434\u044f\u0442 \u0434\u043b\u044f \u043f\u043e\u0434\u043e\u043a\u043e\u043d\u043d\u0438\u043a\u043e\u0432, \u043f\u043e\u043b\u043e\u043a, \u0441\u0442\u043e\u043b\u043e\u0432 \u0438\u043b\u0438 \u0432 \u0441\u043e\u0441\u0442\u0430\u0432\u0435 \u0431\u043e\u043b\u044c\u0448\u0438\u0445 \u0433\u0440\u0443\u043f\u043f \u0440\u0430\u0441\u0442\u0435\u043d\u0438\u0439.<\/p>\n<p data-start=\"693\" data-end=\"1049\">\u0421\u0443\u043a\u043a\u0443\u043b\u0435\u043d\u0442\u044b \u0443\u0434\u0438\u0432\u043b\u044f\u044e\u0442 \u0440\u0430\u0437\u043d\u043e\u043e\u0431\u0440\u0430\u0437\u0438\u0435\u043c \u0444\u043e\u0440\u043c, \u0446\u0432\u0435\u0442\u043e\u0432 \u0438 \u0442\u0435\u043a\u0441\u0442\u0443\u0440, \u043f\u043e\u044d\u0442\u043e\u043c\u0443 \u043a\u0430\u0436\u0434\u044b\u0439 \u043d\u0430\u0431\u043e\u0440 \u043d\u0435\u043c\u043d\u043e\u0433\u043e \u043e\u0442\u043b\u0438\u0447\u0430\u0435\u0442\u0441\u044f, \u0438 \u043a\u0430\u0436\u0434\u044b\u0439 \u0437\u0430\u043a\u0430\u0437 \u0442\u0430\u0438\u0442 \u0432 \u0441\u0435\u0431\u0435 \u0441\u0432\u043e\u0439 \u043c\u0430\u043b\u0435\u043d\u044c\u043a\u0438\u0439 \u0441\u044e\u0440\u043f\u0440\u0438\u0437. \u0411\u043b\u0430\u0433\u043e\u0434\u0430\u0440\u044f \u043d\u0435\u043f\u0440\u0438\u0445\u043e\u0442\u043b\u0438\u0432\u043e\u0441\u0442\u0438 \u0432 \u0443\u0445\u043e\u0434\u0435, \u043e\u043d\u0438 \u0438\u0434\u0435\u0430\u043b\u044c\u043d\u043e \u043f\u043e\u0434\u0445\u043e\u0434\u044f\u0442 \u043a\u0430\u043a \u0434\u043b\u044f \u043d\u0430\u0447\u0438\u043d\u0430\u044e\u0449\u0438\u0445, \u0442\u0430\u043a \u0438 \u0434\u043b\u044f \u043e\u043f\u044b\u0442\u043d\u044b\u0445 \u043b\u044e\u0431\u0438\u0442\u0435\u043b\u0435\u0439 \u0440\u0430\u0441\u0442\u0435\u043d\u0438\u0439. \u042d\u0442\u0438 \u0440\u0430\u0441\u0442\u0435\u043d\u0438\u044f \u0442\u0430\u043a\u0436\u0435 \u043e\u0442\u043b\u0438\u0447\u043d\u043e \u043f\u043e\u0434\u0445\u043e\u0434\u044f\u0442 \u0434\u043b\u044f <strong data-start=\"985\" data-end=\"1012\">\u043e\u0442\u043a\u0440\u044b\u0442\u044b\u0435 \u0442\u0435\u0440\u0440\u0430\u0440\u0438\u0443\u043c\u044b<\/strong> \u0441\u043e\u0437\u0434\u0430\u0442\u044c \u0434\u0435\u043a\u043e\u0440\u0430\u0442\u0438\u0432\u043d\u044b\u0439 \u043c\u0438\u043d\u0438-\u043b\u0430\u043d\u0434\u0448\u0430\u0444\u0442.<\/p>\n<p data-start=\"1051\" data-end=\"1092\"><strong data-start=\"1051\" data-end=\"1090\">\u041f\u0440\u0438\u0447\u0438\u043d\u044b \u0432\u044b\u0431\u0440\u0430\u0442\u044c \u0438\u043c\u0435\u043d\u043d\u043e \u044d\u0442\u043e\u0442 \u043d\u0430\u0431\u043e\u0440:<\/strong><\/p>\n<ul data-start=\"1093\" data-end=\"1286\">\n<li data-start=\"1093\" data-end=\"1145\">\n<p data-start=\"1095\" data-end=\"1145\">\u041a\u043e\u043c\u043f\u0430\u043a\u0442\u043d\u044b\u0439 \u0440\u0430\u0437\u043c\u0435\u0440 \u2013 \u043b\u0435\u0433\u043a\u043e \u0440\u0430\u0437\u043c\u0435\u0441\u0442\u0438\u0442\u044c \u0432 \u043b\u044e\u0431\u043e\u0439 \u043a\u043e\u043c\u043d\u0430\u0442\u0435.<\/p>\n<\/li>\n<li data-start=\"1146\" data-end=\"1189\">\n<p data-start=\"1148\" data-end=\"1189\">\u041e\u0447\u0435\u043d\u044c \u043f\u0440\u043e\u0441\u0442 \u0432 \u043e\u0431\u0441\u043b\u0443\u0436\u0438\u0432\u0430\u043d\u0438\u0438 \u0438 \u0442\u0440\u0435\u0431\u0443\u0435\u0442 \u043c\u0430\u043b\u043e \u0432\u043e\u0434\u044b.<\/p>\n<\/li>\n<li data-start=\"1190\" data-end=\"1229\">\n<p data-start=\"1192\" data-end=\"1229\">\u041d\u0430\u0442\u0443\u0440\u0430\u043b\u044c\u043d\u0430\u044f \u0438 \u044d\u043a\u043e\u043b\u043e\u0433\u0438\u0447\u043d\u0430\u044f \u0438\u0434\u0435\u044f \u043f\u043e\u0434\u0430\u0440\u043a\u0430<\/p>\n<\/li>\n<li data-start=\"1230\" data-end=\"1286\">\n<p data-start=\"1232\" data-end=\"1286\">\u0420\u0430\u0437\u043d\u043e\u043e\u0431\u0440\u0430\u0437\u043d\u044b\u0439 \u0432\u044b\u0431\u043e\u0440, \u043a\u043e\u0442\u043e\u0440\u044b\u0439 \u043e\u0436\u0438\u0432\u0438\u0442 \u0438\u043d\u0442\u0435\u0440\u044c\u0435\u0440 \u0438 \u0434\u043e\u0431\u0430\u0432\u0438\u0442 \u0435\u043c\u0443 \u043a\u0440\u0430\u0441\u043e\u043a.<\/p>\n<\/li>\n<\/ul>","protected":false},"excerpt":{"rendered":"<p>Too oma koju v\u00f5i kontorisse v\u00e4rvi, iseloomu ja lihtsat rohelust sukulentide mitmek\u00fclgse komplektiga. Iga komplekt sisaldab hoolikalt valitud eriilmelisi sukulente 6 cm&hellip;<\/p>","protected":false},"featured_media":264418,"comment_status":"open","ping_status":"closed","template":"","meta":{"wprm-recipe-roundup-name":"","wprm-recipe-roundup-description":""},"product_brand":[],"product_cat":[2001],"product_tag":[8319,4582,4583,4605,4591,8320,4586,2084,8321,8318,2023,8290],"class_list":{"0":"post-264428","1":"product","2":"type-product","3":"status-publish","4":"has-post-thumbnail","6":"product_cat-taimed","7":"product_tag-baby-plant","8":"product_tag-baby-planten","9":"product_tag-baby-plants","10":"product_tag-houseplants","11":"product_tag-kleine-plantsen","12":"product_tag-mini","13":"product_tag-mini-plants","14":"product_tag-plants","15":"product_tag-small","16":"product_tag-succulent","17":"product_tag-terrarium-plant","18":"product_tag-trendhero-b-v","19":"pa_brand-trendhero-b-v","21":"first","22":"instock","23":"taxable","24":"shipping-taxable","25":"purchasable","26":"product-type-variable"},"supplier_id":null,"supplier_sku":"","barcode":null,"atum_controlled":true,"out_stock_date":null,"out_stock_threshold":null,"inheritable":true,"inbound_stock":null,"stock_on_hold":0,"sold_today":0,"sales_last_days":0,"reserved_stock":null,"customer_returns":null,"warehouse_damage":null,"lost_in_post":null,"other_logs":null,"out_stock_days":0,"lost_sales":0,"has_location":false,"update_date":"2026-03-07T01:16:05","atum_locations":[],"atum_stock_status":"instock","restock_status":false,"low_stock_amount":"","sales_update_date":"2026-03-07T01:16:05","calc_backorders":null,"aioseo_notices":[],"_links":{"self":[{"href":"https:\/\/ecoshop.ee\/ru\/wp-json\/wp\/v2\/product\/264428","targetHints":{"allow":["GET"]}}],"collection":[{"href":"https:\/\/ecoshop.ee\/ru\/wp-json\/wp\/v2\/product"}],"about":[{"href":"https:\/\/ecoshop.ee\/ru\/wp-json\/wp\/v2\/types\/product"}],"replies":[{"embeddable":true,"href":"https:\/\/ecoshop.ee\/ru\/wp-json\/wp\/v2\/comments?post=264428"}],"version-history":[{"count":0,"href":"https:\/\/ecoshop.ee\/ru\/wp-json\/wp\/v2\/product\/264428\/revisions"}],"wp:featuredmedia":[{"embeddable":true,"href":"https:\/\/ecoshop.ee\/ru\/wp-json\/wp\/v2\/media\/264418"}],"wp:attachment":[{"href":"https:\/\/ecoshop.ee\/ru\/wp-json\/wp\/v2\/media?parent=264428"}],"wp:term":[{"taxonomy":"product_brand","embeddable":true,"href":"https:\/\/ecoshop.ee\/ru\/wp-json\/wp\/v2\/product_brand?post=264428"},{"taxonomy":"product_cat","embeddable":true,"href":"https:\/\/ecoshop.ee\/ru\/wp-json\/wp\/v2\/product_cat?post=264428"},{"taxonomy":"product_tag","embeddable":true,"href":"https:\/\/ecoshop.ee\/ru\/wp-json\/wp\/v2\/product_tag?post=264428"}],"curies":[{"name":"wp","href":"https:\/\/api.w.org\/{rel}","templated":true}]}}