{"id":267294,"date":"2026-01-28T00:30:46","date_gmt":"2026-01-27T21:30:46","guid":{"rendered":"https:\/\/ecoshop.ee\/maaratlemata\/gift-card\/"},"modified":"2026-01-29T02:51:32","modified_gmt":"2026-01-28T23:51:32","slug":"%d0%bf%d0%be%d0%b4%d0%b0%d1%80%d0%be%d1%87%d0%bd%d0%b0%d1%8f-%d0%ba%d0%b0%d1%80%d1%82%d0%b0","status":"publish","type":"product","link":"https:\/\/ecoshop.ee\/ru\/kingitused\/kinkekaart\/","title":{"rendered":"\u041f\u043e\u0434\u0430\u0440\u043e\u0447\u043d\u0430\u044f \u043a\u0430\u0440\u0442\u0430 Ecohop"},"content":{"rendered":"<h6 data-start=\"0\" data-end=\"53\"><strong data-start=\"0\" data-end=\"53\">\u0446\u0438\u0444\u0440\u043e\u0432\u0430\u044f \u043f\u043e\u0434\u0430\u0440\u043e\u0447\u043d\u0430\u044f \u043a\u0430\u0440\u0442\u0430 Ecohop<\/strong><\/h6>\n<p data-start=\"55\" data-end=\"343\">\u0415\u0441\u043b\u0438 \u0432\u044b \u0445\u043e\u0442\u0438\u0442\u0435 \u043f\u043e\u0440\u0430\u0434\u043e\u0432\u0430\u0442\u044c \u043a\u043e\u0433\u043e-\u0442\u043e, \u043d\u043e \u043d\u0435 \u0443\u0432\u0435\u0440\u0435\u043d\u044b, \u043a\u0430\u043a\u043e\u0439 \u0442\u043e\u0432\u0430\u0440 \u0435\u043c\u0443 \u0431\u043e\u043b\u044c\u0448\u0435 \u0432\u0441\u0435\u0433\u043e \u043f\u043e\u043d\u0440\u0430\u0432\u0438\u0442\u0441\u044f, \u0446\u0438\u0444\u0440\u043e\u0432\u0430\u044f \u043f\u043e\u0434\u0430\u0440\u043e\u0447\u043d\u0430\u044f \u043a\u0430\u0440\u0442\u0430 \u2014 \u0432\u0441\u0435\u0433\u0434\u0430 \u0431\u0435\u0441\u043f\u0440\u043e\u0438\u0433\u0440\u044b\u0448\u043d\u044b\u0439 \u0432\u0430\u0440\u0438\u0430\u043d\u0442. \u041e\u043d\u0430 \u0434\u0430\u0435\u0442 \u0432\u0430\u043c \u0441\u0432\u043e\u0431\u043e\u0434\u0443 \u0432\u044b\u0431\u043e\u0440\u0430 \u0442\u043e\u0432\u0430\u0440\u043e\u0432, \u043a\u043e\u0442\u043e\u0440\u044b\u0435 \u043b\u0443\u0447\u0448\u0435 \u0432\u0441\u0435\u0433\u043e \u0441\u043e\u043e\u0442\u0432\u0435\u0442\u0441\u0442\u0432\u0443\u044e\u0442 \u0446\u0435\u043d\u043d\u043e\u0441\u0442\u044f\u043c \u0438 \u043f\u043e\u0442\u0440\u0435\u0431\u043d\u043e\u0441\u0442\u044f\u043c \u043f\u043e\u043b\u0443\u0447\u0430\u0442\u0435\u043b\u044f.<\/p>\n<p data-start=\"345\" data-end=\"489\">\u041f\u043e\u0434\u0430\u0440\u043e\u0447\u043d\u0430\u044f \u043a\u0430\u0440\u0442\u0430 \u0438\u0434\u0435\u0430\u043b\u044c\u043d\u043e \u043f\u043e\u0434\u0445\u043e\u0434\u0438\u0442 \u0434\u043b\u044f \u0434\u043d\u044f \u0440\u043e\u0436\u0434\u0435\u043d\u0438\u044f, \u0420\u043e\u0436\u0434\u0435\u0441\u0442\u0432\u0430, \u0432 \u043a\u0430\u0447\u0435\u0441\u0442\u0432\u0435 \u0431\u043b\u0430\u0433\u043e\u0434\u0430\u0440\u0441\u0442\u0432\u0435\u043d\u043d\u043e\u0433\u043e \u043f\u043e\u0434\u0430\u0440\u043a\u0430 \u0438\u043b\u0438 \u043f\u0440\u043e\u0441\u0442\u043e \u043a\u0430\u043a \u043d\u0435\u0431\u043e\u043b\u044c\u0448\u043e\u0439 \u0437\u043d\u0430\u043a \u0432\u043d\u0438\u043c\u0430\u043d\u0438\u044f, \u043f\u043e\u0437\u0432\u043e\u043b\u044f\u044e\u0449\u0438\u0439 \u0438\u0437\u0431\u0435\u0436\u0430\u0442\u044c \u043b\u0438\u0448\u043d\u0438\u0445 \u043f\u043e\u043a\u0443\u043f\u043e\u043a \u0438 \u043e\u0442\u0445\u043e\u0434\u043e\u0432.<\/p>\n<h6 style=\"text-align: center;\" data-start=\"345\" data-end=\"489\"><\/h6>\n<p data-start=\"491\" data-end=\"515\"><strong data-start=\"491\" data-end=\"513\">\u041a\u0430\u043a \u044d\u0442\u043e \u0440\u0430\u0431\u043e\u0442\u0430\u0435\u0442?<\/strong><\/p>\n<ul data-start=\"516\" data-end=\"648\">\n<li data-start=\"516\" data-end=\"578\">\n<p data-start=\"518\" data-end=\"578\">\u041f\u043e\u0434\u0430\u0440\u043e\u0447\u043d\u0430\u044f \u043a\u0430\u0440\u0442\u0430 \u0431\u0443\u0434\u0435\u0442 \u043e\u0442\u043f\u0440\u0430\u0432\u043b\u0435\u043d\u0430 \u043f\u043e \u044d\u043b\u0435\u043a\u0442\u0440\u043e\u043d\u043d\u043e\u0439 \u043f\u043e\u0447\u0442\u0435 \u0441\u0440\u0430\u0437\u0443 \u043f\u043e\u0441\u043b\u0435 \u043f\u043e\u043a\u0443\u043f\u043a\u0438.<\/p>\n<\/li>\n<li data-start=\"579\" data-end=\"614\">\n<p data-start=\"581\" data-end=\"614\">\u0412\u043a\u043b\u044e\u0447\u0430\u0435\u0442 \u0443\u043d\u0438\u043a\u0430\u043b\u044c\u043d\u044b\u0439 \u043a\u043e\u0434 \u0441\u043a\u0438\u0434\u043a\u0438.<\/p>\n<\/li>\n<li data-start=\"615\" data-end=\"648\">\n<p data-start=\"617\" data-end=\"648\">\u0414\u0435\u0439\u0441\u0442\u0432\u0438\u0442\u0435\u043b\u044c\u043d\u043e \u0432\u043e \u0432\u0441\u0435\u043c \u0438\u043d\u0442\u0435\u0440\u043d\u0435\u0442-\u043c\u0430\u0433\u0430\u0437\u0438\u043d\u0435 ecoshop.ee.<\/p>\n<\/li>\n<\/ul>\n<p>&nbsp;<\/p>\n<p data-start=\"650\" data-end=\"690\"><strong data-start=\"650\" data-end=\"688\">\u041f\u043e\u0447\u0435\u043c\u0443 \u0441\u0442\u043e\u0438\u0442 \u0432\u044b\u0431\u0440\u0430\u0442\u044c \u0446\u0438\u0444\u0440\u043e\u0432\u0443\u044e \u043f\u043e\u0434\u0430\u0440\u043e\u0447\u043d\u0443\u044e \u043a\u0430\u0440\u0442\u0443?<\/strong><\/p>\n<ul data-start=\"691\" data-end=\"789\">\n<li data-start=\"691\" data-end=\"724\">\n<p data-start=\"693\" data-end=\"724\">100% \u0446\u0438\u0444\u0440\u043e\u0432\u043e\u0439 \u0438 \u0431\u0435\u0437\u0431\u0443\u043c\u0430\u0436\u043d\u044b\u0439 \u0444\u043e\u0440\u043c\u0430\u0442<\/p>\n<\/li>\n<li data-start=\"737\" data-end=\"762\">\n<p data-start=\"739\" data-end=\"762\">\u0414\u043e\u0441\u0442\u0443\u043f\u043d\u043e \u043f\u043e \u0447\u0430\u0441\u0442\u044f\u043c<\/p>\n<\/li>\n<li data-start=\"763\" data-end=\"789\">\n<p data-start=\"765\" data-end=\"789\">\u041f\u043e\u0434\u0445\u043e\u0434\u0438\u0442 \u0434\u043b\u044f \u043b\u044e\u0431\u043e\u0433\u043e \u0441\u043b\u0443\u0447\u0430\u044f<\/p>\n<\/li>\n<\/ul>\n<h6><strong>\u0412\u043d\u0438\u043c\u0430\u043d\u0438\u0435! \u041f\u043e\u0434\u0430\u0440\u043e\u0447\u043d\u0430\u044f \u043a\u0430\u0440\u0442\u0430 \u0434\u0435\u0439\u0441\u0442\u0432\u0438\u0442\u0435\u043b\u044c\u043d\u0430 \u0432 \u0442\u0435\u0447\u0435\u043d\u0438\u0435 1 \u0433\u043e\u0434\u0430 \u0441 \u0434\u0430\u0442\u044b \u043f\u043e\u043a\u0443\u043f\u043a\u0438!<\/strong><\/h6>\n<p>&nbsp;<\/p>\n<p><em>\u0415\u0441\u043b\u0438 \u0432\u044b \u0445\u043e\u0442\u0438\u0442\u0435 \u0432\u0440\u0443\u0447\u0438\u0442\u044c \u043f\u043e\u0434\u0430\u0440\u043e\u0447\u043d\u0443\u044e \u043a\u0430\u0440\u0442\u0443 \u0432 \u0431\u0443\u043c\u0430\u0436\u043d\u043e\u043c \u0432\u0438\u0434\u0435, \u043e\u0442\u043f\u0440\u0430\u0432\u044c\u0442\u0435 \u0435\u0435 \u0441\u0435\u0431\u0435 \u043f\u043e \u044d\u043b\u0435\u043a\u0442\u0440\u043e\u043d\u043d\u043e\u0439 \u043f\u043e\u0447\u0442\u0435 \u0438 \u0440\u0430\u0441\u043f\u0435\u0447\u0430\u0442\u0430\u0439\u0442\u0435 \u043f\u0440\u0438\u043a\u0440\u0435\u043f\u043b\u0435\u043d\u043d\u044b\u0439 \u0444\u0430\u0439\u043b.<\/em><\/p>","protected":false},"excerpt":{"rendered":"<p>Ecoshopi digitaalne kinkekaart Kui tahad teha r\u00f5\u00f5mu, aga ei ole kindel, milline toode kingisaajale k\u00f5ige rohkem meeldiks, on digitaalne kinkekaart alati kindel&hellip;<\/p>","protected":false},"featured_media":267295,"comment_status":"open","ping_status":"closed","template":"","meta":{"wprm-recipe-roundup-name":"","wprm-recipe-roundup-description":""},"product_brand":[],"product_cat":[245,145],"product_tag":[150,8391],"class_list":{"0":"post-267294","1":"product","2":"type-product","3":"status-publish","4":"has-post-thumbnail","6":"product_cat-tarvikud","7":"product_cat-kingitused","8":"product_tag-kingitused","9":"product_tag-kinkekaart","11":"first","12":"instock","13":"virtual","14":"taxable","15":"purchasable","16":"product-type-simple"},"supplier_id":null,"supplier_sku":"","barcode":null,"atum_controlled":true,"out_stock_date":null,"out_stock_threshold":null,"inheritable":false,"inbound_stock":0,"stock_on_hold":0,"sold_today":0,"sales_last_days":0,"reserved_stock":0,"customer_returns":0,"warehouse_damage":0,"lost_in_post":0,"other_logs":0,"out_stock_days":0,"lost_sales":0,"has_location":false,"update_date":"2026-04-20T21:45:55","atum_locations":[],"atum_stock_status":"instock","restock_status":false,"low_stock_amount":"","sales_update_date":"2026-04-20T21:45:55","calc_backorders":null,"aioseo_notices":[],"_links":{"self":[{"href":"https:\/\/ecoshop.ee\/ru\/wp-json\/wp\/v2\/product\/267294","targetHints":{"allow":["GET"]}}],"collection":[{"href":"https:\/\/ecoshop.ee\/ru\/wp-json\/wp\/v2\/product"}],"about":[{"href":"https:\/\/ecoshop.ee\/ru\/wp-json\/wp\/v2\/types\/product"}],"replies":[{"embeddable":true,"href":"https:\/\/ecoshop.ee\/ru\/wp-json\/wp\/v2\/comments?post=267294"}],"version-history":[{"count":0,"href":"https:\/\/ecoshop.ee\/ru\/wp-json\/wp\/v2\/product\/267294\/revisions"}],"wp:featuredmedia":[{"embeddable":true,"href":"https:\/\/ecoshop.ee\/ru\/wp-json\/wp\/v2\/media\/267295"}],"wp:attachment":[{"href":"https:\/\/ecoshop.ee\/ru\/wp-json\/wp\/v2\/media?parent=267294"}],"wp:term":[{"taxonomy":"product_brand","embeddable":true,"href":"https:\/\/ecoshop.ee\/ru\/wp-json\/wp\/v2\/product_brand?post=267294"},{"taxonomy":"product_cat","embeddable":true,"href":"https:\/\/ecoshop.ee\/ru\/wp-json\/wp\/v2\/product_cat?post=267294"},{"taxonomy":"product_tag","embeddable":true,"href":"https:\/\/ecoshop.ee\/ru\/wp-json\/wp\/v2\/product_tag?post=267294"}],"curies":[{"name":"wp","href":"https:\/\/api.w.org\/{rel}","templated":true}]}}