{"id":305991,"date":"2026-02-09T07:31:43","date_gmt":"2026-02-09T04:31:43","guid":{"rendered":"https:\/\/ecoshop.ee\/maaratlemata\/pallet-padjakomplekt-2-pcs-kuninglik-sinine-180-x-40-x-8-cm\/"},"modified":"2026-04-30T16:25:12","modified_gmt":"2026-04-30T13:25:12","slug":"%d0%ba%d0%be%d0%bc%d0%bf%d0%bb%d0%b5%d0%ba%d1%82-%d0%b8%d0%b7-2-%d0%bf%d0%be%d0%b4%d1%83%d1%88%d0%b5%d0%ba-%d0%b4%d0%bb%d1%8f-%d0%bf%d0%be%d0%b4%d0%b4%d0%be%d0%bd%d0%be%d0%b2-%d0%ba%d0%be%d1%80%d0%be","status":"publish","type":"product","link":"https:\/\/ecoshop.ee\/ru\/validiivanite-osad\/pallet-padjakomplekt-2-pcs-kuninglik-sinine-180-x-40-x-8-cm\/","title":{"rendered":"\u041a\u043e\u043c\u043f\u043b\u0435\u043a\u0442 \u043f\u043e\u0434\u0443\u0448\u0435\u043a \u0434\u043b\u044f \u043f\u043e\u0434\u0434\u043e\u043d\u043e\u0432, 2 \u0448\u0442., \u043a\u043e\u0440\u043e\u043b\u0435\u0432\u0441\u043a\u0438\u0439 \u0441\u0438\u043d\u0438\u0439, 180 x 40 x 8 \u0441\u043c."},"content":{"rendered":"<p>\u042d\u0442\u043e\u0442 \u0441\u043e\u0432\u0440\u0435\u043c\u0435\u043d\u043d\u044b\u0439 \u043a\u043e\u043c\u043f\u043b\u0435\u043a\u0442 \u043f\u043e\u0434\u0443\u0448\u0435\u043a \u043e\u0442\u043b\u0438\u0447\u0430\u0435\u0442\u0441\u044f \u043c\u0438\u043d\u0438\u043c\u0430\u043b\u0438\u0441\u0442\u0438\u0447\u043d\u044b\u043c \u0441\u0442\u0438\u043b\u0435\u043c \u0438 \u0447\u0438\u0441\u0442\u044b\u043c\u0438 \u043b\u0438\u043d\u0438\u044f\u043c\u0438. \u042d\u0442\u043e\u0442 \u043f\u0440\u0438\u0432\u043b\u0435\u043a\u0430\u0442\u0435\u043b\u044c\u043d\u044b\u0439 \u043d\u0430\u0431\u043e\u0440 \u0443\u043a\u0440\u0430\u0441\u0438\u0442 \u043b\u044e\u0431\u0443\u044e \u0442\u0435\u0440\u0440\u0430\u0441\u0443, \u0441\u043e\u0447\u0435\u0442\u0430\u044f \u0441\u043e\u0432\u0440\u0435\u043c\u0435\u043d\u043d\u044b\u0439 \u0432\u0438\u0434 \u0441 \u043a\u043e\u043c\u0444\u043e\u0440\u0442\u043e\u043c. \u0412\u043e\u0434\u043e\u043e\u0442\u0442\u0430\u043b\u043a\u0438\u0432\u0430\u044e\u0449\u0430\u044f \u0442\u043a\u0430\u043d\u044c \u0433\u0430\u0440\u0430\u043d\u0442\u0438\u0440\u0443\u0435\u0442, \u0447\u0442\u043e \u043f\u043e\u0434\u0443\u0448\u043a\u0438 \u0434\u043e\u043b\u0433\u043e\u0435 \u0432\u0440\u0435\u043c\u044f \u0431\u0443\u0434\u0443\u0442 \u0432\u044b\u0433\u043b\u044f\u0434\u0435\u0442\u044c \u043a\u0440\u0430\u0441\u0438\u0432\u043e, \u0447\u0442\u043e \u0434\u0435\u043b\u0430\u0435\u0442 \u0438\u0445 \u043f\u0440\u0430\u043a\u0442\u0438\u0447\u043d\u044b\u043c \u0434\u043e\u043f\u043e\u043b\u043d\u0435\u043d\u0438\u0435\u043c \u043a \u043b\u044e\u0431\u043e\u043c\u0443 \u0440\u0430\u0439\u0441\u043a\u043e\u043c\u0443 \u0443\u0433\u043e\u043b\u043a\u0443 \u0432 \u0441\u0430\u0434\u0443.<\/p>\n<ul>\n<li><b>\u041e\u043a\u0441\u0444\u043e\u0440\u0434\u0441\u043a\u0430\u044f \u0442\u043a\u0430\u043d\u044c:<\/b> \u0412\u043e\u0434\u043e\u043d\u0435\u043f\u0440\u043e\u043d\u0438\u0446\u0430\u0435\u043c\u044b\u0435 \u0441\u0432\u043e\u0439\u0441\u0442\u0432\u0430 \u044d\u0442\u043e\u0433\u043e \u043c\u0430\u0442\u0435\u0440\u0438\u0430\u043b\u0430 \u0433\u0430\u0440\u0430\u043d\u0442\u0438\u0440\u0443\u044e\u0442, \u0447\u0442\u043e \u043f\u043e\u0434\u0443\u0448\u043a\u0438 \u043e\u0441\u0442\u0430\u043d\u0443\u0442\u0441\u044f \u0447\u0438\u0441\u0442\u044b\u043c\u0438 \u0432 \u0442\u0435\u0447\u0435\u043d\u0438\u0435 \u043d\u0435\u0441\u043a\u043e\u043b\u044c\u043a\u0438\u0445 \u043d\u0435\u0434\u0435\u043b\u044c, \u043e\u0442\u0442\u0430\u043b\u043a\u0438\u0432\u0430\u044f \u0432\u043b\u0430\u0433\u0443 \u0438 \u043f\u0440\u0435\u0434\u043e\u0442\u0432\u0440\u0430\u0449\u0430\u044f \u043e\u0431\u0440\u0430\u0437\u043e\u0432\u0430\u043d\u0438\u0435 \u043f\u043b\u0435\u0441\u0435\u043d\u0438.<\/li>\n<li><b>\u041b\u0435\u0433\u043a\u0438\u0439 \u043f\u043e\u043b\u0438\u043f\u0440\u043e\u043f\u0438\u043b\u0435\u043d\u043e\u0432\u044b\u0439 \u043d\u0430\u043f\u043e\u043b\u043d\u0438\u0442\u0435\u043b\u044c:<\/b> \u041f\u0440\u043e\u0441\u0442\u044b\u0435, \u0443\u0434\u043e\u0431\u043d\u044b\u0435 \u0438 \u0432\u043e\u0437\u0434\u0443\u0448\u043d\u044b\u0435. \u041f\u043e\u0434\u0443\u0448\u043a\u0438 \u043b\u0435\u0433\u043a\u043e \u043f\u0435\u0440\u0435\u043c\u0435\u0449\u0430\u0442\u044c, \u043e\u0431\u0435\u0441\u043f\u0435\u0447\u0438\u0432\u0430\u044f \u043a\u043e\u043c\u0444\u043e\u0440\u0442 \u0432 \u043b\u044e\u0431\u043e\u0439 \u0441\u0438\u0442\u0443\u0430\u0446\u0438\u0438.<\/li>\n<li><b>\u0421\u0431\u043e\u0440 \u043d\u0435 \u0442\u0440\u0435\u0431\u0443\u0435\u0442\u0441\u044f:<\/b> \u0413\u043e\u0442\u043e\u0432\u044b \u043a \u0438\u0441\u043f\u043e\u043b\u044c\u0437\u043e\u0432\u0430\u043d\u0438\u044e. \u041f\u0440\u043e\u0441\u0442\u043e \u0440\u0430\u0437\u043c\u0435\u0441\u0442\u0438\u0442\u0435 \u043f\u043e\u0434\u0443\u0448\u043a\u0438 \u043d\u0430 \u0441\u0430\u0434\u043e\u0432\u044b\u0445 \u043f\u043e\u0434\u0434\u043e\u043d\u0430\u0445 \u0438 \u0441\u0440\u0430\u0437\u0443 \u0436\u0435 \u043d\u0430\u0441\u043b\u0430\u0436\u0434\u0430\u0439\u0442\u0435\u0441\u044c \u043a\u043e\u043c\u0444\u043e\u0440\u0442\u043e\u043c \u0431\u0435\u0437 \u043a\u0430\u043a\u0438\u0445-\u043b\u0438\u0431\u043e \u0445\u043b\u043e\u043f\u043e\u0442.<\/li>\n<li><b>\u041a\u043e\u043d\u0441\u0442\u0440\u0443\u043a\u0446\u0438\u044f, \u043f\u043e\u0434\u0445\u043e\u0434\u044f\u0449\u0430\u044f \u0434\u043b\u044f \u0438\u0441\u043f\u043e\u043b\u044c\u0437\u043e\u0432\u0430\u043d\u0438\u044f \u043d\u0430 \u043e\u0442\u043a\u0440\u044b\u0442\u043e\u043c \u0432\u043e\u0437\u0434\u0443\u0445\u0435:<\/b> \u042d\u0442\u0438 \u043f\u043e\u0434\u0443\u0448\u043a\u0438 \u0434\u043e\u0431\u0430\u0432\u044f\u0442 \u044f\u0440\u043a\u0438\u0445 \u0434\u0435\u0442\u0430\u043b\u0435\u0439 \u0434\u043b\u044f \u0432\u0435\u0441\u043d\u044b \u0438 \u043b\u0435\u0442\u0430. \u041e\u043d\u0438 \u043f\u043e\u0434\u0445\u043e\u0434\u044f\u0442 \u0434\u043b\u044f \u043b\u044e\u0431\u044b\u0445 \u043e\u0442\u043a\u0440\u044b\u0442\u044b\u0445 \u043f\u0440\u043e\u0441\u0442\u0440\u0430\u043d\u0441\u0442\u0432, \u043f\u043e\u043c\u043e\u0433\u0430\u044f \u0441\u043e\u0437\u0434\u0430\u0442\u044c \u0443\u044e\u0442\u043d\u0443\u044e \u0430\u0442\u043c\u043e\u0441\u0444\u0435\u0440\u0443.<\/li>\n<li><b>\u041f\u0440\u043e\u0441\u0442\u043e\u0442\u0430 \u0432 \u043e\u0431\u0441\u043b\u0443\u0436\u0438\u0432\u0430\u043d\u0438\u0438:<\/b> \u041f\u043e\u0434\u0443\u0448\u043a\u0438 \u043d\u0435 \u0442\u0440\u0435\u0431\u0443\u044e\u0442 \u043e\u0441\u043e\u0431\u043e\u0433\u043e \u0443\u0445\u043e\u0434\u0430. \u0414\u043e\u0441\u0442\u0430\u0442\u043e\u0447\u043d\u043e \u043f\u0440\u043e\u0441\u0442\u043e \u043f\u0440\u043e\u0442\u0435\u0440\u0435\u0442\u044c \u0438\u0445 \u0442\u043a\u0430\u043d\u044c\u044e, \u0438\u0437\u0431\u0435\u0433\u0430\u044f \u0438\u0441\u043f\u043e\u043b\u044c\u0437\u043e\u0432\u0430\u043d\u0438\u044f \u0445\u0438\u043c\u0438\u043a\u0430\u0442\u043e\u0432, \u0447\u0442\u043e\u0431\u044b \u0441\u043e\u0445\u0440\u0430\u043d\u0438\u0442\u044c \u043e\u0431\u0438\u0432\u043a\u0443 \u0432 \u0445\u043e\u0440\u043e\u0448\u0435\u043c \u0441\u043e\u0441\u0442\u043e\u044f\u043d\u0438\u0438.<\/li>\n<\/ul>\n<ul>\n<li>\u0426\u0432\u0435\u0442: \u041a\u043e\u0440\u043e\u043b\u0435\u0432\u0441\u043a\u0438\u0439 \u0441\u0438\u043d\u0438\u0439<\/li>\n<li>\u041c\u0430\u0442\u0435\u0440\u0438\u0430\u043b: \u0442\u043a\u0430\u043d\u044c \u041e\u043a\u0441\u0444\u043e\u0440\u0434<\/li>\n<li>\u0413\u0430\u0431\u0430\u0440\u0438\u0442\u043d\u044b\u0435 \u0440\u0430\u0437\u043c\u0435\u0440\u044b: 180 x 40 x 8 \u0441\u043c (\u0414 x \u0428 x \u0412)<\/li>\n<li>\u041f\u0440\u043e\u0447\u043d\u044b\u0439<\/li>\n<li>\u0412\u043e\u0434\u043e\u043d\u0435\u043f\u0440\u043e\u043d\u0438\u0446\u0430\u0435\u043c\u044b\u0435 \u043c\u0430\u0442\u0435\u0440\u0438\u0430\u043b\u044b<\/li>\n<li>\u041d\u0430\u043f\u043e\u043b\u043d\u0438\u0442\u0435\u043b\u044c: \u043f\u043e\u043b\u0438\u043f\u0440\u043e\u043f\u0438\u043b\u0435\u043d<\/li>\n<li>\u0422\u043e\u043b\u044c\u043a\u043e \u0434\u043b\u044f \u0438\u0441\u043f\u043e\u043b\u044c\u0437\u043e\u0432\u0430\u043d\u0438\u044f \u043d\u0430 \u043e\u0442\u043a\u0440\u044b\u0442\u043e\u043c \u0432\u043e\u0437\u0434\u0443\u0445\u0435.<\/li>\n<li>\u0418\u043d\u0432\u0435\u0441\u0442\u0438\u0446\u0438\u0438 \u0432 \u0434\u043e\u0441\u0442\u0430\u0432\u043a\u0443:<\/li>\n<li>2 \u043a\u0430\u0440\u0442\u0440\u0438\u0434\u0436\u043d\u044b\u0435 \u043f\u043e\u0434\u0443\u0448\u0435\u0447\u043a\u0438<\/li>\n<\/ul>","protected":false},"excerpt":{"rendered":"<p>Moodne padjakomplekt toob esile minimalistliku stiili oma puhaste joontega. See atraktiivne komplekt t\u00e4iustab igat terrassi, \u00fchendades kaasaegse v\u00e4limuse mugavusega. Selle veekindel kangas&hellip;<\/p>","protected":false},"featured_media":305976,"comment_status":"open","ping_status":"closed","template":"","meta":{"wprm-recipe-roundup-name":"","wprm-recipe-roundup-description":""},"product_brand":[],"product_cat":[592],"product_tag":[536,540,820,1071,9451],"class_list":{"0":"post-305991","1":"product","2":"type-product","3":"status-publish","4":"has-post-thumbnail","6":"product_cat-validiivanite-osad","7":"product_tag-kodu-ja-aed","8":"product_tag-parcel","9":"product_tag-sinine","10":"product_tag-sisekujundus","11":"product_tag-tooli-ja-diivanipadjad","12":"pa_brand-vidaxl","14":"first","15":"outofstock","16":"taxable","17":"shipping-taxable","18":"purchasable","19":"product-type-simple"},"supplier_id":null,"supplier_sku":"","barcode":null,"atum_controlled":false,"out_stock_date":null,"out_stock_threshold":null,"inheritable":false,"inbound_stock":null,"stock_on_hold":0,"sold_today":0,"sales_last_days":0,"reserved_stock":null,"customer_returns":null,"warehouse_damage":null,"lost_in_post":null,"other_logs":null,"out_stock_days":0,"lost_sales":0,"has_location":null,"update_date":"2026-04-30T13:25:12","atum_locations":[],"atum_stock_status":"outofstock","restock_status":false,"low_stock_amount":"","sales_update_date":"2026-02-27T01:39:36","calc_backorders":null,"aioseo_notices":[],"_links":{"self":[{"href":"https:\/\/ecoshop.ee\/ru\/wp-json\/wp\/v2\/product\/305991","targetHints":{"allow":["GET"]}}],"collection":[{"href":"https:\/\/ecoshop.ee\/ru\/wp-json\/wp\/v2\/product"}],"about":[{"href":"https:\/\/ecoshop.ee\/ru\/wp-json\/wp\/v2\/types\/product"}],"replies":[{"embeddable":true,"href":"https:\/\/ecoshop.ee\/ru\/wp-json\/wp\/v2\/comments?post=305991"}],"version-history":[{"count":0,"href":"https:\/\/ecoshop.ee\/ru\/wp-json\/wp\/v2\/product\/305991\/revisions"}],"wp:featuredmedia":[{"embeddable":true,"href":"https:\/\/ecoshop.ee\/ru\/wp-json\/wp\/v2\/media\/305976"}],"wp:attachment":[{"href":"https:\/\/ecoshop.ee\/ru\/wp-json\/wp\/v2\/media?parent=305991"}],"wp:term":[{"taxonomy":"product_brand","embeddable":true,"href":"https:\/\/ecoshop.ee\/ru\/wp-json\/wp\/v2\/product_brand?post=305991"},{"taxonomy":"product_cat","embeddable":true,"href":"https:\/\/ecoshop.ee\/ru\/wp-json\/wp\/v2\/product_cat?post=305991"},{"taxonomy":"product_tag","embeddable":true,"href":"https:\/\/ecoshop.ee\/ru\/wp-json\/wp\/v2\/product_tag?post=305991"}],"curies":[{"name":"wp","href":"https:\/\/api.w.org\/{rel}","templated":true}]}}