{"id":307517,"date":"2026-02-09T07:54:22","date_gmt":"2026-02-09T04:54:22","guid":{"rendered":"https:\/\/ecoshop.ee\/maaratlemata\/paevitusvoodi-padjaga-2-isik-antratsiit-153-x-115-x-69-5-cm-2\/"},"modified":"2026-05-09T09:22:10","modified_gmt":"2026-05-09T06:22:10","slug":"%d1%81%d0%be%d0%bb%d1%8f%d1%80%d0%b8%d0%b9-%d1%81-%d0%bf%d0%be%d0%b4%d1%83%d1%88%d0%ba%d0%be%d0%b9-%d0%bd%d0%b0-2-%d1%87%d0%b5%d0%bb%d0%be%d0%b2%d0%b5%d0%ba%d0%b0-%d0%b0%d0%bd%d1%82%d1%80%d0%b0%d1%86","status":"publish","type":"product","link":"https:\/\/ecoshop.ee\/ru\/lamamistoolid\/paevitusvoodi-padjaga-2-isik-antratsiit-153-x-115-x-69-5-cm-2\/","title":{"rendered":"\u0428\u0435\u0437\u043b\u043e\u043d\u0433 \u0441 \u043f\u043e\u0434\u0443\u0448\u043a\u043e\u0439, \u0434\u0432\u0443\u0445\u043c\u0435\u0441\u0442\u043d\u044b\u0439, \u0430\u043d\u0442\u0440\u0430\u0446\u0438\u0442\u043e\u0432\u044b\u0439, 153 x 115 x 69,5 \u0441\u043c."},"content":{"rendered":"<p>\u042d\u0442\u043e\u0442 \u0441\u043e\u0432\u0440\u0435\u043c\u0435\u043d\u043d\u044b\u0439 \u0448\u0435\u0437\u043b\u043e\u043d\u0433 \u0441\u043e\u0437\u0434\u0430\u043d \u0434\u043b\u044f \u0442\u0435\u0445, \u043a\u0442\u043e \u0438\u0449\u0435\u0442 \u0441\u0442\u0438\u043b\u044c\u043d\u043e\u0435 \u0438 \u0444\u0443\u043d\u043a\u0446\u0438\u043e\u043d\u0430\u043b\u044c\u043d\u043e\u0435 \u043c\u0435\u0441\u0442\u043e \u0434\u043b\u044f \u043e\u0442\u0434\u044b\u0445\u0430 \u043d\u0430 \u043e\u0442\u043a\u0440\u044b\u0442\u043e\u043c \u0432\u043e\u0437\u0434\u0443\u0445\u0435. \u042d\u043b\u0435\u0433\u0430\u043d\u0442\u043d\u044b\u0439 \u0430\u043d\u0442\u0440\u0430\u0446\u0438\u0442\u043e\u0432\u044b\u0439 \u0446\u0432\u0435\u0442 \u0434\u0435\u043b\u0430\u0435\u0442 \u0435\u0433\u043e \u044f\u0440\u043a\u0438\u043c \u0434\u043e\u043f\u043e\u043b\u043d\u0435\u043d\u0438\u0435\u043c \u043a \u0441\u0430\u0434\u0443 \u0438\u043b\u0438 \u0442\u0435\u0440\u0440\u0430\u0441\u0435, \u043e\u0431\u0435\u0441\u043f\u0435\u0447\u0438\u0432\u0430\u044f \u0438\u0434\u0435\u0430\u043b\u044c\u043d\u043e\u0435 \u043c\u0435\u0441\u0442\u043e \u0434\u043b\u044f \u043f\u0440\u0438\u043d\u044f\u0442\u0438\u044f \u0441\u043e\u043b\u043d\u0435\u0447\u043d\u044b\u0445 \u0432\u0430\u043d\u043d. \u041a\u0430\u0440\u043a\u0430\u0441 \u0438\u0437\u0433\u043e\u0442\u043e\u0432\u043b\u0435\u043d \u0438\u0437 \u043f\u0440\u043e\u0447\u043d\u043e\u0439 \u0441\u0442\u0430\u043b\u0438 \u0441 \u043f\u043e\u0440\u043e\u0448\u043a\u043e\u0432\u044b\u043c \u043f\u043e\u043a\u0440\u044b\u0442\u0438\u0435\u043c, \u0447\u0442\u043e \u043f\u043e\u0434\u0447\u0435\u0440\u043a\u0438\u0432\u0430\u0435\u0442 \u043c\u0438\u043d\u0438\u043c\u0430\u043b\u0438\u0441\u0442\u0438\u0447\u043d\u044b\u0439 \u0434\u0438\u0437\u0430\u0439\u043d. \u0423\u0441\u0442\u043e\u0439\u0447\u0438\u0432\u0430\u044f \u043a \u043f\u043e\u0433\u043e\u0434\u043d\u044b\u043c \u0443\u0441\u043b\u043e\u0432\u0438\u044f\u043c \u043f\u043e\u0434\u0443\u0448\u043a\u0430 \u043e\u0431\u0435\u0441\u043f\u0435\u0447\u0438\u0432\u0430\u0435\u0442 \u0434\u043e\u043f\u043e\u043b\u043d\u0438\u0442\u0435\u043b\u044c\u043d\u044b\u0439 \u043a\u043e\u043c\u0444\u043e\u0440\u0442, \u0440\u0430\u0441\u043f\u043e\u043b\u0430\u0433\u0430\u044f \u043a \u0442\u043e\u043c\u0443, \u0447\u0442\u043e\u0431\u044b \u043f\u0440\u043e\u0432\u043e\u0434\u0438\u0442\u044c \u0447\u0430\u0441\u044b \u043d\u0430 \u0441\u043e\u043b\u043d\u0446\u0435.<\/p>\n<ul>\n<li><b>\u041f\u0440\u043e\u0447\u043d\u0430\u044f \u0440\u0430\u043c\u0430:<\/b> \u0421\u0442\u0430\u043b\u044c\u043d\u0430\u044f \u0440\u0430\u043c\u0430 \u0441 \u043f\u043e\u0440\u043e\u0448\u043a\u043e\u0432\u044b\u043c \u043f\u043e\u043a\u0440\u044b\u0442\u0438\u0435\u043c \u043f\u0440\u043e\u0447\u043d\u0430 \u0438 \u0443\u0441\u0442\u043e\u0439\u0447\u0438\u0432\u0430 \u043a \u0432\u043e\u0437\u0434\u0435\u0439\u0441\u0442\u0432\u0438\u044e \u043f\u043e\u0433\u043e\u0434\u043d\u044b\u0445 \u0443\u0441\u043b\u043e\u0432\u0438\u0439. \u0410\u043d\u0442\u0440\u0430\u0446\u0438\u0442\u043e\u0432\u043e\u0435 \u043f\u043e\u043a\u0440\u044b\u0442\u0438\u0435 \u043f\u043e\u0434\u0447\u0435\u0440\u043a\u0438\u0432\u0430\u0435\u0442 \u0441\u043e\u0432\u0440\u0435\u043c\u0435\u043d\u043d\u0443\u044e \u043a\u0440\u0430\u0441\u043e\u0442\u0443 \u0438 \u0434\u043e\u043b\u0433\u043e\u0432\u0435\u0447\u043d\u043e\u0441\u0442\u044c, \u043e\u0431\u0435\u0441\u043f\u0435\u0447\u0438\u0432\u0430\u044f \u0434\u043b\u0438\u0442\u0435\u043b\u044c\u043d\u043e\u0435 \u0438\u0441\u043f\u043e\u043b\u044c\u0437\u043e\u0432\u0430\u043d\u0438\u0435 \u043d\u0430 \u043e\u0442\u043a\u0440\u044b\u0442\u043e\u043c \u0432\u043e\u0437\u0434\u0443\u0445\u0435.<\/li>\n<li><b>\u0412\u043e\u0434\u043e\u043d\u0435\u043f\u0440\u043e\u043d\u0438\u0446\u0430\u0435\u043c\u0430\u044f \u043f\u043e\u0434\u0443\u0448\u043a\u0430:<\/b> \u041f\u043e\u043b\u0438\u044d\u0441\u0442\u0435\u0440\u043e\u0432\u0430\u044f \u043f\u043e\u0434\u0443\u0448\u043a\u0430 \u0441\u043e\u0445\u0440\u0430\u043d\u044f\u0435\u0442 \u0441\u0432\u043e\u044e \u0444\u043e\u0440\u043c\u0443 \u043f\u043e\u0434 \u0434\u043e\u0436\u0434\u0435\u043c \u0438 \u0441\u043e\u043b\u043d\u0446\u0435\u043c. \u041c\u044f\u0433\u043a\u0438\u0439 \u043f\u0435\u043d\u043e\u043c\u0430\u0442\u0435\u0440\u0438\u0430\u043b \u043e\u0431\u0435\u0441\u043f\u0435\u0447\u0438\u0432\u0430\u0435\u0442 \u043a\u043e\u043c\u0444\u043e\u0440\u0442 \u0432\u043e \u0432\u0440\u0435\u043c\u044f \u043e\u0442\u0434\u044b\u0445\u0430. \u042d\u0442\u0430 \u043a\u043e\u043d\u0441\u0442\u0440\u0443\u043a\u0446\u0438\u044f \u043e\u0440\u0438\u0435\u043d\u0442\u0438\u0440\u043e\u0432\u0430\u043d\u0430 \u043d\u0430 \u0438\u0441\u043f\u043e\u043b\u044c\u0437\u043e\u0432\u0430\u043d\u0438\u0435 \u043d\u0430 \u043e\u0442\u043a\u0440\u044b\u0442\u043e\u043c \u0432\u043e\u0437\u0434\u0443\u0445\u0435, \u043e\u0431\u0435\u0441\u043f\u0435\u0447\u0438\u0432\u0430\u044f \u043a\u043e\u043c\u0444\u043e\u0440\u0442 \u0431\u0435\u0437 \u043b\u0438\u0448\u043d\u0438\u0445 \u0445\u043b\u043e\u043f\u043e\u0442.<\/li>\n<li><b>\u0424\u0443\u043d\u043a\u0446\u0438\u043e\u043d\u0430\u043b\u044c\u043d\u044b\u0435 \u043a\u043e\u043c\u043f\u043e\u043d\u0435\u043d\u0442\u044b:<\/b> \u041f\u043e\u0434\u043b\u043e\u043a\u043e\u0442\u043d\u0438\u043a\u0438 \u0438\u0437 \u0441\u0442\u0430\u043b\u0438 \u0441 \u043f\u043e\u0440\u043e\u0448\u043a\u043e\u0432\u044b\u043c \u043f\u043e\u043a\u0440\u044b\u0442\u0438\u0435\u043c \u0438 \u0443\u0441\u0442\u043e\u0439\u0447\u0438\u0432\u044b\u0435 \u043d\u043e\u0436\u043a\u0438 \u043e\u0431\u0435\u0441\u043f\u0435\u0447\u0438\u0432\u0430\u044e\u0442 \u0441\u0442\u0430\u0431\u0438\u043b\u044c\u043d\u043e\u0441\u0442\u044c \u0448\u0435\u0437\u043b\u043e\u043d\u0433\u0430 \u043d\u0430 \u0440\u0430\u0437\u043b\u0438\u0447\u043d\u044b\u0445 \u043f\u043e\u0432\u0435\u0440\u0445\u043d\u043e\u0441\u0442\u044f\u0445. \u041e\u0442\u0434\u0435\u043b\u043a\u0430 \u0441\u043f\u0438\u043d\u043a\u0438 \u043f\u043e\u0437\u0432\u043e\u043b\u044f\u0435\u0442 \u0448\u0435\u0437\u043b\u043e\u043d\u0433\u0443 \u0432\u044b\u0433\u043b\u044f\u0434\u0435\u0442\u044c \u043a\u0440\u0430\u0441\u0438\u0432\u043e \u0441\u043e \u0432\u0441\u0435\u0445 \u0441\u0442\u043e\u0440\u043e\u043d, \u0447\u0442\u043e \u0434\u0435\u043b\u0430\u0435\u0442 \u0435\u0433\u043e \u043f\u043e\u0434\u0445\u043e\u0434\u044f\u0449\u0438\u043c \u0434\u043b\u044f \u043b\u044e\u0431\u043e\u0433\u043e \u043c\u0435\u0441\u0442\u0430 \u0432 \u0441\u0430\u0434\u0443 \u0438\u043b\u0438 \u043d\u0430 \u0442\u0435\u0440\u0440\u0430\u0441\u0435.<\/li>\n<li><b>\u041f\u0440\u043e\u0441\u0442\u0430\u044f \u0441\u0431\u043e\u0440\u043a\u0430:<\/b> \u0421\u0442\u0443\u043b \u043b\u0435\u0433\u043a\u043e \u0441\u043e\u0431\u0438\u0440\u0430\u0435\u0442\u0441\u044f, \u0438\u043d\u0441\u0442\u0440\u0443\u043a\u0446\u0438\u044f \u043f\u043e\u043d\u044f\u0442\u043d\u0430\u044f. \u0422\u0440\u0435\u0431\u0443\u0435\u0442\u0441\u044f \u0441\u043a\u043b\u0435\u0438\u0432\u0430\u043d\u0438\u0435 \u0434\u0435\u0442\u0430\u043b\u0435\u0439, \u043a\u043e\u0442\u043e\u0440\u044b\u0435 \u043f\u043e\u043b\u044c\u0437\u043e\u0432\u0430\u0442\u0435\u043b\u044c \u0434\u043e\u043b\u0436\u0435\u043d \u043f\u0440\u0438\u043e\u0431\u0440\u0435\u0441\u0442\u0438 \u043e\u0442\u0434\u0435\u043b\u044c\u043d\u043e. \u0420\u0435\u043a\u043e\u043c\u0435\u043d\u0434\u0443\u0435\u0442\u0441\u044f \u0441\u043e\u0431\u0438\u0440\u0430\u0442\u044c \u0441\u0442\u0443\u043b \u043a\u0430\u043a \u043c\u0438\u043d\u0438\u043c\u0443\u043c \u0432\u0434\u0432\u043e\u0435\u043c, \u0447\u0442\u043e\u0431\u044b \u0433\u0430\u0440\u0430\u043d\u0442\u0438\u0440\u043e\u0432\u0430\u0442\u044c \u043f\u0440\u0430\u0432\u0438\u043b\u044c\u043d\u0443\u044e \u0443\u0441\u0442\u0430\u043d\u043e\u0432\u043a\u0443 \u0434\u0435\u0442\u0430\u043b\u0435\u0439.<\/li>\n<li><b>\u041f\u0440\u043e\u0441\u0442\u043e\u0442\u0430 \u0432 \u043e\u0431\u0441\u043b\u0443\u0436\u0438\u0432\u0430\u043d\u0438\u0438:<\/b> \u0423\u0445\u043e\u0434 \u0437\u0430 \u0448\u0435\u0437\u043b\u043e\u043d\u0433\u043e\u043c \u043e\u0447\u0435\u043d\u044c \u043f\u0440\u043e\u0441\u0442: \u0434\u043e\u0441\u0442\u0430\u0442\u043e\u0447\u043d\u043e \u043f\u0440\u043e\u0442\u0435\u0440\u0435\u0442\u044c \u0435\u0433\u043e \u0441\u0443\u0445\u043e\u0439 \u0442\u043a\u0430\u043d\u044c\u044e, \u0447\u0442\u043e\u0431\u044b \u0443\u0434\u0430\u043b\u0438\u0442\u044c \u0433\u0440\u044f\u0437\u044c \u0438 \u0441\u043e\u0445\u0440\u0430\u043d\u0438\u0442\u044c \u0435\u0433\u043e \u043f\u0440\u0438\u0432\u043b\u0435\u043a\u0430\u0442\u0435\u043b\u044c\u043d\u044b\u0439 \u0432\u043d\u0435\u0448\u043d\u0438\u0439 \u0432\u0438\u0434. \u041f\u0440\u043e\u0441\u0442\u043e\u0442\u0430 \u043e\u0431\u0435\u0441\u043f\u0435\u0447\u0438\u0432\u0430\u0435\u0442 \u0431\u044b\u0441\u0442\u0440\u044b\u0439 \u0443\u0445\u043e\u0434 \u0438 \u043c\u0430\u043a\u0441\u0438\u043c\u0430\u043b\u044c\u043d\u043e\u0435 \u0432\u0440\u0435\u043c\u044f\u043f\u0440\u0435\u043f\u0440\u043e\u0432\u043e\u0436\u0434\u0435\u043d\u0438\u0435 \u0437\u0430 \u043e\u0442\u0434\u044b\u0445\u043e\u043c.<\/li>\n<\/ul>\n<ul>\n<li>\u0426\u0432\u0435\u0442: \u0410\u043d\u0442\u0440\u0430\u0446\u0438\u0442<\/li>\n<li>\u041c\u0430\u0442\u0435\u0440\u0438\u0430\u043b: \u0441\u0442\u0430\u043b\u044c \u0441 \u043f\u043e\u0440\u043e\u0448\u043a\u043e\u0432\u044b\u043c \u043f\u043e\u043a\u0440\u044b\u0442\u0438\u0435\u043c<\/li>\n<li>\u0413\u0430\u0431\u0430\u0440\u0438\u0442\u043d\u044b\u0435 \u0440\u0430\u0437\u043c\u0435\u0440\u044b: 153 x 115 x 69,5 \u0441\u043c (\u0414 x \u0428 x \u0412)<\/li>\n<li>\u0428\u0438\u0440\u0438\u043d\u0430 \u0441\u0438\u0434\u0435\u043d\u044c\u044f: 115 \u0441\u043c<\/li>\n<li>\u041c\u0430\u043a\u0441\u0438\u043c\u0430\u043b\u044c\u043d\u0430\u044f \u0433\u0440\u0443\u0437\u043e\u043f\u043e\u0434\u044a\u0435\u043c\u043d\u043e\u0441\u0442\u044c: 200 \u043a\u0433<\/li>\n<li>\u041a\u043e\u043b\u0438\u0447\u0435\u0441\u0442\u0432\u043e \u043c\u0435\u0441\u0442: 2<\/li>\n<li>\u041f\u043e\u0434\u0443\u0448\u043a\u0430 \u0434\u043b\u044f \u0441\u0438\u0434\u0435\u043d\u044c\u044f: \u043f\u043e\u0434\u0443\u0448\u043a\u0430 \u0434\u043b\u044f \u0443\u043b\u0438\u0446\u044b<\/li>\n<li>\u0422\u0440\u0435\u0431\u0443\u0435\u0442\u0441\u044f \u0441\u0431\u043e\u0440\u043a\u0430: \u0414\u0430<\/li>\n<li>\u0418\u043d\u0432\u0435\u0441\u0442\u0438\u0446\u0438\u0438 \u0432 \u0434\u043e\u0441\u0442\u0430\u0432\u043a\u0443:<\/li>\n<li>1 \u0448\u0435\u0437\u043b\u043e\u043d\u0433<\/li>\n<\/ul>","protected":false},"excerpt":{"rendered":"<p>See kaasaegne p\u00e4evitustool on m\u00f5eldud neile, kes otsivad stiilset ja funktsionaalset kohta v\u00e4listingimustes l\u00f5\u00f5gastumiseks. Elegantne antratsiidi v\u00e4rv teeb sellest silmapaistva t\u00e4iendi aeda&hellip;<\/p>","protected":false},"featured_media":307504,"comment_status":"open","ping_status":"closed","template":"","meta":{"wprm-recipe-roundup-name":"","wprm-recipe-roundup-description":""},"product_brand":[],"product_cat":[3187],"product_tag":[4018,594,3257,547,553,540],"class_list":{"0":"post-307517","1":"product","2":"type-product","3":"status-publish","4":"has-post-thumbnail","6":"product_cat-lamamistoolid","7":"product_tag-antratsiit","8":"product_tag-istekohad-oue","9":"product_tag-lamamistoolid","10":"product_tag-moobel","11":"product_tag-ouemoobel","12":"product_tag-parcel","13":"pa_brand-vidaxl","15":"first","16":"instock","17":"taxable","18":"shipping-taxable","19":"purchasable","20":"product-type-simple"},"supplier_id":null,"supplier_sku":"","barcode":null,"atum_controlled":false,"out_stock_date":null,"out_stock_threshold":null,"inheritable":false,"inbound_stock":null,"stock_on_hold":0,"sold_today":0,"sales_last_days":0,"reserved_stock":null,"customer_returns":null,"warehouse_damage":null,"lost_in_post":null,"other_logs":null,"out_stock_days":0,"lost_sales":0,"has_location":null,"update_date":"2026-05-09T06:22:10","atum_locations":[],"atum_stock_status":"instock","restock_status":false,"low_stock_amount":"","sales_update_date":"2026-02-27T01:39:36","calc_backorders":null,"aioseo_notices":[],"_links":{"self":[{"href":"https:\/\/ecoshop.ee\/ru\/wp-json\/wp\/v2\/product\/307517","targetHints":{"allow":["GET"]}}],"collection":[{"href":"https:\/\/ecoshop.ee\/ru\/wp-json\/wp\/v2\/product"}],"about":[{"href":"https:\/\/ecoshop.ee\/ru\/wp-json\/wp\/v2\/types\/product"}],"replies":[{"embeddable":true,"href":"https:\/\/ecoshop.ee\/ru\/wp-json\/wp\/v2\/comments?post=307517"}],"version-history":[{"count":0,"href":"https:\/\/ecoshop.ee\/ru\/wp-json\/wp\/v2\/product\/307517\/revisions"}],"wp:featuredmedia":[{"embeddable":true,"href":"https:\/\/ecoshop.ee\/ru\/wp-json\/wp\/v2\/media\/307504"}],"wp:attachment":[{"href":"https:\/\/ecoshop.ee\/ru\/wp-json\/wp\/v2\/media?parent=307517"}],"wp:term":[{"taxonomy":"product_brand","embeddable":true,"href":"https:\/\/ecoshop.ee\/ru\/wp-json\/wp\/v2\/product_brand?post=307517"},{"taxonomy":"product_cat","embeddable":true,"href":"https:\/\/ecoshop.ee\/ru\/wp-json\/wp\/v2\/product_cat?post=307517"},{"taxonomy":"product_tag","embeddable":true,"href":"https:\/\/ecoshop.ee\/ru\/wp-json\/wp\/v2\/product_tag?post=307517"}],"curies":[{"name":"wp","href":"https:\/\/api.w.org\/{rel}","templated":true}]}}