{"id":307617,"date":"2026-02-09T07:56:31","date_gmt":"2026-02-09T04:56:31","guid":{"rendered":"https:\/\/ecoshop.ee\/maaratlemata\/kulglaud-drammen-valge-79-x-43-x-75-5-cm-mannipuit\/"},"modified":"2026-05-13T21:22:45","modified_gmt":"2026-05-13T18:22:45","slug":"%d0%b1%d0%b5%d0%bb%d1%8b%d0%b9-%d0%bf%d0%b5%d1%80%d0%b5%d0%b4%d0%b2%d0%b8%d0%b6%d0%bd%d0%be%d0%b9-%d1%81%d1%82%d0%be%d0%bb%d0%b8%d0%ba-drammen-79-x-43-x-755-%d1%81%d0%bc-mannipuit","status":"publish","type":"product","link":"https:\/\/ecoshop.ee\/ru\/lisalauad\/kulglaud-drammen-valge-79-x-43-x-75-5-cm-mannipuit\/","title":{"rendered":"\u041f\u0440\u0438\u0441\u0442\u0430\u0432\u043d\u043e\u0439 \u0441\u0442\u043e\u043b\u0438\u043a Drammen \u0431\u0435\u043b\u044b\u0439, 79 x 43 x 75,5 \u0441\u043c, \u0441\u043e\u0441\u043d\u043e\u0432\u0430\u044f \u0434\u0440\u0435\u0432\u0435\u0441\u0438\u043d\u0430."},"content":{"rendered":"<p>\u042d\u0442\u043e\u0442 \u0448\u043a\u0430\u0444 \u2014 \u0444\u0443\u043d\u043a\u0446\u0438\u043e\u043d\u0430\u043b\u044c\u043d\u044b\u0439 \u0438 \u043a\u043b\u0430\u0441\u0441\u0438\u0447\u0435\u0441\u043a\u0438\u0439 \u043f\u0440\u0435\u0434\u043c\u0435\u0442 \u043c\u0435\u0431\u0435\u043b\u0438, \u043a\u043e\u0442\u043e\u0440\u044b\u0439 \u0432\u043f\u0438\u0448\u0435\u0442\u0441\u044f \u0434\u0430\u0436\u0435 \u0432 \u0441\u0430\u043c\u044b\u0435 \u0441\u043e\u0432\u0440\u0435\u043c\u0435\u043d\u043d\u044b\u0435 \u0434\u043e\u043c\u0430. \u0415\u0433\u043e \u043c\u0438\u043d\u0438\u043c\u0430\u043b\u0438\u0441\u0442\u0438\u0447\u043d\u044b\u0439 \u0434\u0438\u0437\u0430\u0439\u043d \u043f\u043e\u0434\u0447\u0435\u0440\u043a\u0438\u0432\u0430\u0435\u0442 \u0447\u0438\u0441\u0442\u044b\u0435 \u0438 \u043f\u0440\u043e\u0441\u0442\u044b\u0435 \u043b\u0438\u043d\u0438\u0438. \u0418\u0434\u0435\u0430\u043b\u044c\u043d\u043e \u043f\u043e\u0434\u0445\u043e\u0434\u044f\u0449\u0438\u0439 \u0434\u043b\u044f \u0433\u043e\u0441\u0442\u0438\u043d\u043e\u0439 \u0438\u043b\u0438 \u0441\u0442\u043e\u043b\u043e\u0432\u043e\u0439, \u044d\u0442\u043e\u0442 \u0448\u043a\u0430\u0444 \u043f\u0440\u0438\u0432\u043b\u0435\u043a\u0430\u0442\u0435\u043b\u0435\u043d \u0438 \u043f\u0440\u0430\u043a\u0442\u0438\u0447\u0435\u043d, \u043f\u0440\u0435\u0434\u043b\u0430\u0433\u0430\u044f \u0434\u043e\u0441\u0442\u0430\u0442\u043e\u0447\u043d\u043e \u043c\u0435\u0441\u0442\u0430 \u0434\u043b\u044f \u0445\u0440\u0430\u043d\u0435\u043d\u0438\u044f \u0441\u0430\u043c\u044b\u0445 \u0440\u0430\u0437\u043d\u044b\u0445 \u0432\u0435\u0449\u0435\u0439. \u041e\u0442\u0434\u0435\u043b\u043a\u0430 \u0438\u0437 \u043c\u0430\u0441\u0441\u0438\u0432\u0430 \u0434\u0435\u0440\u0435\u0432\u0430 \u043f\u0440\u0438\u0432\u043d\u043e\u0441\u0438\u0442 \u0442\u0435\u043f\u043b\u043e \u0438 \u044d\u043b\u0435\u0433\u0430\u043d\u0442\u043d\u043e\u0441\u0442\u044c \u0432 \u043b\u044e\u0431\u043e\u0435 \u043f\u043e\u043c\u0435\u0449\u0435\u043d\u0438\u0435, \u0441\u043e\u0447\u0435\u0442\u0430\u044f\u0441\u044c \u0441 \u043b\u044e\u0431\u044b\u043c \u0441\u0442\u0438\u043b\u0435\u043c \u0438\u043d\u0442\u0435\u0440\u044c\u0435\u0440\u0430.<\/p>\n<ul><\/br><\/p>\n<li><b>\u041c\u0430\u0441\u0441\u0438\u0432\u043d\u0430\u044f \u0441\u043e\u0441\u043d\u043e\u0432\u0430\u044f \u0434\u0440\u0435\u0432\u0435\u0441\u0438\u043d\u0430:<\/b> \u0428\u043a\u0430\u0444 \u0438\u0437\u0433\u043e\u0442\u043e\u0432\u043b\u0435\u043d \u0438\u0437 \u043c\u0430\u0441\u0441\u0438\u0432\u0430 \u0441\u043e\u0441\u043d\u044b, \u0447\u0442\u043e \u043e\u0431\u0435\u0441\u043f\u0435\u0447\u0438\u0432\u0430\u0435\u0442 \u0434\u043e\u043b\u0433\u0438\u0439 \u0441\u0440\u043e\u043a \u0441\u043b\u0443\u0436\u0431\u044b \u0438 \u0443\u0441\u0442\u043e\u0439\u0447\u0438\u0432\u043e\u0441\u0442\u044c. \u0415\u0441\u0442\u0435\u0441\u0442\u0432\u0435\u043d\u043d\u044b\u0439 \u0432\u0438\u0434 \u0441\u043e\u0441\u043d\u044b \u0434\u043e\u0431\u0430\u0432\u043b\u044f\u0435\u0442 \u0442\u0435\u043f\u043b\u0430 \u0438 \u043e\u0447\u0430\u0440\u043e\u0432\u0430\u043d\u0438\u044f \u0432\u0430\u0448\u0435\u043c\u0443 \u043f\u0440\u043e\u0441\u0442\u0440\u0430\u043d\u0441\u0442\u0432\u0443, \u043f\u0440\u0438 \u044d\u0442\u043e\u043c \u0448\u043a\u0430\u0444 \u0434\u043e\u0441\u0442\u0430\u0442\u043e\u0447\u043d\u043e \u043f\u0440\u043e\u0447\u0435\u043d, \u0447\u0442\u043e\u0431\u044b \u0432\u044b\u0434\u0435\u0440\u0436\u0438\u0432\u0430\u0442\u044c \u0435\u0436\u0435\u0434\u043d\u0435\u0432\u043d\u043e\u0435 \u0438\u0441\u043f\u043e\u043b\u044c\u0437\u043e\u0432\u0430\u043d\u0438\u0435.<\/li>\n<p><\/br><\/p>\n<li><b>\u041f\u043e\u0434\u0445\u043e\u0434\u044f\u0449\u0438\u0435 \u0440\u0435\u0448\u0435\u043d\u0438\u044f \u0434\u043b\u044f \u0445\u0440\u0430\u043d\u0435\u043d\u0438\u044f \u0434\u0430\u043d\u043d\u044b\u0445:<\/b> \u0411\u043b\u0430\u0433\u043e\u0434\u0430\u0440\u044f \u043c\u043d\u043e\u0436\u0435\u0441\u0442\u0432\u0443 \u043e\u0442\u0434\u0435\u043b\u0435\u043d\u0438\u0439, \u043f\u043e\u043b\u043e\u043a \u0438 \u044f\u0449\u0438\u043a\u043e\u0432 \u044d\u0442\u043e\u0442 \u0448\u043a\u0430\u0444 \u043f\u0440\u0435\u0434\u043b\u0430\u0433\u0430\u0435\u0442 \u0443\u043d\u0438\u0432\u0435\u0440\u0441\u0430\u043b\u044c\u043d\u043e\u0435 \u043f\u0440\u043e\u0441\u0442\u0440\u0430\u043d\u0441\u0442\u0432\u043e \u0434\u043b\u044f \u0441\u0430\u043c\u044b\u0445 \u0440\u0430\u0437\u043d\u044b\u0445 \u0432\u0435\u0449\u0435\u0439. \u0411\u0443\u0434\u044c \u0442\u043e \u0441\u0442\u043e\u043b\u043e\u0432\u044b\u0435 \u043f\u0440\u0438\u0431\u043e\u0440\u044b \u0438\u043b\u0438 \u043a\u043d\u0438\u0433\u0438, \u044d\u0442\u043e \u0438\u0434\u0435\u0430\u043b\u044c\u043d\u043e\u0435 \u0440\u0435\u0448\u0435\u043d\u0438\u0435 \u0434\u043b\u044f \u043e\u0440\u0433\u0430\u043d\u0438\u0437\u0430\u0446\u0438\u0438 \u043f\u0440\u043e\u0441\u0442\u0440\u0430\u043d\u0441\u0442\u0432\u0430.<\/li>\n<p><\/br><\/p>\n<li><b>\u0421\u043e\u0432\u0440\u0435\u043c\u0435\u043d\u043d\u044b\u0439 \u0434\u0438\u0437\u0430\u0439\u043d:<\/b> \u042d\u0442\u043e\u0442 \u0448\u043a\u0430\u0444, \u043e\u0442\u043b\u0438\u0447\u0430\u044e\u0449\u0438\u0439\u0441\u044f \u043f\u0440\u0430\u043a\u0442\u0438\u0447\u043d\u043e\u0441\u0442\u044c\u044e \u0438 \u043f\u0440\u043e\u0441\u0442\u043e\u0442\u043e\u0439, \u0438\u0434\u0435\u0430\u043b\u044c\u043d\u043e \u043f\u043e\u0434\u0445\u043e\u0434\u0438\u0442 \u0434\u043b\u044f \u0441\u043e\u0432\u0440\u0435\u043c\u0435\u043d\u043d\u044b\u0445 \u0434\u043e\u043c\u043e\u0432. \u0415\u0433\u043e \u043f\u0440\u044f\u043c\u043e\u0443\u0433\u043e\u043b\u044c\u043d\u0430\u044f \u0444\u043e\u0440\u043c\u0430 \u0438 \u0433\u043b\u0430\u0434\u043a\u0430\u044f \u043f\u043e\u0432\u0435\u0440\u0445\u043d\u043e\u0441\u0442\u044c \u0434\u0435\u043b\u0430\u044e\u0442 \u0435\u0433\u043e \u0441\u0442\u0438\u043b\u044c\u043d\u044b\u043c \u0434\u043e\u043f\u043e\u043b\u043d\u0435\u043d\u0438\u0435\u043c \u043a \u043b\u044e\u0431\u043e\u0439 \u043a\u043e\u043c\u043d\u0430\u0442\u0435, \u0443\u043b\u0443\u0447\u0448\u0430\u044f \u0432\u043d\u0435\u0448\u043d\u0438\u0439 \u0432\u0438\u0434 \u043f\u043e\u043c\u0435\u0449\u0435\u043d\u0438\u044f.<\/li>\n<p><\/br><\/p>\n<li><b>\u0422\u043e\u043b\u044c\u043a\u043e \u0434\u043b\u044f \u0438\u0441\u043f\u043e\u043b\u044c\u0437\u043e\u0432\u0430\u043d\u0438\u044f \u0432 \u043f\u043e\u043c\u0435\u0449\u0435\u043d\u0438\u0438:<\/b> \u042d\u0442\u043e\u0442 \u0448\u043a\u0430\u0444 \u043f\u0440\u0435\u0434\u043d\u0430\u0437\u043d\u0430\u0447\u0435\u043d \u0434\u043b\u044f \u0438\u0441\u043f\u043e\u043b\u044c\u0437\u043e\u0432\u0430\u043d\u0438\u044f \u0432\u043d\u0443\u0442\u0440\u0438 \u043f\u043e\u043c\u0435\u0449\u0435\u043d\u0438\u0439, \u043f\u043e\u044d\u0442\u043e\u043c\u0443 \u0438\u0434\u0435\u0430\u043b\u044c\u043d\u043e \u043f\u043e\u0434\u043e\u0439\u0434\u0435\u0442 \u0434\u043b\u044f \u0433\u043e\u0441\u0442\u0438\u043d\u043e\u0439 \u0438\u043b\u0438 \u0441\u0442\u043e\u043b\u043e\u0432\u043e\u0439. \u041e\u043d \u0434\u043e\u043f\u043e\u043b\u043d\u0438\u0442 \u043b\u044e\u0431\u043e\u0439 \u0441\u043e\u0432\u0440\u0435\u043c\u0435\u043d\u043d\u044b\u0439 \u0438\u043d\u0442\u0435\u0440\u044c\u0435\u0440, \u043f\u0440\u0438\u0432\u043d\u043e\u0441\u044f \u043a\u043e\u043c\u0444\u043e\u0440\u0442 \u0438 \u0441\u0442\u0438\u043b\u044c \u0432 \u043a\u043e\u043c\u043d\u0430\u0442\u0443.<\/li>\n<p><\/br><\/p>\n<li><b>\u0422\u0440\u0435\u0431\u0443\u0435\u0442\u0441\u044f \u0441\u0431\u043e\u0440\u043a\u0430:<\/b> \u0414\u043b\u044f \u0441\u0431\u043e\u0440\u043a\u0438 \u0448\u043a\u0430\u0444\u0430 \u043f\u043e\u0442\u0440\u0435\u0431\u0443\u0435\u0442\u0441\u044f \u0434\u0432\u0430 \u0447\u0435\u043b\u043e\u0432\u0435\u043a\u0430 \u0438 \u043e\u0442\u0432\u0435\u0440\u0442\u043a\u0430. \u041d\u0435\u0441\u043c\u043e\u0442\u0440\u044f \u043d\u0430 \u043d\u0435\u043e\u0431\u0445\u043e\u0434\u0438\u043c\u043e\u0441\u0442\u044c \u0441\u0430\u043c\u043e\u0441\u0442\u043e\u044f\u0442\u0435\u043b\u044c\u043d\u043e\u0439 \u0441\u0431\u043e\u0440\u043a\u0438, \u0432 \u0438\u0442\u043e\u0433\u0435 \u043f\u043e\u043b\u0443\u0447\u0438\u0442\u0441\u044f \u043f\u0440\u0435\u043a\u0440\u0430\u0441\u043d\u044b\u0439 \u043f\u0440\u0435\u0434\u043c\u0435\u0442 \u043c\u0435\u0431\u0435\u043b\u0438, \u043a\u043e\u0442\u043e\u0440\u044b\u0439 \u043e\u0440\u0433\u0430\u043d\u0438\u0447\u043d\u043e \u0432\u043f\u0438\u0448\u0435\u0442\u0441\u044f \u0432 \u0438\u043d\u0442\u0435\u0440\u044c\u0435\u0440.<\/li>\n<p><\/br><\/ul>\n<ul>\n<li>\u0426\u0432\u0435\u0442: \u0411\u0435\u043b\u044b\u0439<\/li>\n<li>\u041c\u0430\u0442\u0435\u0440\u0438\u0430\u043b: \u0421\u043e\u0441\u043d\u043e\u0432\u0430\u044f \u0434\u0440\u0435\u0432\u0435\u0441\u0438\u043d\u0430<\/li>\n<li>\u0413\u0430\u0431\u0430\u0440\u0438\u0442\u043d\u044b\u0435 \u0440\u0430\u0437\u043c\u0435\u0440\u044b: 79 x 43 x 75,5 \u0441\u043c (\u0414 x \u0428 x \u0412)<\/li>\n<li>2 \u0434\u0432\u0435\u0440\u0438<\/li>\n<li>\u0422\u0440\u0435\u0431\u0443\u0435\u0442\u0441\u044f \u0441\u0431\u043e\u0440\u043a\u0430: \u0414\u0430<\/li>\n<li>\u0418\u043d\u0432\u0435\u0441\u0442\u0438\u0446\u0438\u0438 \u0432 \u0434\u043e\u0441\u0442\u0430\u0432\u043a\u0443:<\/li>\n<li>1 x \u0428\u043a\u0430\u0444<\/li>\n<li>\u041d\u0430\u0437\u0432\u0430\u043d\u0438\u0435 \u043c\u0435\u0441\u0442\u043e\u0440\u043e\u0436\u0434\u0435\u043d\u0438\u044f: \u0414\u0440\u0430\u043c\u043c\u0435\u043d<\/li>\n<\/ul>","protected":false},"excerpt":{"rendered":"<p>See kapp on funktsionaalne ja klassikaline t\u00fckk, mis sobib ka k\u00f5ige moodsamatesse kodudesse. Selle minimalistlik disain r\u00f5hutab puhtaid ja lihtsaid jooni. T\u00e4iuslik&hellip;<\/p>","protected":false},"featured_media":307604,"comment_status":"open","ping_status":"closed","template":"","meta":{"wprm-recipe-roundup-name":"","wprm-recipe-roundup-description":""},"product_brand":[],"product_cat":[808],"product_tag":[567,547,540,568,539],"class_list":{"0":"post-307617","1":"product","2":"type-product","3":"status-publish","4":"has-post-thumbnail","6":"product_cat-lisalauad","7":"product_tag-kapid-ja-hoiustamine","8":"product_tag-moobel","9":"product_tag-parcel","10":"product_tag-puhvetkapid","11":"product_tag-voodilinad","12":"pa_brand-vidaxl","14":"first","15":"instock","16":"taxable","17":"shipping-taxable","18":"purchasable","19":"product-type-simple"},"supplier_id":null,"supplier_sku":"","barcode":null,"atum_controlled":false,"out_stock_date":null,"out_stock_threshold":null,"inheritable":false,"inbound_stock":null,"stock_on_hold":0,"sold_today":0,"sales_last_days":0,"reserved_stock":null,"customer_returns":null,"warehouse_damage":null,"lost_in_post":null,"other_logs":null,"out_stock_days":0,"lost_sales":0,"has_location":null,"update_date":"2026-05-13T18:22:46","atum_locations":[],"atum_stock_status":"instock","restock_status":false,"low_stock_amount":"","sales_update_date":"2026-02-27T01:39:36","calc_backorders":null,"aioseo_notices":[],"_links":{"self":[{"href":"https:\/\/ecoshop.ee\/ru\/wp-json\/wp\/v2\/product\/307617","targetHints":{"allow":["GET"]}}],"collection":[{"href":"https:\/\/ecoshop.ee\/ru\/wp-json\/wp\/v2\/product"}],"about":[{"href":"https:\/\/ecoshop.ee\/ru\/wp-json\/wp\/v2\/types\/product"}],"replies":[{"embeddable":true,"href":"https:\/\/ecoshop.ee\/ru\/wp-json\/wp\/v2\/comments?post=307617"}],"version-history":[{"count":0,"href":"https:\/\/ecoshop.ee\/ru\/wp-json\/wp\/v2\/product\/307617\/revisions"}],"wp:featuredmedia":[{"embeddable":true,"href":"https:\/\/ecoshop.ee\/ru\/wp-json\/wp\/v2\/media\/307604"}],"wp:attachment":[{"href":"https:\/\/ecoshop.ee\/ru\/wp-json\/wp\/v2\/media?parent=307617"}],"wp:term":[{"taxonomy":"product_brand","embeddable":true,"href":"https:\/\/ecoshop.ee\/ru\/wp-json\/wp\/v2\/product_brand?post=307617"},{"taxonomy":"product_cat","embeddable":true,"href":"https:\/\/ecoshop.ee\/ru\/wp-json\/wp\/v2\/product_cat?post=307617"},{"taxonomy":"product_tag","embeddable":true,"href":"https:\/\/ecoshop.ee\/ru\/wp-json\/wp\/v2\/product_tag?post=307617"}],"curies":[{"name":"wp","href":"https:\/\/api.w.org\/{rel}","templated":true}]}}