{"id":307727,"date":"2026-02-09T07:58:19","date_gmt":"2026-02-09T04:58:19","guid":{"rendered":"https:\/\/ecoshop.ee\/maaratlemata\/aia-valgus-pronksjas-68-x-20-x-235-cm-alumiinium-ja-klaas-2\/"},"modified":"2026-05-15T04:09:17","modified_gmt":"2026-05-15T01:09:17","slug":"%d1%81%d0%b0%d0%b4%d0%be%d0%b2%d1%8b%d0%b9-%d1%81%d0%b2%d0%b5%d1%82%d0%b8%d0%bb%d1%8c%d0%bd%d0%b8%d0%ba-%d0%b1%d1%80%d0%be%d0%bd%d0%b7%d0%be%d0%b2%d1%8b%d0%b9-68-x-20-x-235-%d1%81%d0%bc-%d0%b0","status":"publish","type":"product","link":"https:\/\/ecoshop.ee\/ru\/valivalgustid\/aia-valgus-pronksjas-68-x-20-x-235-cm-alumiinium-ja-klaas-2\/","title":{"rendered":"\u0421\u0430\u0434\u043e\u0432\u044b\u0439 \u0441\u0432\u0435\u0442\u0438\u043b\u044c\u043d\u0438\u043a, \u0431\u0440\u043e\u043d\u0437\u043e\u0432\u044b\u0439, 68 x 20 x 235 \u0441\u043c, \u0430\u043b\u044e\u043c\u0438\u043d\u0438\u0439 \u0438 \u0441\u0442\u0435\u043a\u043b\u043e."},"content":{"rendered":"<p>\u0412\u0438\u043d\u0442\u0430\u0436\u043d\u044b\u0439 \u0441\u0430\u0434\u043e\u0432\u044b\u0439 \u0441\u0432\u0435\u0442\u0438\u043b\u044c\u043d\u0438\u043a \u0441\u043e\u0447\u0435\u0442\u0430\u0435\u0442 \u043a\u043b\u0430\u0441\u0441\u0438\u0447\u0435\u0441\u043a\u0438\u0439 \u0434\u0438\u0437\u0430\u0439\u043d \u0438 \u044d\u0444\u0444\u0435\u043a\u0442\u0438\u0432\u043d\u044b\u0435 \u0440\u0435\u0448\u0435\u043d\u0438\u044f \u0434\u043b\u044f \u043e\u0441\u0432\u0435\u0449\u0435\u043d\u0438\u044f \u043b\u044e\u0431\u043e\u0433\u043e \u043e\u0442\u043a\u0440\u044b\u0442\u043e\u0433\u043e \u043f\u0440\u043e\u0441\u0442\u0440\u0430\u043d\u0441\u0442\u0432\u0430, \u043e\u0431\u044a\u0435\u0434\u0438\u043d\u044f\u044f \u043d\u043e\u0441\u0442\u0430\u043b\u044c\u0433\u0438\u0447\u0435\u0441\u043a\u0438\u0439 \u0445\u0430\u0440\u0430\u043a\u0442\u0435\u0440 \u0441 \u0441\u043e\u0432\u0440\u0435\u043c\u0435\u043d\u043d\u043e\u0439 \u0444\u0443\u043d\u043a\u0446\u0438\u043e\u043d\u0430\u043b\u044c\u043d\u043e\u0441\u0442\u044c\u044e. \u0418\u0434\u0435\u0430\u043b\u044c\u043d\u043e \u043f\u043e\u0434\u0445\u043e\u0434\u044f\u0449\u0438\u0439 \u0434\u043b\u044f \u043e\u0441\u0432\u0435\u0449\u0435\u043d\u0438\u044f \u0434\u043e\u0440\u043e\u0436\u0435\u043a \u0438 \u0442\u0440\u043e\u043f\u0438\u043d\u043e\u043a, \u044d\u0442\u043e\u0442 \u0441\u0432\u0435\u0442\u0438\u043b\u044c\u043d\u0438\u043a \u0441\u043e\u0437\u0434\u0430\u0435\u0442 \u0443\u044e\u0442\u043d\u0443\u044e \u0430\u0442\u043c\u043e\u0441\u0444\u0435\u0440\u0443, \u043e\u0431\u0435\u0441\u043f\u0435\u0447\u0438\u0432\u0430\u044f \u043f\u0440\u0438 \u044d\u0442\u043e\u043c \u0431\u0435\u0437\u043e\u043f\u0430\u0441\u043d\u043e\u0441\u0442\u044c \u0432 \u0441\u0443\u043c\u0435\u0440\u043a\u0430\u0445. \u0415\u0433\u043e \u0432\u0438\u0437\u0443\u0430\u043b\u044c\u043d\u0430\u044f \u043f\u0440\u0438\u0432\u043b\u0435\u043a\u0430\u0442\u0435\u043b\u044c\u043d\u043e\u0441\u0442\u044c \u043e\u0431\u0443\u0441\u043b\u043e\u0432\u043b\u0435\u043d\u0430 \u0432\u0438\u043d\u0442\u0430\u0436\u043d\u044b\u043c \u0441\u0442\u0438\u043b\u0435\u043c, \u043a\u043e\u0442\u043e\u0440\u044b\u0439 \u0433\u0430\u0440\u043c\u043e\u043d\u0438\u0447\u043d\u043e \u0432\u043f\u0438\u0441\u044b\u0432\u0430\u0435\u0442\u0441\u044f \u0432 \u0440\u0430\u0437\u043b\u0438\u0447\u043d\u044b\u0435 \u0441\u0430\u0434\u043e\u0432\u044b\u0435 \u0441\u0442\u0438\u043b\u0438, \u043f\u043e\u044d\u0442\u043e\u043c\u0443 \u043e\u043d \u043f\u043e\u0434\u043e\u0439\u0434\u0435\u0442 \u043f\u0440\u0430\u043a\u0442\u0438\u0447\u0435\u0441\u043a\u0438 \u043a \u043b\u044e\u0431\u043e\u043c\u0443 \u0432\u043a\u0443\u0441\u0443. \u0418\u0437\u0433\u043e\u0442\u043e\u0432\u043b\u0435\u043d\u043d\u044b\u0439 \u0438\u0437 \u043f\u0440\u043e\u0447\u043d\u044b\u0445 \u043c\u0430\u0442\u0435\u0440\u0438\u0430\u043b\u043e\u0432, \u044d\u0442\u043e\u0442 \u0441\u0432\u0435\u0442\u0438\u043b\u044c\u043d\u0438\u043a \u0440\u0430\u0441\u0441\u0447\u0438\u0442\u0430\u043d \u043d\u0430 \u0434\u043b\u0438\u0442\u0435\u043b\u044c\u043d\u043e\u0435 \u0438\u0441\u043f\u043e\u043b\u044c\u0437\u043e\u0432\u0430\u043d\u0438\u0435 \u0432 \u043b\u044e\u0431\u044b\u0445 \u043f\u043e\u0433\u043e\u0434\u043d\u044b\u0445 \u0443\u0441\u043b\u043e\u0432\u0438\u044f\u0445.<\/p>\n<ul><\/br><\/p>\n<li><b>\u041a\u0430\u0447\u0435\u0441\u0442\u0432\u043e \u043c\u0430\u0442\u0435\u0440\u0438\u0430\u043b\u043e\u0432:<\/b> \u0418\u0437\u0433\u043e\u0442\u043e\u0432\u043b\u0435\u043d\u043d\u044b\u0439 \u0438\u0437 \u0430\u043b\u044e\u043c\u0438\u043d\u0438\u044f \u0438 \u0441\u0442\u0435\u043a\u043b\u0430, \u044d\u0442\u043e\u0442 \u0441\u0430\u0434\u043e\u0432\u044b\u0439 \u0441\u0432\u0435\u0442\u0438\u043b\u044c\u043d\u0438\u043a \u043f\u0440\u043e\u0447\u043d\u044b\u0439 \u0438 \u0434\u043e\u043b\u0433\u043e\u0432\u0435\u0447\u043d\u044b\u0439, \u0432\u044b\u0434\u0435\u0440\u0436\u0438\u0432\u0430\u0435\u0442 \u0440\u0430\u0437\u043b\u0438\u0447\u043d\u044b\u0435 \u043f\u043e\u0433\u043e\u0434\u043d\u044b\u0435 \u0443\u0441\u043b\u043e\u0432\u0438\u044f \u0438 \u0433\u0430\u0440\u0430\u043d\u0442\u0438\u0440\u0443\u0435\u0442 \u0434\u043b\u0438\u0442\u0435\u043b\u044c\u043d\u0443\u044e \u043d\u0430\u0434\u0435\u0436\u043d\u043e\u0441\u0442\u044c. \u0410\u043b\u044e\u043c\u0438\u043d\u0438\u0439 \u043f\u0440\u0438\u0434\u0430\u0435\u0442 \u044d\u043b\u0435\u0433\u0430\u043d\u0442\u043d\u043e\u0441\u0442\u044c, \u0430 \u0441\u0442\u0435\u043a\u043b\u043e \u2013 \u0447\u0438\u0441\u0442\u044b\u0439 \u0441\u0432\u0435\u0442. \u042d\u0442\u043e \u0441\u043e\u0447\u0435\u0442\u0430\u043d\u0438\u0435 \u043f\u043e\u0434\u043d\u0438\u043c\u0430\u0435\u0442 \u0441\u0442\u0438\u043b\u044c \u043d\u0430 \u043d\u043e\u0432\u044b\u0439 \u0443\u0440\u043e\u0432\u0435\u043d\u044c \u0438 \u0433\u0430\u0440\u0430\u043d\u0442\u0438\u0440\u0443\u0435\u0442 \u0443\u0434\u043e\u0432\u043b\u0435\u0442\u0432\u043e\u0440\u0435\u043d\u0438\u0435 \u043e\u0442 \u0438\u0441\u043f\u043e\u043b\u044c\u0437\u043e\u0432\u0430\u043d\u0438\u044f \u043d\u0430 \u043f\u0440\u043e\u0442\u044f\u0436\u0435\u043d\u0438\u0438 \u0434\u043e\u043b\u0433\u043e\u0433\u043e \u0432\u0440\u0435\u043c\u0435\u043d\u0438.<\/li>\n<p><\/br><\/p>\n<li><b>\u041a\u043e\u043c\u043f\u043e\u043d\u0435\u043d\u0442\u044b:<\/b> \u0412 \u043a\u043e\u043c\u043f\u043b\u0435\u043a\u0442 \u0432\u0445\u043e\u0434\u044f\u0442 \u0432\u0441\u0435 \u043d\u0435\u043e\u0431\u0445\u043e\u0434\u0438\u043c\u044b\u0435 \u0432\u0438\u043d\u0442\u044b \u0438 \u043a\u0440\u0435\u043f\u0435\u0436\u043d\u044b\u0435 \u044d\u043b\u0435\u043c\u0435\u043d\u0442\u044b, \u0447\u0442\u043e \u0443\u043f\u0440\u043e\u0449\u0430\u0435\u0442 \u0443\u0441\u0442\u0430\u043d\u043e\u0432\u043a\u0443 \u0438 \u0442\u0440\u0435\u0431\u0443\u0435\u0442 \u043b\u0438\u0448\u044c \u043e\u0431\u044b\u0447\u043d\u044b\u0445 \u0438\u043d\u0441\u0442\u0440\u0443\u043c\u0435\u043d\u0442\u043e\u0432, \u0442\u0430\u043a\u0438\u0445 \u043a\u0430\u043a \u043e\u0442\u0432\u0435\u0440\u0442\u043a\u0430 \u0438 \u0433\u0430\u0435\u0447\u043d\u044b\u0439 \u043a\u043b\u044e\u0447. \u0412 \u043a\u043e\u043c\u043f\u043b\u0435\u043a\u0442 \u0432\u0445\u043e\u0434\u0438\u0442 1 \u0441\u0430\u0434\u043e\u0432\u044b\u0439 \u0441\u0432\u0435\u0442\u0438\u043b\u044c\u043d\u0438\u043a, \u043a\u043e\u0442\u043e\u0440\u044b\u0439 \u043b\u0435\u0433\u043a\u043e \u0441\u043e\u0431\u0440\u0430\u0442\u044c \u0432\u0434\u0432\u043e\u0435\u043c, \u043e\u0431\u0435\u0441\u043f\u0435\u0447\u0438\u0432\u0430\u044f \u0443\u0434\u043e\u0431\u043d\u0443\u044e \u0438 \u0431\u0435\u0441\u043f\u0440\u043e\u0431\u043b\u0435\u043c\u043d\u0443\u044e \u0443\u0441\u0442\u0430\u043d\u043e\u0432\u043a\u0443.<\/li>\n<p><\/br><\/p>\n<li><b>\u0412\u043d\u0435\u0432\u0440\u0435\u043c\u0435\u043d\u043d\u043e\u0439 \u0434\u0438\u0437\u0430\u0439\u043d:<\/b> \u0411\u043b\u0430\u0433\u043e\u0434\u0430\u0440\u044f \u0441\u0432\u043e\u0435\u043c\u0443 \u0432\u0438\u043d\u0442\u0430\u0436\u043d\u043e\u043c\u0443 \u043e\u0447\u0430\u0440\u043e\u0432\u0430\u043d\u0438\u044e, \u043e\u043d \u0443\u043a\u0440\u0430\u0441\u0438\u0442 \u0441\u0430\u0434\u044b, \u0446\u0435\u043d\u044f\u0449\u0438\u0435 \u0445\u0443\u0434\u043e\u0436\u0435\u0441\u0442\u0432\u0435\u043d\u043d\u044b\u0435 \u0442\u0440\u0430\u0434\u0438\u0446\u0438\u0438 \u043a\u043b\u0430\u0441\u0441\u0438\u0447\u0435\u0441\u043a\u043e\u0433\u043e \u0441\u0442\u0438\u043b\u044f. \u0415\u0433\u043e \u0445\u0430\u0440\u0438\u0437\u043c\u0430\u0442\u0438\u0447\u043d\u043e\u0435 \u043f\u0440\u0438\u0441\u0443\u0442\u0441\u0442\u0432\u0438\u0435 \u0441\u0434\u0435\u043b\u0430\u0435\u0442 \u043b\u044e\u0431\u043e\u0439 \u0441\u0430\u0434 \u0438\u043b\u0438 \u0442\u0435\u0440\u0440\u0430\u0441\u0443 \u0432\u0438\u0437\u0443\u0430\u043b\u044c\u043d\u043e \u043f\u0440\u0438\u0432\u043b\u0435\u043a\u0430\u0442\u0435\u043b\u044c\u043d\u044b\u043c\u0438. \u042d\u0442\u043e\u0442 \u0434\u0438\u0437\u0430\u0439\u043d \u0432\u044b\u043f\u043e\u043b\u043d\u044f\u0435\u0442 \u0441\u0432\u043e\u044e \u0437\u0430\u0434\u0430\u0447\u0443, \u043f\u043e\u0434\u0447\u0435\u0440\u043a\u0438\u0432\u0430\u044f \u043e\u043a\u0440\u0443\u0436\u0430\u044e\u0449\u0443\u044e \u0441\u0440\u0435\u0434\u0443.<\/li>\n<p><\/br><\/p>\n<li><b>\u0418\u0441\u043f\u043e\u043b\u044c\u0437\u043e\u0432\u0430\u043d\u0438\u0435 \u043d\u0430 \u043e\u0442\u043a\u0440\u044b\u0442\u043e\u043c \u0432\u043e\u0437\u0434\u0443\u0445\u0435:<\/b> \u0418\u0434\u0435\u0430\u043b\u044c\u043d\u043e \u043f\u043e\u0434\u0445\u043e\u0434\u044f\u0449\u0438\u0439 \u0434\u043b\u044f \u0441\u0430\u0434\u043e\u0432 \u0438\u043b\u0438 \u0442\u0435\u0440\u0440\u0430\u0441, \u044d\u0442\u043e \u043d\u0435\u0437\u0430\u043c\u0435\u043d\u0438\u043c\u044b\u0439 \u043e\u0441\u0432\u0435\u0442\u0438\u0442\u0435\u043b\u044c\u043d\u044b\u0439 \u043f\u0440\u0438\u0431\u043e\u0440, \u043e\u0431\u0435\u0441\u043f\u0435\u0447\u0438\u0432\u0430\u044e\u0449\u0438\u0439 \u043e\u0441\u0432\u0435\u0449\u0435\u043d\u0438\u0435 \u0434\u043e\u0440\u043e\u0436\u0435\u043a. \u041b\u0435\u0442\u043e\u043c \u0438 \u0432\u0435\u0441\u043d\u043e\u0439 \u043e\u043d \u0441\u043e\u0447\u0435\u0442\u0430\u0435\u0442 \u0432 \u0441\u0435\u0431\u0435 \u0431\u0435\u0437\u043e\u043f\u0430\u0441\u043d\u043e\u0441\u0442\u044c \u0438 \u044d\u0441\u0442\u0435\u0442\u0438\u0447\u0435\u0441\u043a\u0443\u044e \u043f\u0440\u0438\u0432\u043b\u0435\u043a\u0430\u0442\u0435\u043b\u044c\u043d\u043e\u0441\u0442\u044c, \u0431\u0443\u0434\u0443\u0447\u0438 \u0444\u0443\u043d\u043a\u0446\u0438\u043e\u043d\u0430\u043b\u044c\u043d\u044b\u043c \u0438 \u0434\u0435\u043a\u043e\u0440\u0430\u0442\u0438\u0432\u043d\u043e \u043a\u0440\u0430\u0441\u0438\u0432\u044b\u043c.<\/li>\n<p><\/br><\/p>\n<li><b>\u041e\u0431\u0441\u043b\u0443\u0436\u0438\u0432\u0430\u043d\u0438\u0435:<\/b> \u0414\u043b\u044f \u043f\u043e\u0434\u0434\u0435\u0440\u0436\u0430\u043d\u0438\u044f \u0435\u0433\u043e \u0432 \u0445\u043e\u0440\u043e\u0448\u0435\u043c \u0441\u043e\u0441\u0442\u043e\u044f\u043d\u0438\u0438 \u0440\u0435\u0433\u0443\u043b\u044f\u0440\u043d\u043e \u043f\u0440\u043e\u0442\u0438\u0440\u0430\u0439\u0442\u0435 \u0435\u0433\u043e \u0441\u0443\u0445\u043e\u0439 \u0442\u043a\u0430\u043d\u044c\u044e, \u0447\u0442\u043e\u0431\u044b \u0443\u0434\u0430\u043b\u0438\u0442\u044c \u043f\u044b\u043b\u044c \u0438 \u0433\u0440\u044f\u0437\u044c. \u041f\u0440\u043e\u0447\u043d\u0430\u044f \u043a\u043e\u043d\u0441\u0442\u0440\u0443\u043a\u0446\u0438\u044f \u043d\u0435 \u0442\u0440\u0435\u0431\u0443\u0435\u0442 \u0431\u043e\u043b\u044c\u0448\u0438\u0445 \u0443\u0441\u0438\u043b\u0438\u0439 \u0434\u043b\u044f \u0441\u043e\u0445\u0440\u0430\u043d\u0435\u043d\u0438\u044f \u043d\u0430\u0434\u0435\u0436\u043d\u043e\u0441\u0442\u0438 \u0438 \u0432\u043d\u0435\u0448\u043d\u0435\u0433\u043e \u0432\u0438\u0434\u0430, \u043e\u0431\u0435\u0441\u043f\u0435\u0447\u0438\u0432\u0430\u044f \u0434\u043b\u0438\u0442\u0435\u043b\u044c\u043d\u0443\u044e \u0438 \u043d\u0430\u0434\u0435\u0436\u043d\u0443\u044e \u0440\u0430\u0431\u043e\u0442\u0443.<\/li>\n<p><\/br><\/ul>\n<ul>\n<li>\u0426\u0432\u0435\u0442: \u0431\u0440\u043e\u043d\u0437\u043e\u0432\u044b\u0439<\/li>\n<li>\u041c\u0430\u0442\u0435\u0440\u0438\u0430\u043b: \u0430\u043b\u044e\u043c\u0438\u043d\u0438\u0439 \u0438 \u0441\u0442\u0435\u043a\u043b\u043e<\/li>\n<li>\u0413\u0430\u0431\u0430\u0440\u0438\u0442\u043d\u044b\u0435 \u0440\u0430\u0437\u043c\u0435\u0440\u044b: 68 x 20 x 235 \u0441\u043c (\u0414 x \u0428 x \u0412)<\/li>\n<li>\u0412\u0435\u0441: 5,95 \u043a\u0433<\/li>\n<li>\u041f\u0440\u043e\u0447\u043d\u044b\u0439<\/li>\n<li>\u041a\u043e\u043d\u0441\u0442\u0440\u0443\u043a\u0446\u0438\u044f \u0441 \u0434\u0432\u0443\u043c\u044f \u043b\u0430\u043c\u043f\u0430\u043c\u0438<\/li>\n<li>\u041d\u0430\u043f\u0440\u044f\u0436\u0435\u043d\u0438\u0435: 240 \u0412<\/li>\n<li>\u041c\u043e\u0449\u043d\u043e\u0441\u0442\u044c: 300 \u0412\u0442<\/li>\n<li>\u0422\u043e\u043b\u044c\u043a\u043e \u0434\u043b\u044f \u0438\u0441\u043f\u043e\u043b\u044c\u0437\u043e\u0432\u0430\u043d\u0438\u044f \u043d\u0430 \u043e\u0442\u043a\u0440\u044b\u0442\u043e\u043c \u0432\u043e\u0437\u0434\u0443\u0445\u0435.<\/li>\n<li>\u0418\u043d\u0432\u0435\u0441\u0442\u0438\u0446\u0438\u0438 \u0432 \u0434\u043e\u0441\u0442\u0430\u0432\u043a\u0443:<\/li>\n<li>1 \u0441\u0430\u0434\u043e\u0432\u044b\u0439 \u0441\u0432\u0435\u0442\u0438\u043b\u044c\u043d\u0438\u043a<\/li>\n<li>\u0422\u0440\u0435\u0431\u0443\u0435\u0442\u0441\u044f \u0441\u0431\u043e\u0440\u043a\u0430: \u0414\u0430<\/li>\n<\/ul>","protected":false},"excerpt":{"rendered":"<p>Vintage Garden Light annab igale v\u00e4list ruumile klassikalise disaini ja t\u00f5husad valgustuslahendused, \u00fchendades nostalgilise olemuse t\u00e4nap\u00e4evase funktsionaalsusega. Ideaalne k\u00f5nniteede ja teede valgustamiseks,&hellip;<\/p>","protected":false},"featured_media":307713,"comment_status":"open","ping_status":"closed","template":"","meta":{"wprm-recipe-roundup-name":"","wprm-recipe-roundup-description":""},"product_brand":[],"product_cat":[3189],"product_tag":[3309,536,3190,540,9472],"class_list":{"0":"post-307727","1":"product","2":"type-product","3":"status-publish","4":"has-post-thumbnail","6":"product_cat-valivalgustid","7":"product_tag-aiatuled","8":"product_tag-kodu-ja-aed","9":"product_tag-ouevalgustus","10":"product_tag-parcel","11":"product_tag-pronks","12":"pa_brand-vidaxl","14":"first","15":"instock","16":"taxable","17":"shipping-taxable","18":"purchasable","19":"product-type-simple"},"supplier_id":null,"supplier_sku":"","barcode":null,"atum_controlled":false,"out_stock_date":null,"out_stock_threshold":null,"inheritable":false,"inbound_stock":null,"stock_on_hold":0,"sold_today":0,"sales_last_days":0,"reserved_stock":null,"customer_returns":null,"warehouse_damage":null,"lost_in_post":null,"other_logs":null,"out_stock_days":0,"lost_sales":0,"has_location":null,"update_date":"2026-05-15T01:09:17","atum_locations":[],"atum_stock_status":"instock","restock_status":false,"low_stock_amount":"","sales_update_date":"2026-02-27T01:39:34","calc_backorders":null,"aioseo_notices":[],"_links":{"self":[{"href":"https:\/\/ecoshop.ee\/ru\/wp-json\/wp\/v2\/product\/307727","targetHints":{"allow":["GET"]}}],"collection":[{"href":"https:\/\/ecoshop.ee\/ru\/wp-json\/wp\/v2\/product"}],"about":[{"href":"https:\/\/ecoshop.ee\/ru\/wp-json\/wp\/v2\/types\/product"}],"replies":[{"embeddable":true,"href":"https:\/\/ecoshop.ee\/ru\/wp-json\/wp\/v2\/comments?post=307727"}],"version-history":[{"count":0,"href":"https:\/\/ecoshop.ee\/ru\/wp-json\/wp\/v2\/product\/307727\/revisions"}],"wp:featuredmedia":[{"embeddable":true,"href":"https:\/\/ecoshop.ee\/ru\/wp-json\/wp\/v2\/media\/307713"}],"wp:attachment":[{"href":"https:\/\/ecoshop.ee\/ru\/wp-json\/wp\/v2\/media?parent=307727"}],"wp:term":[{"taxonomy":"product_brand","embeddable":true,"href":"https:\/\/ecoshop.ee\/ru\/wp-json\/wp\/v2\/product_brand?post=307727"},{"taxonomy":"product_cat","embeddable":true,"href":"https:\/\/ecoshop.ee\/ru\/wp-json\/wp\/v2\/product_cat?post=307727"},{"taxonomy":"product_tag","embeddable":true,"href":"https:\/\/ecoshop.ee\/ru\/wp-json\/wp\/v2\/product_tag?post=307727"}],"curies":[{"name":"wp","href":"https:\/\/api.w.org\/{rel}","templated":true}]}}