{"id":323160,"date":"2026-02-27T11:37:55","date_gmt":"2026-02-27T08:37:55","guid":{"rendered":"https:\/\/ecoshop.ee\/maaratlemata\/vannitoakapp-40-x-27-x-190-cm-raud-ja-akaatsiapuit\/"},"modified":"2026-05-01T03:30:52","modified_gmt":"2026-05-01T00:30:52","slug":"%d1%88%d0%ba%d0%b0%d1%84%d1%87%d0%b8%d0%ba-%d0%b4%d0%bb%d1%8f-%d0%b2%d0%b0%d0%bd%d0%bd%d0%be%d0%b9-%d0%ba%d0%be%d0%bc%d0%bd%d0%b0%d1%82%d1%8b-40-x-27-x-190-%d1%81%d0%bc-%d0%b6%d0%b5%d0%bb%d0%b5%d0%b7","status":"publish","type":"product","link":"https:\/\/ecoshop.ee\/ru\/vannitoamoobli-komplektid\/vannitoakapp-40-x-27-x-190-cm-raud-ja-akaatsiapuit\/","title":{"rendered":"\u0428\u043a\u0430\u0444\u0447\u0438\u043a \u0434\u043b\u044f \u0432\u0430\u043d\u043d\u043e\u0439 \u043a\u043e\u043c\u043d\u0430\u0442\u044b, 40 x 27 x 190 \u0441\u043c, \u0436\u0435\u043b\u0435\u0437\u043e \u0438 \u0434\u0440\u0435\u0432\u0435\u0441\u0438\u043d\u0430 \u0430\u043a\u0430\u0446\u0438\u0438."},"content":{"rendered":"<p>\u0428\u043a\u0430\u0444\u0447\u0438\u043a \u0434\u043b\u044f \u0432\u0430\u043d\u043d\u043e\u0439 \u043a\u043e\u043c\u043d\u0430\u0442\u044b \u2014 \u043e\u0442\u043b\u0438\u0447\u043d\u043e\u0435 \u0434\u043e\u043f\u043e\u043b\u043d\u0435\u043d\u0438\u0435 \u043a \u0432\u0430\u0448\u0435\u043c\u0443 \u0441\u0430\u043d\u0443\u0437\u043b\u0443, \u043f\u0440\u0438\u0434\u0430\u044e\u0449\u0435\u0435 \u0435\u043c\u0443 \u0447\u0438\u0441\u0442\u044b\u0439 \u0438 \u043f\u0440\u0438\u0432\u043b\u0435\u043a\u0430\u0442\u0435\u043b\u044c\u043d\u044b\u0439 \u0432\u0438\u0434!<\/p>\n<\/p>\n<ul>\n<li>\u041f\u0440\u043e\u0447\u043d\u044b\u0439 \u043c\u0430\u0442\u0435\u0440\u0438\u0430\u043b: \u0416\u0435\u043b\u0435\u0437\u043e \u2014 \u043f\u0440\u043e\u0447\u043d\u044b\u0439 \u0438 \u0442\u0432\u0435\u0440\u0434\u044b\u0439 \u043c\u0430\u0442\u0435\u0440\u0438\u0430\u043b. \u041e\u043d\u043e \u043f\u043e\u043b\u044c\u0437\u0443\u0435\u0442\u0441\u044f \u0431\u043e\u043b\u044c\u0448\u043e\u0439 \u043f\u043e\u043f\u0443\u043b\u044f\u0440\u043d\u043e\u0441\u0442\u044c\u044e \u0432 \u043f\u0440\u043e\u043c\u044b\u0448\u043b\u0435\u043d\u043d\u043e\u043c \u043f\u0440\u043e\u0438\u0437\u0432\u043e\u0434\u0441\u0442\u0432\u0435 \u0438 \u043f\u0440\u043e\u0438\u0437\u0432\u043e\u0434\u0441\u0442\u0432\u0435 \u043c\u0435\u0431\u0435\u043b\u0438. <\/li>\n<li>\u0414\u0440\u0435\u0432\u0435\u0441\u0438\u043d\u0430 \u0430\u043a\u0430\u0446\u0438\u0438: \u041f\u0440\u043e\u0447\u043d\u0430\u044f \u0434\u0440\u0435\u0432\u0435\u0441\u0438\u043d\u0430 \u0430\u043a\u0430\u0446\u0438\u0438 \u2014 \u044d\u0442\u043e \u043a\u0440\u0430\u0441\u0438\u0432\u044b\u0439 \u043f\u0440\u0438\u0440\u043e\u0434\u043d\u044b\u0439 \u043c\u0430\u0442\u0435\u0440\u0438\u0430\u043b. \u0410\u043a\u0430\u0446\u0438\u044f \u2014 \u044d\u0442\u043e \u0442\u0440\u043e\u043f\u0438\u0447\u0435\u0441\u043a\u0430\u044f \u043b\u0438\u0441\u0442\u0432\u0435\u043d\u043d\u0430\u044f \u043f\u043e\u0440\u043e\u0434\u0430, \u043f\u043b\u043e\u0442\u043d\u0430\u044f, \u043f\u0440\u043e\u0447\u043d\u0430\u044f \u0438 \u0434\u043e\u043b\u0433\u043e\u0432\u0435\u0447\u043d\u0430\u044f.<\/li>\n<li>\u041c\u043d\u043e\u0433\u043e \u043c\u0435\u0441\u0442\u0430 \u0434\u043b\u044f \u0445\u0440\u0430\u043d\u0435\u043d\u0438\u044f: \u0432 \u0448\u043a\u0430\u0444\u0447\u0438\u043a\u0435 \u0434\u043b\u044f \u0432\u0430\u043d\u043d\u043e\u0439 \u043a\u043e\u043c\u043d\u0430\u0442\u044b \u0434\u043e\u0441\u0442\u0430\u0442\u043e\u0447\u043d\u043e \u043c\u0435\u0441\u0442\u0430 \u0434\u043b\u044f \u0442\u0443\u0430\u043b\u0435\u0442\u043d\u044b\u0445 \u043f\u0440\u0438\u043d\u0430\u0434\u043b\u0435\u0436\u043d\u043e\u0441\u0442\u0435\u0439 \u0438 \u0441\u0440\u0435\u0434\u0441\u0442\u0432 \u0433\u0438\u0433\u0438\u0435\u043d\u044b, \u0442\u0430\u043a\u0438\u0445 \u043a\u0430\u043a \u043c\u044b\u043b\u043e, \u0448\u0430\u043c\u043f\u0443\u043d\u044c, \u0437\u0443\u0431\u043d\u0430\u044f \u043f\u0430\u0441\u0442\u0430 \u0438 \u0442. \u0434.<\/li>\n<li>\u0423\u0434\u043e\u0431\u043d\u0430\u044f \u0440\u0443\u0447\u043a\u0430: \u043c\u0435\u0442\u0430\u043b\u043b\u0438\u0447\u0435\u0441\u043a\u0430\u044f \u0440\u0443\u0447\u043a\u0430 \u043f\u043e\u0437\u0432\u043e\u043b\u044f\u0435\u0442 \u043b\u0435\u0433\u043a\u043e \u043e\u0442\u043a\u0440\u044b\u0432\u0430\u0442\u044c \u0448\u043a\u0430\u0444\u0447\u0438\u043a \u0434\u043b\u044f \u0432\u0430\u043d\u043d\u043e\u0439 \u043a\u043e\u043c\u043d\u0430\u0442\u044b.<\/li>\n<\/ul>\n<p>\u0412\u043d\u0438\u043c\u0430\u043d\u0438\u0435.<\/p>\n<ul>\n<li>\u0427\u0442\u043e\u0431\u044b \u043f\u0440\u0435\u0434\u043e\u0442\u0432\u0440\u0430\u0442\u0438\u0442\u044c \u043e\u043f\u0440\u043e\u043a\u0438\u0434\u044b\u0432\u0430\u043d\u0438\u0435, \u0438\u0437\u0434\u0435\u043b\u0438\u0435 \u043d\u0435\u043e\u0431\u0445\u043e\u0434\u0438\u043c\u043e \u0438\u0441\u043f\u043e\u043b\u044c\u0437\u043e\u0432\u0430\u0442\u044c \u0441 \u043d\u0430\u0441\u0442\u0435\u043d\u043d\u044b\u043c \u043a\u0440\u0435\u043f\u043b\u0435\u043d\u0438\u0435\u043c (\u043d\u0435 \u0432\u0445\u043e\u0434\u0438\u0442 \u0432 \u043a\u043e\u043c\u043f\u043b\u0435\u043a\u0442).<\/li>\n<\/ul>\n<ul>\n<li>\u041c\u0430\u0442\u0435\u0440\u0438\u0430\u043b: \u043f\u0440\u043e\u0447\u043d\u0430\u044f \u0434\u0440\u0435\u0432\u0435\u0441\u0438\u043d\u0430 \u0430\u043a\u0430\u0446\u0438\u0438 \u0441 \u043d\u0430\u0442\u0443\u0440\u0430\u043b\u044c\u043d\u043e\u0439 \u043e\u0442\u0434\u0435\u043b\u043a\u043e\u0439 \u0438 \u0436\u0435\u043b\u0435\u0437\u043e \u0441 \u043f\u043e\u0440\u043e\u0448\u043a\u043e\u0432\u044b\u043c \u043f\u043e\u043a\u0440\u044b\u0442\u0438\u0435\u043c.<\/li>\n<li>\u0420\u0430\u0437\u043c\u0435\u0440\u044b: 40 x 30 x 190 \u0441\u043c (\u0414 x \u0428 x \u0412) <\/li>\n<li>\u0422\u0440\u0435\u0431\u0443\u0435\u0442\u0441\u044f \u0441\u0431\u043e\u0440\u043a\u0430: \u0434\u0430<\/li>\n<li>\u042e\u0440\u0438\u0434\u0438\u0447\u0435\u0441\u043a\u0438\u0435 \u0434\u043e\u043a\u0443\u043c\u0435\u043d\u0442\u044b:\n<p><span>\u0414\u043b\u044f \u043f\u043e\u043b\u0443\u0447\u0435\u043d\u0438\u044f \u0434\u043e\u043f\u043e\u043b\u043d\u0438\u0442\u0435\u043b\u044c\u043d\u043e\u0439 \u0438\u043d\u0444\u043e\u0440\u043c\u0430\u0446\u0438\u0438 \u043e \u0442\u043e\u043c, \u043a\u0430\u043a \u043f\u0440\u0435\u0434\u043e\u0442\u0432\u0440\u0430\u0442\u0438\u0442\u044c \u043e\u043f\u0440\u043e\u043a\u0438\u0434\u044b\u0432\u0430\u043d\u0438\u0435 \u043c\u0435\u0431\u0435\u043b\u0438, \u0441\u043c. <span style=\"text-decoration: underline\"><strong><a title=\"https:\/\/bit.ly\/3hTNl1i\" href=\"https:\/\/bit.ly\/3hTNl1i\" target=\"_blank\">\u043e\u0442\u0441\u044e\u0434\u0430<\/a><\/strong><\/span><\/span><\/p>\n<\/li>\n<\/ul>","protected":false},"excerpt":{"rendered":"<p>Vannitoakapp on suurep\u00e4rane lisa teie vannitoale, andes sellele puhta ja silmapaistva v\u00e4limuse! Vastupidav materjal: raud on tugev ja k\u00f5va materjal. See on&hellip;<\/p>","protected":false},"featured_media":323148,"comment_status":"open","ping_status":"closed","template":"","meta":{"wprm-recipe-roundup-name":"","wprm-recipe-roundup-description":""},"product_brand":[],"product_cat":[1056],"product_tag":[642,567,643,547,554,540],"class_list":{"0":"post-323160","1":"product","2":"type-product","3":"status-publish","4":"has-post-thumbnail","6":"product_cat-vannitoamoobli-komplektid","7":"product_tag-jumestuslauad","8":"product_tag-kapid-ja-hoiustamine","9":"product_tag-kummutid-vannituppa","10":"product_tag-moobel","11":"product_tag-ouemoobli-komplektid","12":"product_tag-parcel","13":"pa_brand-vidaxl","15":"first","16":"instock","17":"taxable","18":"shipping-taxable","19":"purchasable","20":"product-type-simple"},"supplier_id":null,"supplier_sku":"","barcode":null,"atum_controlled":false,"out_stock_date":null,"out_stock_threshold":null,"inheritable":false,"inbound_stock":null,"stock_on_hold":null,"sold_today":null,"sales_last_days":null,"reserved_stock":null,"customer_returns":null,"warehouse_damage":null,"lost_in_post":null,"other_logs":null,"out_stock_days":null,"lost_sales":null,"has_location":null,"update_date":"2026-05-01T00:30:53","atum_locations":[],"atum_stock_status":"instock","restock_status":false,"low_stock_amount":"","sales_update_date":null,"calc_backorders":null,"aioseo_notices":[],"_links":{"self":[{"href":"https:\/\/ecoshop.ee\/ru\/wp-json\/wp\/v2\/product\/323160","targetHints":{"allow":["GET"]}}],"collection":[{"href":"https:\/\/ecoshop.ee\/ru\/wp-json\/wp\/v2\/product"}],"about":[{"href":"https:\/\/ecoshop.ee\/ru\/wp-json\/wp\/v2\/types\/product"}],"replies":[{"embeddable":true,"href":"https:\/\/ecoshop.ee\/ru\/wp-json\/wp\/v2\/comments?post=323160"}],"version-history":[{"count":0,"href":"https:\/\/ecoshop.ee\/ru\/wp-json\/wp\/v2\/product\/323160\/revisions"}],"wp:featuredmedia":[{"embeddable":true,"href":"https:\/\/ecoshop.ee\/ru\/wp-json\/wp\/v2\/media\/323148"}],"wp:attachment":[{"href":"https:\/\/ecoshop.ee\/ru\/wp-json\/wp\/v2\/media?parent=323160"}],"wp:term":[{"taxonomy":"product_brand","embeddable":true,"href":"https:\/\/ecoshop.ee\/ru\/wp-json\/wp\/v2\/product_brand?post=323160"},{"taxonomy":"product_cat","embeddable":true,"href":"https:\/\/ecoshop.ee\/ru\/wp-json\/wp\/v2\/product_cat?post=323160"},{"taxonomy":"product_tag","embeddable":true,"href":"https:\/\/ecoshop.ee\/ru\/wp-json\/wp\/v2\/product_tag?post=323160"}],"curies":[{"name":"wp","href":"https:\/\/api.w.org\/{rel}","templated":true}]}}