{"id":323263,"date":"2026-02-27T11:40:22","date_gmt":"2026-02-27T08:40:22","guid":{"rendered":"https:\/\/ecoshop.ee\/maaratlemata\/valamukapp-tugevast-pahklipuidust-66-x-29-x-61-cm\/"},"modified":"2026-04-28T03:24:45","modified_gmt":"2026-04-28T00:24:45","slug":"%d1%82%d1%83%d0%bc%d0%b1%d0%b0-%d0%bf%d0%be%d0%b4-%d1%80%d0%b0%d0%ba%d0%be%d0%b2%d0%b8%d0%bd%d1%83-%d0%b8%d0%b7-%d0%bc%d0%b0%d1%81%d1%81%d0%b8%d0%b2%d0%b0-%d0%be%d1%80%d0%b5%d1%85%d0%be%d0%b2%d0%be","status":"publish","type":"product","link":"https:\/\/ecoshop.ee\/ru\/vannitoamoobli-komplektid\/valamukapp-tugevast-pahklipuidust-66-x-29-x-61-cm\/","title":{"rendered":"\u0422\u0443\u043c\u0431\u0430 \u043f\u043e\u0434 \u0440\u0430\u043a\u043e\u0432\u0438\u043d\u0443 \u0438\u0437 \u043c\u0430\u0441\u0441\u0438\u0432\u0430 \u043e\u0440\u0435\u0445\u043e\u0432\u043e\u0433\u043e \u0434\u0435\u0440\u0435\u0432\u0430, 66 x 29 x 61 \u0441\u043c."},"content":{"rendered":"<p>\u0428\u043a\u0430\u0444\u0447\u0438\u043a \u043f\u043e\u0434 \u0440\u0430\u043a\u043e\u0432\u0438\u043d\u0443 \u0438\u0437 \u043e\u0440\u0435\u0445\u043e\u0432\u043e\u0433\u043e \u0434\u0435\u0440\u0435\u0432\u0430 \u0438 \u0444\u0430\u043d\u0435\u0440\u044b \u0441\u0442\u0430\u043d\u0435\u0442 \u043f\u0440\u0438\u0432\u043b\u0435\u043a\u0430\u0442\u0435\u043b\u044c\u043d\u044b\u043c \u0434\u043e\u043f\u043e\u043b\u043d\u0435\u043d\u0438\u0435\u043c \u0432\u0430\u0448\u0435\u0439 \u0432\u0430\u043d\u043d\u043e\u0439 \u043a\u043e\u043c\u043d\u0430\u0442\u044b.<\/p>\n<\/p>\n<p>\u0428\u043a\u0430\u0444 \u043f\u043e\u0434 \u0440\u0430\u043a\u043e\u0432\u0438\u043d\u0443 \u0438\u043c\u0435\u0435\u0442 \u0434\u0432\u0435 \u0434\u0432\u0435\u0440\u0446\u044b \u0441 \u0440\u0435\u0448\u0435\u0442\u043a\u0430\u043c\u0438, \u043a\u043e\u0442\u043e\u0440\u044b\u0435 \u043e\u0431\u0435\u0441\u043f\u0435\u0447\u0438\u0432\u0430\u044e\u0442 \u0445\u043e\u0440\u043e\u0448\u0443\u044e \u0432\u0435\u043d\u0442\u0438\u043b\u044f\u0446\u0438\u044e \u0438 \u043f\u0440\u0438\u0434\u0430\u044e\u0442 \u0435\u043c\u0443 \u044d\u043b\u0435\u0433\u0430\u043d\u0442\u043d\u044b\u0439 \u0432\u0438\u0434. \u0414\u0435\u0440\u0435\u0432\u044f\u043d\u043d\u044b\u0439 \u0448\u043a\u0430\u0444 \u0434\u043b\u044f \u0445\u0440\u0430\u043d\u0435\u043d\u0438\u044f \u0432\u0435\u0449\u0435\u0439 \u0443\u0441\u0442\u043e\u0439\u0447\u0438\u0432, \u0434\u043e\u043b\u0433\u043e\u0432\u0435\u0447\u0435\u043d \u0438 \u0434\u043e\u0431\u0430\u0432\u0438\u0442 \u0435\u0441\u0442\u0435\u0441\u0442\u0432\u0435\u043d\u043d\u043e\u0441\u0442\u0438 \u0432\u0430\u0448\u0435\u043c\u0443 \u0434\u043e\u043c\u0443.<\/p>\n<\/p>\n<p>\u0428\u043a\u0430\u0444\u0447\u0438\u043a \u0434\u043b\u044f \u0432\u0430\u043d\u043d\u043e\u0439 \u0438\u0434\u0435\u0430\u043b\u044c\u043d\u043e \u043f\u043e\u0434\u0445\u043e\u0434\u0438\u0442 \u043a \u0432\u0430\u0448\u0435\u0439 \u0440\u0430\u043a\u043e\u0432\u0438\u043d\u0435 \u0438 \u0438\u043c\u0435\u0435\u0442 \u043c\u043d\u043e\u0433\u043e \u043c\u0435\u0441\u0442\u0430 \u0434\u043b\u044f \u0445\u0440\u0430\u043d\u0435\u043d\u0438\u044f. \u0428\u043a\u0430\u0444\u0447\u0438\u043a \u043b\u0435\u0433\u043a\u043e \u0441\u043e\u0431\u0438\u0440\u0430\u0435\u0442\u0441\u044f.<\/p>\n<\/p>\n<p>\u041f\u0440\u0438\u043c\u0435\u0447\u0430\u043d\u0438\u0435: \u0414\u0435\u0440\u0435\u0432\u043e \u2014 \u043d\u0430\u0442\u0443\u0440\u0430\u043b\u044c\u043d\u044b\u0439 \u043c\u0430\u0442\u0435\u0440\u0438\u0430\u043b, \u043f\u043e\u044d\u0442\u043e\u043c\u0443 \u0446\u0432\u0435\u0442 \u043c\u043e\u0436\u0435\u0442 \u043e\u0442\u043b\u0438\u0447\u0430\u0442\u044c\u0441\u044f; \u0434\u043e\u0441\u0442\u0430\u0432\u043b\u0435\u043d\u043d\u044b\u0439 \u0442\u043e\u0432\u0430\u0440 \u0432\u044b\u0431\u0438\u0440\u0430\u0435\u0442\u0441\u044f \u0441\u043b\u0443\u0447\u0430\u0439\u043d\u044b\u043c \u043e\u0431\u0440\u0430\u0437\u043e\u043c.<\/p>\n<ul>\n<li>\u041c\u0430\u0442\u0435\u0440\u0438\u0430\u043b: \u043c\u0430\u0441\u0441\u0438\u0432 \u043e\u0440\u0435\u0445\u043e\u0432\u043e\u0433\u043e \u0434\u0435\u0440\u0435\u0432\u0430 \u0438 \u0444\u0430\u043d\u0435\u0440\u0430.<\/li>\n<li>\u0420\u0430\u0437\u043c\u0435\u0440\u044b: 66 x 29 x 61 \u0441\u043c (\u0414 x \u0428 x \u0412)<\/li>\n<li>\u041c\u0430\u043a\u0441\u0438\u043c\u0430\u043b\u044c\u043d\u0430\u044f \u0433\u0440\u0443\u0437\u043e\u043f\u043e\u0434\u044a\u0435\u043c\u043d\u043e\u0441\u0442\u044c (\u043e\u0431\u0449\u0430\u044f): 20 \u043a\u0433<\/li>\n<li>\u0412\u043d\u0438\u043c\u0430\u043d\u0438\u0435: \u0412\u043e \u0438\u0437\u0431\u0435\u0436\u0430\u043d\u0438\u0435 \u043e\u043f\u0440\u043e\u043a\u0438\u0434\u044b\u0432\u0430\u043d\u0438\u044f \u0438\u0437\u0434\u0435\u043b\u0438\u0435 \u043d\u0435\u043e\u0431\u0445\u043e\u0434\u0438\u043c\u043e \u0438\u0441\u043f\u043e\u043b\u044c\u0437\u043e\u0432\u0430\u0442\u044c \u0441 \u043f\u0440\u0438\u043b\u0430\u0433\u0430\u0435\u043c\u044b\u043c \u043d\u0430\u0441\u0442\u0435\u043d\u043d\u044b\u043c \u043a\u0440\u0435\u043f\u043b\u0435\u043d\u0438\u0435\u043c.<\/li>\n<li>\u042e\u0440\u0438\u0434\u0438\u0447\u0435\u0441\u043a\u0438\u0435 \u0434\u043e\u043a\u0443\u043c\u0435\u043d\u0442\u044b:\n<p><span>\u0414\u043b\u044f \u043f\u043e\u043b\u0443\u0447\u0435\u043d\u0438\u044f \u0434\u043e\u043f\u043e\u043b\u043d\u0438\u0442\u0435\u043b\u044c\u043d\u043e\u0439 \u0438\u043d\u0444\u043e\u0440\u043c\u0430\u0446\u0438\u0438 \u043e \u0442\u043e\u043c, \u043a\u0430\u043a \u043f\u0440\u0435\u0434\u043e\u0442\u0432\u0440\u0430\u0442\u0438\u0442\u044c \u043e\u043f\u0440\u043e\u043a\u0438\u0434\u044b\u0432\u0430\u043d\u0438\u0435 \u043c\u0435\u0431\u0435\u043b\u0438, \u0441\u043c. <span style=\"text-decoration: underline\"><strong><a title=\"https:\/\/bit.ly\/3hTNl1i\" href=\"https:\/\/bit.ly\/3hTNl1i\" target=\"_blank\">\u043e\u0442\u0441\u044e\u0434\u0430<\/a><\/strong><\/span><\/span><\/p>\n<\/li>\n<\/ul>","protected":false},"excerpt":{"rendered":"<p>P\u00e4hklipuidust ja vineerist valamukapp on pilkup\u00fc\u00fcdev lisa teie vannituppa. Valamukapil on kaks v\u00f5redega ust, mis tagavad hea ventilatsiooni ja lisavad elegantset sarmi.&hellip;<\/p>","protected":false},"featured_media":323256,"comment_status":"open","ping_status":"closed","template":"","meta":{"wprm-recipe-roundup-name":"","wprm-recipe-roundup-description":""},"product_brand":[],"product_cat":[1056],"product_tag":[596,642,567,643,547,540],"class_list":{"0":"post-323263","1":"product","2":"type-product","3":"status-publish","4":"has-post-thumbnail","6":"product_cat-vannitoamoobli-komplektid","7":"product_tag-beez","8":"product_tag-jumestuslauad","9":"product_tag-kapid-ja-hoiustamine","10":"product_tag-kummutid-vannituppa","11":"product_tag-moobel","12":"product_tag-parcel","13":"pa_brand-vidaxl","15":"first","16":"instock","17":"taxable","18":"shipping-taxable","19":"purchasable","20":"product-type-simple"},"supplier_id":null,"supplier_sku":"","barcode":null,"atum_controlled":false,"out_stock_date":null,"out_stock_threshold":null,"inheritable":false,"inbound_stock":null,"stock_on_hold":null,"sold_today":null,"sales_last_days":null,"reserved_stock":null,"customer_returns":null,"warehouse_damage":null,"lost_in_post":null,"other_logs":null,"out_stock_days":null,"lost_sales":null,"has_location":null,"update_date":"2026-04-28T00:24:45","atum_locations":[],"atum_stock_status":"instock","restock_status":false,"low_stock_amount":"","sales_update_date":null,"calc_backorders":null,"aioseo_notices":[],"_links":{"self":[{"href":"https:\/\/ecoshop.ee\/ru\/wp-json\/wp\/v2\/product\/323263","targetHints":{"allow":["GET"]}}],"collection":[{"href":"https:\/\/ecoshop.ee\/ru\/wp-json\/wp\/v2\/product"}],"about":[{"href":"https:\/\/ecoshop.ee\/ru\/wp-json\/wp\/v2\/types\/product"}],"replies":[{"embeddable":true,"href":"https:\/\/ecoshop.ee\/ru\/wp-json\/wp\/v2\/comments?post=323263"}],"version-history":[{"count":0,"href":"https:\/\/ecoshop.ee\/ru\/wp-json\/wp\/v2\/product\/323263\/revisions"}],"wp:featuredmedia":[{"embeddable":true,"href":"https:\/\/ecoshop.ee\/ru\/wp-json\/wp\/v2\/media\/323256"}],"wp:attachment":[{"href":"https:\/\/ecoshop.ee\/ru\/wp-json\/wp\/v2\/media?parent=323263"}],"wp:term":[{"taxonomy":"product_brand","embeddable":true,"href":"https:\/\/ecoshop.ee\/ru\/wp-json\/wp\/v2\/product_brand?post=323263"},{"taxonomy":"product_cat","embeddable":true,"href":"https:\/\/ecoshop.ee\/ru\/wp-json\/wp\/v2\/product_cat?post=323263"},{"taxonomy":"product_tag","embeddable":true,"href":"https:\/\/ecoshop.ee\/ru\/wp-json\/wp\/v2\/product_tag?post=323263"}],"curies":[{"name":"wp","href":"https:\/\/api.w.org\/{rel}","templated":true}]}}