{"id":325755,"date":"2026-02-27T13:18:17","date_gmt":"2026-02-27T10:18:17","guid":{"rendered":"https:\/\/ecoshop.ee\/maaratlemata\/jalapink-kangapolsterdusega-73-x-43-x-42-cm-tumehall\/"},"modified":"2026-05-11T21:28:45","modified_gmt":"2026-05-11T18:28:45","slug":"%d0%bf%d1%83%d1%84%d0%b8%d0%ba-%d1%81-%d1%82%d0%ba%d0%b0%d0%bd%d0%b5%d0%b2%d0%be%d0%b9-%d0%be%d0%b1%d0%b8%d0%b2%d0%ba%d0%be%d0%b9-73-x-43-x-42-%d1%81%d0%bc-%d1%82%d0%b5%d0%bc%d0%bd%d0%be-%d1%81","status":"publish","type":"product","link":"https:\/\/ecoshop.ee\/ru\/tumbad\/jalapink-kangapolsterdusega-73-x-43-x-42-cm-tumehall\/","title":{"rendered":"\u041f\u0443\u0444\u0438\u043a, \u043e\u0431\u0438\u0442\u044b\u0439 \u0442\u043a\u0430\u043d\u044c\u044e, 73 x 43 x 42 \u0441\u043c, \u0442\u0435\u043c\u043d\u043e-\u0441\u0435\u0440\u044b\u0439."},"content":{"rendered":"<p>\u041f\u0443\u0444\u0438\u043a \u0441 \u0442\u043a\u0430\u043d\u0435\u0432\u043e\u0439 \u043e\u0431\u0438\u0432\u043a\u043e\u0439 \u0441\u0442\u0430\u043d\u0435\u0442 \u043f\u0440\u0435\u043a\u0440\u0430\u0441\u043d\u044b\u043c \u0434\u043e\u043f\u043e\u043b\u043d\u0435\u043d\u0438\u0435\u043c \u043a \u0432\u0430\u0448\u0435\u043c\u0443 \u0434\u043e\u043c\u0443.<\/p>\n<\/p>\n<p>\u042d\u0442\u043e\u0442 \u043f\u0443\u0444\u0438\u043a \u043e\u0442\u043b\u0438\u0447\u0430\u0435\u0442\u0441\u044f \u0438\u0441\u043a\u043b\u044e\u0447\u0438\u0442\u0435\u043b\u044c\u043d\u043e\u0439 \u043f\u0440\u043e\u0447\u043d\u043e\u0441\u0442\u044c\u044e \u0438 \u0443\u0434\u043e\u0431\u0441\u0442\u0432\u043e\u043c, \u0438\u043c\u0435\u0435\u0442 \u043f\u0440\u043e\u0447\u043d\u044b\u0435 \u043d\u043e\u0436\u043a\u0438 \u0438\u0437 \u043a\u0430\u0443\u0447\u0443\u043a\u043e\u0432\u043e\u0433\u043e \u0434\u0435\u0440\u0435\u0432\u0430 \u0438 \u043e\u0431\u0438\u0432\u043a\u0443 \u0438\u0437 \u0432\u044b\u0441\u043e\u043a\u043e\u043a\u0430\u0447\u0435\u0441\u0442\u0432\u0435\u043d\u043d\u043e\u0439 \u043f\u043e\u043b\u0438\u044d\u0441\u0442\u0435\u0440\u043e\u0432\u043e\u0439 \u0442\u043a\u0430\u043d\u0438. \u0422\u043e\u043b\u0441\u0442\u043e\u0435 \u043c\u044f\u0433\u043a\u043e\u0435 \u0441\u0438\u0434\u0435\u043d\u044c\u0435 \u0434\u0435\u043b\u0430\u0435\u0442 \u043f\u043e\u0434\u0441\u0442\u0430\u0432\u043a\u0443 \u0434\u043b\u044f \u043d\u043e\u0433 \u043e\u0447\u0435\u043d\u044c \u043a\u043e\u043c\u0444\u043e\u0440\u0442\u043d\u043e\u0439. \u0418\u0437\u0434\u0435\u043b\u0438\u0435 \u043b\u0435\u0433\u043a\u043e \u0441\u043e\u0431\u0438\u0440\u0430\u0435\u0442\u0441\u044f.<\/p>\n<ul>\n<li>\u0426\u0432\u0435\u0442: \u0442\u0451\u043c\u043d\u043e-\u0441\u0435\u0440\u044b\u0439<\/li>\n<li>\u041c\u0430\u0442\u0435\u0440\u0438\u0430\u043b: \u0442\u043a\u0430\u043d\u0435\u0432\u0430\u044f \u043e\u0431\u0438\u0432\u043a\u0430 + \u043a\u0430\u0443\u0447\u0443\u043a\u043e\u0432\u043e\u0435 \u0434\u0435\u0440\u0435\u0432\u043e<\/li>\n<li>\u0420\u0430\u0437\u043c\u0435\u0440\u044b: 73 x 43 x 42 \u0441\u043c (\u0428 x \u0413 x \u0412)<\/li>\n<li>\u0422\u043e\u043b\u0449\u0438\u043d\u0430 \u043f\u043e\u0434\u0443\u0448\u043a\u0438 \u0441\u0438\u0434\u0435\u043d\u044c\u044f: 8 \u0441\u043c<\/li>\n<li>\u041b\u0435\u0433\u043a\u043e \u0441\u043e\u0431\u0438\u0440\u0430\u0435\u0442\u0441\u044f<\/li>\n<li>\u041c\u0430\u0442\u0435\u0440\u0438\u0430\u043b: \u041f\u043e\u043b\u0438\u044d\u0441\u0442\u0435\u0440: 100%<\/li>\n<\/ul>","protected":false},"excerpt":{"rendered":"<p>Kangapolstriga tumba on teie kodule suurep\u00e4rane lisa. Toekast kaut\u0161ukipuidust jalgade ja kvaliteetse pol\u00fcesterkangaga polsterdatud jalapink on \u00fclimalt vastupidav ja mugav. Tihke polsterdusega&hellip;<\/p>","protected":false},"featured_media":325749,"comment_status":"open","ping_status":"closed","template":"","meta":{"wprm-recipe-roundup-name":"","wprm-recipe-roundup-description":""},"product_brand":[],"product_cat":[1973],"product_tag":[550,547,540,1974],"class_list":{"0":"post-325755","1":"product","2":"type-product","3":"status-publish","4":"has-post-thumbnail","6":"product_cat-tumbad","7":"product_tag-hall","8":"product_tag-moobel","9":"product_tag-parcel","10":"product_tag-tumbad","11":"pa_brand-vidaxl","13":"first","14":"instock","15":"taxable","16":"shipping-taxable","17":"purchasable","18":"product-type-simple"},"supplier_id":null,"supplier_sku":"","barcode":null,"atum_controlled":false,"out_stock_date":null,"out_stock_threshold":null,"inheritable":false,"inbound_stock":null,"stock_on_hold":null,"sold_today":null,"sales_last_days":null,"reserved_stock":null,"customer_returns":null,"warehouse_damage":null,"lost_in_post":null,"other_logs":null,"out_stock_days":null,"lost_sales":null,"has_location":null,"update_date":"2026-05-11T18:28:46","atum_locations":[],"atum_stock_status":"instock","restock_status":false,"low_stock_amount":"","sales_update_date":null,"calc_backorders":null,"aioseo_notices":[],"_links":{"self":[{"href":"https:\/\/ecoshop.ee\/ru\/wp-json\/wp\/v2\/product\/325755","targetHints":{"allow":["GET"]}}],"collection":[{"href":"https:\/\/ecoshop.ee\/ru\/wp-json\/wp\/v2\/product"}],"about":[{"href":"https:\/\/ecoshop.ee\/ru\/wp-json\/wp\/v2\/types\/product"}],"replies":[{"embeddable":true,"href":"https:\/\/ecoshop.ee\/ru\/wp-json\/wp\/v2\/comments?post=325755"}],"version-history":[{"count":0,"href":"https:\/\/ecoshop.ee\/ru\/wp-json\/wp\/v2\/product\/325755\/revisions"}],"wp:featuredmedia":[{"embeddable":true,"href":"https:\/\/ecoshop.ee\/ru\/wp-json\/wp\/v2\/media\/325749"}],"wp:attachment":[{"href":"https:\/\/ecoshop.ee\/ru\/wp-json\/wp\/v2\/media?parent=325755"}],"wp:term":[{"taxonomy":"product_brand","embeddable":true,"href":"https:\/\/ecoshop.ee\/ru\/wp-json\/wp\/v2\/product_brand?post=325755"},{"taxonomy":"product_cat","embeddable":true,"href":"https:\/\/ecoshop.ee\/ru\/wp-json\/wp\/v2\/product_cat?post=325755"},{"taxonomy":"product_tag","embeddable":true,"href":"https:\/\/ecoshop.ee\/ru\/wp-json\/wp\/v2\/product_tag?post=325755"}],"curies":[{"name":"wp","href":"https:\/\/api.w.org\/{rel}","templated":true}]}}