{"id":329430,"date":"2026-02-27T15:21:34","date_gmt":"2026-02-27T12:21:34","guid":{"rendered":"https:\/\/ecoshop.ee\/maaratlemata\/uksematt-poolring-45-x-75-cm-kumm-ja-kookoskiud-2\/"},"modified":"2026-05-15T15:20:09","modified_gmt":"2026-05-15T12:20:09","slug":"%d0%bf%d0%be%d0%bb%d1%83%d0%ba%d1%80%d1%83%d0%b3%d0%bb%d1%8b%d0%b9-%d0%bf%d1%80%d0%b8%d0%b4%d0%b2%d0%b5%d1%80%d0%bd%d1%8b%d0%b9-%d0%ba%d0%be%d0%b2%d1%80%d0%b8%d0%ba-45-x-75-%d1%81%d0%bc-%d1%80%d0%b5","status":"publish","type":"product","link":"https:\/\/ecoshop.ee\/ru\/uksematid\/uksematt-poolring-45-x-75-cm-kumm-ja-kookoskiud-2\/","title":{"rendered":"\u041f\u0440\u0438\u0434\u0432\u0435\u0440\u043d\u044b\u0439 \u043a\u043e\u0432\u0440\u0438\u043a, \u043f\u043e\u043b\u0443\u043a\u0440\u0443\u0433\u043b\u044b\u0439, 45 x 75 \u0441\u043c, \u0438\u0437 \u0440\u0435\u0437\u0438\u043d\u044b \u0438 \u043a\u043e\u043a\u043e\u0441\u043e\u0432\u043e\u0433\u043e \u0432\u043e\u043b\u043e\u043a\u043d\u0430."},"content":{"rendered":"<p>\u041f\u043e\u043b\u043e\u0436\u0438\u0442\u0435 \u043f\u0435\u0440\u0435\u0434 \u0432\u0445\u043e\u0434\u043d\u043e\u0439 \u0434\u0432\u0435\u0440\u044c\u044e \u043a\u043e\u0432\u0440\u0438\u043a \u0438\u0437 \u0440\u0435\u0437\u0438\u043d\u044b \u0438 \u043a\u043e\u043a\u043e\u0441\u043e\u0432\u043e\u0433\u043e \u0432\u043e\u043b\u043e\u043a\u043d\u0430, \u0430 \u0433\u0440\u044f\u0437\u044c \u043e\u0441\u0442\u0430\u0432\u044c\u0442\u0435 \u0441\u043d\u0430\u0440\u0443\u0436\u0438!<\/p>\n<\/p>\n<ul>\n<li>\u041f\u0440\u043e\u0447\u043d\u044b\u0439 \u0438 \u043d\u0430\u0442\u0443\u0440\u0430\u043b\u044c\u043d\u044b\u0439 \u043c\u0430\u0442\u0435\u0440\u0438\u0430\u043b: \u043a\u043e\u0432\u0440\u0438\u043a \u0434\u043b\u044f \u043f\u043e\u043b\u0430 \u0438\u0437\u0433\u043e\u0442\u043e\u0432\u043b\u0435\u043d \u0438\u0437 \u0433\u0438\u0431\u043a\u043e\u0439, \u0430\u043c\u043e\u0440\u0442\u0438\u0437\u0438\u0440\u0443\u044e\u0449\u0435\u0439 \u0438 \u0438\u0437\u043d\u043e\u0441\u043e\u0441\u0442\u043e\u0439\u043a\u043e\u0439 \u0440\u0435\u0437\u0438\u043d\u044b, \u0447\u0442\u043e \u043e\u0431\u0435\u0441\u043f\u0435\u0447\u0438\u0432\u0430\u0435\u0442 \u0434\u043e\u043b\u0433\u043e\u0432\u0435\u0447\u043d\u043e\u0441\u0442\u044c \u0438 \u0443\u0441\u0442\u043e\u0439\u0447\u0438\u0432\u043e\u0441\u0442\u044c \u043a \u043f\u044f\u0442\u043d\u0430\u043c. \u041d\u0430\u0442\u0443\u0440\u0430\u043b\u044c\u043d\u044b\u0435 \u043a\u043e\u043a\u043e\u0441\u043e\u0432\u044b\u0435 \u0432\u043e\u043b\u043e\u043a\u043d\u0430 \u043d\u0430 \u043f\u043e\u0432\u0435\u0440\u0445\u043d\u043e\u0441\u0442\u0438 \u044d\u0444\u0444\u0435\u043a\u0442\u0438\u0432\u043d\u043e \u0432\u043f\u0438\u0442\u044b\u0432\u0430\u044e\u0442 \u0438 \u0443\u0434\u0430\u043b\u044f\u044e\u0442 \u0433\u0440\u044f\u0437\u044c, \u0438\u043b \u0438 \u0434\u0440\u0443\u0433\u0438\u0435 \u0437\u0430\u0433\u0440\u044f\u0437\u043d\u0435\u043d\u0438\u044f \u0441 \u043e\u0431\u0443\u0432\u0438, \u043f\u043e\u043c\u043e\u0433\u0430\u044f \u043f\u043e\u0434\u0434\u0435\u0440\u0436\u0438\u0432\u0430\u0442\u044c \u0447\u0438\u0441\u0442\u043e\u0442\u0443 \u043f\u043e\u043b\u0430.<\/li>\n<li>\u041f\u0440\u043e\u0442\u0438\u0432\u043e\u0441\u043a\u043e\u043b\u044c\u0437\u044f\u0449\u0435\u0435 \u043e\u0441\u043d\u043e\u0432\u0430\u043d\u0438\u0435: \u041d\u0435\u0441\u043a\u043e\u043b\u044c\u0437\u044f\u0449\u0435\u0435 \u0440\u0435\u0437\u0438\u043d\u043e\u0432\u043e\u0435 \u043e\u0441\u043d\u043e\u0432\u0430\u043d\u0438\u0435 \u043e\u0431\u0435\u0441\u043f\u0435\u0447\u0438\u0432\u0430\u0435\u0442 \u0434\u043e\u043f\u043e\u043b\u043d\u0438\u0442\u0435\u043b\u044c\u043d\u0443\u044e \u0443\u0441\u0442\u043e\u0439\u0447\u0438\u0432\u043e\u0441\u0442\u044c \u0438 \u0431\u0435\u0437\u043e\u043f\u0430\u0441\u043d\u043e\u0441\u0442\u044c, \u0433\u0430\u0440\u0430\u043d\u0442\u0438\u0440\u0443\u044f, \u0447\u0442\u043e \u043a\u043e\u0432\u0440\u0438\u043a \u043d\u0430\u0434\u0435\u0436\u043d\u043e \u043e\u0441\u0442\u0430\u043d\u0435\u0442\u0441\u044f \u043d\u0430 \u043c\u0435\u0441\u0442\u0435.<\/li>\n<li>\u041b\u0435\u0433\u043a\u043e \u0447\u0438\u0441\u0442\u0438\u0442\u044c \u0438 \u0445\u0440\u0430\u043d\u0438\u0442\u044c: \u043f\u0440\u0438\u0434\u0432\u0435\u0440\u043d\u044b\u0439 \u043a\u043e\u0432\u0440\u0438\u043a \u043b\u0435\u0433\u043a\u043e \u043f\u044b\u043b\u0435\u0441\u043e\u0441\u0438\u0442\u044c. \u041e\u043d \u0441\u043a\u043b\u0430\u0434\u043d\u043e\u0439 \u0438 \u043c\u043e\u0436\u0435\u0442 \u0431\u044b\u0442\u044c \u0441\u0432\u0435\u0440\u043d\u0443\u0442 \u0434\u043b\u044f \u0443\u0434\u043e\u0431\u043d\u043e\u0433\u043e \u0445\u0440\u0430\u043d\u0435\u043d\u0438\u044f.<\/li>\n<li>\u0428\u0438\u0440\u043e\u043a\u043e\u0435 \u043f\u0440\u0438\u043c\u0435\u043d\u0435\u043d\u0438\u0435: \u043f\u0440\u0438\u0434\u0432\u0435\u0440\u043d\u044b\u0439 \u043a\u043e\u0432\u0440\u0438\u043a \u043f\u043e\u0434\u0445\u043e\u0434\u0438\u0442 \u0434\u043b\u044f \u0438\u0441\u043f\u043e\u043b\u044c\u0437\u043e\u0432\u0430\u043d\u0438\u044f \u043a\u0430\u043a \u0432\u043d\u0443\u0442\u0440\u0438, \u0442\u0430\u043a \u0438 \u0441\u043d\u0430\u0440\u0443\u0436\u0438 \u043f\u043e\u043c\u0435\u0449\u0435\u043d\u0438\u0439, \u043d\u0430\u043f\u0440\u0438\u043c\u0435\u0440, \u043d\u0430 \u0432\u0435\u0440\u0430\u043d\u0434\u0430\u0445, \u043b\u0435\u0441\u0442\u043d\u0438\u0446\u0430\u0445, \u0432 \u0441\u0430\u0434\u0430\u0445, \u0433\u0430\u0440\u0430\u0436\u0430\u0445 \u0438 \u0442. \u0434.<\/li>\n<\/ul>\n<ul>\n<li>\u0426\u0432\u0435\u0442: \u0447\u0451\u0440\u043d\u044b\u0439 \u0438 \u043a\u043e\u0440\u0438\u0447\u043d\u0435\u0432\u044b\u0439<\/li>\n<li>\u041c\u0430\u0442\u0435\u0440\u0438\u0430\u043b: \u0440\u0435\u0437\u0438\u043d\u0430 \u0438 \u043a\u043e\u043a\u043e\u0441\u043e\u0432\u043e\u0435 \u0432\u043e\u043b\u043e\u043a\u043d\u043e<\/li>\n<li>\u0420\u0430\u0437\u043c\u0435\u0440\u044b: 45 x 75 \u0441\u043c (\u0428 x \u0414)<\/li>\n<li>\u0422\u043e\u043b\u0449\u0438\u043d\u0430: 7 \u043c\u043c<\/li>\n<\/ul>","protected":false},"excerpt":{"rendered":"<p>Asetage kummist ja kookoskiududest uksematt v\u00e4lisukse ette ja j\u00e4tke mustus v\u00e4ljapoole! Vastupidav ja looduslik materjal: p\u00f5randamatt on valmistatud painduvast, l\u00f6\u00f6ke neelavast ja&hellip;<\/p>","protected":false},"featured_media":329423,"comment_status":"open","ping_status":"closed","template":"","meta":{"wprm-recipe-roundup-name":"","wprm-recipe-roundup-description":""},"product_brand":[],"product_cat":[2571],"product_tag":[536,554,540,1071,3069],"class_list":{"0":"post-329430","1":"product","2":"type-product","3":"status-publish","4":"has-post-thumbnail","6":"product_cat-uksematid","7":"product_tag-kodu-ja-aed","8":"product_tag-ouemoobli-komplektid","9":"product_tag-parcel","10":"product_tag-sisekujundus","11":"product_tag-uksematid","12":"pa_brand-vidaxl","14":"first","15":"instock","16":"taxable","17":"shipping-taxable","18":"purchasable","19":"product-type-simple"},"supplier_id":null,"supplier_sku":"","barcode":null,"atum_controlled":false,"out_stock_date":null,"out_stock_threshold":null,"inheritable":false,"inbound_stock":null,"stock_on_hold":null,"sold_today":null,"sales_last_days":null,"reserved_stock":null,"customer_returns":null,"warehouse_damage":null,"lost_in_post":null,"other_logs":null,"out_stock_days":null,"lost_sales":null,"has_location":null,"update_date":"2026-05-15T12:20:10","atum_locations":[],"atum_stock_status":"instock","restock_status":false,"low_stock_amount":"","sales_update_date":null,"calc_backorders":null,"aioseo_notices":[],"_links":{"self":[{"href":"https:\/\/ecoshop.ee\/ru\/wp-json\/wp\/v2\/product\/329430","targetHints":{"allow":["GET"]}}],"collection":[{"href":"https:\/\/ecoshop.ee\/ru\/wp-json\/wp\/v2\/product"}],"about":[{"href":"https:\/\/ecoshop.ee\/ru\/wp-json\/wp\/v2\/types\/product"}],"replies":[{"embeddable":true,"href":"https:\/\/ecoshop.ee\/ru\/wp-json\/wp\/v2\/comments?post=329430"}],"version-history":[{"count":0,"href":"https:\/\/ecoshop.ee\/ru\/wp-json\/wp\/v2\/product\/329430\/revisions"}],"wp:featuredmedia":[{"embeddable":true,"href":"https:\/\/ecoshop.ee\/ru\/wp-json\/wp\/v2\/media\/329423"}],"wp:attachment":[{"href":"https:\/\/ecoshop.ee\/ru\/wp-json\/wp\/v2\/media?parent=329430"}],"wp:term":[{"taxonomy":"product_brand","embeddable":true,"href":"https:\/\/ecoshop.ee\/ru\/wp-json\/wp\/v2\/product_brand?post=329430"},{"taxonomy":"product_cat","embeddable":true,"href":"https:\/\/ecoshop.ee\/ru\/wp-json\/wp\/v2\/product_cat?post=329430"},{"taxonomy":"product_tag","embeddable":true,"href":"https:\/\/ecoshop.ee\/ru\/wp-json\/wp\/v2\/product_tag?post=329430"}],"curies":[{"name":"wp","href":"https:\/\/api.w.org\/{rel}","templated":true}]}}