{"id":330230,"date":"2026-02-27T15:45:08","date_gmt":"2026-02-27T12:45:08","guid":{"rendered":"https:\/\/ecoshop.ee\/maaratlemata\/laelamp-kristallhelmestega-hobedane-kera-3-x-g9-pirni\/"},"modified":"2026-05-14T03:26:21","modified_gmt":"2026-05-14T00:26:21","slug":"%d0%bf%d0%be%d1%82%d0%be%d0%bb%d0%be%d1%87%d0%bd%d1%8b%d0%b9-%d1%81%d0%b2%d0%b5%d1%82%d0%b8%d0%bb%d1%8c%d0%bd%d0%b8%d0%ba-%d1%81-%d1%85%d1%80%d1%83%d1%81%d1%82%d0%b0%d0%bb%d1%8c%d0%bd%d1%8b%d0%bc","status":"publish","type":"product","link":"https:\/\/ecoshop.ee\/ru\/lambid\/laelamp-kristallhelmestega-hobedane-kera-3-x-g9-pirni\/","title":{"rendered":"\u041f\u043e\u0442\u043e\u043b\u043e\u0447\u043d\u044b\u0439 \u0441\u0432\u0435\u0442\u0438\u043b\u044c\u043d\u0438\u043a \u0441 \u0445\u0440\u0443\u0441\u0442\u0430\u043b\u044c\u043d\u044b\u043c\u0438 \u0431\u0443\u0441\u0438\u043d\u0430\u043c\u0438 \u0432 \u0441\u0435\u0440\u0435\u0431\u0440\u0438\u0441\u0442\u043e\u043c \u0448\u0430\u0440\u0435, 3 \u043b\u0430\u043c\u043f\u043e\u0447\u043a\u0438 G9."},"content":{"rendered":"<p>\u0420\u043e\u0441\u043a\u043e\u0448\u043d\u044b\u0439 \u0438 \u0438\u0437\u044b\u0441\u043a\u0430\u043d\u043d\u043e \u043e\u0444\u043e\u0440\u043c\u043b\u0435\u043d\u043d\u044b\u0439 \u043f\u043e\u0442\u043e\u043b\u043e\u0447\u043d\u044b\u0439 \u0441\u0432\u0435\u0442\u0438\u043b\u044c\u043d\u0438\u043a \u0438\u0437 \u0445\u0440\u0443\u0441\u0442\u0430\u043b\u044f \u0438 \u0441\u0432\u0435\u0440\u043a\u0430\u044e\u0449\u0438\u0445 \u0431\u0443\u0441\u0438\u043d \u0441\u043e\u0437\u0434\u0430\u0441\u0442 \u043f\u043e\u0442\u0440\u044f\u0441\u0430\u044e\u0449\u0438\u0439 \u0432\u0438\u0434 \u0438 \u0441\u0442\u0430\u043d\u0435\u0442 \u0443\u043a\u0440\u0430\u0448\u0435\u043d\u0438\u0435\u043c \u0432\u0430\u0448\u0435\u0433\u043e \u0434\u043e\u043c\u0430.<\/p>\n<\/p>\n<p>\u041f\u0440\u043e\u0437\u0440\u0430\u0447\u043d\u044b\u0435 \u043a\u0430\u043f\u043b\u0438 \u0438 \u0437\u0435\u0440\u043a\u0430\u043b\u044c\u043d\u0430\u044f \u0445\u0440\u043e\u043c\u0438\u0440\u043e\u0432\u0430\u043d\u043d\u0430\u044f \u043f\u043e\u0432\u0435\u0440\u0445\u043d\u043e\u0441\u0442\u044c \u043e\u0431\u0435\u0441\u043f\u0435\u0447\u0438\u0432\u0430\u044e\u0442 \u043a\u0440\u0430\u0441\u0438\u0432\u043e\u0435 \u043e\u0441\u0432\u0435\u0449\u0435\u043d\u0438\u0435 \u0438 \u043e\u043f\u0442\u0438\u043c\u0430\u043b\u044c\u043d\u0443\u044e \u043e\u0441\u0432\u0435\u0449\u0435\u043d\u043d\u043e\u0441\u0442\u044c. \u0412\u044b \u043c\u043e\u0436\u0435\u0442\u0435 \u0432\u044b\u0431\u0440\u0430\u0442\u044c \u0438 \u0443\u0441\u0442\u0430\u043d\u043e\u0432\u0438\u0442\u044c \u043b\u0430\u043c\u043f\u044b G9 \u0440\u0430\u0437\u043d\u044b\u0445 \u0446\u0432\u0435\u0442\u043e\u0432, \u0447\u0442\u043e\u0431\u044b \u0441\u043e\u0437\u0434\u0430\u0442\u044c \u0440\u0430\u0441\u0441\u043b\u0430\u0431\u043b\u044f\u044e\u0449\u0443\u044e \u0430\u0442\u043c\u043e\u0441\u0444\u0435\u0440\u0443.<\/p>\n<\/p>\n<p>\u041e\u0431\u0440\u0430\u0442\u0438\u0442\u0435 \u0432\u043d\u0438\u043c\u0430\u043d\u0438\u0435, \u0447\u0442\u043e \u043b\u0430\u043c\u043f\u043e\u0447\u043a\u0438 \u0432 \u043a\u043e\u043c\u043f\u043b\u0435\u043a\u0442 \u043d\u0435 \u0432\u0445\u043e\u0434\u044f\u0442. \u0421 \u043f\u043e\u043c\u043e\u0449\u044c\u044e \u043f\u0440\u0438\u043b\u0430\u0433\u0430\u0435\u043c\u044b\u0445 \u043c\u043e\u043d\u0442\u0430\u0436\u043d\u044b\u0445 \u043c\u0430\u0442\u0435\u0440\u0438\u0430\u043b\u043e\u0432 \u0432\u044b \u043b\u0435\u0433\u043a\u043e \u0438 \u043d\u0430\u0434\u0435\u0436\u043d\u043e \u0441\u043e\u0431\u0435\u0440\u0435\u0442\u0435 \u0438 \u0443\u0441\u0442\u0430\u043d\u043e\u0432\u0438\u0442\u0435 \u043b\u0430\u043c\u043f\u043e\u0447\u043a\u0438.<\/p>\n<ul>\n<li>\u0426\u0432\u0435\u0442: \u0441\u0435\u0440\u0435\u0431\u0440\u0438\u0441\u0442\u044b\u0439 (\u043e\u0441\u043d\u043e\u0432\u0430\u043d\u0438\u0435 \u043b\u0430\u043c\u043f\u044b) + \u043f\u0440\u043e\u0437\u0440\u0430\u0447\u043d\u044b\u0439 (\u0431\u0443\u0441\u0438\u043d\u044b)<\/li>\n<li>\u041c\u0430\u0442\u0435\u0440\u0438\u0430\u043b: \u043c\u0435\u0442\u0430\u043b\u043b (\u043e\u0441\u043d\u043e\u0432\u0430\u043d\u0438\u0435 \u043b\u0430\u043c\u043f\u044b) + \u0430\u043a\u0440\u0438\u043b (\u0431\u0443\u0441\u0438\u043d\u044b)<\/li>\n<li>\u0420\u0430\u0437\u043c\u0435\u0440\u044b: 25 x 40 \u0441\u043c (\u0434\u0438\u0430\u043c\u0435\u0442\u0440 x \u0432\u044b\u0441\u043e\u0442\u0430)<\/li>\n<li>\u0418\u0441\u0442\u043e\u0447\u043d\u0438\u043a \u043f\u0438\u0442\u0430\u043d\u0438\u044f: 230 \u0412<\/li>\n<li>\u0422\u0438\u043f \u0440\u0430\u0437\u044a\u0435\u043c\u0430: G9<\/li>\n<li>\u0421 3 \u043f\u0430\u0442\u0440\u043e\u043d\u0430\u043c\u0438 \u0434\u043b\u044f \u043b\u0430\u043c\u043f\u043e\u0447\u0435\u043a<\/li>\n<li>\u0411\u0443\u0441\u0438\u043d\u044b \u0438\u043c\u0435\u044e\u0442 \u0448\u0430\u0440\u043e\u043e\u0431\u0440\u0430\u0437\u043d\u0443\u044e \u0444\u043e\u0440\u043c\u0443.<\/li>\n<li>\u041b\u0430\u043c\u043f\u043e\u0447\u043a\u0438 \u0432 \u043a\u043e\u043c\u043f\u043b\u0435\u043a\u0442 \u043d\u0435 \u0432\u0445\u043e\u0434\u044f\u0442.<\/li>\n<\/ul>","protected":false},"excerpt":{"rendered":"<p>Ekstravagantse ja peene kujundusega kristallist ja s\u00e4delevate helmestega laelamp loob vapustava ilme ja p\u00fc\u00fcab kodus pilke. L\u00e4bipaistvad tilgad ja peeglitaoline kroompind annavad&hellip;<\/p>","protected":false},"featured_media":330226,"comment_status":"open","ping_status":"closed","template":"","meta":{"wprm-recipe-roundup-name":"","wprm-recipe-roundup-description":""},"product_brand":[],"product_cat":[3188],"product_tag":[1885,536,3191,3190,540],"class_list":{"0":"post-330230","1":"product","2":"type-product","3":"status-publish","4":"has-post-thumbnail","6":"product_cat-lambid","7":"product_tag-hobedane","8":"product_tag-kodu-ja-aed","9":"product_tag-lambid","10":"product_tag-ouevalgustus","11":"product_tag-parcel","12":"pa_brand-vidaxl","14":"first","15":"instock","16":"taxable","17":"shipping-taxable","18":"purchasable","19":"product-type-simple"},"supplier_id":null,"supplier_sku":"","barcode":null,"atum_controlled":false,"out_stock_date":null,"out_stock_threshold":null,"inheritable":false,"inbound_stock":null,"stock_on_hold":null,"sold_today":null,"sales_last_days":null,"reserved_stock":null,"customer_returns":null,"warehouse_damage":null,"lost_in_post":null,"other_logs":null,"out_stock_days":null,"lost_sales":null,"has_location":null,"update_date":"2026-05-14T00:26:21","atum_locations":[],"atum_stock_status":"instock","restock_status":false,"low_stock_amount":"","sales_update_date":null,"calc_backorders":null,"aioseo_notices":[],"_links":{"self":[{"href":"https:\/\/ecoshop.ee\/ru\/wp-json\/wp\/v2\/product\/330230","targetHints":{"allow":["GET"]}}],"collection":[{"href":"https:\/\/ecoshop.ee\/ru\/wp-json\/wp\/v2\/product"}],"about":[{"href":"https:\/\/ecoshop.ee\/ru\/wp-json\/wp\/v2\/types\/product"}],"replies":[{"embeddable":true,"href":"https:\/\/ecoshop.ee\/ru\/wp-json\/wp\/v2\/comments?post=330230"}],"version-history":[{"count":0,"href":"https:\/\/ecoshop.ee\/ru\/wp-json\/wp\/v2\/product\/330230\/revisions"}],"wp:featuredmedia":[{"embeddable":true,"href":"https:\/\/ecoshop.ee\/ru\/wp-json\/wp\/v2\/media\/330226"}],"wp:attachment":[{"href":"https:\/\/ecoshop.ee\/ru\/wp-json\/wp\/v2\/media?parent=330230"}],"wp:term":[{"taxonomy":"product_brand","embeddable":true,"href":"https:\/\/ecoshop.ee\/ru\/wp-json\/wp\/v2\/product_brand?post=330230"},{"taxonomy":"product_cat","embeddable":true,"href":"https:\/\/ecoshop.ee\/ru\/wp-json\/wp\/v2\/product_cat?post=330230"},{"taxonomy":"product_tag","embeddable":true,"href":"https:\/\/ecoshop.ee\/ru\/wp-json\/wp\/v2\/product_tag?post=330230"}],"curies":[{"name":"wp","href":"https:\/\/api.w.org\/{rel}","templated":true}]}}