{"id":330418,"date":"2026-02-27T15:49:28","date_gmt":"2026-02-27T12:49:28","guid":{"rendered":"https:\/\/ecoshop.ee\/maaratlemata\/paevitustoolid-patjadega-2-tk-beez-akaatsiapuit\/"},"modified":"2026-05-15T21:29:31","modified_gmt":"2026-05-15T18:29:31","slug":"%d1%81%d0%be%d0%bb%d1%8f%d1%80%d0%b8%d0%b8-%d1%81-%d0%bf%d0%be%d0%b4%d1%83%d1%88%d0%ba%d0%b0%d0%bc%d0%b8-2-%d1%88%d1%82-%d0%b1%d0%b5%d0%b6%d0%b5%d0%b2%d0%be%d0%b5-%d0%b4%d0%b5%d1%80%d0%b5%d0%b2","status":"publish","type":"product","link":"https:\/\/ecoshop.ee\/ru\/lamamistoolid\/paevitustoolid-patjadega-2-tk-beez-akaatsiapuit\/","title":{"rendered":"\u0428\u0435\u0437\u043b\u043e\u043d\u0433\u0438 \u0441 \u043f\u043e\u0434\u0443\u0448\u043a\u0430\u043c\u0438, 2 \u0448\u0442., \u0431\u0435\u0436\u0435\u0432\u044b\u0439, \u0438\u0437 \u0430\u043a\u0430\u0446\u0438\u0438."},"content":{"rendered":"<p>\u041a\u0440\u0430\u0441\u0438\u0432\u043e \u043e\u0444\u043e\u0440\u043c\u043b\u0435\u043d\u043d\u044b\u0435 \u0448\u0435\u0437\u043b\u043e\u043d\u0433\u0438 \u0438\u0434\u0435\u0430\u043b\u044c\u043d\u043e \u043f\u043e\u0434\u0445\u043e\u0434\u044f\u0442 \u0434\u043b\u044f \u043e\u0442\u0434\u044b\u0445\u0430 \u0443 \u0431\u0430\u0441\u0441\u0435\u0439\u043d\u0430, \u043d\u0430 \u0442\u0435\u0440\u0440\u0430\u0441\u0435 \u0438\u043b\u0438 \u0432 \u0441\u0430\u0434\u0443.<\/p>\n<\/p>\n<ul>\n<li>\u041f\u0440\u043e\u0447\u043d\u0430\u044f \u0434\u0440\u0435\u0432\u0435\u0441\u0438\u043d\u0430 \u0430\u043a\u0430\u0446\u0438\u0438: \u0448\u0435\u0437\u043b\u043e\u043d\u0433 \u0438\u0437\u0433\u043e\u0442\u043e\u0432\u043b\u0435\u043d \u0438\u0437 \u0434\u0440\u0435\u0432\u0435\u0441\u0438\u043d\u044b \u0430\u043a\u0430\u0446\u0438\u0438, \u0442\u0440\u043e\u043f\u0438\u0447\u0435\u0441\u043a\u043e\u0439 \u0442\u0432\u0435\u0440\u0434\u043e\u0439 \u0434\u0440\u0435\u0432\u0435\u0441\u0438\u043d\u044b, \u0443\u0441\u0442\u043e\u0439\u0447\u0438\u0432\u043e\u0439 \u043a \u0432\u043e\u0437\u0434\u0435\u0439\u0441\u0442\u0432\u0438\u044e \u043f\u043e\u0433\u043e\u0434\u043d\u044b\u0445 \u0443\u0441\u043b\u043e\u0432\u0438\u0439 \u0438 \u043e\u0447\u0435\u043d\u044c \u0434\u043e\u043b\u0433\u043e\u0432\u0435\u0447\u043d\u043e\u0439.<\/li>\n<li>\u041a\u043e\u043c\u0444\u043e\u0440\u0442\u043d\u043e\u0435 \u0441\u0438\u0434\u0435\u043d\u0438\u0435: \u0441\u0430\u0434\u043e\u0432\u0430\u044f \u043c\u0435\u0431\u0435\u043b\u044c \u0441 \u043f\u043b\u043e\u0442\u043d\u043e \u043d\u0430\u0431\u0438\u0442\u044b\u043c\u0438 \u043f\u043e\u0434\u0443\u0448\u043a\u0430\u043c\u0438 \u0441\u0438\u0434\u0435\u043d\u0438\u0439 \u0438 \u0434\u043e\u043f\u043e\u043b\u043d\u0438\u0442\u0435\u043b\u044c\u043d\u043e\u0439 \u043f\u043e\u0434\u0443\u0448\u043a\u043e\u0439 \u043e\u0431\u0435\u0441\u043f\u0435\u0447\u0438\u0432\u0430\u0435\u0442 \u043a\u043e\u043c\u0444\u043e\u0440\u0442\u043d\u043e\u0435 \u0441\u0438\u0434\u0435\u043d\u0438\u0435.<\/li>\n<li>\u0420\u0435\u0435\u0447\u043d\u0430\u044f \u043a\u043e\u043d\u0441\u0442\u0440\u0443\u043a\u0446\u0438\u044f: \u0448\u0435\u0437\u043b\u043e\u043d\u0433 \u0438\u043c\u0435\u0435\u0442 \u0440\u0435\u0435\u0447\u043d\u0443\u044e \u043a\u043e\u043d\u0441\u0442\u0440\u0443\u043a\u0446\u0438\u044e, \u043a\u043e\u0442\u043e\u0440\u0430\u044f \u043e\u0431\u0435\u0441\u043f\u0435\u0447\u0438\u0432\u0430\u0435\u0442 \u043b\u0435\u0433\u043a\u0438\u0439 \u043e\u0442\u0432\u043e\u0434 \u0432\u043e\u0434\u044b \u0438 \u0434\u043e\u0431\u0430\u0432\u043b\u044f\u0435\u0442 \u0435\u0441\u0442\u0435\u0441\u0442\u0432\u0435\u043d\u043d\u043e\u0433\u043e \u043e\u0447\u0430\u0440\u043e\u0432\u0430\u043d\u0438\u044f \u0432\u0430\u0448\u0435\u043c\u0443 \u043e\u0442\u043a\u0440\u044b\u0442\u043e\u043c\u0443 \u043f\u0440\u043e\u0441\u0442\u0440\u0430\u043d\u0441\u0442\u0432\u0443 \u0434\u043b\u044f \u043e\u0442\u0434\u044b\u0445\u0430.<\/li>\n<li>\u0421\u043a\u043b\u0430\u0434\u043d\u0430\u044f \u043a\u043e\u043d\u0441\u0442\u0440\u0443\u043a\u0446\u0438\u044f: \u0448\u0435\u0437\u043b\u043e\u043d\u0433 \u043c\u043e\u0436\u043d\u043e \u0441\u043b\u043e\u0436\u0438\u0442\u044c, \u0447\u0442\u043e\u0431\u044b \u0441\u044d\u043a\u043e\u043d\u043e\u043c\u0438\u0442\u044c \u043c\u0435\u0441\u0442\u043e, \u043a\u043e\u0433\u0434\u0430 \u043e\u043d \u043d\u0435 \u0438\u0441\u043f\u043e\u043b\u044c\u0437\u0443\u0435\u0442\u0441\u044f.<\/li>\n<li>\u0428\u0438\u0440\u043e\u043a\u043e\u0435 \u043f\u0440\u0438\u043c\u0435\u043d\u0435\u043d\u0438\u0435: \u041a\u043e\u043c\u043f\u043b\u0435\u043a\u0442 \u0448\u0435\u0437\u043b\u043e\u043d\u0433\u043e\u0432 \u0434\u043b\u044f \u043e\u0442\u0434\u044b\u0445\u0430 \u043d\u0430 \u043e\u0442\u043a\u0440\u044b\u0442\u043e\u043c \u0432\u043e\u0437\u0434\u0443\u0445\u0435 \u0441 \u043f\u0440\u043e\u0441\u0442\u044b\u043c \u0438 \u0432\u043d\u0435\u0432\u0440\u0435\u043c\u0435\u043d\u043d\u044b\u043c \u0434\u0438\u0437\u0430\u0439\u043d\u043e\u043c \u043f\u043e\u0434\u0445\u043e\u0434\u0438\u0442 \u0434\u043b\u044f \u0431\u0430\u043b\u043a\u043e\u043d\u0430, \u0441\u0430\u0434\u0430, \u0442\u0435\u0440\u0440\u0430\u0441\u044b \u0438 \u0442.\u0434.<\/li>\n<\/ul>\n<p>\u041f\u043e\u043b\u0435\u0437\u043d\u043e \u0437\u043d\u0430\u0442\u044c:<\/p>\n<ul>\n<li>\u0427\u0442\u043e\u0431\u044b \u0432\u0430\u0448\u0430 \u0441\u0430\u0434\u043e\u0432\u0430\u044f \u043c\u0435\u0431\u0435\u043b\u044c \u0434\u043e\u043b\u044c\u0448\u0435 \u0441\u043e\u0445\u0440\u0430\u043d\u044f\u043b\u0430 \u0441\u0432\u043e\u0439 \u043f\u0440\u0438\u0432\u043b\u0435\u043a\u0430\u0442\u0435\u043b\u044c\u043d\u044b\u0439 \u0432\u0438\u0434, \u043c\u044b \u0440\u0435\u043a\u043e\u043c\u0435\u043d\u0434\u0443\u0435\u043c \u0437\u0430\u0449\u0438\u0442\u0438\u0442\u044c \u0435\u0451 \u0432\u043e\u0434\u043e\u043d\u0435\u043f\u0440\u043e\u043d\u0438\u0446\u0430\u0435\u043c\u044b\u043c \u0447\u0435\u0445\u043b\u043e\u043c.<\/li>\n<\/ul>\n<ul>\n<li><strong>\u0428\u0435\u0437\u043b\u043e\u043d\u0433:<\/strong><\/li>\n<li>\u041c\u0430\u0442\u0435\u0440\u0438\u0430\u043b: \u0434\u0440\u0435\u0432\u0435\u0441\u0438\u043d\u0430 \u0430\u043a\u0430\u0446\u0438\u0438 (\u0441 \u043d\u0430\u0442\u0443\u0440\u0430\u043b\u044c\u043d\u043e\u0439 \u043c\u0430\u0441\u043b\u044f\u043d\u043e\u0439 \u043e\u0442\u0434\u0435\u043b\u043a\u043e\u0439)<\/li>\n<li>\u0420\u0430\u0437\u043c\u0435\u0440\u044b (\u0432 \u0440\u0430\u0437\u043e\u0431\u0440\u0430\u043d\u043d\u043e\u043c \u0432\u0438\u0434\u0435): 184 x 55 x 65 \u0441\u043c (\u0414 x \u0428 x \u0412)<\/li>\n<li>\u0420\u0430\u0437\u043c\u0435\u0440\u044b (\u0432 \u0441\u043b\u043e\u0436\u0435\u043d\u043d\u043e\u043c \u0432\u0438\u0434\u0435): 92 x 55 x 20 \u0441\u043c (\u0414 x \u0428 x \u0412)<\/li>\n<li>\u041c\u0430\u043a\u0441\u0438\u043c\u0430\u043b\u044c\u043d\u0430\u044f \u0433\u0440\u0443\u0437\u043e\u043f\u043e\u0434\u044a\u0435\u043c\u043d\u043e\u0441\u0442\u044c: 110 \u043a\u0433<\/li>\n<li>\u0422\u0440\u0435\u0431\u0443\u0435\u0442\u0441\u044f \u0441\u0431\u043e\u0440\u043a\u0430: \u0434\u0430<\/li>\n<li><strong>\u041f\u043e\u0434\u0443\u0448\u043a\u0430 \u0434\u043b\u044f \u0434\u0438\u0432\u0430\u043d\u0430:<\/strong><\/li>\n<li>\u0426\u0432\u0435\u0442: \u0431\u0435\u0436\u0435\u0432\u044b\u0439<\/li>\n<li>\u041c\u0430\u0442\u0435\u0440\u0438\u0430\u043b \u0447\u0435\u0445\u043b\u0430: \u043f\u043e\u043b\u0438\u044d\u0441\u0442\u0435\u0440 100%<\/li>\n<li>\u041d\u0430\u043f\u043e\u043b\u043d\u0438\u0442\u0435\u043b\u044c: \u043f\u0435\u043d\u043e\u043f\u043b\u0430\u0441\u0442<\/li>\n<li>\u0420\u0430\u0437\u043c\u0435\u0440\u044b \u043f\u043e\u0434\u0443\u0448\u043a\u0438 \u0441\u0438\u0434\u0435\u043d\u044c\u044f: 184 x 56 x 3 \u0441\u043c (\u0434\u043b\u0438\u043d\u0430 x \u0448\u0438\u0440\u0438\u043d\u0430 x \u0442\u043e\u043b\u0449\u0438\u043d\u0430)<\/li>\n<li>\u0420\u0430\u0437\u043c\u0435\u0440\u044b \u043f\u043e\u0434\u0443\u0448\u043a\u0438: 46 x 30 x 3 \u0441\u043c (\u0434\u043b\u0438\u043d\u0430 x \u0448\u0438\u0440\u0438\u043d\u0430 x \u0442\u043e\u043b\u0449\u0438\u043d\u0430)<\/li>\n<li> <\/li>\n<li><strong>\u0412 \u043a\u043e\u043c\u043f\u043b\u0435\u043a\u0442 \u0432\u0445\u043e\u0434\u0438\u0442:<\/strong><\/li>\n<li>2 \u0448\u0435\u0437\u043b\u043e\u043d\u0433\u0430<\/li>\n<li>2 \u043f\u043e\u0434\u0443\u0448\u043a\u0438 \u0434\u043b\u044f \u0441\u0438\u0434\u0435\u043d\u044c\u044f<\/li>\n<li>2 \u043f\u043e\u0434\u0443\u0448\u043a\u0438<\/li>\n<\/ul>","protected":false},"excerpt":{"rendered":"<p>Kauni disainiga p\u00e4evitustoolid sobivad ideaalselt basseini k\u00f5rval, terrassil v\u00f5i aias l\u00f5\u00f5gastumiseks. Toekas akaatsiapuit: p\u00e4evitustool on valmistatud akaatsiapuidust, troopilisest lehtpuust, mis on ilmastikukindel&hellip;<\/p>","protected":false},"featured_media":330408,"comment_status":"open","ping_status":"closed","template":"","meta":{"wprm-recipe-roundup-name":"","wprm-recipe-roundup-description":""},"product_brand":[],"product_cat":[3187],"product_tag":[596,594,3257,547,553,540],"class_list":{"0":"post-330418","1":"product","2":"type-product","3":"status-publish","4":"has-post-thumbnail","6":"product_cat-lamamistoolid","7":"product_tag-beez","8":"product_tag-istekohad-oue","9":"product_tag-lamamistoolid","10":"product_tag-moobel","11":"product_tag-ouemoobel","12":"product_tag-parcel","13":"pa_brand-vidaxl","15":"first","16":"instock","17":"taxable","18":"shipping-taxable","19":"purchasable","20":"product-type-simple"},"supplier_id":null,"supplier_sku":"","barcode":null,"atum_controlled":false,"out_stock_date":null,"out_stock_threshold":null,"inheritable":false,"inbound_stock":null,"stock_on_hold":null,"sold_today":null,"sales_last_days":null,"reserved_stock":null,"customer_returns":null,"warehouse_damage":null,"lost_in_post":null,"other_logs":null,"out_stock_days":null,"lost_sales":null,"has_location":null,"update_date":"2026-05-15T18:29:32","atum_locations":[],"atum_stock_status":"instock","restock_status":false,"low_stock_amount":"","sales_update_date":null,"calc_backorders":null,"aioseo_notices":[],"_links":{"self":[{"href":"https:\/\/ecoshop.ee\/ru\/wp-json\/wp\/v2\/product\/330418","targetHints":{"allow":["GET"]}}],"collection":[{"href":"https:\/\/ecoshop.ee\/ru\/wp-json\/wp\/v2\/product"}],"about":[{"href":"https:\/\/ecoshop.ee\/ru\/wp-json\/wp\/v2\/types\/product"}],"replies":[{"embeddable":true,"href":"https:\/\/ecoshop.ee\/ru\/wp-json\/wp\/v2\/comments?post=330418"}],"version-history":[{"count":0,"href":"https:\/\/ecoshop.ee\/ru\/wp-json\/wp\/v2\/product\/330418\/revisions"}],"wp:featuredmedia":[{"embeddable":true,"href":"https:\/\/ecoshop.ee\/ru\/wp-json\/wp\/v2\/media\/330408"}],"wp:attachment":[{"href":"https:\/\/ecoshop.ee\/ru\/wp-json\/wp\/v2\/media?parent=330418"}],"wp:term":[{"taxonomy":"product_brand","embeddable":true,"href":"https:\/\/ecoshop.ee\/ru\/wp-json\/wp\/v2\/product_brand?post=330418"},{"taxonomy":"product_cat","embeddable":true,"href":"https:\/\/ecoshop.ee\/ru\/wp-json\/wp\/v2\/product_cat?post=330418"},{"taxonomy":"product_tag","embeddable":true,"href":"https:\/\/ecoshop.ee\/ru\/wp-json\/wp\/v2\/product_tag?post=330418"}],"curies":[{"name":"wp","href":"https:\/\/api.w.org\/{rel}","templated":true}]}}