{"id":330983,"date":"2026-02-27T16:05:10","date_gmt":"2026-02-27T13:05:10","guid":{"rendered":"https:\/\/ecoshop.ee\/maaratlemata\/poolsilindrikujuline-seinavalgusti-hall-alumiinium\/"},"modified":"2026-03-28T18:51:26","modified_gmt":"2026-03-28T15:51:26","slug":"%d0%bf%d0%be%d0%bb%d1%83%d1%86%d0%b8%d0%bb%d0%b8%d0%bd%d0%b4%d1%80%d0%b8%d1%87%d0%b5%d1%81%d0%ba%d0%b0%d1%8f-%d1%81%d1%82%d0%b5%d0%bd%d0%ba%d0%b0-%d1%81%d0%b2%d0%b5%d1%82%d0%bb%d0%be-%d1%81%d0%b5","status":"publish","type":"product","link":"https:\/\/ecoshop.ee\/ru\/valivalgustid\/poolsilindrikujuline-seinavalgusti-hall-alumiinium\/","title":{"rendered":"\u041f\u043e\u043b\u0443\u0446\u0438\u043b\u0438\u043d\u0434\u0440\u0438\u0447\u0435\u0441\u043a\u0438\u0439 \u043d\u0430\u0441\u0442\u0435\u043d\u043d\u044b\u0439 \u0441\u0432\u0435\u0442\u0438\u043b\u044c\u043d\u0438\u043a, \u0441\u0435\u0440\u044b\u0439, \u0430\u043b\u044e\u043c\u0438\u043d\u0438\u0435\u0432\u044b\u0439"},"content":{"rendered":"<p>\u042d\u0442\u043e\u0442 \u043f\u043e\u043b\u0443\u0446\u0438\u043b\u0438\u043d\u0434\u0440\u0438\u0447\u0435\u0441\u043a\u0438\u0439 \u043d\u0430\u0441\u0442\u0435\u043d\u043d\u044b\u0439 \u0441\u0432\u0435\u0442\u0438\u043b\u044c\u043d\u0438\u043a, \u0438\u0437\u0433\u043e\u0442\u043e\u0432\u043b\u0435\u043d\u043d\u044b\u0439 \u0438\u0437 \u0430\u043b\u044e\u043c\u0438\u043d\u0438\u044f \u0441 \u0441\u0435\u0440\u044b\u043c \u043f\u043e\u0440\u043e\u0448\u043a\u043e\u0432\u044b\u043c \u043f\u043e\u043a\u0440\u044b\u0442\u0438\u0435\u043c, \u0443\u043a\u0440\u0430\u0441\u0438\u0442 \u043b\u044e\u0431\u043e\u0435 \u043e\u0442\u043a\u0440\u044b\u0442\u043e\u0435 \u043f\u0440\u043e\u0441\u0442\u0440\u0430\u043d\u0441\u0442\u0432\u043e. \u0412\u0441\u0442\u0440\u043e\u0435\u043d\u043d\u044b\u0439 \u043f\u0440\u043e\u0437\u0440\u0430\u0447\u043d\u044b\u0439 \u0440\u0430\u0441\u0441\u0435\u0438\u0432\u0430\u0442\u0435\u043b\u044c \u0438\u0437 \u043f\u043e\u043b\u0438\u043a\u0430\u0440\u0431\u043e\u043d\u0430\u0442\u0430 \u0434\u043e\u0431\u0430\u0432\u043b\u044f\u0435\u0442 \u0432\u0438\u0437\u0443\u0430\u043b\u044c\u043d\u043e\u0439 \u043a\u0440\u0430\u0441\u043e\u0442\u044b \u0441\u0432\u0435\u0442\u0443.<\/p>\n<\/p>\n<p>\u041d\u0430\u0441\u0442\u0435\u043d\u043d\u044b\u0439 \u0441\u0432\u0435\u0442\u0438\u043b\u044c\u043d\u0438\u043a \u0438\u0437\u043b\u0443\u0447\u0430\u0435\u0442 \u043f\u0440\u0438\u044f\u0442\u043d\u044b\u0439 \u0441\u0432\u0435\u0442, \u043f\u043e\u0434\u0445\u043e\u0434\u044f\u0449\u0438\u0439 \u0434\u043b\u044f \u0440\u0430\u0437\u043b\u0438\u0447\u043d\u044b\u0445 \u0443\u0441\u043b\u043e\u0432\u0438\u0439 \u043d\u0430 \u043e\u0442\u043a\u0440\u044b\u0442\u043e\u043c \u0432\u043e\u0437\u0434\u0443\u0445\u0435. \u0411\u043b\u0430\u0433\u043e\u0434\u0430\u0440\u044f \u043a\u043b\u0430\u0441\u0441\u0443 \u0437\u0430\u0449\u0438\u0442\u044b IP44, \u0441\u0432\u0435\u0442\u0438\u043b\u044c\u043d\u0438\u043a \u0443\u0441\u0442\u043e\u0439\u0447\u0438\u0432 \u043a \u0430\u0442\u043c\u043e\u0441\u0444\u0435\u0440\u043d\u044b\u043c \u0432\u043e\u0437\u0434\u0435\u0439\u0441\u0442\u0432\u0438\u044f\u043c \u0438 \u0434\u043e\u043b\u0433\u043e\u0432\u0435\u0447\u0435\u043d. \u041f\u043e\u044d\u0442\u043e\u043c\u0443 \u043e\u043d \u0438\u0434\u0435\u0430\u043b\u044c\u043d\u043e \u043f\u043e\u0434\u0445\u043e\u0434\u0438\u0442 \u0434\u043b\u044f \u0438\u0441\u043f\u043e\u043b\u044c\u0437\u043e\u0432\u0430\u043d\u0438\u044f \u043d\u0430 \u043e\u0442\u043a\u0440\u044b\u0442\u043e\u043c \u0432\u043e\u0437\u0434\u0443\u0445\u0435.<\/p>\n<\/p>\n<p>\u041d\u0430\u0441\u0442\u0435\u043d\u043d\u044b\u0439 \u0443\u043b\u0438\u0447\u043d\u044b\u0439 \u0441\u0432\u0435\u0442\u0438\u043b\u044c\u043d\u0438\u043a \u043f\u043e\u0434\u0445\u043e\u0434\u0438\u0442 \u0434\u043b\u044f \u043b\u0430\u043c\u043f\u043e\u0447\u0435\u043a \u043c\u043e\u0449\u043d\u043e\u0441\u0442\u044c\u044e \u0434\u043e 50 \u0412\u0442. \u041e\u0431\u0440\u0430\u0442\u0438\u0442\u0435 \u0432\u043d\u0438\u043c\u0430\u043d\u0438\u0435, \u0447\u0442\u043e \u043b\u0430\u043c\u043f\u043e\u0447\u043a\u0430 \u0432 \u043a\u043e\u043c\u043f\u043b\u0435\u043a\u0442 \u043d\u0435 \u0432\u0445\u043e\u0434\u0438\u0442.<\/p>\n<ul>\n<li>\u0420\u0430\u0437\u043c\u0435\u0440\u044b: 10 x 10 x 15,5 \u0441\u043c (\u0414 x \u0428 x \u0412)<\/li>\n<li>\u041a\u043e\u0440\u043f\u0443\u0441 \u0438\u0437 \u043b\u0438\u0442\u043e\u0433\u043e \u0430\u043b\u044e\u043c\u0438\u043d\u0438\u044f \u0441 \u043f\u043e\u0440\u043e\u0448\u043a\u043e\u0432\u044b\u043c \u043f\u043e\u043a\u0440\u044b\u0442\u0438\u0435\u043c \u0441\u0435\u0440\u043e\u0433\u043e \u0446\u0432\u0435\u0442\u0430<\/li>\n<li>\u0421 \u043f\u0440\u043e\u0437\u0440\u0430\u0447\u043d\u044b\u043c \u043f\u043e\u043b\u0438\u043a\u0430\u0440\u0431\u043e\u043d\u0430\u0442\u043d\u044b\u043c \u0440\u0430\u0441\u0441\u0435\u0438\u0432\u0430\u0442\u0435\u043b\u0435\u043c<\/li>\n<li>\u041d\u0430\u043f\u0440\u044f\u0436\u0435\u043d\u0438\u0435: 220-240 \u0412~, 50 \u0413\u0446<\/li>\n<li>\u041c\u0430\u043a\u0441\u0438\u043c\u0430\u043b\u044c\u043d\u0430\u044f \u043c\u043e\u0449\u043d\u043e\u0441\u0442\u044c \u043b\u0430\u043c\u043f\u044b: 50 \u0412\u0442<\/li>\n<li>\u0422\u0438\u043f \u0440\u043e\u0437\u0435\u0442\u043a\u0438: GU10<\/li>\n<li>IP-\u043a\u043e\u0434: IP44<\/li>\n<li>\u041f\u043e\u0434\u0445\u043e\u0434\u0438\u0442 \u0434\u043b\u044f \u0434\u0432\u043e\u0440\u0430<\/li>\n<li>\u041b\u0430\u043c\u043f\u043e\u0447\u043a\u0430 \u0432 \u043a\u043e\u043c\u043f\u043b\u0435\u043a\u0442 \u043f\u043e\u0441\u0442\u0430\u0432\u043a\u0438 \u043d\u0435 \u0432\u0445\u043e\u0434\u0438\u0442.<\/li>\n<\/ul>","protected":false},"excerpt":{"rendered":"<p>Hall pulberviimistlusega alumiiniumist valmistatud poolsilindrilise kujuga seinalamp t\u00e4iustab iga \u00f5ueala. Integreeritud l\u00e4bipaistev PC-difuusor lisab valgusele visuaalset ilu. Seinavalgusti kiirgab meeldivat valgust, mis&hellip;<\/p>","protected":false},"featured_media":330978,"comment_status":"open","ping_status":"closed","template":"","meta":{"wprm-recipe-roundup-name":"","wprm-recipe-roundup-description":""},"product_brand":[],"product_cat":[3189],"product_tag":[3309,550,536,3190,540],"class_list":{"0":"post-330983","1":"product","2":"type-product","3":"status-publish","4":"has-post-thumbnail","6":"product_cat-valivalgustid","7":"product_tag-aiatuled","8":"product_tag-hall","9":"product_tag-kodu-ja-aed","10":"product_tag-ouevalgustus","11":"product_tag-parcel","12":"pa_brand-vidaxl","14":"first","15":"instock","16":"taxable","17":"shipping-taxable","18":"purchasable","19":"product-type-simple"},"supplier_id":null,"supplier_sku":"","barcode":null,"atum_controlled":false,"out_stock_date":null,"out_stock_threshold":null,"inheritable":false,"inbound_stock":null,"stock_on_hold":null,"sold_today":null,"sales_last_days":null,"reserved_stock":null,"customer_returns":null,"warehouse_damage":null,"lost_in_post":null,"other_logs":null,"out_stock_days":null,"lost_sales":null,"has_location":null,"update_date":"2026-03-28T16:51:27","atum_locations":[],"atum_stock_status":"instock","restock_status":false,"low_stock_amount":"","sales_update_date":null,"calc_backorders":null,"aioseo_notices":[],"_links":{"self":[{"href":"https:\/\/ecoshop.ee\/ru\/wp-json\/wp\/v2\/product\/330983","targetHints":{"allow":["GET"]}}],"collection":[{"href":"https:\/\/ecoshop.ee\/ru\/wp-json\/wp\/v2\/product"}],"about":[{"href":"https:\/\/ecoshop.ee\/ru\/wp-json\/wp\/v2\/types\/product"}],"replies":[{"embeddable":true,"href":"https:\/\/ecoshop.ee\/ru\/wp-json\/wp\/v2\/comments?post=330983"}],"version-history":[{"count":0,"href":"https:\/\/ecoshop.ee\/ru\/wp-json\/wp\/v2\/product\/330983\/revisions"}],"wp:featuredmedia":[{"embeddable":true,"href":"https:\/\/ecoshop.ee\/ru\/wp-json\/wp\/v2\/media\/330978"}],"wp:attachment":[{"href":"https:\/\/ecoshop.ee\/ru\/wp-json\/wp\/v2\/media?parent=330983"}],"wp:term":[{"taxonomy":"product_brand","embeddable":true,"href":"https:\/\/ecoshop.ee\/ru\/wp-json\/wp\/v2\/product_brand?post=330983"},{"taxonomy":"product_cat","embeddable":true,"href":"https:\/\/ecoshop.ee\/ru\/wp-json\/wp\/v2\/product_cat?post=330983"},{"taxonomy":"product_tag","embeddable":true,"href":"https:\/\/ecoshop.ee\/ru\/wp-json\/wp\/v2\/product_tag?post=330983"}],"curies":[{"name":"wp","href":"https:\/\/api.w.org\/{rel}","templated":true}]}}