{"id":332093,"date":"2026-02-27T16:36:39","date_gmt":"2026-02-27T13:36:39","guid":{"rendered":"https:\/\/ecoshop.ee\/maaratlemata\/kuulikupuur-152x127x1095cm-kuusepuidust\/"},"modified":"2026-04-20T03:27:36","modified_gmt":"2026-04-20T00:27:36","slug":"%d1%88%d0%b0%d1%80%d0%b8%d0%ba%d0%be%d0%b2%d0%b0%d1%8f-%d0%ba%d0%bb%d0%b5%d1%82%d0%ba%d0%b0-%d1%80%d0%b0%d0%b7%d0%bc%d0%b5%d1%80%d0%be%d0%bc-152x127x1095-%d1%81%d0%bc-%d0%b8%d0%b7%d0%b3%d0%be%d1%82","status":"publish","type":"product","link":"https:\/\/ecoshop.ee\/ru\/lemmiklooma-moobel-ja-tarvikud\/kuulikupuur-152x127x1095cm-kuusepuidust\/","title":{"rendered":"\u041a\u043b\u0435\u0442\u043a\u0430 \u0434\u043b\u044f \u043a\u0440\u043e\u043b\u0438\u043a\u043e\u0432, 152 x 127 x 109,5 \u0441\u043c, \u0435\u043b\u043e\u0432\u0430\u044f \u0434\u0440\u0435\u0432\u0435\u0441\u0438\u043d\u0430."},"content":{"rendered":"<p>\u041a\u043b\u0435\u0442\u043a\u0430 \u0410-\u043e\u0431\u0440\u0430\u0437\u043d\u043e\u0439 \u0444\u043e\u0440\u043c\u044b \u2014 \u0443\u0434\u043e\u0431\u043d\u043e\u0435 \u043c\u0435\u0441\u0442\u043e \u0434\u043b\u044f \u0441\u043e\u0434\u0435\u0440\u0436\u0430\u043d\u0438\u044f \u043c\u0435\u043b\u043a\u0438\u0445 \u0436\u0438\u0432\u043e\u0442\u043d\u044b\u0445 \u0438\u043b\u0438 \u043f\u0442\u0438\u0446, \u043e\u0441\u043e\u0431\u0435\u043d\u043d\u043e \u043a\u0440\u043e\u043b\u0438\u043a\u043e\u0432 \u0438\u043b\u0438 \u043a\u0443\u0440.<\/p>\n<\/p>\n<p>\u0421\u0435\u0442\u043a\u0430 \u0438\u0437 \u0436\u0435\u043b\u0435\u0437\u043d\u043e\u0439 \u043f\u0440\u043e\u0432\u043e\u043b\u043e\u043a\u0438 \u043f\u043e\u0437\u0432\u043e\u043b\u044f\u0435\u0442 \u043f\u043e\u0441\u0442\u043e\u044f\u043d\u043d\u043e \u0441\u043b\u0435\u0434\u0438\u0442\u044c \u0437\u0430 \u0432\u0430\u0448\u0438\u043c\u0438 \u043f\u0438\u0442\u043e\u043c\u0446\u0430\u043c\u0438 \u0438 \u043e\u0431\u0435\u0441\u043f\u0435\u0447\u0438\u0432\u0430\u0435\u0442 \u0438\u043c \u0434\u043e\u0441\u0442\u0430\u0442\u043e\u0447\u043d\u043e\u0435 \u043a\u043e\u043b\u0438\u0447\u0435\u0441\u0442\u0432\u043e \u0441\u0432\u0435\u0436\u0435\u0433\u043e \u0432\u043e\u0437\u0434\u0443\u0445\u0430. \u041a\u043b\u0435\u0442\u043a\u0430 \u0434\u043b\u044f \u043a\u0440\u043e\u043b\u0438\u043a\u043e\u0432 \u0438\u043c\u0435\u0435\u0442 \u0434\u0435\u0440\u0435\u0432\u044f\u043d\u043d\u044b\u0439 \u043a\u0430\u0440\u043a\u0430\u0441, \u043a\u043e\u0442\u043e\u0440\u044b\u0439 \u043f\u0440\u043e\u0441\u043b\u0443\u0436\u0438\u0442 \u0434\u043e\u043b\u0433\u0438\u0435 \u0433\u043e\u0434\u044b. \u0423\u0434\u043e\u0431\u043d\u044b\u0439 \u043f\u0430\u043d\u0434\u0443\u0441 \u0432\u0435\u0434\u0435\u0442 \u0441 \u043d\u0438\u0436\u043d\u0435\u0433\u043e \u0443\u0440\u043e\u0432\u043d\u044f \u043d\u0430 \u0432\u0435\u0440\u0445\u043d\u0438\u0439. \u0414\u0432\u0435\u0440\u0438 \u043b\u0435\u0433\u043a\u043e \u0437\u0430\u043a\u0440\u044b\u0432\u0430\u044e\u0442\u0441\u044f \u0438 \u0437\u0430\u043f\u0438\u0440\u0430\u044e\u0442\u0441\u044f \u043d\u0430 \u0437\u0430\u0449\u0435\u043b\u043a\u0438.<\/p>\n<ul>\n<li>\u041c\u0430\u0442\u0435\u0440\u0438\u0430\u043b: \u043c\u0430\u0441\u0441\u0438\u0432 \u0435\u043b\u0438, \u0444\u0430\u043d\u0435\u0440\u0430, \u0436\u0435\u043b\u0435\u0437\u043e.<\/li>\n<li>\u0420\u0430\u0437\u043c\u0435\u0440\u044b: 152 x 127 x 109,5 \u0441\u043c (\u0414 x \u0428 x \u0412)<\/li>\n<li>\u0422\u0440\u0435\u0431\u0443\u0435\u0442\u0441\u044f \u0441\u0431\u043e\u0440\u043a\u0430: \u0434\u0430<\/li>\n<\/ul>","protected":false},"excerpt":{"rendered":"<p>A-kujuline puur on mugav koht v\u00e4ikeste loomade v\u00f5i lindude, eriti j\u00e4neste v\u00f5i kanade hoidmiseks. Rauast traatv\u00f5rk v\u00f5imaldab teil oma lemmikloomadel pidevalt silma&hellip;<\/p>","protected":false},"featured_media":332085,"comment_status":"open","ping_status":"closed","template":"","meta":{"wprm-recipe-roundup-name":"","wprm-recipe-roundup-description":""},"product_brand":[],"product_cat":[3387],"product_tag":[3590,3523,3524,554,540,3589],"class_list":{"0":"post-332093","1":"product","2":"type-product","3":"status-publish","4":"has-post-thumbnail","6":"product_cat-lemmiklooma-moobel-ja-tarvikud","7":"product_tag-elupaiga-tarvikud-ja-puurid-vaikestele-loomadele","8":"product_tag-koduloomade-tarbed","9":"product_tag-lemmikloomatarbed","10":"product_tag-ouemoobli-komplektid","11":"product_tag-parcel","12":"product_tag-tarvikud-vaikestele-loomadele","13":"pa_brand-vidaxl","15":"first","16":"instock","17":"taxable","18":"shipping-taxable","19":"purchasable","20":"product-type-simple"},"supplier_id":null,"supplier_sku":"","barcode":null,"atum_controlled":false,"out_stock_date":null,"out_stock_threshold":null,"inheritable":false,"inbound_stock":null,"stock_on_hold":null,"sold_today":null,"sales_last_days":null,"reserved_stock":null,"customer_returns":null,"warehouse_damage":null,"lost_in_post":null,"other_logs":null,"out_stock_days":null,"lost_sales":null,"has_location":null,"update_date":"2026-04-20T00:27:37","atum_locations":[],"atum_stock_status":"instock","restock_status":false,"low_stock_amount":"","sales_update_date":null,"calc_backorders":null,"aioseo_notices":[],"_links":{"self":[{"href":"https:\/\/ecoshop.ee\/ru\/wp-json\/wp\/v2\/product\/332093","targetHints":{"allow":["GET"]}}],"collection":[{"href":"https:\/\/ecoshop.ee\/ru\/wp-json\/wp\/v2\/product"}],"about":[{"href":"https:\/\/ecoshop.ee\/ru\/wp-json\/wp\/v2\/types\/product"}],"replies":[{"embeddable":true,"href":"https:\/\/ecoshop.ee\/ru\/wp-json\/wp\/v2\/comments?post=332093"}],"version-history":[{"count":0,"href":"https:\/\/ecoshop.ee\/ru\/wp-json\/wp\/v2\/product\/332093\/revisions"}],"wp:featuredmedia":[{"embeddable":true,"href":"https:\/\/ecoshop.ee\/ru\/wp-json\/wp\/v2\/media\/332085"}],"wp:attachment":[{"href":"https:\/\/ecoshop.ee\/ru\/wp-json\/wp\/v2\/media?parent=332093"}],"wp:term":[{"taxonomy":"product_brand","embeddable":true,"href":"https:\/\/ecoshop.ee\/ru\/wp-json\/wp\/v2\/product_brand?post=332093"},{"taxonomy":"product_cat","embeddable":true,"href":"https:\/\/ecoshop.ee\/ru\/wp-json\/wp\/v2\/product_cat?post=332093"},{"taxonomy":"product_tag","embeddable":true,"href":"https:\/\/ecoshop.ee\/ru\/wp-json\/wp\/v2\/product_tag?post=332093"}],"curies":[{"name":"wp","href":"https:\/\/api.w.org\/{rel}","templated":true}]}}